{"id":1617,"date":"2023-12-20T06:10:57","date_gmt":"2023-12-20T06:10:57","guid":{"rendered":"https:\/\/apmprint.com\/?post_type=product&#038;p=1617"},"modified":"2023-12-20T06:17:29","modified_gmt":"2023-12-20T06:17:29","slug":"e8010-e1013-exposing-unit-%e5%a4%8d%e5%88%b6","status":"publish","type":"product","link":"https:\/\/apmprint.com\/fr\/produit\/e8010-e1013-exposing-unit-%e5%a4%8d%e5%88%b6\/","title":{"rendered":"WED6045S Unit\u00e9 d'exposition 3 en 1 pour plaque polym\u00e8re"},"content":{"rendered":"<p><strong>Description :<\/strong><\/p>\n<ol>\n<li>Exposition, lavage, s\u00e9chage en un seul appareil<\/li>\n<li>Lavage automatique \u00e0 l'aide d'une brosse douce sp\u00e9ciale<\/li>\n<li>S\u00e9chage automatique<\/li>\n<li>R\u00e9glage facile, fonctionnement facile<\/li>\n<li>Install\u00e9 avec un syst\u00e8me de lavage chimique ou de recyclage de l'eau<\/li>\n<li>Source lumineuse Philips import\u00e9e avec un spectre stable et un effet d'impression \u00e9quilibr\u00e9.<\/li>\n<li>Japon Mitsubishi film<\/li>\n<li>Brosse soigneusement s\u00e9lectionn\u00e9e avec une duret\u00e9 mod\u00e9r\u00e9e.<\/li>\n<li>Alimentation 220 V, consommation d'\u00e9nergie r\u00e9duite, design attrayant et pratique, structure enti\u00e8rement en acier inoxydable, durable et sans rouille.<\/li>\n<li>Peut \u00eatre utilis\u00e9 pour la fabrication de plaques photopolym\u00e8res \u00e0 base de m\u00e9tal. (magn\u00e9tique)<\/li>\n<\/ol>\n<p>&nbsp;<\/p>\n<p>Exposition<strong> unit\u00e9 de corps en acier inoxydable - adapt\u00e9e au lavage \u00e0 l'eau et \u00e0 l'alcool polym\u00e8re<\/strong><\/p>\n<table>\n<tbody>\n<tr>\n<td width=\"17.0600%\"><strong>\u00a0\u00a0Objet<\/strong><\/td>\n<td width=\"26.0400%\"><strong>Zone d'exposition (mm)<\/strong><strong><b>\u00a0<\/b><\/strong><\/td>\n<td width=\"27.4000%\"><strong>Mesure (mm) <\/strong><\/td>\n<td width=\"13.4600%\"><strong>Lampes<\/strong><\/td>\n<td width=\"16.0400%\"><strong>Production totale<\/strong><\/td>\n<\/tr>\n<tr>\n<td width=\"17.0600%\">WED6045S<\/td>\n<td width=\"26.0400%\">\u00a0\u00a0\u00a0600\u00d7450<\/td>\n<td width=\"27.4000%\">810\u00d7730\u00d7990<\/td>\n<td width=\"13.4600%\">9x40w<\/td>\n<td width=\"16.0400%\">3,2 kW<\/td>\n<\/tr>\n<\/tbody>\n<\/table>\n<p>&nbsp;<\/p>\n<p>&nbsp;<\/p>\n<p><img loading=\"lazy\" decoding=\"async\" class=\"size-full wp-image-1619\" src=\"http:\/\/apmprint.com\/wp-content\/uploads\/2023\/12\/x.jpg\" alt=\"e8010\/e1013 exposing unit (\u590d\u5236)\" width=\"800\" height=\"183\" srcset=\"https:\/\/apmprint.com\/wp-content\/uploads\/2023\/12\/x.jpg 800w, https:\/\/apmprint.com\/wp-content\/uploads\/2023\/12\/x-300x69.jpg 300w, https:\/\/apmprint.com\/wp-content\/uploads\/2023\/12\/x-768x176.jpg 768w, https:\/\/apmprint.com\/wp-content\/uploads\/2023\/12\/x-18x4.jpg 18w, https:\/\/apmprint.com\/wp-content\/uploads\/2023\/12\/x-600x137.jpg 600w\" sizes=\"auto, (max-width: 800px) 100vw, 800px\" \/><\/p>","protected":false},"excerpt":{"rendered":"<p>Description: Exposing, washing, drying all in 1 unit Auto washing with special soft brush Auto drying Easy setting, easy operation Installed with washing chemical or water recycle system Imported Philips light source with stable spectrum and balanced printing-down effect. Japan Mitsubishi film Carefully selected brush with moderate hardness. 220 V power supply, less power consumption, [&hellip;]<\/p>","protected":false},"featured_media":1618,"template":"","meta":{"_acf_changed":false,"_seopress_robots_primary_cat":"none","_seopress_titles_title":"","_seopress_titles_desc":"","_seopress_robots_index":""},"product_brand":[],"product_cat":[46],"product_tag":[71],"class_list":{"0":"post-1617","1":"product","2":"type-product","3":"status-publish","4":"has-post-thumbnail","6":"product_cat-exposing-machine","7":"product_tag-accessories","9":"first","10":"instock","11":"shipping-taxable","12":"product-type-simple"},"acf":[],"_links":{"self":[{"href":"https:\/\/apmprint.com\/fr\/wp-json\/wp\/v2\/product\/1617","targetHints":{"allow":["GET"]}}],"collection":[{"href":"https:\/\/apmprint.com\/fr\/wp-json\/wp\/v2\/product"}],"about":[{"href":"https:\/\/apmprint.com\/fr\/wp-json\/wp\/v2\/types\/product"}],"wp:featuredmedia":[{"embeddable":true,"href":"https:\/\/apmprint.com\/fr\/wp-json\/wp\/v2\/media\/1618"}],"wp:attachment":[{"href":"https:\/\/apmprint.com\/fr\/wp-json\/wp\/v2\/media?parent=1617"}],"wp:term":[{"taxonomy":"product_brand","embeddable":true,"href":"https:\/\/apmprint.com\/fr\/wp-json\/wp\/v2\/product_brand?post=1617"},{"taxonomy":"product_cat","embeddable":true,"href":"https:\/\/apmprint.com\/fr\/wp-json\/wp\/v2\/product_cat?post=1617"},{"taxonomy":"product_tag","embeddable":true,"href":"https:\/\/apmprint.com\/fr\/wp-json\/wp\/v2\/product_tag?post=1617"}],"curies":[{"name":"wp","href":"https:\/\/api.w.org\/{rel}","templated":true}]}}