{"id":1636,"date":"2023-12-20T06:56:54","date_gmt":"2023-12-20T06:56:54","guid":{"rendered":"https:\/\/apmprint.com\/?post_type=product&#038;p=1636"},"modified":"2023-12-20T07:48:51","modified_gmt":"2023-12-20T07:48:51","slug":"h1ctr-auto-hot-stamping-machine-for-full-cap-printing","status":"publish","type":"product","link":"https:\/\/apmprint.com\/fr\/produit\/h1ctr-auto-hot-stamping-machine-for-full-cap-printing\/","title":{"rendered":"H1CTR Machine automatique de marquage \u00e0 chaud pour l'impression de bouchons complets"},"content":{"rendered":"<p><strong>Application :<\/strong><\/p>\n<p>Le H1CTR est con\u00e7u pour l'impression de capuchons sur le c\u00f4t\u00e9, le dessus et l'angle.<\/p>\n<p>&nbsp;<\/p>\n<p><strong>Donn\u00e9es techniques :<\/strong><\/p>\n<table>\n<tbody>\n<tr>\n<td width=\"35.2800%\">Mod\u00e8le<\/td>\n<td width=\"64.7200%\"><\/td>\n<\/tr>\n<tr>\n<td width=\"35.2800%\">Diam\u00e8tre d'estampage<\/td>\n<td width=\"64.7200%\">20~80mm<\/td>\n<\/tr>\n<tr>\n<td width=\"35.2800%\">Hauteur d'estampage<\/td>\n<td width=\"64.7200%\">10~50mm<\/td>\n<\/tr>\n<tr>\n<td width=\"35.2800%\">Hauteur max. de l'article<\/td>\n<td width=\"64.7200%\">50 mm<\/td>\n<\/tr>\n<tr>\n<td width=\"35.2800%\">Temp\u00e9rature<\/td>\n<td width=\"64.7200%\">Temp\u00e9rature ambiante~280\u2103<\/td>\n<\/tr>\n<tr>\n<td width=\"35.2800%\">Pression d'estampage<\/td>\n<td width=\"64.7200%\">\u2264500kgf<\/td>\n<\/tr>\n<tr>\n<td width=\"35.2800%\">Vitesse max. Vitesse de marquage<\/td>\n<td width=\"64.7200%\">20pcs\/min<\/td>\n<\/tr>\n<tr>\n<td width=\"35.2800%\">Pression atmosph\u00e9rique<\/td>\n<td width=\"64.7200%\">6~7bar<\/td>\n<\/tr>\n<tr>\n<td width=\"35.2800%\">Alimentation \u00e9lectrique<\/td>\n<td width=\"64.7200%\">380V 60Hz\/50Hz<\/td>\n<\/tr>\n<tr>\n<td width=\"35.2800%\">Puissance de chauffage<\/td>\n<td width=\"64.7200%\">9kw<\/td>\n<\/tr>\n<tr>\n<td width=\"35.2800%\">Poids<\/td>\n<td width=\"64.7200%\">700 kg<\/td>\n<\/tr>\n<\/tbody>\n<\/table>\n<p>&nbsp;<\/p>\n<p><strong>\u00c9chantillons :<\/strong><\/p>\n<p><img loading=\"lazy\" decoding=\"async\" class=\"size-full wp-image-1637\" src=\"http:\/\/apmprint.com\/wp-content\/uploads\/2023\/12\/s1.jpg\" alt=\"h1ctr auto hot stamping machine for full cap printing\" width=\"800\" height=\"800\" srcset=\"https:\/\/apmprint.com\/wp-content\/uploads\/2023\/12\/s1.jpg 800w, https:\/\/apmprint.com\/wp-content\/uploads\/2023\/12\/s1-300x300.jpg 300w, https:\/\/apmprint.com\/wp-content\/uploads\/2023\/12\/s1-150x150.jpg 150w, https:\/\/apmprint.com\/wp-content\/uploads\/2023\/12\/s1-768x768.jpg 768w, https:\/\/apmprint.com\/wp-content\/uploads\/2023\/12\/s1-12x12.jpg 12w, https:\/\/apmprint.com\/wp-content\/uploads\/2023\/12\/s1-600x600.jpg 600w, https:\/\/apmprint.com\/wp-content\/uploads\/2023\/12\/s1-100x100.jpg 100w\" sizes=\"auto, (max-width: 800px) 100vw, 800px\" \/><\/p>\n<p><img loading=\"lazy\" decoding=\"async\" class=\"size-full wp-image-1638\" src=\"http:\/\/apmprint.com\/wp-content\/uploads\/2023\/12\/s2-1.jpg\" alt=\"h1ctr auto hot stamping machine for full cap printing\" width=\"800\" height=\"800\" srcset=\"https:\/\/apmprint.com\/wp-content\/uploads\/2023\/12\/s2-1.jpg 800w, https:\/\/apmprint.com\/wp-content\/uploads\/2023\/12\/s2-1-300x300.jpg 300w, https:\/\/apmprint.com\/wp-content\/uploads\/2023\/12\/s2-1-150x150.jpg 150w, https:\/\/apmprint.com\/wp-content\/uploads\/2023\/12\/s2-1-768x768.jpg 768w, https:\/\/apmprint.com\/wp-content\/uploads\/2023\/12\/s2-1-12x12.jpg 12w, https:\/\/apmprint.com\/wp-content\/uploads\/2023\/12\/s2-1-600x600.jpg 600w, https:\/\/apmprint.com\/wp-content\/uploads\/2023\/12\/s2-1-100x100.jpg 100w\" sizes=\"auto, (max-width: 800px) 100vw, 800px\" \/><\/p>","protected":false},"excerpt":{"rendered":"<p><strong>Description<\/strong><strong>:<\/strong><\/p>\n<ol>\n<li>Tapis de chargement automatique, alimentateur automatique en option si vous n'avez pas peur des rayures.<\/li>\n<li>Nettoyage antistatique des poussi\u00e8res avant l'estampage, autres pr\u00e9traitements en option<\/li>\n<li>Pas de produit, pas de timbre<\/li>\n<li>Enroulement de la feuille et rotation de l'appareil \u00e0 l'aide d'un servomoteur, autres pneumatiques<\/li>\n<li>B\u00e2timent de machines bien construit et conforme aux exigences de la CE pour une production en toute s\u00e9curit\u00e9.<\/li>\n<li>Contr\u00f4le PLC fiable avec \u00e9cran tactile.<\/li>\n<\/ol>","protected":false},"featured_media":1657,"template":"","meta":{"_acf_changed":false,"_seopress_robots_primary_cat":"none","_seopress_titles_title":"","_seopress_titles_desc":"","_seopress_robots_index":""},"product_brand":[],"product_cat":[64],"product_tag":[75,74],"class_list":{"0":"post-1636","1":"product","2":"type-product","3":"status-publish","4":"has-post-thumbnail","6":"product_cat-auto-hot-stamping-machine","7":"product_tag-automatic","8":"product_tag-hot-stamping","10":"first","11":"instock","12":"shipping-taxable","13":"product-type-simple"},"acf":[],"_links":{"self":[{"href":"https:\/\/apmprint.com\/fr\/wp-json\/wp\/v2\/product\/1636","targetHints":{"allow":["GET"]}}],"collection":[{"href":"https:\/\/apmprint.com\/fr\/wp-json\/wp\/v2\/product"}],"about":[{"href":"https:\/\/apmprint.com\/fr\/wp-json\/wp\/v2\/types\/product"}],"wp:featuredmedia":[{"embeddable":true,"href":"https:\/\/apmprint.com\/fr\/wp-json\/wp\/v2\/media\/1657"}],"wp:attachment":[{"href":"https:\/\/apmprint.com\/fr\/wp-json\/wp\/v2\/media?parent=1636"}],"wp:term":[{"taxonomy":"product_brand","embeddable":true,"href":"https:\/\/apmprint.com\/fr\/wp-json\/wp\/v2\/product_brand?post=1636"},{"taxonomy":"product_cat","embeddable":true,"href":"https:\/\/apmprint.com\/fr\/wp-json\/wp\/v2\/product_cat?post=1636"},{"taxonomy":"product_tag","embeddable":true,"href":"https:\/\/apmprint.com\/fr\/wp-json\/wp\/v2\/product_tag?post=1636"}],"curies":[{"name":"wp","href":"https:\/\/api.w.org\/{rel}","templated":true}]}}