{"id":1658,"date":"2023-12-20T08:03:42","date_gmt":"2023-12-20T08:03:42","guid":{"rendered":"https:\/\/apmprint.com\/?post_type=product&#038;p=1658"},"modified":"2023-12-20T08:15:15","modified_gmt":"2023-12-20T08:15:15","slug":"h200b-auto-hot-stamping-machine-for-cosmetic-bottles","status":"publish","type":"product","link":"https:\/\/apmprint.com\/fr\/produit\/h200b-auto-hot-stamping-machine-for-cosmetic-bottles\/","title":{"rendered":"H200B Machine automatique de marquage \u00e0 chaud pour flacons de produits cosm\u00e9tiques"},"content":{"rendered":"<p><strong>Application :<\/strong><\/p>\n<p>La H200B est con\u00e7ue pour le marquage \u00e0 chaud de flacons de produits cosm\u00e9tiques \u00e0 des vitesses de production \u00e9lev\u00e9es. La fiabilit\u00e9 et la vitesse font de la H200B la machine id\u00e9ale pour une production hors ligne ou en ligne 24 heures sur 24 et 7 jours sur 7.<\/p>\n<p>&nbsp;<\/p>\n<p><strong>Donn\u00e9es techniques :<\/strong><\/p>\n<table>\n<tbody>\n<tr>\n<td width=\"35.2800%\">Mod\u00e8le<\/td>\n<td width=\"64.7200%\">H200B<\/td>\n<\/tr>\n<tr>\n<td width=\"35.2800%\">Surface de marquage maximale<\/td>\n<td width=\"64.7200%\">120\u00d780mm<\/td>\n<\/tr>\n<tr>\n<td width=\"35.2800%\">Course de la t\u00eate d'emboutissage<\/td>\n<td width=\"64.7200%\">50 mm<\/td>\n<\/tr>\n<tr>\n<td width=\"35.2800%\">Hauteur max. de l'article<\/td>\n<td width=\"64.7200%\">75 mm<\/td>\n<\/tr>\n<tr>\n<td width=\"35.2800%\">Temp\u00e9rature<\/td>\n<td width=\"64.7200%\">Temp\u00e9rature ambiante~280\u2103<\/td>\n<\/tr>\n<tr>\n<td width=\"35.2800%\">Pression d'estampage<\/td>\n<td width=\"64.7200%\">\u2264500kgf<\/td>\n<\/tr>\n<tr>\n<td width=\"35.2800%\">Vitesse max. Vitesse de marquage<\/td>\n<td width=\"64.7200%\">30-55pcs\/min<\/td>\n<\/tr>\n<tr>\n<td width=\"35.2800%\">Pression atmosph\u00e9rique<\/td>\n<td width=\"64.7200%\">4~7bar<\/td>\n<\/tr>\n<tr>\n<td width=\"35.2800%\">Consommation d'air<\/td>\n<td width=\"64.7200%\">\u226480L\/min<\/td>\n<\/tr>\n<tr>\n<td width=\"35.2800%\">Alimentation \u00e9lectrique<\/td>\n<td width=\"64.7200%\">220V 60Hz\/50Hz<\/td>\n<\/tr>\n<tr>\n<td width=\"35.2800%\">Puissance de chauffage<\/td>\n<td width=\"64.7200%\">1000W<\/td>\n<\/tr>\n<tr>\n<td width=\"35.2800%\">Poids<\/td>\n<td width=\"64.7200%\">500 kg<\/td>\n<\/tr>\n<\/tbody>\n<\/table>\n<p>&nbsp;<\/p>\n<p><strong>\u00c9chantillons :<\/strong><\/p>\n<figure id=\"attachment_1660\" aria-describedby=\"caption-attachment-1660\" style=\"width: 800px\" class=\"wp-caption alignnone\"><img loading=\"lazy\" decoding=\"async\" class=\"size-full wp-image-1660\" src=\"http:\/\/apmprint.com\/wp-content\/uploads\/2023\/12\/s-2.jpg\" alt=\"h200b auto hot stamping machine for cosmetic bottles\" width=\"800\" height=\"800\" srcset=\"https:\/\/apmprint.com\/wp-content\/uploads\/2023\/12\/s-2.jpg 800w, https:\/\/apmprint.com\/wp-content\/uploads\/2023\/12\/s-2-300x300.jpg 300w, https:\/\/apmprint.com\/wp-content\/uploads\/2023\/12\/s-2-150x150.jpg 150w, https:\/\/apmprint.com\/wp-content\/uploads\/2023\/12\/s-2-768x768.jpg 768w, https:\/\/apmprint.com\/wp-content\/uploads\/2023\/12\/s-2-12x12.jpg 12w, https:\/\/apmprint.com\/wp-content\/uploads\/2023\/12\/s-2-600x600.jpg 600w, https:\/\/apmprint.com\/wp-content\/uploads\/2023\/12\/s-2-100x100.jpg 100w\" sizes=\"auto, (max-width: 800px) 100vw, 800px\" \/><figcaption id=\"caption-attachment-1660\" class=\"wp-caption-text\">h200b machine automatique de marquage \u00e0 chaud pour flacons de produits cosm\u00e9tiques<\/figcaption><\/figure>","protected":false},"excerpt":{"rendered":"<p><strong>Description<\/strong><strong>:<\/strong><\/p>\n<ol>\n<li>Syst\u00e8me de chargement automatique avec convoyeur, alimentateur automatique en option.<\/li>\n<li>Nettoyage antistatique des poussi\u00e8res avant le marquage<\/li>\n<li>Indexeur de haute pr\u00e9cision<\/li>\n<li>Pr\u00e9inscription automatique facultative<\/li>\n<li>T\u00eate d'estampage servocommand\u00e9e avec profondeur d'estampage r\u00e9glable pour des gabarits individuels (en option).<\/li>\n<li>B\u00e2timent de machines bien construit et conforme aux exigences de la CE pour une production en toute s\u00e9curit\u00e9.<\/li>\n<li>Contr\u00f4le PLC fiable avec \u00e9cran tactile.<\/li>\n<\/ol>","protected":false},"featured_media":1661,"template":"","meta":{"_acf_changed":false,"_seopress_robots_primary_cat":"none","_seopress_titles_title":"","_seopress_titles_desc":"","_seopress_robots_index":""},"product_brand":[],"product_cat":[64],"product_tag":[75,74],"class_list":{"0":"post-1658","1":"product","2":"type-product","3":"status-publish","4":"has-post-thumbnail","6":"product_cat-auto-hot-stamping-machine","7":"product_tag-automatic","8":"product_tag-hot-stamping","10":"first","11":"instock","12":"shipping-taxable","13":"product-type-simple"},"acf":[],"_links":{"self":[{"href":"https:\/\/apmprint.com\/fr\/wp-json\/wp\/v2\/product\/1658","targetHints":{"allow":["GET"]}}],"collection":[{"href":"https:\/\/apmprint.com\/fr\/wp-json\/wp\/v2\/product"}],"about":[{"href":"https:\/\/apmprint.com\/fr\/wp-json\/wp\/v2\/types\/product"}],"wp:featuredmedia":[{"embeddable":true,"href":"https:\/\/apmprint.com\/fr\/wp-json\/wp\/v2\/media\/1661"}],"wp:attachment":[{"href":"https:\/\/apmprint.com\/fr\/wp-json\/wp\/v2\/media?parent=1658"}],"wp:term":[{"taxonomy":"product_brand","embeddable":true,"href":"https:\/\/apmprint.com\/fr\/wp-json\/wp\/v2\/product_brand?post=1658"},{"taxonomy":"product_cat","embeddable":true,"href":"https:\/\/apmprint.com\/fr\/wp-json\/wp\/v2\/product_cat?post=1658"},{"taxonomy":"product_tag","embeddable":true,"href":"https:\/\/apmprint.com\/fr\/wp-json\/wp\/v2\/product_tag?post=1658"}],"curies":[{"name":"wp","href":"https:\/\/api.w.org\/{rel}","templated":true}]}}