{"id":1680,"date":"2023-12-20T08:46:47","date_gmt":"2023-12-20T08:46:47","guid":{"rendered":"https:\/\/apmprint.com\/?post_type=product&#038;p=1680"},"modified":"2023-12-27T06:20:59","modified_gmt":"2023-12-27T06:20:59","slug":"apm-h200t-automatic-hot-stamping-machine-for-cap-top-printing","status":"publish","type":"product","link":"https:\/\/apmprint.com\/fr\/produit\/apm-h200t-automatic-hot-stamping-machine-for-cap-top-printing\/","title":{"rendered":"APM-H200T Machine automatique de marquage \u00e0 chaud pour l'impression de capuchons"},"content":{"rendered":"<p><strong>Application :<\/strong><\/p>\n<p>Capuchons d'ores et d\u00e9j\u00e0 marqu\u00e9s au fer rouge<\/p>\n<p>&nbsp;<\/p>\n<p><strong><b>Donn\u00e9es techniques<\/b><\/strong><\/p>\n<table>\n<tbody>\n<tr>\n<td width=\"138\">Vitesse d'impression<\/td>\n<td width=\"169\">4200pcs\/h<\/td>\n<\/tr>\n<tr>\n<td width=\"138\">Diam\u00e8tre du bouchon<\/td>\n<td width=\"169\">15-34mm<\/td>\n<\/tr>\n<tr>\n<td width=\"138\">Longueur du capuchon<\/td>\n<td width=\"169\">25-60mm<\/td>\n<\/tr>\n<tr>\n<td width=\"138\">Taille de la machine<\/td>\n<td width=\"169\">2100*1400*2300mm<\/td>\n<\/tr>\n<tr>\n<td width=\"138\">Pression atmosph\u00e9rique<\/td>\n<td width=\"169\">6-8bar<\/td>\n<\/tr>\n<tr>\n<td width=\"138\">Alimentation \u00e9lectrique<\/td>\n<td width=\"169\">380V, 3P, 50\/60Hz<\/td>\n<\/tr>\n<\/tbody>\n<\/table>\n<p>&nbsp;<\/p>\n<p><strong>\u00c9chantillons :<\/strong><\/p>\n<p><img loading=\"lazy\" decoding=\"async\" class=\"size-full wp-image-1668\" src=\"http:\/\/apmprint.com\/wp-content\/uploads\/2023\/12\/s-3.jpg\" alt=\"h200m automatic hot stamping machine\" width=\"800\" height=\"557\" srcset=\"https:\/\/apmprint.com\/wp-content\/uploads\/2023\/12\/s-3.jpg 800w, https:\/\/apmprint.com\/wp-content\/uploads\/2023\/12\/s-3-300x209.jpg 300w, https:\/\/apmprint.com\/wp-content\/uploads\/2023\/12\/s-3-768x535.jpg 768w, https:\/\/apmprint.com\/wp-content\/uploads\/2023\/12\/s-3-18x12.jpg 18w, https:\/\/apmprint.com\/wp-content\/uploads\/2023\/12\/s-3-600x418.jpg 600w\" sizes=\"auto, (max-width: 800px) 100vw, 800px\" \/><\/p>","protected":false},"excerpt":{"rendered":"<p><strong>Description g\u00e9n\u00e9rale\uff1a<\/strong><\/p>\n<ol>\n<li>Estampillage de la calotte.<\/li>\n<li>Syst\u00e8me de chargement automatique.<\/li>\n<li>Contr\u00f4le PLC, \u00e9cran tactile.<\/li>\n<li>D\u00e9chargement automatique.<\/li>\n<\/ol>","protected":false},"featured_media":1681,"template":"","meta":{"_acf_changed":false,"_seopress_robots_primary_cat":"none","_seopress_titles_title":"","_seopress_titles_desc":"","_seopress_robots_index":""},"product_brand":[],"product_cat":[64],"product_tag":[75,24,74],"class_list":{"0":"post-1680","1":"product","2":"type-product","3":"status-publish","4":"has-post-thumbnail","6":"product_cat-auto-hot-stamping-machine","7":"product_tag-automatic","8":"product_tag-caps-and-closures","9":"product_tag-hot-stamping","11":"first","12":"instock","13":"shipping-taxable","14":"product-type-simple"},"acf":[],"_links":{"self":[{"href":"https:\/\/apmprint.com\/fr\/wp-json\/wp\/v2\/product\/1680","targetHints":{"allow":["GET"]}}],"collection":[{"href":"https:\/\/apmprint.com\/fr\/wp-json\/wp\/v2\/product"}],"about":[{"href":"https:\/\/apmprint.com\/fr\/wp-json\/wp\/v2\/types\/product"}],"wp:featuredmedia":[{"embeddable":true,"href":"https:\/\/apmprint.com\/fr\/wp-json\/wp\/v2\/media\/1681"}],"wp:attachment":[{"href":"https:\/\/apmprint.com\/fr\/wp-json\/wp\/v2\/media?parent=1680"}],"wp:term":[{"taxonomy":"product_brand","embeddable":true,"href":"https:\/\/apmprint.com\/fr\/wp-json\/wp\/v2\/product_brand?post=1680"},{"taxonomy":"product_cat","embeddable":true,"href":"https:\/\/apmprint.com\/fr\/wp-json\/wp\/v2\/product_cat?post=1680"},{"taxonomy":"product_tag","embeddable":true,"href":"https:\/\/apmprint.com\/fr\/wp-json\/wp\/v2\/product_tag?post=1680"}],"curies":[{"name":"wp","href":"https:\/\/api.w.org\/{rel}","templated":true}]}}