{"id":1685,"date":"2023-12-20T08:55:17","date_gmt":"2023-12-20T08:55:17","guid":{"rendered":"https:\/\/apmprint.com\/?post_type=product&#038;p=1685"},"modified":"2023-12-20T09:13:26","modified_gmt":"2023-12-20T09:13:26","slug":"cap11-automatic-cap-printing-system","status":"publish","type":"product","link":"https:\/\/apmprint.com\/fr\/produit\/cap11-automatic-cap-printing-system\/","title":{"rendered":"CAP11 Syst\u00e8me d'impression automatique de bouchons"},"content":{"rendered":"<p><strong>Application :<\/strong><\/p>\n<p>Bouchons de boissons, bouchons de vin, bouchons de m\u00e9dicaments, bouchons d'huile<\/p>\n<p>&nbsp;<\/p>\n<p><strong><b>Donn\u00e9es techniques<\/b><\/strong><\/p>\n<table style=\"height: 421px;\" width=\"506\">\n<tbody>\n<tr>\n<td width=\"138\">Max. Zone d'impression<\/td>\n<td width=\"169\">Dia.34mm<\/td>\n<\/tr>\n<tr>\n<td width=\"138\">Vitesse d'impression max. Vitesse d'impression<\/td>\n<td width=\"169\">50000~60000 pcs \/ heure<\/td>\n<\/tr>\n<tr>\n<td width=\"138\">Nombre de couleurs<\/td>\n<td width=\"169\">\u00a01~2 Couleur<\/td>\n<\/tr>\n<tr>\n<td width=\"138\">Nombre de syst\u00e8mes UV<\/td>\n<td width=\"169\">1 Syst\u00e8me de fusion<\/td>\n<\/tr>\n<tr>\n<td width=\"138\">Puissance de la lampe UV<\/td>\n<td width=\"169\">\u00a03,5 KW<\/td>\n<\/tr>\n<tr>\n<td width=\"138\">Puissance requise<\/td>\n<td width=\"169\">380V 3 phases 50Hz 25A<\/td>\n<\/tr>\n<\/tbody>\n<\/table>\n<p>&nbsp;<\/p>\n<p><strong>\u00c9chantillons :<\/strong><\/p>\n<p><img loading=\"lazy\" decoding=\"async\" class=\"size-full wp-image-1687\" src=\"http:\/\/apmprint.com\/wp-content\/uploads\/2023\/12\/s-4.jpg\" alt=\"cap11 automatic cap printing system\" width=\"800\" height=\"800\" srcset=\"https:\/\/apmprint.com\/wp-content\/uploads\/2023\/12\/s-4.jpg 800w, https:\/\/apmprint.com\/wp-content\/uploads\/2023\/12\/s-4-300x300.jpg 300w, https:\/\/apmprint.com\/wp-content\/uploads\/2023\/12\/s-4-150x150.jpg 150w, https:\/\/apmprint.com\/wp-content\/uploads\/2023\/12\/s-4-768x768.jpg 768w, https:\/\/apmprint.com\/wp-content\/uploads\/2023\/12\/s-4-12x12.jpg 12w, https:\/\/apmprint.com\/wp-content\/uploads\/2023\/12\/s-4-600x600.jpg 600w, https:\/\/apmprint.com\/wp-content\/uploads\/2023\/12\/s-4-100x100.jpg 100w\" sizes=\"auto, (max-width: 800px) 100vw, 800px\" \/><\/p>","protected":false},"excerpt":{"rendered":"<p><strong>Description :<\/strong><\/p>\n<ol>\n<li>Syst\u00e8me de chargement automatique<\/li>\n<li>Traitement Auto Flame<\/li>\n<li>Contr\u00f4le PLC et \u00e9cran tactile.<\/li>\n<li>Utilisant la lampe UV Fusion d'origine, il est dot\u00e9 d'un syst\u00e8me de contr\u00f4le automatique de la temp\u00e9rature et d'un syst\u00e8me d'extraction. Cela permet d'\u00e9viter la surchauffe de la lampe et de maximiser son efficacit\u00e9.<\/li>\n<li>D\u00e9chargement automatique<\/li>\n<\/ol>","protected":false},"featured_media":1686,"template":"","meta":{"_acf_changed":false,"_seopress_robots_primary_cat":"none","_seopress_titles_title":"","_seopress_titles_desc":"","_seopress_robots_index":""},"product_brand":[],"product_cat":[35],"product_tag":[75,76],"class_list":{"0":"post-1685","1":"product","2":"type-product","3":"status-publish","4":"has-post-thumbnail","6":"product_cat-auto-pad-printer","7":"product_tag-automatic","8":"product_tag-pad-printer","10":"first","11":"instock","12":"shipping-taxable","13":"product-type-simple"},"acf":[],"_links":{"self":[{"href":"https:\/\/apmprint.com\/fr\/wp-json\/wp\/v2\/product\/1685","targetHints":{"allow":["GET"]}}],"collection":[{"href":"https:\/\/apmprint.com\/fr\/wp-json\/wp\/v2\/product"}],"about":[{"href":"https:\/\/apmprint.com\/fr\/wp-json\/wp\/v2\/types\/product"}],"wp:featuredmedia":[{"embeddable":true,"href":"https:\/\/apmprint.com\/fr\/wp-json\/wp\/v2\/media\/1686"}],"wp:attachment":[{"href":"https:\/\/apmprint.com\/fr\/wp-json\/wp\/v2\/media?parent=1685"}],"wp:term":[{"taxonomy":"product_brand","embeddable":true,"href":"https:\/\/apmprint.com\/fr\/wp-json\/wp\/v2\/product_brand?post=1685"},{"taxonomy":"product_cat","embeddable":true,"href":"https:\/\/apmprint.com\/fr\/wp-json\/wp\/v2\/product_cat?post=1685"},{"taxonomy":"product_tag","embeddable":true,"href":"https:\/\/apmprint.com\/fr\/wp-json\/wp\/v2\/product_tag?post=1685"}],"curies":[{"name":"wp","href":"https:\/\/api.w.org\/{rel}","templated":true}]}}