{"id":1688,"date":"2023-12-20T09:10:11","date_gmt":"2023-12-20T09:10:11","guid":{"rendered":"https:\/\/apmprint.com\/?post_type=product&#038;p=1688"},"modified":"2023-12-20T09:27:36","modified_gmt":"2023-12-20T09:27:36","slug":"cap22-auto-12-color-pad-printer-with-vertical-conveyor","status":"publish","type":"product","link":"https:\/\/apmprint.com\/fr\/produit\/cap22-auto-12-color-pad-printer-with-vertical-conveyor\/","title":{"rendered":"CAP22 Tamponneuse automatique 1~2 couleurs avec convoyeur vertical"},"content":{"rendered":"<p><strong>Donn\u00e9es techniques<\/strong><\/p>\n<table>\n<tbody>\n<tr>\n<td width=\"248\">Taille du bac \u00e0 encre<\/td>\n<td width=\"302\">100*150mm<\/td>\n<\/tr>\n<tr>\n<td width=\"248\">Taille d'impression maximale<\/td>\n<td width=\"302\">Diam\u00e8tre 50 mm<\/td>\n<\/tr>\n<tr>\n<td width=\"248\">Coup de tampon<\/td>\n<td width=\"302\">150 mm<\/td>\n<\/tr>\n<tr>\n<td width=\"248\">Vitesse d'impression maximale<\/td>\n<td width=\"302\">6000~10000pcs\/hr pour un bouchon de 28mm de diam\u00e8tre, la vitesse peut \u00eatre augment\u00e9e en utilisant un bac \u00e0 encre plus grand.<\/td>\n<\/tr>\n<tr>\n<td width=\"248\">Poids brut<\/td>\n<td width=\"302\">800 kgs<\/td>\n<\/tr>\n<tr>\n<td width=\"248\">Mesures<\/td>\n<td width=\"302\">1790x1190x2100 mm pour la machine<\/p>\n<p>1720x1100x2200 mm pour le syst\u00e8me de chargement<\/td>\n<\/tr>\n<\/tbody>\n<\/table>\n<p>&nbsp;<\/p>\n<p><strong>\u00c9chantillons :<\/strong><\/p>\n<p><img loading=\"lazy\" decoding=\"async\" class=\"size-full wp-image-1689\" src=\"http:\/\/apmprint.com\/wp-content\/uploads\/2023\/12\/s-5.jpg\" alt=\"cap11 automatic cap printing system (\u590d\u5236)\" width=\"800\" height=\"800\" srcset=\"https:\/\/apmprint.com\/wp-content\/uploads\/2023\/12\/s-5.jpg 800w, https:\/\/apmprint.com\/wp-content\/uploads\/2023\/12\/s-5-300x300.jpg 300w, https:\/\/apmprint.com\/wp-content\/uploads\/2023\/12\/s-5-150x150.jpg 150w, https:\/\/apmprint.com\/wp-content\/uploads\/2023\/12\/s-5-768x768.jpg 768w, https:\/\/apmprint.com\/wp-content\/uploads\/2023\/12\/s-5-12x12.jpg 12w, https:\/\/apmprint.com\/wp-content\/uploads\/2023\/12\/s-5-600x600.jpg 600w, https:\/\/apmprint.com\/wp-content\/uploads\/2023\/12\/s-5-100x100.jpg 100w\" sizes=\"auto, (max-width: 800px) 100vw, 800px\" \/><\/p>","protected":false},"excerpt":{"rendered":"<p><strong>Description :<\/strong><\/p>\n<ol>\n<li>Contr\u00f4le PLC, \u00e9cran tactile<\/li>\n<li>Syst\u00e8me de chargement automatique avec conteneur et trieur<\/li>\n<li>Pressage automatique des capuchons dans les fixations<\/li>\n<li>Traitement \u00e0 la flamme automatique<\/li>\n<li>D\u00e9chargement automatique<\/li>\n<li>S\u00e9cheur \u00e0 air chaud<\/li>\n<li>appareil multi en 1<\/li>\n<li>Convoyeur vertical, 22 stations<\/li>\n<\/ol>","protected":false},"featured_media":1690,"template":"","meta":{"_acf_changed":false,"_seopress_robots_primary_cat":"none","_seopress_titles_title":"","_seopress_titles_desc":"","_seopress_robots_index":""},"product_brand":[],"product_cat":[35],"product_tag":[75,77,76],"class_list":{"0":"post-1688","1":"product","2":"type-product","3":"status-publish","4":"has-post-thumbnail","6":"product_cat-auto-pad-printer","7":"product_tag-automatic","8":"product_tag-cap-printer","9":"product_tag-pad-printer","11":"first","12":"instock","13":"shipping-taxable","14":"product-type-simple"},"acf":[],"_links":{"self":[{"href":"https:\/\/apmprint.com\/fr\/wp-json\/wp\/v2\/product\/1688","targetHints":{"allow":["GET"]}}],"collection":[{"href":"https:\/\/apmprint.com\/fr\/wp-json\/wp\/v2\/product"}],"about":[{"href":"https:\/\/apmprint.com\/fr\/wp-json\/wp\/v2\/types\/product"}],"wp:featuredmedia":[{"embeddable":true,"href":"https:\/\/apmprint.com\/fr\/wp-json\/wp\/v2\/media\/1690"}],"wp:attachment":[{"href":"https:\/\/apmprint.com\/fr\/wp-json\/wp\/v2\/media?parent=1688"}],"wp:term":[{"taxonomy":"product_brand","embeddable":true,"href":"https:\/\/apmprint.com\/fr\/wp-json\/wp\/v2\/product_brand?post=1688"},{"taxonomy":"product_cat","embeddable":true,"href":"https:\/\/apmprint.com\/fr\/wp-json\/wp\/v2\/product_cat?post=1688"},{"taxonomy":"product_tag","embeddable":true,"href":"https:\/\/apmprint.com\/fr\/wp-json\/wp\/v2\/product_tag?post=1688"}],"curies":[{"name":"wp","href":"https:\/\/api.w.org\/{rel}","templated":true}]}}