{"id":1691,"date":"2023-12-20T09:14:19","date_gmt":"2023-12-20T09:14:19","guid":{"rendered":"https:\/\/apmprint.com\/?post_type=product&#038;p=1691"},"modified":"2023-12-20T09:17:14","modified_gmt":"2023-12-20T09:17:14","slug":"cap42-automatic-pad-printer-for-caps","status":"publish","type":"product","link":"https:\/\/apmprint.com\/fr\/produit\/cap42-automatic-pad-printer-for-caps\/","title":{"rendered":"CAP42 Tamponneuse automatique pour bouchons"},"content":{"rendered":"<p><strong>Application :<\/strong><\/p>\n<p>Bouchons de boissons, bouchons de vin, bouchons de m\u00e9dicaments, bouchons d'huile<\/p>\n<p>&nbsp;<\/p>\n<p><strong>Description :<\/strong><\/p>\n<ul>\n<li>Chargement automatique avec tr\u00e9mie et syst\u00e8me de chargement sp\u00e9cial<\/li>\n<li>Traitement automatique de la flamme avec allumage \u00e9lectrique<\/li>\n<li>Impression en 1-4 couleurs<\/li>\n<li>Syst\u00e8me de chauffage automatique apr\u00e8s l'impression pour s\u00e9cher les capsules<\/li>\n<li>Convoyeur \u00e0 moteur, cha\u00eene de convoyeur fabriqu\u00e9e au Japon<\/li>\n<li>D\u00e9chargement automatique<\/li>\n<li>Nettoyage automatique du tampon pour un meilleur r\u00e9sultat d'impression<\/li>\n<li>B\u00e2timent de production bien construit et con\u00e7u selon les normes de s\u00e9curit\u00e9 CE<\/li>\n<li>Automate Panasonic et \u00e9cran tactile<\/li>\n<\/ul>\n<p>&nbsp;<\/p>\n<p><strong>S\u00c9QUENCE DE PRODUCTION DE L'IMPRESSION<\/strong><\/p>\n<p>- Chargement automatique vers chargeur automatique<\/p>\n<p>- Pressage automatique du bouchon<\/p>\n<p>- Traitement \u00e0 la flamme<\/p>\n<p>- Impression automatique<\/p>\n<p>- S\u00e9chage IR automatique<\/p>\n<p>- Tapis de d\u00e9chargement automatique<\/p>\n<p>&nbsp;<\/p>\n<p><strong>Donn\u00e9es techniques :<\/strong><\/p>\n<table>\n<tbody>\n<tr>\n<td width=\"92\">&nbsp;<\/td>\n<td width=\"105\">Taille de l'assiette<\/td>\n<td width=\"75\">Couleurs<\/td>\n<td width=\"249\">Vitesse maximale (pcs\/hr)<\/td>\n<\/tr>\n<tr>\n<td rowspan=\"2\" width=\"92\">CAP42<\/td>\n<td rowspan=\"2\" width=\"105\">100x150mm<\/td>\n<td width=\"75\">1 couleur<\/td>\n<td width=\"249\">15000pcs\/hr pour les bouchons de 28mm<\/td>\n<\/tr>\n<tr>\n<td width=\"75\">2 couleurs<\/td>\n<td width=\"249\">6000-10000pcs\/hr pour les bouchons de 28mm<\/td>\n<\/tr>\n<\/tbody>\n<\/table>\n<p>&nbsp;<\/p>\n<p><strong>\u00c9chantillons :<\/strong><\/p>\n<p><img loading=\"lazy\" decoding=\"async\" class=\"size-full wp-image-1687\" src=\"http:\/\/apmprint.com\/wp-content\/uploads\/2023\/12\/s-4.jpg\" alt=\"cap11 automatic cap printing system\" width=\"800\" height=\"800\" srcset=\"https:\/\/apmprint.com\/wp-content\/uploads\/2023\/12\/s-4.jpg 800w, https:\/\/apmprint.com\/wp-content\/uploads\/2023\/12\/s-4-300x300.jpg 300w, https:\/\/apmprint.com\/wp-content\/uploads\/2023\/12\/s-4-150x150.jpg 150w, https:\/\/apmprint.com\/wp-content\/uploads\/2023\/12\/s-4-768x768.jpg 768w, https:\/\/apmprint.com\/wp-content\/uploads\/2023\/12\/s-4-12x12.jpg 12w, https:\/\/apmprint.com\/wp-content\/uploads\/2023\/12\/s-4-600x600.jpg 600w, https:\/\/apmprint.com\/wp-content\/uploads\/2023\/12\/s-4-100x100.jpg 100w\" sizes=\"auto, (max-width: 800px) 100vw, 800px\" \/><\/p>","protected":false},"excerpt":{"rendered":"<p><strong>Caps Master<\/strong>\u00a0<strong>CAP42<\/strong>\u00a0est un syst\u00e8me de tampographie enti\u00e8rement automatique pour l'impression de bouchons. Il combine le chargement automatique, le verrouillage des bouchons, le traitement \u00e0 la flamme, l'impression, le s\u00e9chage et le d\u00e9chargement en un seul syst\u00e8me. La facilit\u00e9 d'installation et le fonctionnement rapide et durable font de ce syst\u00e8me un outil id\u00e9al pour l'impression de bouchons. <strong>Caps Master<\/strong>\u00a0<strong>CAP42<\/strong>\u00a0une solution stable et \u00e9conomique pour l'impression des bouchons.<\/p>","protected":false},"featured_media":1692,"template":"","meta":{"_acf_changed":false,"_seopress_robots_primary_cat":"none","_seopress_titles_title":"","_seopress_titles_desc":"","_seopress_robots_index":""},"product_brand":[],"product_cat":[35],"product_tag":[75,76],"class_list":{"0":"post-1691","1":"product","2":"type-product","3":"status-publish","4":"has-post-thumbnail","6":"product_cat-auto-pad-printer","7":"product_tag-automatic","8":"product_tag-pad-printer","10":"first","11":"instock","12":"shipping-taxable","13":"product-type-simple"},"acf":[],"_links":{"self":[{"href":"https:\/\/apmprint.com\/fr\/wp-json\/wp\/v2\/product\/1691","targetHints":{"allow":["GET"]}}],"collection":[{"href":"https:\/\/apmprint.com\/fr\/wp-json\/wp\/v2\/product"}],"about":[{"href":"https:\/\/apmprint.com\/fr\/wp-json\/wp\/v2\/types\/product"}],"wp:featuredmedia":[{"embeddable":true,"href":"https:\/\/apmprint.com\/fr\/wp-json\/wp\/v2\/media\/1692"}],"wp:attachment":[{"href":"https:\/\/apmprint.com\/fr\/wp-json\/wp\/v2\/media?parent=1691"}],"wp:term":[{"taxonomy":"product_brand","embeddable":true,"href":"https:\/\/apmprint.com\/fr\/wp-json\/wp\/v2\/product_brand?post=1691"},{"taxonomy":"product_cat","embeddable":true,"href":"https:\/\/apmprint.com\/fr\/wp-json\/wp\/v2\/product_cat?post=1691"},{"taxonomy":"product_tag","embeddable":true,"href":"https:\/\/apmprint.com\/fr\/wp-json\/wp\/v2\/product_tag?post=1691"}],"curies":[{"name":"wp","href":"https:\/\/api.w.org\/{rel}","templated":true}]}}