{"id":1701,"date":"2023-12-20T09:28:44","date_gmt":"2023-12-20T09:28:44","guid":{"rendered":"https:\/\/apmprint.com\/?post_type=product&#038;p=1701"},"modified":"2023-12-20T09:31:31","modified_gmt":"2023-12-20T09:31:31","slug":"cap88-1-4-colors-automatic-caps-print-master","status":"publish","type":"product","link":"https:\/\/apmprint.com\/fr\/produit\/cap88-1-4-colors-automatic-caps-print-master\/","title":{"rendered":"CAP88 1-4 couleurs impression automatique de bouchons"},"content":{"rendered":"<p><strong>Application :<\/strong><\/p>\n<p>Bouchons de boissons, bouchons de vin, bouchons de m\u00e9dicaments, bouchons d'huile<strong>ps<\/strong><\/p>\n<p><strong>\u00a0<\/strong><\/p>\n<p><strong>Description :<\/strong><\/p>\n<p>Chargement automatique avec tr\u00e9mie et syst\u00e8me de chargement m\u00e9canique<\/p>\n<p>Traitement automatique de la flamme avec allumage \u00e9lectrique et syst\u00e8me d'\u00e9vacuation de l'air<\/p>\n<p>Impression 1-4 couleurs, t\u00eate servo-motrice<\/p>\n<p>Nettoyage automatique des tampons pour une meilleure qualit\u00e9 d'impression<\/p>\n<p>Syst\u00e8me de chauffage automatique apr\u00e8s l'impression pour s\u00e9cher les capsules<\/p>\n<p>Convoyeur \u00e0 servomoteur, cha\u00eene de convoyeur fabriqu\u00e9e au Japon avec la meilleure pr\u00e9cision possible<\/p>\n<p>D\u00e9chargement automatique<\/p>\n<p>Fermeture de la machine bien construite<\/p>\n<p>Op\u00e9ration de s\u00e9curit\u00e9 conforme \u00e0 la norme CE<\/p>\n<p>Contr\u00f4le PLC, \u00e9cran tactile<\/p>\n<p>&nbsp;<\/p>\n<p><strong>Donn\u00e9es techniques<\/strong><\/p>\n<table>\n<tbody>\n<tr>\n<td rowspan=\"4\" width=\"18.6600%\">CAP88<\/td>\n<td width=\"22.0200%\">Taille de l'assiette<\/td>\n<td width=\"23.2000%\">1~4 couleurs<\/td>\n<td width=\"36.1000%\">Vitesse maximale (pcs\/h)<\/td>\n<\/tr>\n<tr>\n<td rowspan=\"3\" width=\"22.0200%\">200x200mm<\/td>\n<td width=\"23.2000%\">1 couleur<\/td>\n<td width=\"36.1000%\">45000pcs\/hr pour les bouchons de 28mm<\/td>\n<\/tr>\n<tr>\n<td width=\"23.2000%\">2 couleurs<\/td>\n<td width=\"36.1000%\">30000pcs\/hr pour les bouchons de 28mm<\/td>\n<\/tr>\n<tr>\n<td width=\"23.2000%\">3 ou 4 couleurs<\/td>\n<td width=\"36.1000%\">10000-20000pcs\/hr pour les bouchons de 28mm<\/td>\n<\/tr>\n<\/tbody>\n<\/table>\n<p>&nbsp;<\/p>\n<p><strong>\u00c9chantillons :<\/strong><\/p>\n<p><img loading=\"lazy\" decoding=\"async\" class=\"size-full wp-image-1696\" src=\"http:\/\/apmprint.com\/wp-content\/uploads\/2023\/12\/s-6.jpg\" alt=\"cap42 automatic pad printer for caps (\u590d\u5236)\" width=\"800\" height=\"800\" srcset=\"https:\/\/apmprint.com\/wp-content\/uploads\/2023\/12\/s-6.jpg 800w, https:\/\/apmprint.com\/wp-content\/uploads\/2023\/12\/s-6-300x300.jpg 300w, https:\/\/apmprint.com\/wp-content\/uploads\/2023\/12\/s-6-150x150.jpg 150w, https:\/\/apmprint.com\/wp-content\/uploads\/2023\/12\/s-6-768x768.jpg 768w, https:\/\/apmprint.com\/wp-content\/uploads\/2023\/12\/s-6-12x12.jpg 12w, https:\/\/apmprint.com\/wp-content\/uploads\/2023\/12\/s-6-600x600.jpg 600w, https:\/\/apmprint.com\/wp-content\/uploads\/2023\/12\/s-6-100x100.jpg 100w\" sizes=\"auto, (max-width: 800px) 100vw, 800px\" \/><\/p>","protected":false},"excerpt":{"rendered":"<p><strong>CAP88 Caps Master <\/strong>est un syst\u00e8me de tampographie enti\u00e8rement automatique pour l'impression de bouchons. Il combine le chargement automatique, le verrouillage des bouchons, le traitement \u00e0 la flamme, l'impression, le s\u00e9chage et le d\u00e9chargement en un seul syst\u00e8me. La facilit\u00e9 d'installation, le fonctionnement rapide et durable font de Caps Master une solution stable et \u00e9conomique pour l'impression de casquettes.<\/p>","protected":false},"featured_media":1702,"template":"","meta":{"_acf_changed":false,"_seopress_robots_primary_cat":"none","_seopress_titles_title":"","_seopress_titles_desc":"","_seopress_robots_index":""},"product_brand":[],"product_cat":[35],"product_tag":[75,76],"class_list":{"0":"post-1701","1":"product","2":"type-product","3":"status-publish","4":"has-post-thumbnail","6":"product_cat-auto-pad-printer","7":"product_tag-automatic","8":"product_tag-pad-printer","10":"first","11":"instock","12":"shipping-taxable","13":"product-type-simple"},"acf":[],"_links":{"self":[{"href":"https:\/\/apmprint.com\/fr\/wp-json\/wp\/v2\/product\/1701","targetHints":{"allow":["GET"]}}],"collection":[{"href":"https:\/\/apmprint.com\/fr\/wp-json\/wp\/v2\/product"}],"about":[{"href":"https:\/\/apmprint.com\/fr\/wp-json\/wp\/v2\/types\/product"}],"wp:featuredmedia":[{"embeddable":true,"href":"https:\/\/apmprint.com\/fr\/wp-json\/wp\/v2\/media\/1702"}],"wp:attachment":[{"href":"https:\/\/apmprint.com\/fr\/wp-json\/wp\/v2\/media?parent=1701"}],"wp:term":[{"taxonomy":"product_brand","embeddable":true,"href":"https:\/\/apmprint.com\/fr\/wp-json\/wp\/v2\/product_brand?post=1701"},{"taxonomy":"product_cat","embeddable":true,"href":"https:\/\/apmprint.com\/fr\/wp-json\/wp\/v2\/product_cat?post=1701"},{"taxonomy":"product_tag","embeddable":true,"href":"https:\/\/apmprint.com\/fr\/wp-json\/wp\/v2\/product_tag?post=1701"}],"curies":[{"name":"wp","href":"https:\/\/api.w.org\/{rel}","templated":true}]}}