{"id":1704,"date":"2023-12-20T09:39:54","date_gmt":"2023-12-20T09:39:54","guid":{"rendered":"https:\/\/apmprint.com\/?post_type=product&#038;p=1704"},"modified":"2024-01-03T01:33:06","modified_gmt":"2024-01-03T01:33:06","slug":"apm-s1h1a-one-color-screen-printing-and-1-color-hot-stamping-machine-for-flat-products","status":"publish","type":"product","link":"https:\/\/apmprint.com\/fr\/produit\/apm-s1h1a-one-color-screen-printing-and-1-color-hot-stamping-machine-for-flat-products\/","title":{"rendered":"APM-S1H1A machine de s\u00e9rigraphie une couleur et de marquage \u00e0 chaud une couleur pour produits plats"},"content":{"rendered":"<p><strong>Application :<\/strong><\/p>\n<p>Les <strong>S<\/strong><strong>1<\/strong><strong>H1<\/strong><strong>A<\/strong>\u00a0est con\u00e7u pour la s\u00e9rigraphie et le marquage \u00e0 chaud de <strong>bouchons cosm\u00e9tiques <\/strong>\u00e0 des vitesses de production \u00e9lev\u00e9es. Il convient pour <strong>plastique<\/strong>\u00a0<strong>capuchon<\/strong><strong>s <\/strong>l'impression avec <strong>Encre UV<\/strong>. Fiabilit\u00e9 et rapidit\u00e9 font de la <strong>S<\/strong><strong>1<\/strong><strong>H1<\/strong><strong>A <\/strong>id\u00e9al pour une production hors ligne ou en ligne 24\/7.<\/p>\n<p>&nbsp;<\/p>\n<p><strong>Donn\u00e9es techniques :<\/strong><\/p>\n<p>Diam\u00e8tre d'impression maximal : 60 mm<\/p>\n<p>(machine de plus grand diam\u00e8tre disponible avec suppl\u00e9ment de prix)<\/p>\n<p>Vitesse d'impression maximale : 2400-3600pcs\/hr<\/p>\n<p>&nbsp;<\/p>\n<p><strong>\u00c9chantillons :<\/strong><\/p>\n<p><img loading=\"lazy\" decoding=\"async\" class=\"size-full wp-image-1706\" src=\"http:\/\/apmprint.com\/wp-content\/uploads\/2023\/12\/s-7.jpg\" alt=\"apm s1h1a one color screen printing and 1 color hot stamping machine for flat products\" width=\"800\" height=\"601\" srcset=\"https:\/\/apmprint.com\/wp-content\/uploads\/2023\/12\/s-7.jpg 800w, https:\/\/apmprint.com\/wp-content\/uploads\/2023\/12\/s-7-300x225.jpg 300w, https:\/\/apmprint.com\/wp-content\/uploads\/2023\/12\/s-7-768x577.jpg 768w, https:\/\/apmprint.com\/wp-content\/uploads\/2023\/12\/s-7-16x12.jpg 16w, https:\/\/apmprint.com\/wp-content\/uploads\/2023\/12\/s-7-600x451.jpg 600w\" sizes=\"auto, (max-width: 800px) 100vw, 800px\" \/><\/p>\n<p>&nbsp;<\/p>","protected":false},"excerpt":{"rendered":"<p><strong>Description :<\/strong><\/p>\n<ol>\n<li>Chargement automatique par tapis<\/li>\n<li>Traitement \u00e0 la flamme automatique<\/li>\n<li>Impression 3 couleurs en 1 processus<\/li>\n<li>Syst\u00e8me UV \u00e0 haute efficacit\u00e9 (3kw), syst\u00e8me UV install\u00e9 avec obturateur<\/li>\n<li>Pas de pi\u00e8ces, pas de fonction d'impression<\/li>\n<li>Indexeur de haute pr\u00e9cision<\/li>\n<li>D\u00e9chargement automatique par tapis<\/li>\n<li>B\u00e2timent de production bien construit et con\u00e7u selon les normes de s\u00e9curit\u00e9 CE<\/li>\n<li>Contr\u00f4le PLC avec \u00e9cran tactile<\/li>\n<\/ol>","protected":false},"featured_media":1705,"template":"","meta":{"_acf_changed":false,"_seopress_robots_primary_cat":"none","_seopress_titles_title":"","_seopress_titles_desc":"","_seopress_robots_index":""},"product_brand":[],"product_cat":[34,32],"product_tag":[75,79,78],"class_list":{"0":"post-1704","1":"product","2":"type-product","3":"status-publish","4":"has-post-thumbnail","6":"product_cat-auto-flat-printing-machine","7":"product_cat-auto-screen-print-hot-stamp","8":"product_tag-automatic","9":"product_tag-hot-stamping-machine","10":"product_tag-screen-printer","12":"first","13":"instock","14":"shipping-taxable","15":"product-type-simple"},"acf":[],"_links":{"self":[{"href":"https:\/\/apmprint.com\/fr\/wp-json\/wp\/v2\/product\/1704","targetHints":{"allow":["GET"]}}],"collection":[{"href":"https:\/\/apmprint.com\/fr\/wp-json\/wp\/v2\/product"}],"about":[{"href":"https:\/\/apmprint.com\/fr\/wp-json\/wp\/v2\/types\/product"}],"wp:featuredmedia":[{"embeddable":true,"href":"https:\/\/apmprint.com\/fr\/wp-json\/wp\/v2\/media\/1705"}],"wp:attachment":[{"href":"https:\/\/apmprint.com\/fr\/wp-json\/wp\/v2\/media?parent=1704"}],"wp:term":[{"taxonomy":"product_brand","embeddable":true,"href":"https:\/\/apmprint.com\/fr\/wp-json\/wp\/v2\/product_brand?post=1704"},{"taxonomy":"product_cat","embeddable":true,"href":"https:\/\/apmprint.com\/fr\/wp-json\/wp\/v2\/product_cat?post=1704"},{"taxonomy":"product_tag","embeddable":true,"href":"https:\/\/apmprint.com\/fr\/wp-json\/wp\/v2\/product_tag?post=1704"}],"curies":[{"name":"wp","href":"https:\/\/api.w.org\/{rel}","templated":true}]}}