{"id":1731,"date":"2023-12-21T02:27:02","date_gmt":"2023-12-21T02:27:02","guid":{"rendered":"https:\/\/apmprint.com\/?post_type=product&#038;p=1731"},"modified":"2024-01-03T01:35:33","modified_gmt":"2024-01-03T01:35:33","slug":"h100-automatic-heat-transfer-machine","status":"publish","type":"product","link":"https:\/\/apmprint.com\/fr\/produit\/h100-automatic-heat-transfer-machine\/","title":{"rendered":"H100 Machine automatique de transfert de chaleur"},"content":{"rendered":"<p><strong>Application :<\/strong><\/p>\n<p>Produits cylindriques, tels que barils de stylos, crayons \u00e0 l\u00e8vres, crayons \u00e0 papier.<\/p>\n<p>&nbsp;<\/p>\n<p><strong>Donn\u00e9es techniques<\/strong><\/p>\n<table>\n<tbody>\n<tr>\n<td width=\"48.9000%\">Donn\u00e9es techniques<\/td>\n<td width=\"51.1000%\">H100<\/td>\n<\/tr>\n<tr>\n<td width=\"48.9000%\">Vitesse<\/td>\n<td width=\"51.1000%\">2400~3600pcs\/h<\/td>\n<\/tr>\n<tr>\n<td width=\"48.9000%\">Diam\u00e8tre du produit<\/td>\n<td width=\"51.1000%\">4-30mm<\/td>\n<\/tr>\n<tr>\n<td width=\"48.9000%\">Longueur du produit<\/td>\n<td width=\"51.1000%\">60-200mm<\/td>\n<\/tr>\n<tr>\n<td width=\"48.9000%\">Alimentation \u00e9lectrique<\/td>\n<td width=\"51.1000%\">220V\/50HZ, 2,6kw<\/td>\n<\/tr>\n<\/tbody>\n<\/table>\n<p><strong> \u00a0<\/strong><\/p>\n<p><strong>\u00c9chantillons :<\/strong><\/p>\n<p><img loading=\"lazy\" decoding=\"async\" class=\"size-full wp-image-1732\" src=\"http:\/\/apmprint.com\/wp-content\/uploads\/2023\/12\/s-10.jpg\" alt=\"h100 automatic heat transfer machine\" width=\"800\" height=\"800\" srcset=\"https:\/\/apmprint.com\/wp-content\/uploads\/2023\/12\/s-10.jpg 800w, https:\/\/apmprint.com\/wp-content\/uploads\/2023\/12\/s-10-300x300.jpg 300w, https:\/\/apmprint.com\/wp-content\/uploads\/2023\/12\/s-10-150x150.jpg 150w, https:\/\/apmprint.com\/wp-content\/uploads\/2023\/12\/s-10-768x768.jpg 768w, https:\/\/apmprint.com\/wp-content\/uploads\/2023\/12\/s-10-12x12.jpg 12w, https:\/\/apmprint.com\/wp-content\/uploads\/2023\/12\/s-10-600x600.jpg 600w, https:\/\/apmprint.com\/wp-content\/uploads\/2023\/12\/s-10-100x100.jpg 100w\" sizes=\"auto, (max-width: 800px) 100vw, 800px\" \/><\/p>\n<p>&nbsp;<\/p>","protected":false},"excerpt":{"rendered":"<p><strong>Description :<\/strong><\/p>\n<ol>\n<li>Chargement et d\u00e9chargement automatiques<\/li>\n<li>Transfert automatique de chaleur<\/li>\n<li>Enregistrement automatique gr\u00e2ce \u00e0 un capteur optique<\/li>\n<\/ol>","protected":false},"featured_media":1733,"template":"","meta":{"_acf_changed":false,"_seopress_robots_primary_cat":"none","_seopress_titles_title":"","_seopress_titles_desc":"","_seopress_robots_index":""},"product_brand":[],"product_cat":[36,41],"product_tag":[82,70],"class_list":{"0":"post-1731","1":"product","2":"type-product","3":"status-publish","4":"has-post-thumbnail","6":"product_cat-auto-heat-transfer-machine","7":"product_cat-semi-auto-heat-transfer-machine","8":"product_tag-heat-transfer-machine","9":"product_tag-semi-auto","11":"first","12":"instock","13":"shipping-taxable","14":"product-type-simple"},"acf":[],"_links":{"self":[{"href":"https:\/\/apmprint.com\/fr\/wp-json\/wp\/v2\/product\/1731","targetHints":{"allow":["GET"]}}],"collection":[{"href":"https:\/\/apmprint.com\/fr\/wp-json\/wp\/v2\/product"}],"about":[{"href":"https:\/\/apmprint.com\/fr\/wp-json\/wp\/v2\/types\/product"}],"wp:featuredmedia":[{"embeddable":true,"href":"https:\/\/apmprint.com\/fr\/wp-json\/wp\/v2\/media\/1733"}],"wp:attachment":[{"href":"https:\/\/apmprint.com\/fr\/wp-json\/wp\/v2\/media?parent=1731"}],"wp:term":[{"taxonomy":"product_brand","embeddable":true,"href":"https:\/\/apmprint.com\/fr\/wp-json\/wp\/v2\/product_brand?post=1731"},{"taxonomy":"product_cat","embeddable":true,"href":"https:\/\/apmprint.com\/fr\/wp-json\/wp\/v2\/product_cat?post=1731"},{"taxonomy":"product_tag","embeddable":true,"href":"https:\/\/apmprint.com\/fr\/wp-json\/wp\/v2\/product_tag?post=1731"}],"curies":[{"name":"wp","href":"https:\/\/api.w.org\/{rel}","templated":true}]}}