{"id":1734,"date":"2023-12-21T02:37:22","date_gmt":"2023-12-21T02:37:22","guid":{"rendered":"https:\/\/apmprint.com\/?post_type=product&#038;p=1734"},"modified":"2023-12-21T02:54:13","modified_gmt":"2023-12-21T02:54:13","slug":"h200m-flat-round-heat-transfer-machine","status":"publish","type":"product","link":"https:\/\/apmprint.com\/fr\/produit\/h200m-flat-round-heat-transfer-machine\/","title":{"rendered":"H200M Machine de transfert thermique plat\/rond"},"content":{"rendered":"<p><strong>Description :<\/strong><br \/>\n1. Pression, temp\u00e9rature et vitesse d'estampage r\u00e9glables.<\/p>\n<ol start=\"2\">\n<li>2. capteur optique Omron, enregistrement pr\u00e9cis de l'estampage<\/li>\n<li>Cylindre d'huile install\u00e9 pour stabiliser le transfert<br \/>\n4. Table de travail de r\u00e9glage XYR.<br \/>\n5. Alimentation et enroulement automatiques des feuilles.<br \/>\n6. La hauteur de la t\u00eate d'estampage peut \u00eatre r\u00e9gl\u00e9e.<\/li>\n<li>D\u00e9lai de pression, d\u00e9lai d'enroulement r\u00e9glable<\/li>\n<\/ol>\n<p>&nbsp;<\/p>\n<p><strong>Donn\u00e9es techniques :<\/strong><\/p>\n<table>\n<tbody>\n<tr>\n<td width=\"48.9000%\">Donn\u00e9es techniques<\/td>\n<td width=\"51.1000%\">H200M<\/td>\n<\/tr>\n<tr>\n<td width=\"48.9000%\">Taille maximale du transfert de chaleur<\/td>\n<td width=\"51.1000%\">180*200mm<\/td>\n<\/tr>\n<tr>\n<td width=\"48.9000%\">Puissance<\/td>\n<td width=\"51.1000%\">220V, 50\/60HZ<\/td>\n<\/tr>\n<tr>\n<td width=\"48.9000%\">Pression d'air maximale de service<\/td>\n<td width=\"51.1000%\">0,4Mpa-0,7Mpa<\/td>\n<\/tr>\n<tr>\n<td width=\"48.9000%\">Temp\u00e9rature de transfert du chauffage<\/td>\n<td width=\"51.1000%\">220\u2103<\/td>\n<\/tr>\n<tr>\n<td width=\"48.9000%\">Dimension<\/td>\n<td width=\"51.1000%\">100*900*1500mm(l*w*h)<\/td>\n<\/tr>\n<tr>\n<td width=\"48.9000%\">Poids net<\/td>\n<td width=\"51.1000%\">360 kg<\/td>\n<\/tr>\n<\/tbody>\n<\/table>\n<p><strong>\u00c9chantillons :<\/strong><\/p>\n<p><img loading=\"lazy\" decoding=\"async\" class=\"size-full wp-image-1736\" src=\"http:\/\/apmprint.com\/wp-content\/uploads\/2023\/12\/s-11.jpg\" alt=\"h200m flat\/round heat transfer machine\" width=\"800\" height=\"800\" srcset=\"https:\/\/apmprint.com\/wp-content\/uploads\/2023\/12\/s-11.jpg 800w, https:\/\/apmprint.com\/wp-content\/uploads\/2023\/12\/s-11-300x300.jpg 300w, https:\/\/apmprint.com\/wp-content\/uploads\/2023\/12\/s-11-150x150.jpg 150w, https:\/\/apmprint.com\/wp-content\/uploads\/2023\/12\/s-11-768x768.jpg 768w, https:\/\/apmprint.com\/wp-content\/uploads\/2023\/12\/s-11-12x12.jpg 12w, https:\/\/apmprint.com\/wp-content\/uploads\/2023\/12\/s-11-600x600.jpg 600w, https:\/\/apmprint.com\/wp-content\/uploads\/2023\/12\/s-11-100x100.jpg 100w\" sizes=\"auto, (max-width: 800px) 100vw, 800px\" \/><\/p>\n<p>&nbsp;<\/p>","protected":false},"excerpt":{"rendered":"<p>Description: 1.\u00a0Stamping\u00a0pressure,\u00a0temperature\u00a0and\u00a0speed\u00a0adjustable. 2.Omron optical sensor, accurate stamping registration Oil cylinder installed to stabilized transferring 4.\u00a0XYR adjusting worktable. 5.\u00a0Auto\u00a0foil\u00a0feeding\u00a0and\u00a0winding. 6.\u00a0The\u00a0height\u00a0of\u00a0stamping\u00a0head\u00a0can\u00a0be\u00a0adjusted. Pressing delay time, winding delay time adjustable &nbsp; Tech-data: Tech-data H200M Max\u00a0heating\u00a0transfer\u00a0size 180*200mm Power 220V, 50\/60HZ Max\u00a0working\u00a0air\u00a0pressure 0.4Mpa-0.7Mpa Heating\u00a0transfer\u00a0temperature 220\u2103 Dimension 100*900*1500mm(l*w*h) Net Weight 360kg Samples: &nbsp;<\/p>","protected":false},"featured_media":1735,"template":"","meta":{"_acf_changed":false,"_seopress_robots_primary_cat":"none","_seopress_titles_title":"","_seopress_titles_desc":"","_seopress_robots_index":""},"product_brand":[],"product_cat":[41],"product_tag":[82,70],"class_list":{"0":"post-1734","1":"product","2":"type-product","3":"status-publish","4":"has-post-thumbnail","6":"product_cat-semi-auto-heat-transfer-machine","7":"product_tag-heat-transfer-machine","8":"product_tag-semi-auto","10":"first","11":"instock","12":"shipping-taxable","13":"product-type-simple"},"acf":[],"_links":{"self":[{"href":"https:\/\/apmprint.com\/fr\/wp-json\/wp\/v2\/product\/1734","targetHints":{"allow":["GET"]}}],"collection":[{"href":"https:\/\/apmprint.com\/fr\/wp-json\/wp\/v2\/product"}],"about":[{"href":"https:\/\/apmprint.com\/fr\/wp-json\/wp\/v2\/types\/product"}],"wp:featuredmedia":[{"embeddable":true,"href":"https:\/\/apmprint.com\/fr\/wp-json\/wp\/v2\/media\/1735"}],"wp:attachment":[{"href":"https:\/\/apmprint.com\/fr\/wp-json\/wp\/v2\/media?parent=1734"}],"wp:term":[{"taxonomy":"product_brand","embeddable":true,"href":"https:\/\/apmprint.com\/fr\/wp-json\/wp\/v2\/product_brand?post=1734"},{"taxonomy":"product_cat","embeddable":true,"href":"https:\/\/apmprint.com\/fr\/wp-json\/wp\/v2\/product_cat?post=1734"},{"taxonomy":"product_tag","embeddable":true,"href":"https:\/\/apmprint.com\/fr\/wp-json\/wp\/v2\/product_tag?post=1734"}],"curies":[{"name":"wp","href":"https:\/\/api.w.org\/{rel}","templated":true}]}}