{"id":1737,"date":"2023-12-21T02:44:21","date_gmt":"2023-12-21T02:44:21","guid":{"rendered":"https:\/\/apmprint.com\/?post_type=product&#038;p=1737"},"modified":"2023-12-21T02:53:07","modified_gmt":"2023-12-21T02:53:07","slug":"h104-hot-stamping-machine-for-cap-lines","status":"publish","type":"product","link":"https:\/\/apmprint.com\/fr\/produit\/h104-hot-stamping-machine-for-cap-lines\/","title":{"rendered":"H104 Machine de marquage \u00e0 chaud pour lignes de bouchons"},"content":{"rendered":"<p><strong>Application :<\/strong><\/p>\n<p>Tous les bouchons en plastique de forme r\u00e9guli\u00e8re ou irr\u00e9guli\u00e8re, ronds et ovales, plats, effil\u00e9s, multi-faces<\/p>\n<p>etc.<strong><b>\u00a0<\/b><\/strong><\/p>\n<p>&nbsp;<\/p>\n<p><strong>Donn\u00e9es techniques :<\/strong><\/p>\n<table>\n<tbody>\n<tr>\n<td width=\"48.9000%\">Donn\u00e9es techniques<\/td>\n<td width=\"51.1000%\">H104<\/td>\n<\/tr>\n<tr>\n<td width=\"48.9000%\">Max. Diam\u00e8tre<\/td>\n<td width=\"51.1000%\">80mm<\/td>\n<\/tr>\n<tr>\n<td width=\"48.9000%\">Largeur du rouleau<\/td>\n<td width=\"51.1000%\">55mm<\/td>\n<\/tr>\n<tr>\n<td width=\"48.9000%\">Largeur d'impression<\/td>\n<td width=\"51.1000%\">0-20mm<\/td>\n<\/tr>\n<tr>\n<td width=\"48.9000%\">Vitesse d'impression<\/td>\n<td width=\"51.1000%\">1200-2500pcs\/hr<\/td>\n<\/tr>\n<tr>\n<td width=\"48.9000%\">Puissance<\/td>\n<td width=\"51.1000%\">220\/110V 640W<\/td>\n<\/tr>\n<tr>\n<td width=\"48.9000%\">Consommation d'air<\/td>\n<td width=\"51.1000%\">5-7bar<\/td>\n<\/tr>\n<tr>\n<td width=\"48.9000%\">dimension<\/td>\n<td width=\"51.1000%\">600x500x1150mm (l*l*h)<\/td>\n<\/tr>\n<tr>\n<td width=\"48.9000%\">Poids net<\/td>\n<td width=\"51.1000%\">120 kg<\/td>\n<\/tr>\n<\/tbody>\n<\/table>\n<p><strong>\u00c9chantillons :<\/strong><\/p>\n<p><img loading=\"lazy\" decoding=\"async\" class=\"size-full wp-image-1738\" src=\"http:\/\/apmprint.com\/wp-content\/uploads\/2023\/12\/s-12.jpg\" alt=\"h104 hot stamping machine for cap lines\" width=\"800\" height=\"283\" srcset=\"https:\/\/apmprint.com\/wp-content\/uploads\/2023\/12\/s-12.jpg 800w, https:\/\/apmprint.com\/wp-content\/uploads\/2023\/12\/s-12-300x106.jpg 300w, https:\/\/apmprint.com\/wp-content\/uploads\/2023\/12\/s-12-768x272.jpg 768w, https:\/\/apmprint.com\/wp-content\/uploads\/2023\/12\/s-12-18x6.jpg 18w, https:\/\/apmprint.com\/wp-content\/uploads\/2023\/12\/s-12-600x212.jpg 600w\" sizes=\"auto, (max-width: 800px) 100vw, 800px\" \/><\/p>\n<p>&nbsp;<\/p>","protected":false},"excerpt":{"rendered":"<p><strong>Description :<\/strong><\/p>\n<ol>\n<li>Conception professionnelle, structure simple, r\u00e9glage facile, fonctionnement ais\u00e9.<\/li>\n<li>La t\u00eate d'impression flexible et l'axe de maintien peuvent \u00eatre d\u00e9plac\u00e9s en fonction de la forme des objets, ce qui permet \u00e0 la machine d'imprimer des pi\u00e8ces de formes diverses, telles que des pi\u00e8ces rondes, plates, ovales et \u00e0 plusieurs faces.<\/li>\n<li>Belle qualit\u00e9 d'impression : bien proportionn\u00e9e, tr\u00e8s brillante, sans marque de connexion et avec un faible taux de perte.<\/li>\n<li>Petite taille, belle forme, l\u00e9ger et solide.<\/li>\n<li>Le rouleau est r\u00e9glable d'avant en arri\u00e8re et peut avoir un petit angle par rapport \u00e0 la direction horizontale.<\/li>\n<\/ol>","protected":false},"featured_media":1739,"template":"","meta":{"_acf_changed":false,"_seopress_robots_primary_cat":"none","_seopress_titles_title":"","_seopress_titles_desc":"","_seopress_robots_index":""},"product_brand":[],"product_cat":[39],"product_tag":[83,79,84,70],"class_list":{"0":"post-1737","1":"product","2":"type-product","3":"status-publish","4":"has-post-thumbnail","6":"product_cat-semi-auto-hot-stamping-machine","7":"product_tag-cap","8":"product_tag-hot-stamping-machine","9":"product_tag-jar","10":"product_tag-semi-auto","12":"first","13":"instock","14":"shipping-taxable","15":"product-type-simple"},"acf":[],"_links":{"self":[{"href":"https:\/\/apmprint.com\/fr\/wp-json\/wp\/v2\/product\/1737","targetHints":{"allow":["GET"]}}],"collection":[{"href":"https:\/\/apmprint.com\/fr\/wp-json\/wp\/v2\/product"}],"about":[{"href":"https:\/\/apmprint.com\/fr\/wp-json\/wp\/v2\/types\/product"}],"wp:featuredmedia":[{"embeddable":true,"href":"https:\/\/apmprint.com\/fr\/wp-json\/wp\/v2\/media\/1739"}],"wp:attachment":[{"href":"https:\/\/apmprint.com\/fr\/wp-json\/wp\/v2\/media?parent=1737"}],"wp:term":[{"taxonomy":"product_brand","embeddable":true,"href":"https:\/\/apmprint.com\/fr\/wp-json\/wp\/v2\/product_brand?post=1737"},{"taxonomy":"product_cat","embeddable":true,"href":"https:\/\/apmprint.com\/fr\/wp-json\/wp\/v2\/product_cat?post=1737"},{"taxonomy":"product_tag","embeddable":true,"href":"https:\/\/apmprint.com\/fr\/wp-json\/wp\/v2\/product_tag?post=1737"}],"curies":[{"name":"wp","href":"https:\/\/api.w.org\/{rel}","templated":true}]}}