{"id":1740,"date":"2023-12-21T02:55:34","date_gmt":"2023-12-21T02:55:34","guid":{"rendered":"https:\/\/apmprint.com\/?post_type=product&#038;p=1740"},"modified":"2023-12-21T03:33:52","modified_gmt":"2023-12-21T03:33:52","slug":"h200-250-400-2t-hot-stamping-machine-with-2t-pressure","status":"publish","type":"product","link":"https:\/\/apmprint.com\/fr\/produit\/h200-250-400-2t-hot-stamping-machine-with-2t-pressure\/","title":{"rendered":"Machine de marquage \u00e0 chaud H200\/250-2T avec pression 2T"},"content":{"rendered":"<p><strong>Donn\u00e9es techniques :<\/strong><\/p>\n<table>\n<tbody>\n<tr>\n<td width=\"181\">Mod\u00e8le<\/td>\n<td width=\"98\">H200\/H200S<\/td>\n<td width=\"72\">H200FR<\/td>\n<td width=\"98\">H250\/H250S<\/td>\n<td width=\"72\">H250FR<\/td>\n<\/tr>\n<tr>\n<td width=\"181\">Surface de marquage maximale<\/td>\n<td colspan=\"2\" width=\"170\">150&#215;200<\/td>\n<td colspan=\"2\" width=\"170\">200&#215;250<\/td>\n<\/tr>\n<tr>\n<td width=\"181\">Taille de la table de travail<\/td>\n<td width=\"98\">200&#215;250<\/td>\n<td width=\"72\">200&#215;200<\/td>\n<td width=\"98\">250&#215;300<\/td>\n<td width=\"72\">200&#215;250<\/td>\n<\/tr>\n<tr>\n<td width=\"181\">Course de la t\u00eate d'emboutissage<\/td>\n<td colspan=\"4\" width=\"341\">50<\/td>\n<\/tr>\n<tr>\n<td width=\"181\">Hauteur max. de l'article<\/td>\n<td colspan=\"4\" width=\"341\">235<\/td>\n<\/tr>\n<tr>\n<td width=\"181\">Temp\u00e9rature<\/td>\n<td colspan=\"4\" width=\"341\">Temp\u00e9rature ambiante ~280\u2103<\/td>\n<\/tr>\n<tr>\n<td width=\"181\">Pression d'estampage<\/td>\n<td colspan=\"4\" width=\"341\">\u2264500kgf<\/td>\n<\/tr>\n<tr>\n<td width=\"181\">Vitesse max. Vitesse de marquage<\/td>\n<td width=\"98\">1300<\/td>\n<td width=\"72\">1000<\/td>\n<td width=\"98\">1300<\/td>\n<td width=\"72\">1000<\/td>\n<\/tr>\n<tr>\n<td width=\"181\">Pression atmosph\u00e9rique<\/td>\n<td colspan=\"4\" width=\"341\">5-7 bar<\/td>\n<\/tr>\n<tr>\n<td width=\"181\">Alimentation \u00e9lectrique<\/td>\n<td colspan=\"4\" width=\"341\">220V 60Hz\/50Hz<\/td>\n<\/tr>\n<\/tbody>\n<\/table>\n<p><strong>\u00a0<\/strong><\/p>\n<p>Pression d'estampage :<\/p>\n<p>H200\/250 : 500 kg<\/p>\n<p>H200\/250\/400-2T : 2000kgs<\/p>\n<p>&nbsp;<\/p>\n<p><strong>\u00c9chantillons :<\/strong><\/p>\n<p><img loading=\"lazy\" decoding=\"async\" class=\"size-full wp-image-1738\" src=\"http:\/\/apmprint.com\/wp-content\/uploads\/2023\/12\/s-12.jpg\" alt=\"h104 hot stamping machine for cap lines\" width=\"800\" height=\"283\" srcset=\"https:\/\/apmprint.com\/wp-content\/uploads\/2023\/12\/s-12.jpg 800w, https:\/\/apmprint.com\/wp-content\/uploads\/2023\/12\/s-12-300x106.jpg 300w, https:\/\/apmprint.com\/wp-content\/uploads\/2023\/12\/s-12-768x272.jpg 768w, https:\/\/apmprint.com\/wp-content\/uploads\/2023\/12\/s-12-18x6.jpg 18w, https:\/\/apmprint.com\/wp-content\/uploads\/2023\/12\/s-12-600x212.jpg 600w\" sizes=\"auto, (max-width: 800px) 100vw, 800px\" \/><\/p>\n<p>&nbsp;<\/p>","protected":false},"excerpt":{"rendered":"<p>Description\uff1a<br \/>\n1. Conception de la manivelle, forte pression et faible consommation d'air.<br \/>\n2. Pression, temp\u00e9rature et vitesse d'estampage r\u00e9glables.<br \/>\n3. La table de travail peut \u00eatre pouss\u00e9e manuellement vers l'int\u00e9rieur et vers l'ext\u00e9rieur pour des raisons de s\u00e9curit\u00e9.<br \/>\n4. La table de travail peut \u00eatre r\u00e9gl\u00e9e \u00e0 gauche\/droite, avant\/arri\u00e8re et en angle.<br \/>\n5. Alimentation et enroulement automatiques des feuilles avec fonction r\u00e9glable.<br \/>\n6. Hauteur de la t\u00eate d'estampage r\u00e9glable.<br \/>\n7. Navette de table de travail avec engrenage et cr\u00e9maill\u00e8re pour l'estampage de produits ronds.<br \/>\n8. Il est largement utilis\u00e9 pour la d\u00e9coration de la surface des appareils \u00e9lectriques, des cosm\u00e9tiques, des emballages de bijoux et des jouets.<\/p>","protected":false},"featured_media":1741,"template":"","meta":{"_acf_changed":false,"_seopress_robots_primary_cat":"none","_seopress_titles_title":"","_seopress_titles_desc":"","_seopress_robots_index":""},"product_brand":[],"product_cat":[39],"product_tag":[83,79,84,70],"class_list":{"0":"post-1740","1":"product","2":"type-product","3":"status-publish","4":"has-post-thumbnail","6":"product_cat-semi-auto-hot-stamping-machine","7":"product_tag-cap","8":"product_tag-hot-stamping-machine","9":"product_tag-jar","10":"product_tag-semi-auto","12":"first","13":"instock","14":"shipping-taxable","15":"product-type-simple"},"acf":[],"_links":{"self":[{"href":"https:\/\/apmprint.com\/fr\/wp-json\/wp\/v2\/product\/1740","targetHints":{"allow":["GET"]}}],"collection":[{"href":"https:\/\/apmprint.com\/fr\/wp-json\/wp\/v2\/product"}],"about":[{"href":"https:\/\/apmprint.com\/fr\/wp-json\/wp\/v2\/types\/product"}],"wp:featuredmedia":[{"embeddable":true,"href":"https:\/\/apmprint.com\/fr\/wp-json\/wp\/v2\/media\/1741"}],"wp:attachment":[{"href":"https:\/\/apmprint.com\/fr\/wp-json\/wp\/v2\/media?parent=1740"}],"wp:term":[{"taxonomy":"product_brand","embeddable":true,"href":"https:\/\/apmprint.com\/fr\/wp-json\/wp\/v2\/product_brand?post=1740"},{"taxonomy":"product_cat","embeddable":true,"href":"https:\/\/apmprint.com\/fr\/wp-json\/wp\/v2\/product_cat?post=1740"},{"taxonomy":"product_tag","embeddable":true,"href":"https:\/\/apmprint.com\/fr\/wp-json\/wp\/v2\/product_tag?post=1740"}],"curies":[{"name":"wp","href":"https:\/\/api.w.org\/{rel}","templated":true}]}}