{"id":1744,"date":"2023-12-21T03:20:52","date_gmt":"2023-12-21T03:20:52","guid":{"rendered":"https:\/\/apmprint.com\/?post_type=product&#038;p=1744"},"modified":"2023-12-21T03:27:18","modified_gmt":"2023-12-21T03:27:18","slug":"h200fr-flat-round-hot-stamping-machine","status":"publish","type":"product","link":"https:\/\/apmprint.com\/fr\/produit\/h200fr-flat-round-hot-stamping-machine\/","title":{"rendered":"Machine de marquage \u00e0 chaud plate\/ronde H200FR"},"content":{"rendered":"<p><strong>Donn\u00e9es techniques :<\/strong><\/p>\n<table>\n<tbody>\n<tr>\n<td width=\"211\">Mod\u00e8le<\/td>\n<td width=\"242\">H200FR<\/td>\n<\/tr>\n<tr>\n<td width=\"211\">Surface de marquage maximale<\/td>\n<td width=\"242\">100x200mm<\/td>\n<\/tr>\n<tr>\n<td width=\"211\">Max. Diam\u00e8tre<\/td>\n<td width=\"242\">50 mm<\/td>\n<\/tr>\n<tr>\n<td width=\"211\">Taille de la table de travail<\/td>\n<td width=\"242\">180x200mm<\/td>\n<\/tr>\n<tr>\n<td width=\"211\">Course de la t\u00eate d'emboutissage<\/td>\n<td width=\"242\">75 mm<\/td>\n<\/tr>\n<tr>\n<td width=\"211\">Hauteur max. de l'article<\/td>\n<td width=\"242\">100mm<\/td>\n<\/tr>\n<tr>\n<td width=\"211\">Temp\u00e9rature<\/td>\n<td width=\"242\">Temp\u00e9rature ambiante ~280\u2103<\/td>\n<\/tr>\n<tr>\n<td width=\"211\">Vitesse d'impression maximale<\/td>\n<td width=\"242\">1000pcs\/h<\/td>\n<\/tr>\n<tr>\n<td width=\"211\">Pression atmosph\u00e9rique<\/td>\n<td width=\"242\">5-7 bar<\/td>\n<\/tr>\n<tr>\n<td width=\"211\">Poids de la machine<\/td>\n<td width=\"242\">260 kg<\/td>\n<\/tr>\n<tr>\n<td width=\"211\">Poids brut<\/td>\n<td width=\"242\">300 kg<\/td>\n<\/tr>\n<tr>\n<td width=\"211\">Taille de la machine<\/td>\n<td width=\"242\">105x72x160cm<\/td>\n<\/tr>\n<tr>\n<td width=\"211\">Taille de l'emballage<\/td>\n<td width=\"242\">110x90x190cm<\/td>\n<\/tr>\n<tr>\n<td width=\"211\">Alimentation \u00e9lectrique<\/td>\n<td width=\"242\">220V 60Hz\/50Hz 2.5KW<\/td>\n<\/tr>\n<\/tbody>\n<\/table>\n<p>&nbsp;<\/p>\n<p><strong>\u00c9chantillons :<\/strong><\/p>\n<p><img loading=\"lazy\" decoding=\"async\" class=\"size-full wp-image-1745\" src=\"http:\/\/apmprint.com\/wp-content\/uploads\/2023\/12\/s-13.jpg\" alt=\"h200fr flat\/round\u00a0hot stamping machine\" width=\"800\" height=\"525\" srcset=\"https:\/\/apmprint.com\/wp-content\/uploads\/2023\/12\/s-13.jpg 800w, https:\/\/apmprint.com\/wp-content\/uploads\/2023\/12\/s-13-300x197.jpg 300w, https:\/\/apmprint.com\/wp-content\/uploads\/2023\/12\/s-13-768x504.jpg 768w, https:\/\/apmprint.com\/wp-content\/uploads\/2023\/12\/s-13-18x12.jpg 18w, https:\/\/apmprint.com\/wp-content\/uploads\/2023\/12\/s-13-600x394.jpg 600w\" sizes=\"auto, (max-width: 800px) 100vw, 800px\" \/><\/p>\n<p>&nbsp;<\/p>","protected":false},"excerpt":{"rendered":"<p>Description :<br \/>\n1. Pression, temp\u00e9rature et vitesse d'estampage r\u00e9glables.<br \/>\n2. Table de travail gauche-droite pour le contr\u00f4le du cylindre \u00e0 huile.<br \/>\n3. Table de travail \u00e0 r\u00e9glage XYR.<br \/>\n4. Alimentation et enroulement automatique des feuilles.<br \/>\n5. La hauteur de la t\u00eate de marquage peut \u00eatre r\u00e9gl\u00e9e.<br \/>\n6. D\u00e9lai de pression, d\u00e9lai d'enroulement r\u00e9glable<\/p>","protected":false},"featured_media":1746,"template":"","meta":{"_acf_changed":false,"_seopress_robots_primary_cat":"none","_seopress_titles_title":"","_seopress_titles_desc":"","_seopress_robots_index":""},"product_brand":[],"product_cat":[39],"product_tag":[83,79,84,70],"class_list":{"0":"post-1744","1":"product","2":"type-product","3":"status-publish","4":"has-post-thumbnail","6":"product_cat-semi-auto-hot-stamping-machine","7":"product_tag-cap","8":"product_tag-hot-stamping-machine","9":"product_tag-jar","10":"product_tag-semi-auto","12":"first","13":"instock","14":"shipping-taxable","15":"product-type-simple"},"acf":[],"_links":{"self":[{"href":"https:\/\/apmprint.com\/fr\/wp-json\/wp\/v2\/product\/1744","targetHints":{"allow":["GET"]}}],"collection":[{"href":"https:\/\/apmprint.com\/fr\/wp-json\/wp\/v2\/product"}],"about":[{"href":"https:\/\/apmprint.com\/fr\/wp-json\/wp\/v2\/types\/product"}],"wp:featuredmedia":[{"embeddable":true,"href":"https:\/\/apmprint.com\/fr\/wp-json\/wp\/v2\/media\/1746"}],"wp:attachment":[{"href":"https:\/\/apmprint.com\/fr\/wp-json\/wp\/v2\/media?parent=1744"}],"wp:term":[{"taxonomy":"product_brand","embeddable":true,"href":"https:\/\/apmprint.com\/fr\/wp-json\/wp\/v2\/product_brand?post=1744"},{"taxonomy":"product_cat","embeddable":true,"href":"https:\/\/apmprint.com\/fr\/wp-json\/wp\/v2\/product_cat?post=1744"},{"taxonomy":"product_tag","embeddable":true,"href":"https:\/\/apmprint.com\/fr\/wp-json\/wp\/v2\/product_tag?post=1744"}],"curies":[{"name":"wp","href":"https:\/\/api.w.org\/{rel}","templated":true}]}}