{"id":1758,"date":"2023-12-21T03:52:14","date_gmt":"2023-12-21T03:52:14","guid":{"rendered":"https:\/\/apmprint.com\/?post_type=product&#038;p=1758"},"modified":"2023-12-21T03:54:05","modified_gmt":"2023-12-21T03:54:05","slug":"250-140s4r-4-color-ink-cup-pad-printer-with-shuttle","status":"publish","type":"product","link":"https:\/\/apmprint.com\/fr\/produit\/250-140s4r-4-color-ink-cup-pad-printer-with-shuttle\/","title":{"rendered":"250-140S4R Tampon encreur 4 couleurs avec navette"},"content":{"rendered":"<p><strong>Donn\u00e9es techniques :<\/strong><\/p>\n<table>\n<tbody>\n<tr>\n<td width=\"47.7800%\">Diam\u00e8tre du godet d'encre<\/td>\n<td width=\"52.2200%\">140mm<\/td>\n<\/tr>\n<tr>\n<td width=\"47.7800%\">\u00c9paisseur\/profondeur\/taille de la plaque<\/td>\n<td width=\"52.2200%\">150*320mm ou 150*400mm<\/td>\n<\/tr>\n<tr>\n<td width=\"47.7800%\">Taille d'impression maximale (diam\u00e8tre)<\/td>\n<td width=\"52.2200%\">135 mm<\/td>\n<\/tr>\n<tr>\n<td width=\"47.7800%\">Course avant-arri\u00e8re du coussin<\/td>\n<td width=\"52.2200%\">250mm<\/td>\n<\/tr>\n<tr>\n<td width=\"47.7800%\">Course ascendante et descendante du coussin<\/td>\n<td width=\"52.2200%\">80mm<\/td>\n<\/tr>\n<tr>\n<td width=\"47.7800%\">Coup d'encre avant-arri\u00e8re<\/td>\n<td width=\"52.2200%\">200mm<\/td>\n<\/tr>\n<tr>\n<td width=\"47.7800%\">Course de l'inverseur servo ( Mitsubishi 400W)<\/td>\n<td width=\"52.2200%\">125 mm<\/td>\n<\/tr>\n<tr>\n<td width=\"47.7800%\">Vitesse d'impression maximale<\/td>\n<td width=\"52.2200%\">1000pcs\/hr<\/td>\n<\/tr>\n<tr>\n<td width=\"47.7800%\">Puissance<\/td>\n<td width=\"52.2200%\">220V 50Hz 450W 6bar<\/td>\n<\/tr>\n<tr>\n<td width=\"47.7800%\">Poids net<\/td>\n<td width=\"52.2200%\">200 kg<\/td>\n<\/tr>\n<tr>\n<td width=\"47.7800%\">Mesures<\/td>\n<td width=\"52.2200%\">1000x650x1480mm\uff08L*W*H\uff09<\/td>\n<\/tr>\n<tr>\n<td width=\"47.7800%\">Poids brut<\/td>\n<td width=\"52.2200%\">250 kg<\/td>\n<\/tr>\n<\/tbody>\n<\/table>\n<p>&nbsp;<\/p>\n<p><strong>\u00c9chantillons :<\/strong><\/p>\n<p><img loading=\"lazy\" decoding=\"async\" class=\"size-full wp-image-1689\" src=\"http:\/\/apmprint.com\/wp-content\/uploads\/2023\/12\/s-5.jpg\" alt=\"cap11 automatic cap printing system (\u590d\u5236)\" width=\"800\" height=\"800\" srcset=\"https:\/\/apmprint.com\/wp-content\/uploads\/2023\/12\/s-5.jpg 800w, https:\/\/apmprint.com\/wp-content\/uploads\/2023\/12\/s-5-300x300.jpg 300w, https:\/\/apmprint.com\/wp-content\/uploads\/2023\/12\/s-5-150x150.jpg 150w, https:\/\/apmprint.com\/wp-content\/uploads\/2023\/12\/s-5-768x768.jpg 768w, https:\/\/apmprint.com\/wp-content\/uploads\/2023\/12\/s-5-12x12.jpg 12w, https:\/\/apmprint.com\/wp-content\/uploads\/2023\/12\/s-5-600x600.jpg 600w, https:\/\/apmprint.com\/wp-content\/uploads\/2023\/12\/s-5-100x100.jpg 100w\" sizes=\"auto, (max-width: 800px) 100vw, 800px\" \/><\/p>\n<p>&nbsp;<\/p>","protected":false},"excerpt":{"rendered":"<p><strong>Description :<\/strong><\/p>\n<ol>\n<li>Contr\u00f4le PLC, \u00e9cran tactile<\/li>\n<li>Base XYR \u00e0 r\u00e9glage rapide, enregistrement pr\u00e9cis des couleurs<\/li>\n<li>Encrier facile \u00e0 nettoyer, changement de plaque rapide<\/li>\n<li>Double trait (trait de tampon et trait d'encrier)<\/li>\n<li>Avec gonflage pour les bouteilles souples<\/li>\n<li>Pneumatiques SMC ou Festo<\/li>\n<li>Fonctionnement en toute s\u00e9curit\u00e9 CE<\/li>\n<li>Le dispositif de rotation permet de faire pivoter la bouteille de 180\u00b0 pendant l'impression.<\/li>\n<\/ol>","protected":false},"featured_media":1759,"template":"","meta":{"_acf_changed":false,"_seopress_robots_primary_cat":"none","_seopress_titles_title":"","_seopress_titles_desc":"","_seopress_robots_index":""},"product_brand":[],"product_cat":[40],"product_tag":[83,76,70],"class_list":{"0":"post-1758","1":"product","2":"type-product","3":"status-publish","4":"has-post-thumbnail","6":"product_cat-semi-auto-pad-printer","7":"product_tag-cap","8":"product_tag-pad-printer","9":"product_tag-semi-auto","11":"first","12":"instock","13":"shipping-taxable","14":"product-type-simple"},"acf":[],"_links":{"self":[{"href":"https:\/\/apmprint.com\/fr\/wp-json\/wp\/v2\/product\/1758","targetHints":{"allow":["GET"]}}],"collection":[{"href":"https:\/\/apmprint.com\/fr\/wp-json\/wp\/v2\/product"}],"about":[{"href":"https:\/\/apmprint.com\/fr\/wp-json\/wp\/v2\/types\/product"}],"wp:featuredmedia":[{"embeddable":true,"href":"https:\/\/apmprint.com\/fr\/wp-json\/wp\/v2\/media\/1759"}],"wp:attachment":[{"href":"https:\/\/apmprint.com\/fr\/wp-json\/wp\/v2\/media?parent=1758"}],"wp:term":[{"taxonomy":"product_brand","embeddable":true,"href":"https:\/\/apmprint.com\/fr\/wp-json\/wp\/v2\/product_brand?post=1758"},{"taxonomy":"product_cat","embeddable":true,"href":"https:\/\/apmprint.com\/fr\/wp-json\/wp\/v2\/product_cat?post=1758"},{"taxonomy":"product_tag","embeddable":true,"href":"https:\/\/apmprint.com\/fr\/wp-json\/wp\/v2\/product_tag?post=1758"}],"curies":[{"name":"wp","href":"https:\/\/api.w.org\/{rel}","templated":true}]}}