{"id":1763,"date":"2023-12-21T06:23:11","date_gmt":"2023-12-21T06:23:11","guid":{"rendered":"https:\/\/apmprint.com\/?post_type=product&#038;p=1763"},"modified":"2024-01-03T01:25:17","modified_gmt":"2024-01-03T01:25:17","slug":"apm-cnc101-single-color-servo-driven-screen-printer-for-cylindrical-products","status":"publish","type":"product","link":"https:\/\/apmprint.com\/fr\/produit\/apm-cnc101-single-color-servo-driven-screen-printer-for-cylindrical-products\/","title":{"rendered":"APM-CNC101 S\u00e9rigraphie unicolore servocommand\u00e9e pour produits cylindriques"},"content":{"rendered":"<p><strong>Application :<\/strong><\/p>\n<p>Bouteilles ou pots cylindriques avec impression \u00e0 l'encre \u00e0 solvant ou \u00e0 l'encre thermoplastique.<\/p>\n<p>&nbsp;<\/p>\n<p><strong>Donn\u00e9es techniques<\/strong><\/p>\n<table>\n<tbody>\n<tr>\n<td width=\"246\">vitesse<\/td>\n<td width=\"246\">1200-2400pcs\/H<\/td>\n<\/tr>\n<tr>\n<td width=\"246\">pouvoir<\/td>\n<td width=\"246\">380V, 3P 50\/60Hz<\/td>\n<\/tr>\n<tr>\n<td width=\"246\">Alimentation en air<\/td>\n<td width=\"246\">6-8Bar<\/td>\n<\/tr>\n<tr>\n<td width=\"246\">Impression Dia.<\/td>\n<td width=\"246\">10-60mm<\/td>\n<\/tr>\n<tr>\n<td width=\"246\">Longueur d'impression<\/td>\n<td width=\"246\">50-130mm<\/td>\n<\/tr>\n<\/tbody>\n<\/table>\n<p>&nbsp;<\/p>\n<p><strong>\u00c9chantillons :<\/strong><\/p>\n<p><img loading=\"lazy\" decoding=\"async\" class=\"size-full wp-image-1764\" src=\"http:\/\/apmprint.com\/wp-content\/uploads\/2023\/12\/s-14.jpg\" alt=\"apm cnc101 single color servo driven screen printer for cylindrical products\" width=\"800\" height=\"616\" srcset=\"https:\/\/apmprint.com\/wp-content\/uploads\/2023\/12\/s-14.jpg 800w, https:\/\/apmprint.com\/wp-content\/uploads\/2023\/12\/s-14-300x231.jpg 300w, https:\/\/apmprint.com\/wp-content\/uploads\/2023\/12\/s-14-768x591.jpg 768w, https:\/\/apmprint.com\/wp-content\/uploads\/2023\/12\/s-14-16x12.jpg 16w, https:\/\/apmprint.com\/wp-content\/uploads\/2023\/12\/s-14-600x462.jpg 600w\" sizes=\"auto, (max-width: 800px) 100vw, 800px\" \/><\/p>\n<p>&nbsp;<\/p>","protected":false},"excerpt":{"rendered":"<p>Description g\u00e9n\u00e9rale\uff1a<br \/>\n1. Syst\u00e8me de chargement automatique avec robot servo multiaxe. Bouteille pos\u00e9e sur la bande.<br \/>\n2. Syst\u00e8me de transfert robotis\u00e9.<br \/>\n3. Syst\u00e8me d'impression automatique avec servomoteur<br \/>\n4. Avec impression \u00e0 l'encre \u00e0 solvant ou \u00e0 l'encre thermoplastique (il est n\u00e9cessaire de laisser un espace de serrage pour l'impression \u00e0 l'encre \u00e0 solvant).<br \/>\n5. Changement tr\u00e8s rapide et facile d'un produit \u00e0 l'autre.<br \/>\n6. Tous les param\u00e8tres se r\u00e8glent automatiquement sur l'\u00e9cran tactile. Le changement de produit se fait en 15 minutes seulement par couleur.<br \/>\n7. D\u00e9chargement automatique par servo-robot. D\u00e9chargement de bouteilles debout.<br \/>\n8. Op\u00e9ration de s\u00e9curit\u00e9 avec CE.<br \/>\n9. Avec la surface de la bouteille de s\u00e9chage IR sur le tapis de d\u00e9chargement.<\/p>","protected":false},"featured_media":1770,"template":"","meta":{"_acf_changed":false,"_seopress_robots_primary_cat":"none","_seopress_titles_title":"","_seopress_titles_desc":"","_seopress_robots_index":""},"product_brand":[],"product_cat":[29,31],"product_tag":[75,85,78,69],"class_list":{"0":"post-1763","1":"product","2":"type-product","3":"status-publish","4":"has-post-thumbnail","6":"product_cat-all-servo-printing-machine-cnc","7":"product_cat-auto-screen-printer","8":"product_tag-automatic","9":"product_tag-cnc","10":"product_tag-screen-printer","11":"product_tag-servo","13":"first","14":"instock","15":"shipping-taxable","16":"product-type-simple"},"acf":[],"_links":{"self":[{"href":"https:\/\/apmprint.com\/fr\/wp-json\/wp\/v2\/product\/1763","targetHints":{"allow":["GET"]}}],"collection":[{"href":"https:\/\/apmprint.com\/fr\/wp-json\/wp\/v2\/product"}],"about":[{"href":"https:\/\/apmprint.com\/fr\/wp-json\/wp\/v2\/types\/product"}],"wp:featuredmedia":[{"embeddable":true,"href":"https:\/\/apmprint.com\/fr\/wp-json\/wp\/v2\/media\/1770"}],"wp:attachment":[{"href":"https:\/\/apmprint.com\/fr\/wp-json\/wp\/v2\/media?parent=1763"}],"wp:term":[{"taxonomy":"product_brand","embeddable":true,"href":"https:\/\/apmprint.com\/fr\/wp-json\/wp\/v2\/product_brand?post=1763"},{"taxonomy":"product_cat","embeddable":true,"href":"https:\/\/apmprint.com\/fr\/wp-json\/wp\/v2\/product_cat?post=1763"},{"taxonomy":"product_tag","embeddable":true,"href":"https:\/\/apmprint.com\/fr\/wp-json\/wp\/v2\/product_tag?post=1763"}],"curies":[{"name":"wp","href":"https:\/\/api.w.org\/{rel}","templated":true}]}}