{"id":1768,"date":"2023-12-21T06:39:29","date_gmt":"2023-12-21T06:39:29","guid":{"rendered":"https:\/\/apmprint.com\/?post_type=product&#038;p=1768"},"modified":"2024-01-03T01:30:44","modified_gmt":"2024-01-03T01:30:44","slug":"apm-cnc102-fuv-single-color-servo-driven-screen-printer","status":"publish","type":"product","link":"https:\/\/apmprint.com\/fr\/produit\/apm-cnc102-fuv-single-color-servo-driven-screen-printer\/","title":{"rendered":"APM-CNC102-FUV S\u00e9rigraphie unicolore \u00e0 servocommande"},"content":{"rendered":"<p>Description g\u00e9n\u00e9rale :<br \/>\n1. Bande de chargement automatique. (Syst\u00e8me de chargement personnalis\u00e9 en option avec suppl\u00e9ment de prix)<br \/>\n2. Traitement automatique \u00e0 la flamme avant l'impression pour obtenir une meilleure qualit\u00e9 d'impression.<br \/>\n3. Syst\u00e8me de transfert \u00e0 servocommande.<br \/>\n4. Syst\u00e8me d'impression automatique enti\u00e8rement command\u00e9 par des servomoteurs : t\u00eate d'impression, cadre de la maille, rotation, mont\u00e9e\/descente du conteneur sont tous command\u00e9s par des servomoteurs.<br \/>\n5. Impression multi-face en un seul processus.<br \/>\n6. S\u00e9cheur UV \u00e9lectrique ou s\u00e9chage LED.<br \/>\n7. Changement tr\u00e8s rapide et facile d'un produit \u00e0 l'autre.<br \/>\n8. Tous les param\u00e8tres se r\u00e8glent automatiquement sur l'\u00e9cran tactile.<br \/>\n9. Tapis de d\u00e9chargement automatique<br \/>\n10. Op\u00e9ration de s\u00e9curit\u00e9 avec CE.<br \/>\n11. L'impression r\u00e9p\u00e9t\u00e9e doit \u00eatre multicolore.<br \/>\n12. Syst\u00e8me de vision par cam\u00e9ra (CCD) en option : pour les produits cylindriques sans point d'enregistrement. R\u00e9p\u00e9tition de l'impression en plusieurs couleurs.<\/p>\n<p>&nbsp;<\/p>\n<p><strong>Donn\u00e9es techniques<\/strong><\/p>\n<table>\n<tbody>\n<tr>\n<td width=\"246\">Vitesse<\/td>\n<td width=\"256\">15-40pcs\/min (en fonction des diff\u00e9rents produits)<\/td>\n<\/tr>\n<tr>\n<td width=\"246\">Puissance<\/td>\n<td width=\"256\">380V, 3P 50\/60Hz<\/td>\n<\/tr>\n<tr>\n<td width=\"246\">Alimentation en air<\/td>\n<td width=\"256\">6-8Bar<\/td>\n<\/tr>\n<tr>\n<td width=\"246\"><\/td>\n<td width=\"256\"><strong>Conteneur rond<\/strong><\/td>\n<\/tr>\n<tr>\n<td width=\"246\">Impression Dia.<\/td>\n<td width=\"256\">20-100mm<\/td>\n<\/tr>\n<tr>\n<td width=\"246\">Longueur d'impression<\/td>\n<td width=\"256\">30-180mm<\/td>\n<\/tr>\n<tr>\n<td width=\"246\"><\/td>\n<td width=\"256\"><strong>Conteneur carr\u00e9\/irr\u00e9gulier<\/strong><\/td>\n<\/tr>\n<tr>\n<td width=\"246\">Largeur d'impression<\/td>\n<td width=\"256\">20-100mm<\/td>\n<\/tr>\n<tr>\n<td width=\"246\">Longueur d'impression<\/td>\n<td width=\"256\">30-180mm<\/td>\n<\/tr>\n<\/tbody>\n<\/table>\n<p>&nbsp;<\/p>\n<p>&nbsp;<\/p>\n<p><strong><b>MARQUE DES PRINCIPALES PI\u00c8CES<\/b><\/strong><\/p>\n<table>\n<tbody>\n<tr>\n<td width=\"143\">SYST\u00c8MES DE CONTR\u00d4LE<\/td>\n<td width=\"207\">YASKAMA PLC<\/td>\n<td width=\"264\">JAPON<\/td>\n<\/tr>\n<tr>\n<td width=\"143\">\u00c9CRAN TACTILE<\/td>\n<td width=\"207\">WEINVIEW<\/td>\n<td width=\"264\">TAIWAN (AUTRE MARQUE FACULTATIVE)<\/td>\n<\/tr>\n<tr>\n<td width=\"143\">SYST\u00c8MES SERVO<\/td>\n<td width=\"207\">YASKAMA<\/td>\n<td width=\"264\">JAPON<\/td>\n<\/tr>\n<tr>\n<td width=\"143\">ENREGISTREMENT CCD<\/td>\n<td width=\"207\">HONGKONG\/ KEYENCE<\/td>\n<td width=\"264\">HONGKONG\/JAPON (FACULTATIF)<\/td>\n<\/tr>\n<tr>\n<td width=\"143\">PI\u00c8CES \u00c9LECTRIQUES<\/td>\n<td width=\"207\">OMRON\/SCHNEIDER\/MALADIE<\/td>\n<td width=\"264\">JAPON\/FRANCE\/ALLEMAGNE<\/td>\n<\/tr>\n<tr>\n<td width=\"143\">PI\u00c8CES PNEUMATIQUES<\/td>\n<td width=\"207\">SMC\/AIRTAC<\/td>\n<td width=\"264\">JAPON\/Ta\u00efwan<\/td>\n<\/tr>\n<\/tbody>\n<\/table>\n<p>&nbsp;<\/p>\n<p>S\u00c9QUENCE DE PRODUCTION DE L'IMPRESSION<br \/>\n-Chargement manuel sur la bande (margeur automatique en option)<br \/>\n-Traitement des flammes<br \/>\n-Inscription<br \/>\n-Impression automatique<br \/>\n-Durcissement automatique par UV\/LED<br \/>\n-d\u00e9charger sur le tapis pour l'emballage<br \/>\nL'OFFRE DE PRIX :<br \/>\n1- IMPRIMANTE :APM-CNC102-FUV USD 52,000<br \/>\ncomprend :<br \/>\nTraitement \u00e0 la flamme, durcissement aux UV<br \/>\n1 jeu de fixations<br \/>\n1 jeu complet d'outils<br \/>\n1 pc de maille de tamis<br \/>\nRaclette de 0,5 m\u00e8tre<br \/>\nEn option :<br \/>\nEnregistrement du CCD : 10000 USD<br \/>\nAccessoires suppl\u00e9mentaires<br \/>\nLivraison : environ 60 jours ouvrables apr\u00e8s r\u00e9ception de l'acompte et des \u00e9chantillons.<br \/>\nGarantie : Un an. APM fournira toutes les pi\u00e8ces sous garantie lors de la premi\u00e8re livraison.<br \/>\nMise en place et formation :<br \/>\n\u00c0 la demande de l'acheteur, APM enverra des ing\u00e9nieurs dans l'usine de l'acheteur pour l'assemblage des machines, l'installation et la formation pendant une p\u00e9riode de 7 jours. Tous les frais de voyage, y compris le vol, la demande de visa, l'h\u00f4tel, la nourriture et les frais de main-d'\u0153uvre sont \u00e0 la charge de l'acheteur. Frais de main-d'\u0153uvre : 160 USD par jour.<br \/>\nCONDITIONS DE PAIEMENT : 50% de d\u00e9p\u00f4t ; 50% T\/T avant l'exp\u00e9dition.<br \/>\nCONDITIONS DE LIVRAISON : FOB Shenzhen<\/p>\n<p><strong>\u00c9chantillons :<\/strong><\/p>\n<p><img loading=\"lazy\" decoding=\"async\" class=\"size-full wp-image-1773\" src=\"http:\/\/apmprint.com\/wp-content\/uploads\/2023\/12\/s-15.jpg\" alt=\"apm cnc102 fuv single color servo driven screen printer\" width=\"800\" height=\"800\" srcset=\"https:\/\/apmprint.com\/wp-content\/uploads\/2023\/12\/s-15.jpg 800w, https:\/\/apmprint.com\/wp-content\/uploads\/2023\/12\/s-15-300x300.jpg 300w, https:\/\/apmprint.com\/wp-content\/uploads\/2023\/12\/s-15-150x150.jpg 150w, https:\/\/apmprint.com\/wp-content\/uploads\/2023\/12\/s-15-768x768.jpg 768w, https:\/\/apmprint.com\/wp-content\/uploads\/2023\/12\/s-15-12x12.jpg 12w, https:\/\/apmprint.com\/wp-content\/uploads\/2023\/12\/s-15-600x600.jpg 600w, https:\/\/apmprint.com\/wp-content\/uploads\/2023\/12\/s-15-100x100.jpg 100w\" sizes=\"auto, (max-width: 800px) 100vw, 800px\" \/><\/p>\n<p>&nbsp;<\/p>","protected":false},"excerpt":{"rendered":"<p><strong><b>Application :<\/b><\/strong><\/p>\n<p>Toutes formes de bouteilles en verre\/plastique, gobelets, tasses.<\/p>\n<p>Il peut imprimer n'importe quelle forme de conteneur sur tout le pourtour en une seule fois.<\/p>","protected":false},"featured_media":1769,"template":"","meta":{"_acf_changed":false,"_seopress_robots_primary_cat":"none","_seopress_titles_title":"","_seopress_titles_desc":"","_seopress_robots_index":""},"product_brand":[],"product_cat":[29,31,33],"product_tag":[75,85,55,56,84,57,78,69,58],"class_list":{"0":"post-1768","1":"product","2":"type-product","3":"status-publish","4":"has-post-thumbnail","6":"product_cat-all-servo-printing-machine-cnc","7":"product_cat-auto-screen-printer","8":"product_cat-glass-bottle-printer","9":"product_tag-automatic","10":"product_tag-cnc","11":"product_tag-cups","12":"product_tag-glass-bottles","13":"product_tag-jar","14":"product_tag-plastic-bottles","15":"product_tag-screen-printer","16":"product_tag-servo","17":"product_tag-tubes","19":"first","20":"instock","21":"shipping-taxable","22":"product-type-simple"},"acf":[],"_links":{"self":[{"href":"https:\/\/apmprint.com\/fr\/wp-json\/wp\/v2\/product\/1768","targetHints":{"allow":["GET"]}}],"collection":[{"href":"https:\/\/apmprint.com\/fr\/wp-json\/wp\/v2\/product"}],"about":[{"href":"https:\/\/apmprint.com\/fr\/wp-json\/wp\/v2\/types\/product"}],"wp:featuredmedia":[{"embeddable":true,"href":"https:\/\/apmprint.com\/fr\/wp-json\/wp\/v2\/media\/1769"}],"wp:attachment":[{"href":"https:\/\/apmprint.com\/fr\/wp-json\/wp\/v2\/media?parent=1768"}],"wp:term":[{"taxonomy":"product_brand","embeddable":true,"href":"https:\/\/apmprint.com\/fr\/wp-json\/wp\/v2\/product_brand?post=1768"},{"taxonomy":"product_cat","embeddable":true,"href":"https:\/\/apmprint.com\/fr\/wp-json\/wp\/v2\/product_cat?post=1768"},{"taxonomy":"product_tag","embeddable":true,"href":"https:\/\/apmprint.com\/fr\/wp-json\/wp\/v2\/product_tag?post=1768"}],"curies":[{"name":"wp","href":"https:\/\/api.w.org\/{rel}","templated":true}]}}