{"id":1774,"date":"2023-12-21T06:54:57","date_gmt":"2023-12-21T06:54:57","guid":{"rendered":"https:\/\/apmprint.com\/?post_type=product&#038;p=1774"},"modified":"2024-01-03T01:30:57","modified_gmt":"2024-01-03T01:30:57","slug":"apm-cnc102tp-single-color-servo-driven-screen-printer-with-thermoplastic-ink-printing","status":"publish","type":"product","link":"https:\/\/apmprint.com\/fr\/produit\/apm-cnc102tp-single-color-servo-driven-screen-printer-with-thermoplastic-ink-printing\/","title":{"rendered":"APM-CNC102TP S\u00e9rigraphie unicolore servocommand\u00e9e avec impression \u00e0 l'encre thermoplastique"},"content":{"rendered":"<p><strong>Application :<\/strong><\/p>\n<p>Toutes les formes de bouteilles en verre, de tasses, de gobelets. Il peut imprimer toutes les formes de r\u00e9cipients en une seule fois.<\/p>\n<p>&nbsp;<\/p>\n<p>En option :<br \/>\nSyst\u00e8me de pr\u00e9traitement de la flamme<br \/>\nUV LED ou syst\u00e8me UV \u00e9lectrique en option.<br \/>\nModule suppl\u00e9mentaire jusqu'\u00e0 10 unit\u00e9s, pour une ligne de production multi-couleurs.<br \/>\nSyst\u00e8me de vision par cam\u00e9ra, pour les produits cylindriques sans point d'enregistrement. R\u00e9p\u00e9tition de l'impression en plusieurs couleurs.<br \/>\nNous pouvons transformer la t\u00eate de s\u00e9rigraphie en machine de marquage \u00e0 chaud.<\/p>\n<p>&nbsp;<\/p>\n<p><strong>Donn\u00e9es techniques<\/strong><\/p>\n<table>\n<tbody>\n<tr>\n<td width=\"246\">Vitesse<\/td>\n<td width=\"246\">1200-2400pcs\/H<\/td>\n<\/tr>\n<tr>\n<td width=\"246\">Puissance<\/td>\n<td width=\"246\">380V, 3P 50\/60Hz<\/td>\n<\/tr>\n<tr>\n<td width=\"246\">Alimentation en air<\/td>\n<td width=\"246\">6-8Bar<\/td>\n<\/tr>\n<tr>\n<td width=\"246\"><\/td>\n<td width=\"246\"><strong>Conteneur rond<\/strong><\/td>\n<\/tr>\n<tr>\n<td width=\"246\">Impression Dia.<\/td>\n<td width=\"246\">20-100mm<\/td>\n<\/tr>\n<tr>\n<td width=\"246\">Longueur d'impression<\/td>\n<td width=\"246\">30-180mm<\/td>\n<\/tr>\n<tr>\n<td width=\"246\"><\/td>\n<td width=\"246\"><strong>Conteneur carr\u00e9\/irr\u00e9gulier<\/strong><\/td>\n<\/tr>\n<tr>\n<td width=\"246\">Largeur d'impression<\/td>\n<td width=\"246\">20-100mm<\/td>\n<\/tr>\n<tr>\n<td width=\"246\">Longueur d'impression<\/td>\n<td width=\"246\">30-180mm<\/td>\n<\/tr>\n<\/tbody>\n<\/table>\n<p>&nbsp;<\/p>\n<p><strong>\u00c9chantillons :<\/strong><\/p>\n<p><img loading=\"lazy\" decoding=\"async\" class=\"size-full wp-image-1776\" src=\"http:\/\/apmprint.com\/wp-content\/uploads\/2023\/12\/s-16.jpg\" alt=\"apm cnc102tp single color servo driven screen printer with thermoplastic ink printing\" width=\"800\" height=\"800\" srcset=\"https:\/\/apmprint.com\/wp-content\/uploads\/2023\/12\/s-16.jpg 800w, https:\/\/apmprint.com\/wp-content\/uploads\/2023\/12\/s-16-300x300.jpg 300w, https:\/\/apmprint.com\/wp-content\/uploads\/2023\/12\/s-16-150x150.jpg 150w, https:\/\/apmprint.com\/wp-content\/uploads\/2023\/12\/s-16-768x768.jpg 768w, https:\/\/apmprint.com\/wp-content\/uploads\/2023\/12\/s-16-12x12.jpg 12w, https:\/\/apmprint.com\/wp-content\/uploads\/2023\/12\/s-16-600x600.jpg 600w, https:\/\/apmprint.com\/wp-content\/uploads\/2023\/12\/s-16-100x100.jpg 100w\" sizes=\"auto, (max-width: 800px) 100vw, 800px\" \/><\/p>\n<p>&nbsp;<\/p>","protected":false},"excerpt":{"rendered":"<p>Description g\u00e9n\u00e9rale\uff1a<br \/>\n1. Syst\u00e8me de chargement automatique avec robot servo multiaxe. Bouteille pos\u00e9e sur la bande.<br \/>\n2. Syst\u00e8me de transfert \u00e0 servocommande.<br \/>\n3. Syst\u00e8me d'impression automatique enti\u00e8rement command\u00e9 par servomoteur : t\u00eate d'impression, cadre de la maille, rotation, mont\u00e9e\/descente du conteneur sont tous command\u00e9s par des servomoteurs.<br \/>\n4. Impression multi-face en un seul processus.<br \/>\n5. Changement tr\u00e8s rapide et facile d'un produit \u00e0 l'autre.<br \/>\n6. Tous les param\u00e8tres se r\u00e8glent automatiquement sur l'\u00e9cran tactile. Le changement de produit se fait en 15 minutes seulement par couleur.<br \/>\n7. D\u00e9chargement automatique par servo-robot. D\u00e9chargement de bouteilles debout.<br \/>\n8. Op\u00e9ration de s\u00e9curit\u00e9 avec CE.<br \/>\n9. R\u00e9p\u00e9ter l'impression pour qu'elle soit multicolore.<\/p>","protected":false},"featured_media":1775,"template":"","meta":{"_acf_changed":false,"_seopress_robots_primary_cat":"none","_seopress_titles_title":"","_seopress_titles_desc":"","_seopress_robots_index":""},"product_brand":[],"product_cat":[29,31,33],"product_tag":[75,85,78,69],"class_list":{"0":"post-1774","1":"product","2":"type-product","3":"status-publish","4":"has-post-thumbnail","6":"product_cat-all-servo-printing-machine-cnc","7":"product_cat-auto-screen-printer","8":"product_cat-glass-bottle-printer","9":"product_tag-automatic","10":"product_tag-cnc","11":"product_tag-screen-printer","12":"product_tag-servo","14":"first","15":"instock","16":"shipping-taxable","17":"product-type-simple"},"acf":[],"_links":{"self":[{"href":"https:\/\/apmprint.com\/fr\/wp-json\/wp\/v2\/product\/1774","targetHints":{"allow":["GET"]}}],"collection":[{"href":"https:\/\/apmprint.com\/fr\/wp-json\/wp\/v2\/product"}],"about":[{"href":"https:\/\/apmprint.com\/fr\/wp-json\/wp\/v2\/types\/product"}],"wp:featuredmedia":[{"embeddable":true,"href":"https:\/\/apmprint.com\/fr\/wp-json\/wp\/v2\/media\/1775"}],"wp:attachment":[{"href":"https:\/\/apmprint.com\/fr\/wp-json\/wp\/v2\/media?parent=1774"}],"wp:term":[{"taxonomy":"product_brand","embeddable":true,"href":"https:\/\/apmprint.com\/fr\/wp-json\/wp\/v2\/product_brand?post=1774"},{"taxonomy":"product_cat","embeddable":true,"href":"https:\/\/apmprint.com\/fr\/wp-json\/wp\/v2\/product_cat?post=1774"},{"taxonomy":"product_tag","embeddable":true,"href":"https:\/\/apmprint.com\/fr\/wp-json\/wp\/v2\/product_tag?post=1774"}],"curies":[{"name":"wp","href":"https:\/\/api.w.org\/{rel}","templated":true}]}}