{"id":1779,"date":"2023-12-21T07:23:43","date_gmt":"2023-12-21T07:23:43","guid":{"rendered":"https:\/\/apmprint.com\/?post_type=product&#038;p=1779"},"modified":"2024-01-03T01:24:16","modified_gmt":"2024-01-03T01:24:16","slug":"cnc106-3-6-color-automatic-servo-screen-printer","status":"publish","type":"product","link":"https:\/\/apmprint.com\/fr\/produit\/cnc106-3-6-color-automatic-servo-screen-printer\/","title":{"rendered":"Machine de s\u00e9rigraphie servo pour bouteilles en verre 2-8 couleurs CNC106"},"content":{"rendered":"<p>CNC106 automatic multi-color glass plastic metal bottle logo Silk screen printing and hot foil stamping carousel machine Les entreprises passent beaucoup de temps \u00e0 concevoir des produits vari\u00e9s pour r\u00e9pondre aux divers besoins des consommateurs. L'utilisation bien int\u00e9gr\u00e9e des technologies contribue \u00e0 l'efficacit\u00e9 du processus de fabrication. Il a \u00e9t\u00e9 prouv\u00e9 que le produit est indispensable dans le(s) domaine(s) de la s\u00e9rigraphie. La machine de s\u00e9rigraphie et d'estampage \u00e0 chaud CNC106 est l'un de nos meilleurs et plus r\u00e9cents produits. Elle m\u00e9rite d'\u00eatre largement remarqu\u00e9e et pr\u00e9sent\u00e9e aux clients du monde entier.<\/p>\n<div class=\"rich-text-table\">\n<table>\n<tbody>\n<tr>\n<td>Type de plaque :<\/td>\n<td>S\u00e9rigraphie<\/td>\n<td>Industries concern\u00e9es :<\/td>\n<td>Usine de fabrication, imprimerie, magasins d'alimentation et de boissons<\/td>\n<\/tr>\n<tr>\n<td>\u00c9tat :<\/td>\n<td>Nouveau<\/td>\n<td>Lieu d'origine :<\/td>\n<td>Guangdong, Chine<\/td>\n<\/tr>\n<tr>\n<td>Nom de marque :<\/td>\n<td>apm print<\/td>\n<td>Utilisation :<\/td>\n<td>Imprimante de bouteilles, imprimante de bouteilles en verre<\/td>\n<\/tr>\n<tr>\n<td>Automatique Grade :<\/td>\n<td>Automatique<\/td>\n<td>Couleur et page :<\/td>\n<td>Multicolore<\/td>\n<\/tr>\n<tr>\n<td>Tension :<\/td>\n<td>380V, 50\/60Hz<\/td>\n<td>Dimensions (L*L*H) :<\/td>\n<td>2.2*2.2*2m<\/td>\n<\/tr>\n<tr>\n<td>Poids :<\/td>\n<td>3500 KG<\/td>\n<td>Certification :<\/td>\n<td>Certification CE<\/td>\n<\/tr>\n<tr>\n<td>Garantie :<\/td>\n<td>1 an<\/td>\n<td>Service apr\u00e8s-vente assur\u00e9 :<\/td>\n<td>Assistance en ligne, assistance technique vid\u00e9o, ing\u00e9nieurs disponibles pour l'entretien des machines \u00e0 l'\u00e9tranger<\/td>\n<\/tr>\n<tr>\n<td>Principaux arguments de vente :<\/td>\n<td>Automatique<\/td>\n<td>Rapport d'essai des machines :<\/td>\n<td>Fourni<\/td>\n<\/tr>\n<tr>\n<td>Inspection vid\u00e9o de sortie :<\/td>\n<td>Fourni<\/td>\n<td>Garantie des composants de base :<\/td>\n<td>1 an<\/td>\n<\/tr>\n<tr>\n<td>Composantes essentielles :<\/td>\n<td>Roulement, moteur, automate, moteur, bo\u00eete de vitesses<\/td>\n<td>Application :<\/td>\n<td>bouteille en verre\u00a0<a class=\"keyword_link font-color\" title=\"machine de marquage \u00e0 chaud\" href=\"https:\/\/www.apmprinter.com\/\" target=\"_blank\" rel=\"noopener\">machine de marquage \u00e0 chaud<\/a><\/td>\n<\/tr>\n<tr>\n<td>Couleur d'impression :<\/td>\n<td>Multi-couleurs en option<\/td>\n<td>Type :<\/td>\n<td>machine de marquage \u00e0 chaud<\/td>\n<\/tr>\n<tr>\n<td>Mots-cl\u00e9s :<\/td>\n<td>Marquage sur verre<\/td>\n<td>Domaine d'application :<\/td>\n<td>impressiong<\/td>\n<\/tr>\n<tr>\n<td>Nom du produit :<\/td>\n<td>Machine d'impression automatique CNC106<\/td>\n<td>Taille d'impression :<\/td>\n<td>vari\u00e9t\u00e9 de tailles<\/td>\n<\/tr>\n<tr>\n<td>Article :<\/td>\n<td>Presse \u00e0 s\u00e9rigraphie automatique<\/td>\n<td>Type de machine :<\/td>\n<td>Grande s\u00e9rigraphie automatique<\/td>\n<\/tr>\n<tr>\n<td>Apr\u00e8s le service de garantie :<\/td>\n<td>Assistance technique vid\u00e9o, assistance en ligne, pi\u00e8ces d\u00e9tach\u00e9es, services de maintenance et de r\u00e9paration sur le terrain<\/td>\n<td>Lieu du service local :<\/td>\n<td>Canada, Turquie, \u00c9tats-Unis, Espagne<\/td>\n<\/tr>\n<tr>\n<td>Emplacement de la salle d'exposition :<\/td>\n<td>Canada, Turquie, \u00c9tats-Unis, Espagne<\/td>\n<td>Type de marketing :<\/td>\n<td>Produit phare 2019<\/td>\n<\/tr>\n<\/tbody>\n<\/table>\n<\/div>\n<p>&nbsp;<\/p>\n<p><strong>Application :<\/strong><\/p>\n<p>Bouteilles rondes, ovales, carr\u00e9es<\/p>\n<p>&nbsp;<\/p>\n<p>Description :<br \/>\n1. Tapis de chargement automatique, chargeur enti\u00e8rement automatique en option avec suppl\u00e9ment.<br \/>\n2. Nettoyage de la poussi\u00e8re<br \/>\n3. Traitement automatique \u00e0 la flamme<br \/>\n4. 12 stations<br \/>\n5. Gonflage \u00e0 chaque station d'impression pour les bouteilles souples<br \/>\n6. Imprimante de s\u00e9rigraphie \u00e0 servomoteur avec la meilleure pr\u00e9cision possible<br \/>\n*t\u00eates d'impression entra\u00een\u00e9es par un servomoteur<br \/>\n*cadres \u00e0 mailles entra\u00een\u00e9s par des servomoteurs<br \/>\n*tous les gabarits sont \u00e9quip\u00e9s de servomoteurs pour la rotation (pas besoin d'engrenages, changement de produits facile et rapide)<br \/>\n7. Impression multicolore en un seul processus<br \/>\n8. Syst\u00e8me de vision par cam\u00e9ra (CCD) en option : pour les produits cylindriques sans point d'enregistrement, l'impression r\u00e9p\u00e9t\u00e9e doit \u00eatre en double couleur.<br \/>\n9. Changement rapide et facile d'un produit \u00e0 l'autre. Tous les param\u00e8tres se r\u00e8glent automatiquement sur l'\u00e9cran tactile.<br \/>\n10. S\u00e9chage UV automatique apr\u00e8s chaque impression couleur.<br \/>\n11. D\u00e9chargement automatique.<br \/>\n12. B\u00e2timent de machine bien construit avec une conception de s\u00e9curit\u00e9 conforme \u00e0 la norme CE.<br \/>\n13. Marquage \u00e0 chaud en option<\/p>\n<p>&nbsp;<\/p>\n<p><strong>Remarques :<\/strong><\/p>\n<p>Langue : Chinois, anglais et langue locale en option.<\/p>\n<p>L'acheteur aidera \u00e0 traduire les panneaux dans la langue locale.<\/p>\n<p>&nbsp;<\/p>\n<p><strong>Donn\u00e9es techniques<\/strong><\/p>\n<table>\n<tbody>\n<tr>\n<td width=\"207\">Param\u00e8tre\/\u00e9l\u00e9ment<\/td>\n<td width=\"321\">CNC106<\/td>\n<\/tr>\n<tr>\n<td width=\"207\">pouvoir<\/td>\n<td width=\"321\">380V, 3P 50\/60Hz<\/td>\n<\/tr>\n<tr>\n<td width=\"207\">Consommation d'air<\/td>\n<td width=\"321\">6-8bar<\/td>\n<\/tr>\n<tr>\n<td width=\"207\">Vitesse d'impression maximale<\/td>\n<td width=\"321\">30~60pcs\/min<\/td>\n<\/tr>\n<tr>\n<td width=\"207\">Dia. d'impression max.<\/td>\n<td width=\"321\">60 mm<\/td>\n<\/tr>\n<tr>\n<td width=\"207\">Circonstance d'impression maximale<\/td>\n<td width=\"321\">180 mm<\/td>\n<\/tr>\n<tr>\n<td width=\"207\">Hauteur du produit<\/td>\n<td width=\"321\">25-250mm<\/td>\n<\/tr>\n<tr>\n<td width=\"207\">Hauteur d'impression maximale<\/td>\n<td width=\"321\">200mm<\/td>\n<\/tr>\n<\/tbody>\n<\/table>\n<p><strong>\u00a0\u00a0<\/strong><\/p>\n<p><strong><b>MARQUE DES PRINCIPALES PI\u00c8CES<\/b><\/strong><\/p>\n<table>\n<tbody>\n<tr>\n<td width=\"152\"><strong><b>SYST\u00c8MES DE CONTR\u00d4LE<\/b><\/strong><\/td>\n<td width=\"145\">YASKAWA PLC<\/td>\n<td width=\"125\">JAPON<\/td>\n<\/tr>\n<tr>\n<td width=\"152\"><strong><b>\u00c9CRAN TACTILE <\/b><\/strong><\/td>\n<td width=\"145\">WEINVIEW<\/td>\n<td width=\"125\">TAIWAN<\/td>\n<\/tr>\n<tr>\n<td width=\"152\"><strong><b>SYST\u00c8MES SERVO<\/b><\/strong><\/td>\n<td width=\"145\">YASKAWA<\/td>\n<td width=\"125\">JAPON<\/td>\n<\/tr>\n<tr>\n<td width=\"152\"><strong><b>INDEX<\/b><\/strong><\/td>\n<td width=\"145\">DEX<\/td>\n<td width=\"125\">TAIWAN<\/td>\n<\/tr>\n<tr>\n<td width=\"152\"><strong><b>PI\u00c8CES \u00c9LECTRIQUES<\/b><\/strong><\/td>\n<td width=\"145\">OMRON\/SCHNEIDER<\/td>\n<td width=\"125\">JAPON\/FRANCE<\/td>\n<\/tr>\n<tr>\n<td width=\"152\"><strong><b>PI\u00c8CES PNEUMATIQUES<\/b><\/strong><\/td>\n<td width=\"145\">SMC\/AIRTAC<\/td>\n<td width=\"125\">JAPON\/Ta\u00efwan<\/td>\n<\/tr>\n<\/tbody>\n<\/table>\n<p>&nbsp;<\/p>\n<p><strong>\u00c9chantillons :<\/strong><\/p>\n<p><img loading=\"lazy\" decoding=\"async\" class=\"size-full wp-image-1780\" src=\"http:\/\/apmprint.com\/wp-content\/uploads\/2023\/12\/s-17.jpg\" alt=\"cnc106 3 6 color automatic servo screen printer\" width=\"800\" height=\"800\" srcset=\"https:\/\/apmprint.com\/wp-content\/uploads\/2023\/12\/s-17.jpg 800w, https:\/\/apmprint.com\/wp-content\/uploads\/2023\/12\/s-17-300x300.jpg 300w, https:\/\/apmprint.com\/wp-content\/uploads\/2023\/12\/s-17-150x150.jpg 150w, https:\/\/apmprint.com\/wp-content\/uploads\/2023\/12\/s-17-768x768.jpg 768w, https:\/\/apmprint.com\/wp-content\/uploads\/2023\/12\/s-17-12x12.jpg 12w, https:\/\/apmprint.com\/wp-content\/uploads\/2023\/12\/s-17-600x600.jpg 600w, https:\/\/apmprint.com\/wp-content\/uploads\/2023\/12\/s-17-100x100.jpg 100w\" sizes=\"auto, (max-width: 800px) 100vw, 800px\" \/><\/p>\n<p>&nbsp;<\/p>\n<p><img loading=\"lazy\" decoding=\"async\" class=\"size-full wp-image-1808\" src=\"http:\/\/apmprint.com\/wp-content\/uploads\/2023\/12\/s-23.jpg\" alt=\"1~8 color universal auto screen printer s102\" width=\"800\" height=\"631\" srcset=\"https:\/\/apmprint.com\/wp-content\/uploads\/2023\/12\/s-23.jpg 800w, https:\/\/apmprint.com\/wp-content\/uploads\/2023\/12\/s-23-300x237.jpg 300w, https:\/\/apmprint.com\/wp-content\/uploads\/2023\/12\/s-23-768x606.jpg 768w, https:\/\/apmprint.com\/wp-content\/uploads\/2023\/12\/s-23-15x12.jpg 15w, https:\/\/apmprint.com\/wp-content\/uploads\/2023\/12\/s-23-600x473.jpg 600w\" sizes=\"auto, (max-width: 800px) 100vw, 800px\" \/><\/p>\n<p><img loading=\"lazy\" decoding=\"async\" class=\"size-full wp-image-1967\" src=\"http:\/\/apmprint.com\/wp-content\/uploads\/2023\/12\/\u4ecb\u7ecd1.jpg\" alt=\"ss106 2 color automatic printing machine\" width=\"750\" height=\"1500\" srcset=\"https:\/\/apmprint.com\/wp-content\/uploads\/2023\/12\/\u4ecb\u7ecd1.jpg 750w, https:\/\/apmprint.com\/wp-content\/uploads\/2023\/12\/\u4ecb\u7ecd1-150x300.jpg 150w, https:\/\/apmprint.com\/wp-content\/uploads\/2023\/12\/\u4ecb\u7ecd1-512x1024.jpg 512w, https:\/\/apmprint.com\/wp-content\/uploads\/2023\/12\/\u4ecb\u7ecd1-6x12.jpg 6w, https:\/\/apmprint.com\/wp-content\/uploads\/2023\/12\/\u4ecb\u7ecd1-600x1200.jpg 600w\" sizes=\"auto, (max-width: 750px) 100vw, 750px\" \/><\/p>\n<p><img loading=\"lazy\" decoding=\"async\" class=\"size-full wp-image-1968\" src=\"http:\/\/apmprint.com\/wp-content\/uploads\/2023\/12\/\u4ecb\u7ecd2.jpg\" alt=\"ss106 2 color automatic printing machine\" width=\"750\" height=\"1020\" srcset=\"https:\/\/apmprint.com\/wp-content\/uploads\/2023\/12\/\u4ecb\u7ecd2.jpg 750w, https:\/\/apmprint.com\/wp-content\/uploads\/2023\/12\/\u4ecb\u7ecd2-221x300.jpg 221w, https:\/\/apmprint.com\/wp-content\/uploads\/2023\/12\/\u4ecb\u7ecd2-9x12.jpg 9w, https:\/\/apmprint.com\/wp-content\/uploads\/2023\/12\/\u4ecb\u7ecd2-600x816.jpg 600w\" sizes=\"auto, (max-width: 750px) 100vw, 750px\" \/><\/p>\n<p><img loading=\"lazy\" decoding=\"async\" class=\"size-full wp-image-1969\" src=\"http:\/\/apmprint.com\/wp-content\/uploads\/2023\/12\/\u4ecb\u7ecd3.jpg\" alt=\"ss106 2 color automatic printing machine\" width=\"750\" height=\"1072\" srcset=\"https:\/\/apmprint.com\/wp-content\/uploads\/2023\/12\/\u4ecb\u7ecd3.jpg 750w, https:\/\/apmprint.com\/wp-content\/uploads\/2023\/12\/\u4ecb\u7ecd3-210x300.jpg 210w, https:\/\/apmprint.com\/wp-content\/uploads\/2023\/12\/\u4ecb\u7ecd3-716x1024.jpg 716w, https:\/\/apmprint.com\/wp-content\/uploads\/2023\/12\/\u4ecb\u7ecd3-8x12.jpg 8w, https:\/\/apmprint.com\/wp-content\/uploads\/2023\/12\/\u4ecb\u7ecd3-600x858.jpg 600w\" sizes=\"auto, (max-width: 750px) 100vw, 750px\" \/><\/p>\n<p>&nbsp;<\/p>","protected":false},"excerpt":{"rendered":"<p>Diverses technologies sophistiqu\u00e9es sont utilis\u00e9es dans la fabrication de machines de s\u00e9rigraphie enti\u00e8rement automatiques (en particulier les machines d'impression \u00e0 commande num\u00e9rique) et de machines de marquage \u00e0 chaud automatiques. Jusqu'\u00e0 pr\u00e9sent, il a \u00e9t\u00e9 prouv\u00e9 qu'il \u00e9tait utilis\u00e9 dans le(s) domaine(s) des s\u00e9rigraphes.<\/p>\n<p><strong><b>Num\u00e9ro de mod\u00e8le<\/b><\/strong>: CNC106<\/p>\n<p><strong><b>Puissance brute<\/b><\/strong>: 380V triphas\u00e9 50\/60Hz<\/p>\n<p><strong><b>exp\u00e9dition<\/b><\/strong>: Fret maritime express \/ Fret terrestre \/ Fret a\u00e9rien<\/p>\n<p><strong><b>Personnalisation<\/b><\/strong>: Logo personnalis\u00e9 (Commande min. : 5 sets) , Emballage personnalis\u00e9 (Commande min. : 5 sets) , Personnalisation graphique (Commande min. : 5 sets)<\/p>","protected":false},"featured_media":1970,"template":"","meta":{"_acf_changed":false,"_seopress_robots_primary_cat":"none","_seopress_titles_title":"","_seopress_titles_desc":"","_seopress_robots_index":""},"product_brand":[],"product_cat":[29,31],"product_tag":[75,85,55,56,84,57,78,69,58],"class_list":{"0":"post-1779","1":"product","2":"type-product","3":"status-publish","4":"has-post-thumbnail","6":"product_cat-all-servo-printing-machine-cnc","7":"product_cat-auto-screen-printer","8":"product_tag-automatic","9":"product_tag-cnc","10":"product_tag-cups","11":"product_tag-glass-bottles","12":"product_tag-jar","13":"product_tag-plastic-bottles","14":"product_tag-screen-printer","15":"product_tag-servo","16":"product_tag-tubes","18":"first","19":"instock","20":"shipping-taxable","21":"product-type-simple"},"acf":[],"_links":{"self":[{"href":"https:\/\/apmprint.com\/fr\/wp-json\/wp\/v2\/product\/1779","targetHints":{"allow":["GET"]}}],"collection":[{"href":"https:\/\/apmprint.com\/fr\/wp-json\/wp\/v2\/product"}],"about":[{"href":"https:\/\/apmprint.com\/fr\/wp-json\/wp\/v2\/types\/product"}],"wp:featuredmedia":[{"embeddable":true,"href":"https:\/\/apmprint.com\/fr\/wp-json\/wp\/v2\/media\/1970"}],"wp:attachment":[{"href":"https:\/\/apmprint.com\/fr\/wp-json\/wp\/v2\/media?parent=1779"}],"wp:term":[{"taxonomy":"product_brand","embeddable":true,"href":"https:\/\/apmprint.com\/fr\/wp-json\/wp\/v2\/product_brand?post=1779"},{"taxonomy":"product_cat","embeddable":true,"href":"https:\/\/apmprint.com\/fr\/wp-json\/wp\/v2\/product_cat?post=1779"},{"taxonomy":"product_tag","embeddable":true,"href":"https:\/\/apmprint.com\/fr\/wp-json\/wp\/v2\/product_tag?post=1779"}],"curies":[{"name":"wp","href":"https:\/\/api.w.org\/{rel}","templated":true}]}}