{"id":1785,"date":"2023-12-21T07:32:28","date_gmt":"2023-12-21T07:32:28","guid":{"rendered":"https:\/\/apmprint.com\/?post_type=product&#038;p=1785"},"modified":"2024-01-03T01:31:10","modified_gmt":"2024-01-03T01:31:10","slug":"cnc323-8-38-color-automatic-servo-screen-printer-for-bottles","status":"publish","type":"product","link":"https:\/\/apmprint.com\/fr\/produit\/cnc323-8-38-color-automatic-servo-screen-printer-for-bottles\/","title":{"rendered":"CNC323-8 S\u00e9rigraphie servo automatique 3~8 couleurs pour bouteilles"},"content":{"rendered":"<p><strong>Application :<\/strong><\/p>\n<p>Diff\u00e9rentes formes de bouteilles<\/p>\n<p>&nbsp;<\/p>\n<p><strong>Description :<\/strong><\/p>\n<ol>\n<li>Syst\u00e8me de chargement automatique avec robot servo multiaxe.<\/li>\n<li>Syst\u00e8me de table d'indexation d'une grande pr\u00e9cision.<\/li>\n<li>Imprimante de s\u00e9rigraphie \u00e0 servomoteur d'une grande pr\u00e9cision<\/li>\n<\/ol>\n<p>*indexeur entra\u00een\u00e9 par un servomoteur<\/p>\n<p>*cadres \u00e0 mailles entra\u00een\u00e9s par des servomoteurs<\/p>\n<p>*tous les gabarits sont \u00e9quip\u00e9s de servomoteurs pour la rotation (pas besoin d'engrenages, changement de produits facile et rapide)<\/p>\n<ol start=\"4\">\n<li>Impression 3 couleurs en 1 processus<\/li>\n<li>Changement rapide et facile d'un produit \u00e0 l'autre. Tous les param\u00e8tres se r\u00e8glent automatiquement sur l'\u00e9cran tactile.<\/li>\n<li>S\u00e9chage UV automatique apr\u00e8s chaque impression couleur.<\/li>\n<li>D\u00e9chargement automatique par servo-robot.<\/li>\n<li>B\u00e2timent de machine bien construit avec une conception de s\u00e9curit\u00e9 conforme \u00e0 la norme CE.<\/li>\n<\/ol>\n<p>&nbsp;<\/p>\n<p><strong><b>Options<\/b><\/strong><strong><b>\uff1a<\/b><\/strong><\/p>\n<ol>\n<li>La deuxi\u00e8me couleur peut \u00eatre remplac\u00e9e par une t\u00eate de marquage \u00e0 chaud, ce qui permet de r\u00e9aliser une s\u00e9rigraphie multi-couleurs et un marquage \u00e0 chaud en ligne.<\/li>\n<li>Syst\u00e8me de vision par cam\u00e9ra, pour les produits cylindriques sans point d'enregistrement, pour \u00e9chapper \u00e0 la ligne de moulage.<\/li>\n<li>Mod\u00e8le simplifi\u00e9 : CNC323-8 pour bouteilles cylindriques uniquement. La t\u00eate d'impression n'est pas entra\u00een\u00e9e par un servomoteur, pas de flottaison du produit vers le haut ou vers le bas.<\/li>\n<\/ol>\n<p>&nbsp;<\/p>\n<p><strong>Donn\u00e9es techniques<\/strong><\/p>\n<table>\n<tbody>\n<tr>\n<td width=\"246\">Param\u00e8tre\/\u00e9l\u00e9ment<\/td>\n<td width=\"246\">CNC323~8<\/td>\n<\/tr>\n<tr>\n<td width=\"246\">pouvoir<\/td>\n<td width=\"246\">380V, 3P 50\/60Hz<\/td>\n<\/tr>\n<tr>\n<td width=\"246\">Consommation d'air<\/td>\n<td width=\"246\">6-7bar<\/td>\n<\/tr>\n<tr>\n<td width=\"246\">Vitesse d'impression maximale<\/td>\n<td width=\"246\">1000-3000pcs\/H<\/td>\n<\/tr>\n<tr>\n<td width=\"246\">Impression Dia.<\/td>\n<td width=\"246\">15-100mm<\/td>\n<\/tr>\n<tr>\n<td width=\"246\">Longueur d'impression<\/td>\n<td width=\"246\">25-300mm<\/td>\n<\/tr>\n<\/tbody>\n<\/table>\n<p>&nbsp;<\/p>\n<p><strong>\u00c9chantillons :<\/strong><\/p>\n<p><img loading=\"lazy\" decoding=\"async\" class=\"size-full wp-image-1786\" src=\"http:\/\/apmprint.com\/wp-content\/uploads\/2023\/12\/s-18.jpg\" alt=\"cnc323 8 3~8 color automatic servo screen printer for bottles\" width=\"800\" height=\"277\" srcset=\"https:\/\/apmprint.com\/wp-content\/uploads\/2023\/12\/s-18.jpg 800w, https:\/\/apmprint.com\/wp-content\/uploads\/2023\/12\/s-18-300x104.jpg 300w, https:\/\/apmprint.com\/wp-content\/uploads\/2023\/12\/s-18-768x266.jpg 768w, https:\/\/apmprint.com\/wp-content\/uploads\/2023\/12\/s-18-18x6.jpg 18w, https:\/\/apmprint.com\/wp-content\/uploads\/2023\/12\/s-18-600x208.jpg 600w\" sizes=\"auto, (max-width: 800px) 100vw, 800px\" \/><\/p>\n<p>&nbsp;<\/p>","protected":false},"excerpt":{"rendered":"<p>Application: Different shapes of bottles &nbsp; Description: Automatic loading system with multi axis servo robot. Indexing table system with best accuracy. All servo driven screen printer with best accuracy *indexer driven by servo motor *mesh frames driven by servo motors *all jigs installed with servo motors for rotation (no need gears, easy and fast products [&hellip;]<\/p>","protected":false},"featured_media":1787,"template":"","meta":{"_acf_changed":false,"_seopress_robots_primary_cat":"none","_seopress_titles_title":"","_seopress_titles_desc":"","_seopress_robots_index":""},"product_brand":[],"product_cat":[29,32,31,33],"product_tag":[75,85,78,69],"class_list":{"0":"post-1785","1":"product","2":"type-product","3":"status-publish","4":"has-post-thumbnail","6":"product_cat-all-servo-printing-machine-cnc","7":"product_cat-auto-screen-print-hot-stamp","8":"product_cat-auto-screen-printer","9":"product_cat-glass-bottle-printer","10":"product_tag-automatic","11":"product_tag-cnc","12":"product_tag-screen-printer","13":"product_tag-servo","15":"first","16":"instock","17":"shipping-taxable","18":"product-type-simple"},"acf":[],"_links":{"self":[{"href":"https:\/\/apmprint.com\/fr\/wp-json\/wp\/v2\/product\/1785","targetHints":{"allow":["GET"]}}],"collection":[{"href":"https:\/\/apmprint.com\/fr\/wp-json\/wp\/v2\/product"}],"about":[{"href":"https:\/\/apmprint.com\/fr\/wp-json\/wp\/v2\/types\/product"}],"wp:featuredmedia":[{"embeddable":true,"href":"https:\/\/apmprint.com\/fr\/wp-json\/wp\/v2\/media\/1787"}],"wp:attachment":[{"href":"https:\/\/apmprint.com\/fr\/wp-json\/wp\/v2\/media?parent=1785"}],"wp:term":[{"taxonomy":"product_brand","embeddable":true,"href":"https:\/\/apmprint.com\/fr\/wp-json\/wp\/v2\/product_brand?post=1785"},{"taxonomy":"product_cat","embeddable":true,"href":"https:\/\/apmprint.com\/fr\/wp-json\/wp\/v2\/product_cat?post=1785"},{"taxonomy":"product_tag","embeddable":true,"href":"https:\/\/apmprint.com\/fr\/wp-json\/wp\/v2\/product_tag?post=1785"}],"curies":[{"name":"wp","href":"https:\/\/api.w.org\/{rel}","templated":true}]}}