{"id":1790,"date":"2023-12-21T07:38:56","date_gmt":"2023-12-21T07:38:56","guid":{"rendered":"https:\/\/apmprint.com\/?post_type=product&#038;p=1790"},"modified":"2023-12-21T07:46:12","modified_gmt":"2023-12-21T07:46:12","slug":"klk-06-01-automatic-1-color-ruler-printer","status":"publish","type":"product","link":"https:\/\/apmprint.com\/fr\/produit\/klk-06-01-automatic-1-color-ruler-printer\/","title":{"rendered":"KLK-06-01 Imprimante automatique de r\u00e8gles \u00e0 1 couleur"},"content":{"rendered":"<p><strong>Application : <\/strong><\/p>\n<p>R\u00e8gles droites, r\u00e8gles triangulaires droites, r\u00e8gles triangulaires r\u00e9guli\u00e8res, rapporteurs, etc.<\/p>\n<p><strong>Diff\u00e9rentes r\u00e8gles s'impriment en m\u00eame temps ou plusieurs impressions en m\u00eame temps. <\/strong><\/p>\n<p>(Diff\u00e9rentes solutions avec diff\u00e9rents syst\u00e8mes de chargement, de d\u00e9chargement et de fixation)<\/p>\n<p>&nbsp;<\/p>\n<p><strong>Donn\u00e9es techniques\uff1a<\/strong><\/p>\n<p>Couleurs d'impression : 1<\/p>\n<p>Taille d'impression maximale : 200x300mm<\/p>\n<p>Taille maximale du cadre : 250x500mm<\/p>\n<p>Station d'indexation : 6 stations<\/p>\n<p>Vitesse d'impression maximale : 4800pcs\/hr<\/p>\n<p>Pression atmosph\u00e9rique : 6 bars<\/p>\n<p>Alimentation : triphas\u00e9e, 380V, 50Hz<\/p>\n<p>Puissance : 4.5KW<\/p>\n<p>Dimension(LxWxH): 1750x1750x1800mm<\/p>\n<p>Poids : 500KG<\/p>\n<p>&nbsp;<\/p>\n<p><strong>\u00c9chantillons :<\/strong><\/p>\n<p><img loading=\"lazy\" decoding=\"async\" class=\"size-full wp-image-1791\" src=\"http:\/\/apmprint.com\/wp-content\/uploads\/2023\/12\/s-19.jpg\" alt=\"klk 06 01 automatic 1 color ruler printer\" width=\"800\" height=\"800\" srcset=\"https:\/\/apmprint.com\/wp-content\/uploads\/2023\/12\/s-19.jpg 800w, https:\/\/apmprint.com\/wp-content\/uploads\/2023\/12\/s-19-300x300.jpg 300w, https:\/\/apmprint.com\/wp-content\/uploads\/2023\/12\/s-19-150x150.jpg 150w, https:\/\/apmprint.com\/wp-content\/uploads\/2023\/12\/s-19-768x768.jpg 768w, https:\/\/apmprint.com\/wp-content\/uploads\/2023\/12\/s-19-12x12.jpg 12w, https:\/\/apmprint.com\/wp-content\/uploads\/2023\/12\/s-19-600x600.jpg 600w, https:\/\/apmprint.com\/wp-content\/uploads\/2023\/12\/s-19-100x100.jpg 100w\" sizes=\"auto, (max-width: 800px) 100vw, 800px\" \/><\/p>\n<p>&nbsp;<\/p>","protected":false},"excerpt":{"rendered":"<p>Description :<br \/>\n1. Rack de chargement automatique pour 4 types de r\u00e8gles, autres racks en option<br \/>\n2. Indexeur \u00e0 6 stations<br \/>\n3. Dispositif \u00e0 vide<br \/>\n4. Contr\u00f4le PLC, \u00e9cran tactile<br \/>\n5. Tous les servomoteurs : mont\u00e9e\/descente du cadre de la maille, impression, indexation, enregistrement.<br \/>\n6. Tol\u00e9rance d'enregistrement des couleurs : +0,05 mm<br \/>\n7. Impressions multiples en m\u00eame temps<br \/>\n8. S\u00e9chage par LED apr\u00e8s chaque impression de couleur<br \/>\n9. Bande de d\u00e9chargement automatique avec robot<br \/>\n10. Protection de la s\u00e9curit\u00e9 avec CE.<\/p>","protected":false},"featured_media":1792,"template":"","meta":{"_acf_changed":false,"_seopress_robots_primary_cat":"none","_seopress_titles_title":"","_seopress_titles_desc":"","_seopress_robots_index":""},"product_brand":[],"product_cat":[31],"product_tag":[75,78,69],"class_list":{"0":"post-1790","1":"product","2":"type-product","3":"status-publish","4":"has-post-thumbnail","6":"product_cat-auto-screen-printer","7":"product_tag-automatic","8":"product_tag-screen-printer","9":"product_tag-servo","11":"first","12":"instock","13":"shipping-taxable","14":"product-type-simple"},"acf":[],"_links":{"self":[{"href":"https:\/\/apmprint.com\/fr\/wp-json\/wp\/v2\/product\/1790","targetHints":{"allow":["GET"]}}],"collection":[{"href":"https:\/\/apmprint.com\/fr\/wp-json\/wp\/v2\/product"}],"about":[{"href":"https:\/\/apmprint.com\/fr\/wp-json\/wp\/v2\/types\/product"}],"wp:featuredmedia":[{"embeddable":true,"href":"https:\/\/apmprint.com\/fr\/wp-json\/wp\/v2\/media\/1792"}],"wp:attachment":[{"href":"https:\/\/apmprint.com\/fr\/wp-json\/wp\/v2\/media?parent=1790"}],"wp:term":[{"taxonomy":"product_brand","embeddable":true,"href":"https:\/\/apmprint.com\/fr\/wp-json\/wp\/v2\/product_brand?post=1790"},{"taxonomy":"product_cat","embeddable":true,"href":"https:\/\/apmprint.com\/fr\/wp-json\/wp\/v2\/product_cat?post=1790"},{"taxonomy":"product_tag","embeddable":true,"href":"https:\/\/apmprint.com\/fr\/wp-json\/wp\/v2\/product_tag?post=1790"}],"curies":[{"name":"wp","href":"https:\/\/api.w.org\/{rel}","templated":true}]}}