{"id":1796,"date":"2023-12-21T07:46:48","date_gmt":"2023-12-21T07:46:48","guid":{"rendered":"https:\/\/apmprint.com\/?post_type=product&#038;p=1796"},"modified":"2023-12-21T07:51:17","modified_gmt":"2023-12-21T07:51:17","slug":"pen11-automatic-single-color-screen-printer-for-pens","status":"publish","type":"product","link":"https:\/\/apmprint.com\/fr\/produit\/pen11-automatic-single-color-screen-printer-for-pens\/","title":{"rendered":"PEN11 S\u00e9rigraphie automatique monochrome pour stylos"},"content":{"rendered":"<p><strong>Application :<\/strong><\/p>\n<p>Manchons de stylos, crayons, crayons \u00e0 l\u00e8vres, seringues, bougies, etc., avec de l'encre \u00e0 solvant ou UV.<\/p>\n<p>&nbsp;<\/p>\n<p><strong>Donn\u00e9es techniques :<\/strong><\/p>\n<table>\n<tbody>\n<tr>\n<td width=\"56.1400%\">Diam\u00e8tre d'impression<\/td>\n<td width=\"43.8600%\">3-20mm<\/td>\n<\/tr>\n<tr>\n<td width=\"56.1400%\">Longueur d'impression<\/td>\n<td width=\"43.8600%\">70-180mm<\/td>\n<\/tr>\n<tr>\n<td width=\"56.1400%\">Trait d'impression (de gauche \u00e0 droite)<\/td>\n<td width=\"43.8600%\">20-80mm r\u00e9glable<\/td>\n<\/tr>\n<tr>\n<td width=\"56.1400%\">Max conique<\/td>\n<td width=\"43.8600%\">3\u00b0<\/td>\n<\/tr>\n<tr>\n<td width=\"56.1400%\">Longueur minimale de l'\u00e9bauche aux deux extr\u00e9mit\u00e9s (non imprimable)<\/td>\n<td width=\"43.8600%\">8 mm<\/td>\n<\/tr>\n<tr>\n<td width=\"56.1400%\">Vitesse d'impression<\/td>\n<td width=\"43.8600%\">3600-4800pcs\/hr<\/td>\n<\/tr>\n<tr>\n<td width=\"56.1400%\">Sortie IR<\/td>\n<td width=\"43.8600%\">1900w<\/td>\n<\/tr>\n<tr>\n<td width=\"56.1400%\">Alimentation \u00e9lectrique<\/td>\n<td width=\"43.8600%\">220V, 50\/60Hz, 4.5KW<\/td>\n<\/tr>\n<\/tbody>\n<\/table>\n<p>&nbsp;<\/p>\n<p>&nbsp;<\/p>\n<p><strong>\u00c9chantillons :<\/strong><\/p>\n<p><img loading=\"lazy\" decoding=\"async\" class=\"size-full wp-image-1797\" src=\"http:\/\/apmprint.com\/wp-content\/uploads\/2023\/12\/s-20.jpg\" alt=\"pen11 automatic single color screen printer for pens\" width=\"800\" height=\"800\" srcset=\"https:\/\/apmprint.com\/wp-content\/uploads\/2023\/12\/s-20.jpg 800w, https:\/\/apmprint.com\/wp-content\/uploads\/2023\/12\/s-20-300x300.jpg 300w, https:\/\/apmprint.com\/wp-content\/uploads\/2023\/12\/s-20-150x150.jpg 150w, https:\/\/apmprint.com\/wp-content\/uploads\/2023\/12\/s-20-768x768.jpg 768w, https:\/\/apmprint.com\/wp-content\/uploads\/2023\/12\/s-20-12x12.jpg 12w, https:\/\/apmprint.com\/wp-content\/uploads\/2023\/12\/s-20-600x600.jpg 600w, https:\/\/apmprint.com\/wp-content\/uploads\/2023\/12\/s-20-100x100.jpg 100w\" sizes=\"auto, (max-width: 800px) 100vw, 800px\" \/><\/p>\n<p>&nbsp;<\/p>","protected":false},"excerpt":{"rendered":"<p><strong>Description :<\/strong><\/p>\n<ol>\n<li>Chargement automatique avec tr\u00e9mie<\/li>\n<li>S\u00e9chage IR.<\/li>\n<li>Syst\u00e8me de refroidissement avant le d\u00e9chargement.<\/li>\n<li>D\u00e9chargement automatique avec fente de d\u00e9chargement.<\/li>\n<li>Entra\u00eenement par moteur, ne n\u00e9cessitant pas d'air comprim\u00e9.<\/li>\n<\/ol>","protected":false},"featured_media":1798,"template":"","meta":{"_acf_changed":false,"_seopress_robots_primary_cat":"none","_seopress_titles_title":"","_seopress_titles_desc":"","_seopress_robots_index":""},"product_brand":[],"product_cat":[31],"product_tag":[75,78],"class_list":{"0":"post-1796","1":"product","2":"type-product","3":"status-publish","4":"has-post-thumbnail","6":"product_cat-auto-screen-printer","7":"product_tag-automatic","8":"product_tag-screen-printer","10":"first","11":"instock","12":"shipping-taxable","13":"product-type-simple"},"acf":[],"_links":{"self":[{"href":"https:\/\/apmprint.com\/fr\/wp-json\/wp\/v2\/product\/1796","targetHints":{"allow":["GET"]}}],"collection":[{"href":"https:\/\/apmprint.com\/fr\/wp-json\/wp\/v2\/product"}],"about":[{"href":"https:\/\/apmprint.com\/fr\/wp-json\/wp\/v2\/types\/product"}],"wp:featuredmedia":[{"embeddable":true,"href":"https:\/\/apmprint.com\/fr\/wp-json\/wp\/v2\/media\/1798"}],"wp:attachment":[{"href":"https:\/\/apmprint.com\/fr\/wp-json\/wp\/v2\/media?parent=1796"}],"wp:term":[{"taxonomy":"product_brand","embeddable":true,"href":"https:\/\/apmprint.com\/fr\/wp-json\/wp\/v2\/product_brand?post=1796"},{"taxonomy":"product_cat","embeddable":true,"href":"https:\/\/apmprint.com\/fr\/wp-json\/wp\/v2\/product_cat?post=1796"},{"taxonomy":"product_tag","embeddable":true,"href":"https:\/\/apmprint.com\/fr\/wp-json\/wp\/v2\/product_tag?post=1796"}],"curies":[{"name":"wp","href":"https:\/\/api.w.org\/{rel}","templated":true}]}}