{"id":1799,"date":"2023-12-21T07:54:55","date_gmt":"2023-12-21T07:54:55","guid":{"rendered":"https:\/\/apmprint.com\/?post_type=product&#038;p=1799"},"modified":"2023-12-21T08:00:20","modified_gmt":"2023-12-21T08:00:20","slug":"pen22-auto-pen-printer-with-flame","status":"publish","type":"product","link":"https:\/\/apmprint.com\/fr\/produit\/pen22-auto-pen-printer-with-flame\/","title":{"rendered":"PEN22 Imprimante \u00e0 stylo automatique avec flamme"},"content":{"rendered":"<p><strong>FONCTION SP\u00c9CIALE :<\/strong><\/p>\n<p>1. Une machine poss\u00e8de deux lignes d'impression. Les op\u00e9rations d'arr\u00eat, de nettoyage de la plaque de s\u00e9rigraphie, d'ajout d'encre, etc. sont faciles \u00e0 r\u00e9aliser.<br \/>\nLe stylo ne sera pas br\u00fbl\u00e9 ou d\u00e9form\u00e9 lorsque la machine cessera d'imprimer.<br \/>\n2. Il peut imprimer des produits coniques et la conicit\u00e9 maximale est de 3\u00b0.<br \/>\n3. la plaque d'impression est \u00e9quip\u00e9e d'un dispositif de fonction \u00e0 vide (en option) qui permet d'imprimer des motifs pr\u00e9cis.<br \/>\n4. Traitement automatique \u00e0 la flamme avant l'impression<br \/>\n5. Il peut imprimer deux types de stylos en m\u00eame temps.<br \/>\n6. S\u00e9chage UV automatique apr\u00e8s l'impression.<br \/>\n7. application : La machine est largement utilis\u00e9e pour l'impression de stylos \u00e0 bille, de stylos effa\u00e7ables \u00e0 l'eau, de crayons, de marqueurs, de crayons \u00e0 sourcils, de rouges \u00e0 l\u00e8vres, d'\u00e9prouvettes m\u00e9dicales, etc.<\/p>\n<p>&nbsp;<\/p>\n<p><strong>\u00c9chantillons :<\/strong><\/p>\n<p><img loading=\"lazy\" decoding=\"async\" class=\"size-full wp-image-1801\" src=\"http:\/\/apmprint.com\/wp-content\/uploads\/2023\/12\/s-21.jpg\" alt=\"pen11 automatic single color screen printer for pens (\u590d\u5236)\" width=\"800\" height=\"800\" srcset=\"https:\/\/apmprint.com\/wp-content\/uploads\/2023\/12\/s-21.jpg 800w, https:\/\/apmprint.com\/wp-content\/uploads\/2023\/12\/s-21-300x300.jpg 300w, https:\/\/apmprint.com\/wp-content\/uploads\/2023\/12\/s-21-150x150.jpg 150w, https:\/\/apmprint.com\/wp-content\/uploads\/2023\/12\/s-21-768x768.jpg 768w, https:\/\/apmprint.com\/wp-content\/uploads\/2023\/12\/s-21-12x12.jpg 12w, https:\/\/apmprint.com\/wp-content\/uploads\/2023\/12\/s-21-600x600.jpg 600w, https:\/\/apmprint.com\/wp-content\/uploads\/2023\/12\/s-21-100x100.jpg 100w\" sizes=\"auto, (max-width: 800px) 100vw, 800px\" \/><\/p>\n<p>&nbsp;<\/p>","protected":false},"excerpt":{"rendered":"<p>TECH-DATA<br \/>\n1. diam\u00e8tre des objets \u00e0 imprimer : \u03c63\uff5e\u03c620mm<br \/>\n2. longueur des objets \u00e0 imprimer : 60\uff5e160mm<br \/>\n3. largeur de la voie d'impression : 20\uff5e80mm<br \/>\n4. couleur : une couleur<br \/>\n5. vitesse d'impression : 6000~8000pcs\/hr<br \/>\n6. puissance : 220V 50\/60Hz 6KW<br \/>\n7. poids : 600 kg<br \/>\n8. dimensions de la machine : 3200\u00d71120\u00d71520mm<\/p>","protected":false},"featured_media":1800,"template":"","meta":{"_acf_changed":false,"_seopress_robots_primary_cat":"none","_seopress_titles_title":"","_seopress_titles_desc":"","_seopress_robots_index":""},"product_brand":[],"product_cat":[31],"product_tag":[75,78],"class_list":{"0":"post-1799","1":"product","2":"type-product","3":"status-publish","4":"has-post-thumbnail","6":"product_cat-auto-screen-printer","7":"product_tag-automatic","8":"product_tag-screen-printer","10":"first","11":"instock","12":"shipping-taxable","13":"product-type-simple"},"acf":[],"_links":{"self":[{"href":"https:\/\/apmprint.com\/fr\/wp-json\/wp\/v2\/product\/1799","targetHints":{"allow":["GET"]}}],"collection":[{"href":"https:\/\/apmprint.com\/fr\/wp-json\/wp\/v2\/product"}],"about":[{"href":"https:\/\/apmprint.com\/fr\/wp-json\/wp\/v2\/types\/product"}],"wp:featuredmedia":[{"embeddable":true,"href":"https:\/\/apmprint.com\/fr\/wp-json\/wp\/v2\/media\/1800"}],"wp:attachment":[{"href":"https:\/\/apmprint.com\/fr\/wp-json\/wp\/v2\/media?parent=1799"}],"wp:term":[{"taxonomy":"product_brand","embeddable":true,"href":"https:\/\/apmprint.com\/fr\/wp-json\/wp\/v2\/product_brand?post=1799"},{"taxonomy":"product_cat","embeddable":true,"href":"https:\/\/apmprint.com\/fr\/wp-json\/wp\/v2\/product_cat?post=1799"},{"taxonomy":"product_tag","embeddable":true,"href":"https:\/\/apmprint.com\/fr\/wp-json\/wp\/v2\/product_tag?post=1799"}],"curies":[{"name":"wp","href":"https:\/\/api.w.org\/{rel}","templated":true}]}}