{"id":1802,"date":"2023-12-21T08:01:54","date_gmt":"2023-12-21T08:01:54","guid":{"rendered":"https:\/\/apmprint.com\/?post_type=product&#038;p=1802"},"modified":"2023-12-21T08:06:12","modified_gmt":"2023-12-21T08:06:12","slug":"s1c-single-color-automatic-cylindrical-screen-printer-for-caps","status":"publish","type":"product","link":"https:\/\/apmprint.com\/fr\/produit\/s1c-single-color-automatic-cylindrical-screen-printer-for-caps\/","title":{"rendered":"S1C S\u00e9rigraphie cylindrique automatique mono-couleur pour bouchons"},"content":{"rendered":"<p><strong><b>Application<\/b><\/strong><strong><b>\uff1a<\/b><\/strong><br \/>\ncap top or side printing<\/p>\n<p>&nbsp;<\/p>\n<p><strong>Description g\u00e9n\u00e9rale :<\/strong><\/p>\n<ol>\n<li>Auto loading belt(fully auto loading system optional)<\/li>\n<li>Auto flame treatment or auto anti dust cleaning<\/li>\n<li>Syst\u00e8me de s\u00e9chage UV \u00e0 LED avec une dur\u00e9e de vie plus longue et une \u00e9conomie d'\u00e9nergie, syst\u00e8me UV \u00e9lectrique en option.<\/li>\n<li>D\u00e9chargement automatique<\/li>\n<li>PLC control &amp; touch screen display.<\/li>\n<li>Well built machine house with CE<\/li>\n<li>Auto pre-registration with cut threads optional<\/li>\n<\/ol>\n<p>&nbsp;<\/p>\n<p><strong>Donn\u00e9es techniques<\/strong><\/p>\n<table>\n<tbody>\n<tr>\n<td width=\"248\">&nbsp;<\/td>\n<td width=\"202\"><strong>S1<\/strong><strong>C<\/strong><\/td>\n<\/tr>\n<tr>\n<td width=\"248\">Vitesse<\/td>\n<td width=\"202\">50-70pcs\/min<\/td>\n<\/tr>\n<tr>\n<td width=\"248\">Taille du produit<\/td>\n<td width=\"202\">\u00d810-50 mm, H : 35-150 mm<\/td>\n<\/tr>\n<tr>\n<td width=\"248\">Zone d'impression<\/td>\n<td width=\"202\">\u00d810-50 mm, H : 35-150 mm<\/td>\n<\/tr>\n<tr>\n<td width=\"248\">Pression atmosph\u00e9rique<\/td>\n<td width=\"202\">6-7bar<\/td>\n<\/tr>\n<tr>\n<td width=\"248\">Pression du gaz<\/td>\n<td width=\"202\">1,5bar<\/td>\n<\/tr>\n<\/tbody>\n<\/table>\n<p><strong><b>\u00a0<\/b><\/strong><\/p>\n<p>&nbsp;<\/p>\n<p><strong>\u00c9chantillons :<\/strong><\/p>\n<p><img loading=\"lazy\" decoding=\"async\" class=\"size-full wp-image-1803\" src=\"http:\/\/apmprint.com\/wp-content\/uploads\/2023\/12\/s-22.jpg\" alt=\"s1c single color automatic cylindrical screen printer for caps\" width=\"800\" height=\"275\" srcset=\"https:\/\/apmprint.com\/wp-content\/uploads\/2023\/12\/s-22.jpg 800w, https:\/\/apmprint.com\/wp-content\/uploads\/2023\/12\/s-22-300x103.jpg 300w, https:\/\/apmprint.com\/wp-content\/uploads\/2023\/12\/s-22-768x264.jpg 768w, https:\/\/apmprint.com\/wp-content\/uploads\/2023\/12\/s-22-18x6.jpg 18w, https:\/\/apmprint.com\/wp-content\/uploads\/2023\/12\/s-22-600x206.jpg 600w\" sizes=\"auto, (max-width: 800px) 100vw, 800px\" \/><\/p>\n<p>&nbsp;<\/p>","protected":false},"excerpt":{"rendered":"<p>Application\uff1a cap top or side printing &nbsp; General Description: Auto loading belt(fully auto loading system optional) Auto flame treatment or auto anti dust cleaning LED UV curing system with longer life time and energy saving, electric UV system optional. Auto unloading PLC control &amp; touch screen display. Well built machine house with CE Auto pre-registration [&hellip;]<\/p>","protected":false},"featured_media":1804,"template":"","meta":{"_acf_changed":false,"_seopress_robots_primary_cat":"none","_seopress_titles_title":"","_seopress_titles_desc":"","_seopress_robots_index":""},"product_brand":[],"product_cat":[31],"product_tag":[75,78],"class_list":{"0":"post-1802","1":"product","2":"type-product","3":"status-publish","4":"has-post-thumbnail","6":"product_cat-auto-screen-printer","7":"product_tag-automatic","8":"product_tag-screen-printer","10":"first","11":"instock","12":"shipping-taxable","13":"product-type-simple"},"acf":[],"_links":{"self":[{"href":"https:\/\/apmprint.com\/fr\/wp-json\/wp\/v2\/product\/1802","targetHints":{"allow":["GET"]}}],"collection":[{"href":"https:\/\/apmprint.com\/fr\/wp-json\/wp\/v2\/product"}],"about":[{"href":"https:\/\/apmprint.com\/fr\/wp-json\/wp\/v2\/types\/product"}],"wp:featuredmedia":[{"embeddable":true,"href":"https:\/\/apmprint.com\/fr\/wp-json\/wp\/v2\/media\/1804"}],"wp:attachment":[{"href":"https:\/\/apmprint.com\/fr\/wp-json\/wp\/v2\/media?parent=1802"}],"wp:term":[{"taxonomy":"product_brand","embeddable":true,"href":"https:\/\/apmprint.com\/fr\/wp-json\/wp\/v2\/product_brand?post=1802"},{"taxonomy":"product_cat","embeddable":true,"href":"https:\/\/apmprint.com\/fr\/wp-json\/wp\/v2\/product_cat?post=1802"},{"taxonomy":"product_tag","embeddable":true,"href":"https:\/\/apmprint.com\/fr\/wp-json\/wp\/v2\/product_tag?post=1802"}],"curies":[{"name":"wp","href":"https:\/\/api.w.org\/{rel}","templated":true}]}}