{"id":1807,"date":"2023-12-21T08:24:37","date_gmt":"2023-12-21T08:24:37","guid":{"rendered":"https:\/\/apmprint.com\/?post_type=product&#038;p=1807"},"modified":"2023-12-21T08:36:35","modified_gmt":"2023-12-21T08:36:35","slug":"18-color-universal-auto-screen-printer-s102","status":"publish","type":"product","link":"https:\/\/apmprint.com\/fr\/produit\/18-color-universal-auto-screen-printer-s102\/","title":{"rendered":"S\u00e9rigraphie universelle 1~8 couleurs S102"},"content":{"rendered":"<p><strong>Application :<\/strong><\/p>\n<p>L'APM-S102 est con\u00e7ue pour la d\u00e9coration multicolore de bouteilles cylindriques\/ovales\/carr\u00e9es en plastique\/verre, de gobelets, de tubes rigides \u00e0 des vitesses de production \u00e9lev\u00e9es. Il convient \u00e0 l'impression de r\u00e9cipients en verre et en plastique avec de l'encre UV. Point de rep\u00e9rage n\u00e9cessaire pour l'impression multicolore de bouteilles cylindriques.<\/p>\n<p>Gr\u00e2ce \u00e0 sa fiabilit\u00e9 et \u00e0 sa rapidit\u00e9, le S102 est id\u00e9al pour une production hors ligne ou en ligne 24 heures sur 24 et 7 jours sur 7.<\/p>\n<p>&nbsp;<\/p>\n<p><strong>Proc\u00e9dure :<\/strong><\/p>\n<p>Chargement automatique sur le tapis, traitement \u00e0 la flamme, impression, s\u00e9chage UV LED ou s\u00e9chage UV \u00e9lectrique, d\u00e9chargement automatique.<\/p>\n<p>&nbsp;<\/p>\n<p><strong>Donn\u00e9es techniques<\/strong><\/p>\n<table>\n<tbody>\n<tr>\n<td>Param\u00e8tre \\NPoste<\/td>\n<td>S102 Imprimante automatique de s\u00e9rigraphie 1-8 couleurs<\/td>\n<\/tr>\n<tr>\n<td><strong><b>Dimension de la machine :<\/b><\/strong><\/td>\n<td>&nbsp;<\/td>\n<\/tr>\n<tr>\n<td>Unit\u00e9 d'impression :<\/td>\n<td>1900x1200x1600mm<\/td>\n<\/tr>\n<tr>\n<td>Unit\u00e9 d'alimentation (en option) :<\/td>\n<td>3050x1300x1500mm<\/td>\n<\/tr>\n<tr>\n<td>Unit\u00e9 de d\u00e9chargement (en option) :<\/td>\n<td>1800x450x750mm<\/td>\n<\/tr>\n<tr>\n<td>Puissance :<\/td>\n<td>380V 3 phases 50\/60Hz 6,5kw<\/td>\n<\/tr>\n<tr>\n<td>Consommation d'air<\/td>\n<td>5-7 barres<\/td>\n<\/tr>\n<tr>\n<td>&nbsp;<\/td>\n<td><strong><b>Conteneur rond<\/b><\/strong><\/td>\n<\/tr>\n<tr>\n<td>Diam\u00e8tre d'impression :<\/td>\n<td>25-100mm<\/td>\n<\/tr>\n<tr>\n<td>Longueur d'impression :<\/td>\n<td>50-280mm<\/td>\n<\/tr>\n<tr>\n<td>Vitesse d'impression maximale<\/td>\n<td>3000~4000pcs\/hr<\/td>\n<\/tr>\n<tr>\n<td>&nbsp;<\/td>\n<td>\u00a0\u00a0\u00a0\u00a0\u00a0\u00a0\u00a0\u00a0\u00a0\u00a0<strong><b>O<\/b><\/strong><strong><b>val conteneur<\/b><\/strong><\/td>\n<\/tr>\n<tr>\n<td>Rayon d'impression :<\/td>\n<td>R20-R250mm<\/td>\n<\/tr>\n<tr>\n<td>Largeur d'impression<\/td>\n<td>40-100mm<\/td>\n<\/tr>\n<tr>\n<td>Longueur d'impression :<\/td>\n<td>30-280mm<\/td>\n<\/tr>\n<tr>\n<td>Vitesse d'impression maximale :<\/td>\n<td>3000~5000pcs\/hr<\/td>\n<\/tr>\n<tr>\n<td>&nbsp;<\/td>\n<td>\u00a0\u00a0\u00a0\u00a0\u00a0\u00a0\u00a0\u00a0\u00a0\u00a0\u00a0<strong><b>Conteneur carr\u00e9<\/b><\/strong><\/td>\n<\/tr>\n<tr>\n<td>Longueur maximale d'impression<\/td>\n<td>100-200mm<\/td>\n<\/tr>\n<tr>\n<td>Largeur d'impression maximale<\/td>\n<td>40-100mm<\/td>\n<\/tr>\n<tr>\n<td>Vitesse d'impression maximale :<\/td>\n<td>3000~4000pcs\/hr<\/td>\n<\/tr>\n<\/tbody>\n<\/table>\n<p>&nbsp;<\/p>\n<p><strong>\u00c9chantillons :<\/strong><\/p>\n<p><img loading=\"lazy\" decoding=\"async\" class=\"size-full wp-image-1808\" src=\"http:\/\/apmprint.com\/wp-content\/uploads\/2023\/12\/s-23.jpg\" alt=\"1~8 color universal auto screen printer s102\" width=\"800\" height=\"631\" srcset=\"https:\/\/apmprint.com\/wp-content\/uploads\/2023\/12\/s-23.jpg 800w, https:\/\/apmprint.com\/wp-content\/uploads\/2023\/12\/s-23-300x237.jpg 300w, https:\/\/apmprint.com\/wp-content\/uploads\/2023\/12\/s-23-768x606.jpg 768w, https:\/\/apmprint.com\/wp-content\/uploads\/2023\/12\/s-23-15x12.jpg 15w, https:\/\/apmprint.com\/wp-content\/uploads\/2023\/12\/s-23-600x473.jpg 600w\" sizes=\"auto, (max-width: 800px) 100vw, 800px\" \/><\/p>\n<p>&nbsp;<\/p>","protected":false},"excerpt":{"rendered":"<p>Description g\u00e9n\u00e9rale :<br \/>\n1) Syst\u00e8me de chargement automatique par courroie (bol d'alimentation et tr\u00e9mie en option)<br \/>\n2. traitement automatique \u00e0 la flamme<br \/>\n3. syst\u00e8me de transmission parfait. Il passe sur les bouteilles rapidement et sans \u00e0-coups.<br \/>\n4. rotation automatique de 180 degr\u00e9s pour les bouteilles ovales et carr\u00e9es<br \/>\n5. changement rapide et facile d'un produit \u00e0 l'autre.<br \/>\n6. s\u00e9chage UV \u00e9lectrique automatique ou s\u00e9chage UV LED.<br \/>\n7. contr\u00f4le PLC fiable avec \u00e9cran tactile<br \/>\n8. d\u00e9chargement automatique<br \/>\n9. norme CE<\/p>","protected":false},"featured_media":1809,"template":"","meta":{"_acf_changed":false,"_seopress_robots_primary_cat":"none","_seopress_titles_title":"","_seopress_titles_desc":"","_seopress_robots_index":""},"product_brand":[],"product_cat":[31],"product_tag":[75,78],"class_list":{"0":"post-1807","1":"product","2":"type-product","3":"status-publish","4":"has-post-thumbnail","6":"product_cat-auto-screen-printer","7":"product_tag-automatic","8":"product_tag-screen-printer","10":"first","11":"instock","12":"shipping-taxable","13":"product-type-simple"},"acf":[],"_links":{"self":[{"href":"https:\/\/apmprint.com\/fr\/wp-json\/wp\/v2\/product\/1807","targetHints":{"allow":["GET"]}}],"collection":[{"href":"https:\/\/apmprint.com\/fr\/wp-json\/wp\/v2\/product"}],"about":[{"href":"https:\/\/apmprint.com\/fr\/wp-json\/wp\/v2\/types\/product"}],"wp:featuredmedia":[{"embeddable":true,"href":"https:\/\/apmprint.com\/fr\/wp-json\/wp\/v2\/media\/1809"}],"wp:attachment":[{"href":"https:\/\/apmprint.com\/fr\/wp-json\/wp\/v2\/media?parent=1807"}],"wp:term":[{"taxonomy":"product_brand","embeddable":true,"href":"https:\/\/apmprint.com\/fr\/wp-json\/wp\/v2\/product_brand?post=1807"},{"taxonomy":"product_cat","embeddable":true,"href":"https:\/\/apmprint.com\/fr\/wp-json\/wp\/v2\/product_cat?post=1807"},{"taxonomy":"product_tag","embeddable":true,"href":"https:\/\/apmprint.com\/fr\/wp-json\/wp\/v2\/product_tag?post=1807"}],"curies":[{"name":"wp","href":"https:\/\/api.w.org\/{rel}","templated":true}]}}