{"id":1813,"date":"2023-12-21T08:36:59","date_gmt":"2023-12-21T08:36:59","guid":{"rendered":"https:\/\/apmprint.com\/?post_type=product&#038;p=1813"},"modified":"2023-12-25T09:41:29","modified_gmt":"2023-12-25T09:41:29","slug":"auto-screen-printer-apm-s102c","status":"publish","type":"product","link":"https:\/\/apmprint.com\/fr\/produit\/auto-screen-printer-apm-s102c\/","title":{"rendered":"Machine de s\u00e9rigraphie enti\u00e8rement automatique pour gobelets en plastique S102C"},"content":{"rendered":"<p>Shenzhen Hejia Automatic Printing Machine Co. est une entreprise innovante de haute technologie qui se concentre sur l'innovation des produits. Nous avons d\u00e9velopp\u00e9 avec succ\u00e8s les bouteilles ovales rondes plates S102 Best Choice.\u00a0<a class=\"keyword_link font-color\" title=\"Machine de s\u00e9rigraphie automatique\" href=\"https:\/\/www.apmprinter.com\/products-66975\" target=\"_blank\" rel=\"noopener\">Machine de s\u00e9rigraphie automatique<\/a>ry, qui pr\u00e9voit de le vendre sur les march\u00e9s mondiaux. Contrairement \u00e0 d'autres produits, la machine de s\u00e9rigraphie automatique S102 Best Choice Flat Round Oval Bottles r\u00e9sout vraiment les probl\u00e8mes des clients, si bien que d\u00e8s son lancement sur le march\u00e9, elle a re\u00e7u de nombreux commentaires positifs. Pour la croissance et le d\u00e9veloppement de notre entreprise, Shenzhen Hejia Automatic Printing Machine Co. ne cessera jamais de mettre \u00e0 niveau et de d\u00e9velopper des technologies afin d'am\u00e9liorer notre comp\u00e9titivit\u00e9 de base. Notre objectif est de devenir une entreprise de renom sur le march\u00e9 mondial.<\/p>\n<div class=\"rich-text-table\">\n<table>\n<tbody>\n<tr class=\"firstRow\">\n<td>Type de plaque :<\/td>\n<td>S\u00e9rigraphie<\/td>\n<td>Industries concern\u00e9es :<\/td>\n<td>Usine de fabrication, usine de produits alimentaires et de boissons, imprimerie, entreprise de publicit\u00e9, entreprise de fabrication de bouteilles, entreprise d'emballage<\/td>\n<\/tr>\n<tr>\n<td>\u00c9tat :<\/td>\n<td>Nouveau<\/td>\n<td>Lieu d'origine :<\/td>\n<td>Guangdong, Chine<\/td>\n<\/tr>\n<tr>\n<td>Nom de marque :<\/td>\n<td>APM<\/td>\n<td>Utilisation :<\/td>\n<td>Imprimante de tubes, imprimante de bouteilles, imprimante de gobelets<\/td>\n<\/tr>\n<tr>\n<td>Automatique Grade :<\/td>\n<td>Automatique<\/td>\n<td>Couleur et page :<\/td>\n<td>Multicolore<\/td>\n<\/tr>\n<tr>\n<td>Tension :<\/td>\n<td>380V, 50\/60HZ<\/td>\n<td>Dimensions (L*L*H) :<\/td>\n<td>2500x1420x1700mm<\/td>\n<\/tr>\n<tr>\n<td>Poids :<\/td>\n<td>2200 KG<\/td>\n<td>Certification :<\/td>\n<td>Certification CE<\/td>\n<\/tr>\n<tr>\n<td>Garantie :<\/td>\n<td>1 an<\/td>\n<td>Service apr\u00e8s-vente assur\u00e9 :<\/td>\n<td>Assistance en ligne, pi\u00e8ces de rechange gratuites, installation, mise en service et formation sur le terrain, service de maintenance et de r\u00e9paration sur le terrain, assistance technique vid\u00e9o, ing\u00e9nieurs disponibles pour entretenir les machines \u00e0 l'\u00e9tranger.<\/td>\n<\/tr>\n<tr>\n<td>Principaux arguments de vente :<\/td>\n<td>Multi-couleur<\/td>\n<td>Rapport d'essai des machines :<\/td>\n<td>Fourni<\/td>\n<\/tr>\n<tr>\n<td>Inspection vid\u00e9o de sortie :<\/td>\n<td>Fourni<\/td>\n<td>Garantie des composants de base :<\/td>\n<td>1 an<\/td>\n<\/tr>\n<tr>\n<td>Composantes essentielles :<\/td>\n<td>Roulement, moteur, automate, moteur<\/td>\n<td>Application :<\/td>\n<td>Bouteille d'impression<\/td>\n<\/tr>\n<tr>\n<td>Couleur d'impression :<\/td>\n<td>1~8 couleur<\/td>\n<td>Longueur d'impression :<\/td>\n<td>25-300mm<\/td>\n<\/tr>\n<tr>\n<td>Vitesse d'impression :<\/td>\n<td>4000pcs\/H<\/td>\n<td>Taille d'impression maximale :<\/td>\n<td>dia.100mm<\/td>\n<\/tr>\n<tr>\n<td>S\u00e8che-linge :<\/td>\n<td>S\u00e9cheur UV\/s\u00e9cheur LED<\/td>\n<td>Alimentation en air :<\/td>\n<td>5-7bar<\/td>\n<\/tr>\n<tr>\n<td>Apr\u00e8s le service de garantie :<\/td>\n<td>Assistance technique vid\u00e9o, assistance en ligne, pi\u00e8ces d\u00e9tach\u00e9es, services de maintenance et de r\u00e9paration sur le terrain<\/td>\n<td>Lieu du service local :<\/td>\n<td>\u00c9tats-Unis, Espagne<\/td>\n<\/tr>\n<tr>\n<td>Emplacement de la salle d'exposition :<\/td>\n<td>\u00c9tats-Unis, Espagne<\/td>\n<td>Type de marketing :<\/td>\n<td>Produit ordinaire<\/td>\n<\/tr>\n<\/tbody>\n<\/table>\n<\/div>\n<p>&nbsp;<\/p>\n<p>Description g\u00e9n\u00e9rale :<br \/>\n1. tapis de chargement automatique<br \/>\n2. traitement automatique \u00e0 la flamme<br \/>\n3. syst\u00e8me de transmission parfait. Il passe sur les tasses rapidement et sans \u00e0-coups.<br \/>\n4. changement rapide et facile d'un produit \u00e0 l'autre.<br \/>\n5. s\u00e9chage UV \u00e9lectrique automatique ou s\u00e9chage UV LED.<br \/>\n6. contr\u00f4le PLC fiable avec \u00e9cran tactile<br \/>\n7. d\u00e9chargement automatique<br \/>\n8. norme CE<\/p>\n<p>&nbsp;<\/p>\n<p><strong><b>Application :<\/b><\/strong><\/p>\n<p>Gobelets en plastique<\/p>\n<p>&nbsp;<\/p>\n<p><strong><b>Proc\u00e9dure :<\/b><\/strong><\/p>\n<p>Chargement automatique sur le tapis, traitement \u00e0 la flamme, impression, s\u00e9chage UV LED ou s\u00e9chage UV \u00e9lectrique, d\u00e9chargement automatique.<\/p>\n<p>&nbsp;<\/p>\n<p><strong>Donn\u00e9es techniques<\/strong><\/p>\n<table>\n<tbody>\n<tr>\n<td>Param\u00e8tre \\NPoste<\/td>\n<td>S102 Imprimante automatique de s\u00e9rigraphie 1-8 couleurs<\/td>\n<\/tr>\n<tr>\n<td><strong><b>Dimension de la machine :<\/b><\/strong><\/td>\n<td><\/td>\n<\/tr>\n<tr>\n<td>Unit\u00e9 d'impression :<\/td>\n<td>1900x1200x1600mm<\/td>\n<\/tr>\n<tr>\n<td>Unit\u00e9 d'alimentation (en option) :<\/td>\n<td>3050x1300x1500mm<\/td>\n<\/tr>\n<tr>\n<td>Unit\u00e9 de d\u00e9chargement (en option) :<\/td>\n<td>1800x450x750mm<\/td>\n<\/tr>\n<tr>\n<td>Puissance :<\/td>\n<td>380V 3 phases 50\/60Hz 6,5kw<\/td>\n<\/tr>\n<tr>\n<td>Consommation d'air<\/td>\n<td>5-7 barres<\/td>\n<\/tr>\n<tr>\n<td><\/td>\n<td><strong>Tasses<\/strong><\/td>\n<\/tr>\n<tr>\n<td>Diam\u00e8tre d'impression :<\/td>\n<td>25-100mm<\/td>\n<\/tr>\n<tr>\n<td>Longueur d'impression :<\/td>\n<td>50-280mm<\/td>\n<\/tr>\n<tr>\n<td>Vitesse d'impression<\/td>\n<td>2100-2700pcs\/h (vitesse normale : 2400pcs\/h)<\/td>\n<\/tr>\n<\/tbody>\n<\/table>\n<p>&nbsp;<\/p>\n<p><strong>Principaux composants pour S102 :<\/strong><\/p>\n<table>\n<tbody>\n<tr>\n<td width=\"209\"><strong>PLC<\/strong><\/td>\n<td width=\"177\"><strong>Delta<\/strong><\/td>\n<td width=\"144\">\u00e9l\u00e9ments cl\u00e9s<\/td>\n<\/tr>\n<tr>\n<td width=\"209\"><strong>\u00c9cran tactile<\/strong><\/td>\n<td width=\"177\"><strong>Delta<\/strong><\/td>\n<td width=\"144\">\u00e9l\u00e9ments cl\u00e9s<\/td>\n<\/tr>\n<tr>\n<td width=\"209\"><strong>Lampe UV<\/strong><\/td>\n<td width=\"177\"><strong>Chine ou Angleterre<\/strong><\/td>\n<td width=\"144\">\u00e9l\u00e9ments cl\u00e9s<\/td>\n<\/tr>\n<tr>\n<td width=\"209\"><strong>Onduleur<\/strong><\/td>\n<td width=\"177\"><strong>Panasonic\u00a0<\/strong><\/td>\n<td width=\"144\">\u00e9l\u00e9ments cl\u00e9s<\/td>\n<\/tr>\n<tr>\n<td width=\"209\">Alimentation \u00e0 d\u00e9coupage<\/td>\n<td width=\"177\">Schneider<\/td>\n<td width=\"144\"><\/td>\n<\/tr>\n<tr>\n<td width=\"209\">Interrupteur d'alimentation<\/td>\n<td width=\"177\">Mitsubishi<\/td>\n<td width=\"144\"><\/td>\n<\/tr>\n<tr>\n<td width=\"209\">relais auxiliaire<\/td>\n<td width=\"177\">Schneider<\/td>\n<td width=\"144\"><\/td>\n<\/tr>\n<tr>\n<td width=\"209\">Prise de relais<\/td>\n<td width=\"177\">Schneider<\/td>\n<td width=\"144\"><\/td>\n<\/tr>\n<tr>\n<td width=\"209\">Relais thermique<\/td>\n<td width=\"177\">Schneider<\/td>\n<td width=\"144\"><\/td>\n<\/tr>\n<tr>\n<td width=\"209\">Contacteur<\/td>\n<td width=\"177\">Schneider<\/td>\n<td width=\"144\"><\/td>\n<\/tr>\n<tr>\n<td width=\"209\">Valve magn\u00e9tique<\/td>\n<td width=\"177\">SMC<\/td>\n<td width=\"144\"><\/td>\n<\/tr>\n<tr>\n<td width=\"209\">Manom\u00e8tre de pression d'air<\/td>\n<td width=\"177\">SMC<\/td>\n<td width=\"144\"><\/td>\n<\/tr>\n<tr>\n<td width=\"209\">Manom\u00e8tre \u00e0 gaz<\/td>\n<td width=\"177\">SMC<\/td>\n<td width=\"144\"><\/td>\n<\/tr>\n<tr>\n<td width=\"209\">Acc\u00e9l\u00e9rateur<\/td>\n<td width=\"177\">SMC\/Chine<\/td>\n<td width=\"144\"><\/td>\n<\/tr>\n<tr>\n<td width=\"209\">Soupape \u00e0 vide<\/td>\n<td width=\"177\">SMC<\/td>\n<td width=\"144\"><\/td>\n<\/tr>\n<tr>\n<td width=\"209\">Soupape de d\u00e9compression<\/td>\n<td width=\"177\">SMC<\/td>\n<td width=\"144\"><\/td>\n<\/tr>\n<tr>\n<td width=\"209\">Vanne manuelle<\/td>\n<td width=\"177\">AirTAC<\/td>\n<td width=\"144\"><\/td>\n<\/tr>\n<tr>\n<td width=\"209\">Interrupteurs<\/td>\n<td width=\"177\">Schneider<\/td>\n<td width=\"144\"><\/td>\n<\/tr>\n<tr>\n<td width=\"209\">Filtre<\/td>\n<td width=\"177\">SMC<\/td>\n<td width=\"144\"><\/td>\n<\/tr>\n<tr>\n<td width=\"209\">Moteur principal<\/td>\n<td width=\"177\">Italie SITI\/Chine<\/td>\n<td width=\"144\"><\/td>\n<\/tr>\n<tr>\n<td width=\"209\">Cylindre<\/td>\n<td width=\"177\">SMC, AirTAC<\/td>\n<td width=\"144\"><\/td>\n<\/tr>\n<\/tbody>\n<\/table>\n<p>&nbsp;<\/p>\n<p><strong><b>OFFRE DE PRIX : APM-S102 \u00a0<\/b><\/strong> <strong><b>\u00a0<\/b><\/strong> <strong><b>24 000 USD\/couleur<\/b><\/strong><\/p>\n<p><strong><b>Remarque : <\/b><\/strong>Vous pouvez connecter plusieurs unit\u00e9s pour obtenir une machine multicolore ou utiliser une machine couleur pour r\u00e9aliser des impressions r\u00e9p\u00e9t\u00e9es afin d'obtenir plusieurs couleurs.<\/p>\n<p>Il est n\u00e9cessaire de laisser une zone vide de 0,8~1cm en haut et en bas des coupes.<\/p>\n<p><strong><b>En option :<\/b><\/strong><\/p>\n<p>Syst\u00e8me de chargement automatique : USD9000<\/p>\n<p>Syst\u00e8me d'empilage \u00e0 d\u00e9chargement automatique : 1350 USD<\/p>\n<p>Lampe UV suppl\u00e9mentaire : 180 USD\/pi\u00e8ce<\/p>\n<p>Lampe LED suppl\u00e9mentaire : 1800 USD\/set<\/p>\n<p>Luminaires : 1000 USD\/set\/couleur<\/p>\n<p>Consommables : cadre de la maille, raclette, encre<\/p>\n<p>&nbsp;<\/p>\n<p><strong><b>Livraison : <\/b><\/strong>environ 30 jours ouvrables apr\u00e8s le d\u00e9p\u00f4t et la r\u00e9ception des \u00e9chantillons de bouteilles<\/p>\n<p><strong><b>Garantie : <\/b><\/strong>d'un an. APM fournira toutes les pi\u00e8ces sous garantie avec le premier envoi.<\/p>\n<p><strong><b>Mise en place et formation :<\/b><\/strong><\/p>\n<p>\u00c0 la demande de l'acheteur, APM enverra des ing\u00e9nieurs dans l'usine de l'acheteur pour l'assemblage de la machine, l'installation et la formation pendant une p\u00e9riode de 10 jours (y compris le temps de trajet). Tous les frais de voyage, y compris le vol, la demande de visa, l'h\u00f4tel et la nourriture, sont \u00e0 la charge de l'acheteur. Frais de main-d'\u0153uvre : 180 USD\/jour.<\/p>\n<p>CONDITIONS DE PAIEMENT : 30% d\u00e9p\u00f4t ; 70% T\/T avant exp\u00e9dition.<\/p>\n<p>CONDITIONS DE LIVRAISON : FOB Shenzhen, Chine<\/p>\n<p>&nbsp;<\/p>\n<p><strong>\u00c9chantillons :<\/strong><\/p>\n<p><img loading=\"lazy\" decoding=\"async\" class=\"size-full wp-image-1814\" src=\"http:\/\/apmprint.com\/wp-content\/uploads\/2023\/12\/s-24.jpg\" alt=\"auto screen printer apm s102c\" width=\"800\" height=\"660\" srcset=\"https:\/\/apmprint.com\/wp-content\/uploads\/2023\/12\/s-24.jpg 800w, https:\/\/apmprint.com\/wp-content\/uploads\/2023\/12\/s-24-300x248.jpg 300w, https:\/\/apmprint.com\/wp-content\/uploads\/2023\/12\/s-24-768x634.jpg 768w, https:\/\/apmprint.com\/wp-content\/uploads\/2023\/12\/s-24-15x12.jpg 15w, https:\/\/apmprint.com\/wp-content\/uploads\/2023\/12\/s-24-600x495.jpg 600w\" sizes=\"auto, (max-width: 800px) 100vw, 800px\" \/><\/p>\n<p><img loading=\"lazy\" decoding=\"async\" class=\"size-full wp-image-1967\" src=\"http:\/\/apmprint.com\/wp-content\/uploads\/2023\/12\/\u4ecb\u7ecd1.jpg\" alt=\"ss106 2 color automatic printing machine\" width=\"750\" height=\"1500\" srcset=\"https:\/\/apmprint.com\/wp-content\/uploads\/2023\/12\/\u4ecb\u7ecd1.jpg 750w, https:\/\/apmprint.com\/wp-content\/uploads\/2023\/12\/\u4ecb\u7ecd1-150x300.jpg 150w, https:\/\/apmprint.com\/wp-content\/uploads\/2023\/12\/\u4ecb\u7ecd1-512x1024.jpg 512w, https:\/\/apmprint.com\/wp-content\/uploads\/2023\/12\/\u4ecb\u7ecd1-6x12.jpg 6w, https:\/\/apmprint.com\/wp-content\/uploads\/2023\/12\/\u4ecb\u7ecd1-600x1200.jpg 600w\" sizes=\"auto, (max-width: 750px) 100vw, 750px\" \/><\/p>\n<p><img loading=\"lazy\" decoding=\"async\" class=\"size-full wp-image-1968\" src=\"http:\/\/apmprint.com\/wp-content\/uploads\/2023\/12\/\u4ecb\u7ecd2.jpg\" alt=\"ss106 2 color automatic printing machine\" width=\"750\" height=\"1020\" srcset=\"https:\/\/apmprint.com\/wp-content\/uploads\/2023\/12\/\u4ecb\u7ecd2.jpg 750w, https:\/\/apmprint.com\/wp-content\/uploads\/2023\/12\/\u4ecb\u7ecd2-221x300.jpg 221w, https:\/\/apmprint.com\/wp-content\/uploads\/2023\/12\/\u4ecb\u7ecd2-9x12.jpg 9w, https:\/\/apmprint.com\/wp-content\/uploads\/2023\/12\/\u4ecb\u7ecd2-600x816.jpg 600w\" sizes=\"auto, (max-width: 750px) 100vw, 750px\" \/><\/p>\n<p><img loading=\"lazy\" decoding=\"async\" class=\"size-full wp-image-1969\" src=\"http:\/\/apmprint.com\/wp-content\/uploads\/2023\/12\/\u4ecb\u7ecd3.jpg\" alt=\"ss106 2 color automatic printing machine\" width=\"750\" height=\"1072\" srcset=\"https:\/\/apmprint.com\/wp-content\/uploads\/2023\/12\/\u4ecb\u7ecd3.jpg 750w, https:\/\/apmprint.com\/wp-content\/uploads\/2023\/12\/\u4ecb\u7ecd3-210x300.jpg 210w, https:\/\/apmprint.com\/wp-content\/uploads\/2023\/12\/\u4ecb\u7ecd3-716x1024.jpg 716w, https:\/\/apmprint.com\/wp-content\/uploads\/2023\/12\/\u4ecb\u7ecd3-8x12.jpg 8w, https:\/\/apmprint.com\/wp-content\/uploads\/2023\/12\/\u4ecb\u7ecd3-600x858.jpg 600w\" sizes=\"auto, (max-width: 750px) 100vw, 750px\" \/><\/p>","protected":false},"excerpt":{"rendered":"<p>Notre personnel technique se consacre \u00e0 l'am\u00e9lioration et \u00e0 la mise \u00e0 jour des technologies. Actuellement, nous sommes comp\u00e9tents pour utiliser les techniques et les appliquer au processus de fabrication de la machine de s\u00e9rigraphie automatique S102 Best Choice Flat Round Oval Bottles Automatic Screen Printing Machinery. Actuellement, elle est largement utilis\u00e9e dans le domaine de la s\u00e9rigraphie.<\/p>\n<p>&nbsp;<\/p>\n<p><strong><b>Num\u00e9ro de mod\u00e8le<\/b><\/strong>: S102-2<\/p>\n<p><strong><b>Puissance brute<\/b><\/strong>PUISSANCE : 7,78KW<\/p>\n<p><strong><b>exp\u00e9dition<\/b><\/strong>: Fret maritime express \/ Fret terrestre \/ Fret a\u00e9rien<\/p>\n<p><strong><b>Personnalisation<\/b><\/strong>: Logo personnalis\u00e9 (Commande min. : 5 sets) , Emballage personnalis\u00e9 (Commande min. : 5 sets) , Personnalisation graphique (Commande min. : 5 sets)<\/p>","protected":false},"featured_media":1815,"template":"","meta":{"_acf_changed":false,"_seopress_robots_primary_cat":"none","_seopress_titles_title":"","_seopress_titles_desc":"","_seopress_robots_index":""},"product_brand":[],"product_cat":[31],"product_tag":[75,78],"class_list":{"0":"post-1813","1":"product","2":"type-product","3":"status-publish","4":"has-post-thumbnail","6":"product_cat-auto-screen-printer","7":"product_tag-automatic","8":"product_tag-screen-printer","10":"first","11":"instock","12":"shipping-taxable","13":"product-type-simple"},"acf":[],"_links":{"self":[{"href":"https:\/\/apmprint.com\/fr\/wp-json\/wp\/v2\/product\/1813","targetHints":{"allow":["GET"]}}],"collection":[{"href":"https:\/\/apmprint.com\/fr\/wp-json\/wp\/v2\/product"}],"about":[{"href":"https:\/\/apmprint.com\/fr\/wp-json\/wp\/v2\/types\/product"}],"wp:featuredmedia":[{"embeddable":true,"href":"https:\/\/apmprint.com\/fr\/wp-json\/wp\/v2\/media\/1815"}],"wp:attachment":[{"href":"https:\/\/apmprint.com\/fr\/wp-json\/wp\/v2\/media?parent=1813"}],"wp:term":[{"taxonomy":"product_brand","embeddable":true,"href":"https:\/\/apmprint.com\/fr\/wp-json\/wp\/v2\/product_brand?post=1813"},{"taxonomy":"product_cat","embeddable":true,"href":"https:\/\/apmprint.com\/fr\/wp-json\/wp\/v2\/product_cat?post=1813"},{"taxonomy":"product_tag","embeddable":true,"href":"https:\/\/apmprint.com\/fr\/wp-json\/wp\/v2\/product_tag?post=1813"}],"curies":[{"name":"wp","href":"https:\/\/api.w.org\/{rel}","templated":true}]}}