{"id":1819,"date":"2023-12-21T08:49:07","date_gmt":"2023-12-21T08:49:07","guid":{"rendered":"https:\/\/apmprint.com\/?post_type=product&#038;p=1819"},"modified":"2023-12-27T06:17:14","modified_gmt":"2023-12-27T06:17:14","slug":"s103-automatic-cylindrical-screen-printer-with-servo-control","status":"publish","type":"product","link":"https:\/\/apmprint.com\/fr\/produit\/s103-automatic-cylindrical-screen-printer-with-servo-control\/","title":{"rendered":"Machine de s\u00e9rigraphie automatique \u00e0 une couleur pour bouteilles S103"},"content":{"rendered":"<p>Soutenu par nos concepteurs cr\u00e9atifs, nos experts en R&amp;D exp\u00e9riment\u00e9s, nos techniciens qualifi\u00e9s, etc. Shenzhen Hejia Automatic Printing Machine Co. a d\u00e9velopp\u00e9 de mani\u00e8re ind\u00e9pendante la machine de s\u00e9rigraphie automatique en aluminium dor\u00e9 S103 pour la s\u00e9rigraphie personnalis\u00e9e des couvercles de bouteilles de vin. En vertu de l'innovation technologique continue, nous avons ma\u00eetris\u00e9 les technologies principales et les plus avanc\u00e9es de l'industrie, et nous utiliserons des technologies avanc\u00e9es pour produire la machine de s\u00e9rigraphie automatique en aluminium dor\u00e9 S103 pour la s\u00e9rigraphie personnalis\u00e9e de couvercle de bouteille de vin, r\u00e9solvant efficacement les points de douleur qui ont toujours affect\u00e9 l'industrie. Anim\u00e9e par la vision d'entreprise \"\u00eatre le fabricant le plus professionnel et l'exportateur le plus fiable sur le march\u00e9 international\", Shenzhen Hejia Automatic Printing Machine Co. accordera plus d'attention \u00e0 l'am\u00e9lioration de la force de R&amp;D, \u00e0 la mise \u00e0 niveau continue des technologies et \u00e0 l'optimisation de la structure organisationnelle. Nous encourageons tous les membres du personnel \u00e0 s'unir dans ce processus afin de cr\u00e9er un avenir meilleur pour l'entreprise.<\/p>\n<div class=\"rich-text-table\">\n<table>\n<tbody>\n<tr>\n<td>Type de plaque :<\/td>\n<td>S\u00e9rigraphie<\/td>\n<td>Industries concern\u00e9es :<\/td>\n<td>Usine de fabrication, usine de produits alimentaires et de boissons, imprimerie, entreprise de publicit\u00e9, entreprise de fabrication de bouteilles, entreprise d'emballage<\/td>\n<\/tr>\n<tr>\n<td>\u00c9tat :<\/td>\n<td>Nouveau<\/td>\n<td>Lieu d'origine :<\/td>\n<td>Guangdong, Chine<\/td>\n<\/tr>\n<tr>\n<td>Nom de marque :<\/td>\n<td>APM<\/td>\n<td>Utilisation :<\/td>\n<td>Imprimante pour bouteilles<\/td>\n<\/tr>\n<tr>\n<td>Automatique Grade :<\/td>\n<td>Automatique<\/td>\n<td>Couleur et page :<\/td>\n<td>couleur unique<\/td>\n<\/tr>\n<tr>\n<td>Tension :<\/td>\n<td>380V, 50\/60HZ<\/td>\n<td>Dimensions (L*L*H) :<\/td>\n<td>1908x1000x1500mm<\/td>\n<\/tr>\n<tr>\n<td>Poids :<\/td>\n<td>1500 KG<\/td>\n<td>Certification :<\/td>\n<td>CE<\/td>\n<\/tr>\n<tr>\n<td>Garantie :<\/td>\n<td>1 an<\/td>\n<td>Service apr\u00e8s-vente assur\u00e9 :<\/td>\n<td>Assistance en ligne, pi\u00e8ces de rechange gratuites, installation, mise en service et formation sur le terrain, service de maintenance et de r\u00e9paration sur le terrain, assistance technique vid\u00e9o<\/td>\n<\/tr>\n<tr>\n<td>Principaux arguments de vente :<\/td>\n<td>Automatique<\/td>\n<td>Rapport d'essai des machines :<\/td>\n<td>Fourni<\/td>\n<\/tr>\n<tr>\n<td>Inspection vid\u00e9o de sortie :<\/td>\n<td>Fourni<\/td>\n<td>Garantie des composants de base :<\/td>\n<td>1 an<\/td>\n<\/tr>\n<tr>\n<td>Composantes essentielles :<\/td>\n<td>Moteur, automate, moteur<\/td>\n<td>Vitesse :<\/td>\n<td>4000pcs\/H<\/td>\n<\/tr>\n<tr>\n<td>Taille du produit :<\/td>\n<td>dia. : 10-75mm, H:35-150mm<\/td>\n<td>Surface d'impression :<\/td>\n<td>dia. : 10-75mm, H:35-130mm<\/td>\n<\/tr>\n<tr>\n<td>Apr\u00e8s le service de garantie :<\/td>\n<td>Soutien en ligne<\/td>\n<td>Type de marketing :<\/td>\n<td>Produit phare 2022<\/td>\n<\/tr>\n<\/tbody>\n<\/table>\n<\/div>\n<p>&nbsp;<\/p>\n<p><strong>Description g\u00e9n\u00e9rale<\/strong>:<br \/>\n1. Chargement automatique avec tapis de chargement et robot aspirateur (syst\u00e8me de chargement enti\u00e8rement automatique en option)<br \/>\n2. Traitement automatique \u00e0 la flamme ou nettoyage automatique anti-poussi\u00e8re<br \/>\n3. S\u00e9chage LED\/UV apr\u00e8s s\u00e9rigraphie<br \/>\n4. La rotation des produits est contr\u00f4l\u00e9e par un servomoteur automatique. Il n'est pas n\u00e9cessaire de changer de vitesse pour changer de produit.<br \/>\n5. D\u00e9chargement automatique<br \/>\n6. Contr\u00f4le PLC et \u00e9cran tactile.<br \/>\n7. B\u00e2timent de machines bien construit et dot\u00e9 d'un \u00e9quipement CE<br \/>\n8. Pr\u00e9-enregistrement automatique avec fils coup\u00e9s en option<\/p>\n<p>&nbsp;<\/p>\n<p><strong><b>Application<\/b><\/strong><br \/>\nTubes cylindriques en verre\/plastique, bouteilles, bouchons, peintures \u00e0 l\u00e8vres, etc.<\/p>\n<p>&nbsp;<\/p>\n<p><strong>Donn\u00e9es techniques<\/strong><strong>\u00a0<\/strong><\/p>\n<table>\n<tbody>\n<tr>\n<td colspan=\"2\" width=\"100.0000%\"><strong>S103<\/strong><\/td>\n<\/tr>\n<tr>\n<td width=\"43.9400%\">Vitesse<\/td>\n<td width=\"56.0400%\">40-50pcs\/min<\/td>\n<\/tr>\n<tr>\n<td width=\"43.9400%\">Taille du produit<\/td>\n<td width=\"56.0400%\">\u00d810-50 mm, H : 35-150 mm<\/td>\n<\/tr>\n<tr>\n<td width=\"43.9400%\">Zone d'impression<\/td>\n<td width=\"56.0400%\">\u00d810-50 mm, H : 35-150 mm<\/td>\n<\/tr>\n<tr>\n<td width=\"43.9400%\">Pression atmosph\u00e9rique<\/td>\n<td width=\"56.0400%\">6-7bar<\/td>\n<\/tr>\n<tr>\n<td width=\"43.9400%\">Pression du gaz<\/td>\n<td width=\"56.0400%\">1,5bar<\/td>\n<\/tr>\n<tr>\n<td width=\"43.9400%\">Alimentation \u00e9lectrique<\/td>\n<td width=\"56.0400%\">380V, 3 phases<\/td>\n<\/tr>\n<tr>\n<td width=\"43.9400%\">Mesures<\/td>\n<td width=\"56.0400%\">1200x1300x1800mm<\/td>\n<\/tr>\n<tr>\n<td width=\"43.9400%\">Poids<\/td>\n<td width=\"56.0400%\">600 kg<\/td>\n<\/tr>\n<\/tbody>\n<\/table>\n<p>&nbsp;<\/p>\n<p><strong>Proc\u00e9dure :<\/strong><\/p>\n<p>Chargement automatique sur la bande, traitement \u00e0 la flamme, impression, s\u00e9chage UV, d\u00e9chargement automatique.<\/p>\n<p><strong>Prix : FOB Shenzhen USD26800<\/strong><\/p>\n<p><strong>En option : chargeur automatique : USD5000<\/strong><\/p>\n<p><img loading=\"lazy\" decoding=\"async\" class=\"size-full wp-image-1820\" src=\"http:\/\/apmprint.com\/wp-content\/uploads\/2023\/12\/x3-18.jpg\" alt=\"s103 automatic cylindrical screen printer with servo control\" width=\"800\" height=\"800\" srcset=\"https:\/\/apmprint.com\/wp-content\/uploads\/2023\/12\/x3-18.jpg 800w, https:\/\/apmprint.com\/wp-content\/uploads\/2023\/12\/x3-18-300x300.jpg 300w, https:\/\/apmprint.com\/wp-content\/uploads\/2023\/12\/x3-18-150x150.jpg 150w, https:\/\/apmprint.com\/wp-content\/uploads\/2023\/12\/x3-18-768x768.jpg 768w, https:\/\/apmprint.com\/wp-content\/uploads\/2023\/12\/x3-18-12x12.jpg 12w, https:\/\/apmprint.com\/wp-content\/uploads\/2023\/12\/x3-18-600x600.jpg 600w, https:\/\/apmprint.com\/wp-content\/uploads\/2023\/12\/x3-18-100x100.jpg 100w\" sizes=\"auto, (max-width: 800px) 100vw, 800px\" \/><\/p>\n<p><strong>Livraison<\/strong>: 30 jours ouvrables apr\u00e8s r\u00e9ception de l'acompte<\/p>\n<p><strong><b>Garantie :<\/b><\/strong>\u00a0Un an. APM fournira toutes les pi\u00e8ces sous garantie lors de la premi\u00e8re livraison.<\/p>\n<p>&nbsp;<\/p>\n<p><strong><b>Mise en place et formation : <\/b><\/strong>\u00c0 la demande de l'acheteur, APM enverra des ing\u00e9nieurs dans l'usine de l'acheteur pour l'assemblage des machines, l'installation et la formation pendant une p\u00e9riode de 5 \u00e0 7 jours. Tous les frais de voyage, y compris le vol, la demande de visa, l'h\u00f4tel et la nourriture, ainsi que les frais de main-d'\u0153uvre (180 USD\/jour) sont \u00e0 la charge de l'acheteur.<strong><b>\u00a0<\/b><\/strong><\/p>\n<p><strong><b>CONDITIONS DE PAIEMENT<\/b><\/strong>: 30% d\u00e9p\u00f4t ; 70% T\/T avant exp\u00e9dition<\/p>\n<p><strong>LES CONDITIONS D'EFFACEMENT :<\/strong>\u00a0FOB Shenzhen<\/p>\n<p>&nbsp;<\/p>\n<p><strong>\u00c9chantillons :<\/strong><\/p>\n<p><img loading=\"lazy\" decoding=\"async\" class=\"size-full wp-image-1821\" src=\"http:\/\/apmprint.com\/wp-content\/uploads\/2023\/12\/s-25.jpg\" alt=\"s103 automatic cylindrical screen printer with servo control\" width=\"800\" height=\"800\" srcset=\"https:\/\/apmprint.com\/wp-content\/uploads\/2023\/12\/s-25.jpg 800w, https:\/\/apmprint.com\/wp-content\/uploads\/2023\/12\/s-25-300x300.jpg 300w, https:\/\/apmprint.com\/wp-content\/uploads\/2023\/12\/s-25-150x150.jpg 150w, https:\/\/apmprint.com\/wp-content\/uploads\/2023\/12\/s-25-768x768.jpg 768w, https:\/\/apmprint.com\/wp-content\/uploads\/2023\/12\/s-25-12x12.jpg 12w, https:\/\/apmprint.com\/wp-content\/uploads\/2023\/12\/s-25-600x600.jpg 600w, https:\/\/apmprint.com\/wp-content\/uploads\/2023\/12\/s-25-100x100.jpg 100w\" sizes=\"auto, (max-width: 800px) 100vw, 800px\" \/><\/p>\n<p><img loading=\"lazy\" decoding=\"async\" class=\"size-full wp-image-1822\" src=\"http:\/\/apmprint.com\/wp-content\/uploads\/2023\/12\/s2-3.jpg\" alt=\"s103 automatic cylindrical screen printer with servo control\" width=\"800\" height=\"800\" srcset=\"https:\/\/apmprint.com\/wp-content\/uploads\/2023\/12\/s2-3.jpg 800w, https:\/\/apmprint.com\/wp-content\/uploads\/2023\/12\/s2-3-300x300.jpg 300w, https:\/\/apmprint.com\/wp-content\/uploads\/2023\/12\/s2-3-150x150.jpg 150w, https:\/\/apmprint.com\/wp-content\/uploads\/2023\/12\/s2-3-768x768.jpg 768w, https:\/\/apmprint.com\/wp-content\/uploads\/2023\/12\/s2-3-12x12.jpg 12w, https:\/\/apmprint.com\/wp-content\/uploads\/2023\/12\/s2-3-600x600.jpg 600w, https:\/\/apmprint.com\/wp-content\/uploads\/2023\/12\/s2-3-100x100.jpg 100w\" sizes=\"auto, (max-width: 800px) 100vw, 800px\" \/><\/p>\n<p><img loading=\"lazy\" decoding=\"async\" class=\"size-full wp-image-1967\" src=\"http:\/\/apmprint.com\/wp-content\/uploads\/2023\/12\/\u4ecb\u7ecd1.jpg\" alt=\"ss106 2 color automatic printing machine\" width=\"750\" height=\"1500\" srcset=\"https:\/\/apmprint.com\/wp-content\/uploads\/2023\/12\/\u4ecb\u7ecd1.jpg 750w, https:\/\/apmprint.com\/wp-content\/uploads\/2023\/12\/\u4ecb\u7ecd1-150x300.jpg 150w, https:\/\/apmprint.com\/wp-content\/uploads\/2023\/12\/\u4ecb\u7ecd1-512x1024.jpg 512w, https:\/\/apmprint.com\/wp-content\/uploads\/2023\/12\/\u4ecb\u7ecd1-6x12.jpg 6w, https:\/\/apmprint.com\/wp-content\/uploads\/2023\/12\/\u4ecb\u7ecd1-600x1200.jpg 600w\" sizes=\"auto, (max-width: 750px) 100vw, 750px\" \/><\/p>\n<p><img loading=\"lazy\" decoding=\"async\" class=\"size-full wp-image-1968\" src=\"http:\/\/apmprint.com\/wp-content\/uploads\/2023\/12\/\u4ecb\u7ecd2.jpg\" alt=\"ss106 2 color automatic printing machine\" width=\"750\" height=\"1020\" srcset=\"https:\/\/apmprint.com\/wp-content\/uploads\/2023\/12\/\u4ecb\u7ecd2.jpg 750w, https:\/\/apmprint.com\/wp-content\/uploads\/2023\/12\/\u4ecb\u7ecd2-221x300.jpg 221w, https:\/\/apmprint.com\/wp-content\/uploads\/2023\/12\/\u4ecb\u7ecd2-9x12.jpg 9w, https:\/\/apmprint.com\/wp-content\/uploads\/2023\/12\/\u4ecb\u7ecd2-600x816.jpg 600w\" sizes=\"auto, (max-width: 750px) 100vw, 750px\" \/><\/p>\n<p><img loading=\"lazy\" decoding=\"async\" class=\"size-full wp-image-1969\" src=\"http:\/\/apmprint.com\/wp-content\/uploads\/2023\/12\/\u4ecb\u7ecd3.jpg\" alt=\"ss106 2 color automatic printing machine\" width=\"750\" height=\"1072\" srcset=\"https:\/\/apmprint.com\/wp-content\/uploads\/2023\/12\/\u4ecb\u7ecd3.jpg 750w, https:\/\/apmprint.com\/wp-content\/uploads\/2023\/12\/\u4ecb\u7ecd3-210x300.jpg 210w, https:\/\/apmprint.com\/wp-content\/uploads\/2023\/12\/\u4ecb\u7ecd3-716x1024.jpg 716w, https:\/\/apmprint.com\/wp-content\/uploads\/2023\/12\/\u4ecb\u7ecd3-8x12.jpg 8w, https:\/\/apmprint.com\/wp-content\/uploads\/2023\/12\/\u4ecb\u7ecd3-600x858.jpg 600w\" sizes=\"auto, (max-width: 750px) 100vw, 750px\" \/><\/p>","protected":false},"excerpt":{"rendered":"<p>L'adoption des derni\u00e8res technologies am\u00e9liore la qualit\u00e9 du produit. L'utilisation g\u00e9n\u00e9ralis\u00e9e dans les imprimeries de la machine de s\u00e9rigraphie automatique S103 en aluminium dor\u00e9 pour la s\u00e9rigraphie personnalis\u00e9e de couvercle de bouteille de vin l'aide \u00e0 gagner beaucoup d'attention sur le march\u00e9.<\/p>\n<p><strong><b>Num\u00e9ro de mod\u00e8le<\/b><\/strong>: S103<\/p>\n<p><strong><b>Puissance brute<\/b><\/strong>: 3,5KW<\/p>\n<p><strong><b>exp\u00e9dition<\/b><\/strong>: Fret maritime express \/ Fret terrestre \/ Fret a\u00e9rien<\/p>\n<p><strong><b>Personnalisation<\/b><\/strong>: Logo personnalis\u00e9 (Commande min. : 5 sets) , Emballage personnalis\u00e9 (Commande min. : 5 sets) , Personnalisation graphique (Commande min. : 5 sets)<\/p>","protected":false},"featured_media":1823,"template":"","meta":{"_acf_changed":false,"_seopress_robots_primary_cat":"none","_seopress_titles_title":"","_seopress_titles_desc":"","_seopress_robots_index":""},"product_brand":[],"product_cat":[31],"product_tag":[75,24,57,78,58],"class_list":{"0":"post-1819","1":"product","2":"type-product","3":"status-publish","4":"has-post-thumbnail","6":"product_cat-auto-screen-printer","7":"product_tag-automatic","8":"product_tag-caps-and-closures","9":"product_tag-plastic-bottles","10":"product_tag-screen-printer","11":"product_tag-tubes","13":"first","14":"instock","15":"shipping-taxable","16":"product-type-simple"},"acf":[],"_links":{"self":[{"href":"https:\/\/apmprint.com\/fr\/wp-json\/wp\/v2\/product\/1819","targetHints":{"allow":["GET"]}}],"collection":[{"href":"https:\/\/apmprint.com\/fr\/wp-json\/wp\/v2\/product"}],"about":[{"href":"https:\/\/apmprint.com\/fr\/wp-json\/wp\/v2\/types\/product"}],"wp:featuredmedia":[{"embeddable":true,"href":"https:\/\/apmprint.com\/fr\/wp-json\/wp\/v2\/media\/1823"}],"wp:attachment":[{"href":"https:\/\/apmprint.com\/fr\/wp-json\/wp\/v2\/media?parent=1819"}],"wp:term":[{"taxonomy":"product_brand","embeddable":true,"href":"https:\/\/apmprint.com\/fr\/wp-json\/wp\/v2\/product_brand?post=1819"},{"taxonomy":"product_cat","embeddable":true,"href":"https:\/\/apmprint.com\/fr\/wp-json\/wp\/v2\/product_cat?post=1819"},{"taxonomy":"product_tag","embeddable":true,"href":"https:\/\/apmprint.com\/fr\/wp-json\/wp\/v2\/product_tag?post=1819"}],"curies":[{"name":"wp","href":"https:\/\/api.w.org\/{rel}","templated":true}]}}