{"id":1827,"date":"2023-12-21T08:58:00","date_gmt":"2023-12-21T08:58:00","guid":{"rendered":"https:\/\/apmprint.com\/?post_type=product&#038;p=1827"},"modified":"2023-12-21T09:09:25","modified_gmt":"2023-12-21T09:09:25","slug":"auto-screen-printer-apm-s103t","status":"publish","type":"product","link":"https:\/\/apmprint.com\/fr\/produit\/auto-screen-printer-apm-s103t\/","title":{"rendered":"Imprimante \u00e0 \u00e9cran automatique APM-S103T"},"content":{"rendered":"<p><strong>Application :<\/strong><\/p>\n<p>Tubes souples<\/p>\n<p>&nbsp;<\/p>\n<p>Application :<br \/>\nTubes souples<br \/>\nDescription g\u00e9n\u00e9rale :<br \/>\n1. Chargement automatique avec tapis de chargement.<\/p>\n<p><img loading=\"lazy\" decoding=\"async\" class=\"wp-image-1828\" src=\"http:\/\/apmprint.com\/wp-content\/uploads\/2023\/12\/1-1.jpg\" alt=\"auto screen printer apm s103t\" width=\"448\" height=\"236\" srcset=\"https:\/\/apmprint.com\/wp-content\/uploads\/2023\/12\/1-1.jpg 800w, https:\/\/apmprint.com\/wp-content\/uploads\/2023\/12\/1-1-300x158.jpg 300w, https:\/\/apmprint.com\/wp-content\/uploads\/2023\/12\/1-1-768x404.jpg 768w, https:\/\/apmprint.com\/wp-content\/uploads\/2023\/12\/1-1-18x9.jpg 18w, https:\/\/apmprint.com\/wp-content\/uploads\/2023\/12\/1-1-600x316.jpg 600w\" sizes=\"auto, (max-width: 448px) 100vw, 448px\" \/><\/p>\n<p>2. Traitement automatique \u00e0 la flamme.<\/p>\n<p><img loading=\"lazy\" decoding=\"async\" class=\"wp-image-1829\" src=\"http:\/\/apmprint.com\/wp-content\/uploads\/2023\/12\/2-1.jpg\" alt=\"auto screen printer apm s103t\" width=\"410\" height=\"319\" srcset=\"https:\/\/apmprint.com\/wp-content\/uploads\/2023\/12\/2-1.jpg 800w, https:\/\/apmprint.com\/wp-content\/uploads\/2023\/12\/2-1-300x234.jpg 300w, https:\/\/apmprint.com\/wp-content\/uploads\/2023\/12\/2-1-768x598.jpg 768w, https:\/\/apmprint.com\/wp-content\/uploads\/2023\/12\/2-1-15x12.jpg 15w, https:\/\/apmprint.com\/wp-content\/uploads\/2023\/12\/2-1-600x467.jpg 600w\" sizes=\"auto, (max-width: 410px) 100vw, 410px\" \/><\/p>\n<p>3. Enregistrement servo avec capteur photo. R\u00e9p\u00e9tition de l'impression pour les couleurs multiples.<\/p>\n<p><img loading=\"lazy\" decoding=\"async\" class=\"wp-image-1830\" src=\"http:\/\/apmprint.com\/wp-content\/uploads\/2023\/12\/3-1.jpg\" alt=\"auto screen printer apm s103t\" width=\"426\" height=\"280\" srcset=\"https:\/\/apmprint.com\/wp-content\/uploads\/2023\/12\/3-1.jpg 800w, https:\/\/apmprint.com\/wp-content\/uploads\/2023\/12\/3-1-300x197.jpg 300w, https:\/\/apmprint.com\/wp-content\/uploads\/2023\/12\/3-1-768x504.jpg 768w, https:\/\/apmprint.com\/wp-content\/uploads\/2023\/12\/3-1-18x12.jpg 18w, https:\/\/apmprint.com\/wp-content\/uploads\/2023\/12\/3-1-600x394.jpg 600w\" sizes=\"auto, (max-width: 426px) 100vw, 426px\" \/><\/p>\n<p>4. Pas de produit, pas de fonction d'impression<br \/>\n5. S\u00e9chage UV automatique<\/p>\n<p><img loading=\"lazy\" decoding=\"async\" class=\"wp-image-1832\" src=\"http:\/\/apmprint.com\/wp-content\/uploads\/2023\/12\/4.jpg\" alt=\"auto screen printer apm s103t\" width=\"428\" height=\"320\" srcset=\"https:\/\/apmprint.com\/wp-content\/uploads\/2023\/12\/4.jpg 800w, https:\/\/apmprint.com\/wp-content\/uploads\/2023\/12\/4-300x224.jpg 300w, https:\/\/apmprint.com\/wp-content\/uploads\/2023\/12\/4-768x573.jpg 768w, https:\/\/apmprint.com\/wp-content\/uploads\/2023\/12\/4-16x12.jpg 16w, https:\/\/apmprint.com\/wp-content\/uploads\/2023\/12\/4-600x448.jpg 600w\" sizes=\"auto, (max-width: 428px) 100vw, 428px\" \/><\/p>\n<p>6. D\u00e9chargement automatique<br \/>\n7. Contr\u00f4le PLC et \u00e9cran tactile.<br \/>\n8. B\u00e2timent de machines bien construit et dot\u00e9 d'un \u00e9quipement CE<\/p>\n<p>&nbsp;<\/p>\n<p><strong>Donn\u00e9es techniques<\/strong><\/p>\n<table>\n<tbody>\n<tr>\n<td width=\"154\">&nbsp;<\/td>\n<td width=\"252\">S103T<\/td>\n<\/tr>\n<tr>\n<td width=\"154\">Vitesse (pcs\/min)<\/td>\n<td width=\"252\">40-60<\/td>\n<\/tr>\n<tr>\n<td width=\"154\">Taille du produit (mm)<\/td>\n<td width=\"252\">\u00d810-50 H : 35-150<\/td>\n<\/tr>\n<tr>\n<td width=\"154\">Surface d'impression (mm)<\/td>\n<td width=\"252\">\u00d810-50 H : 35-145<\/td>\n<\/tr>\n<tr>\n<td width=\"154\">Puissance UV<\/td>\n<td width=\"252\">4Kw<\/td>\n<\/tr>\n<tr>\n<td width=\"154\">Pression atmosph\u00e9rique<\/td>\n<td width=\"252\">6-7Bar<\/td>\n<\/tr>\n<tr>\n<td width=\"154\">Pression du gaz<\/td>\n<td width=\"252\">1,5 bar<\/td>\n<\/tr>\n<tr>\n<td width=\"154\">Alimentation \u00e9lectrique<\/td>\n<td width=\"252\">380V, 3 phases<\/td>\n<\/tr>\n<tr>\n<td width=\"154\">Mesures<\/td>\n<td width=\"252\">1100x1300x1700mm<\/td>\n<\/tr>\n<tr>\n<td width=\"154\">Poids<\/td>\n<td width=\"252\">600 kg<\/td>\n<\/tr>\n<\/tbody>\n<\/table>\n<p>&nbsp;<\/p>\n<p><strong>\u00a0S\u00c9QUENCE DE PRODUCTION DE L'IMPRESSION<\/strong><\/p>\n<ul>\n<li>Chargement manuel sur la bande (alimentation automatique en option)<\/li>\n<li>pr\u00e9traitement (traitement \u00e0 la flamme ou d\u00e9poussi\u00e9rage \u00e9lectrostatique en option)<\/li>\n<li>Impression automatique<\/li>\n<li>Auto UVcuring<\/li>\n<li>r\u00e9p\u00e9tition pour l'impression de la deuxi\u00e8me couleur<\/li>\n<\/ul>\n<p>&nbsp;<\/p>\n<p><strong>\u00c9chantillons :<\/strong><\/p>\n<p><img loading=\"lazy\" decoding=\"async\" class=\"size-full wp-image-1833\" src=\"http:\/\/apmprint.com\/wp-content\/uploads\/2023\/12\/s-27.jpg\" alt=\"auto screen printer apm s103t\" width=\"800\" height=\"584\" srcset=\"https:\/\/apmprint.com\/wp-content\/uploads\/2023\/12\/s-27.jpg 800w, https:\/\/apmprint.com\/wp-content\/uploads\/2023\/12\/s-27-300x219.jpg 300w, https:\/\/apmprint.com\/wp-content\/uploads\/2023\/12\/s-27-768x561.jpg 768w, https:\/\/apmprint.com\/wp-content\/uploads\/2023\/12\/s-27-16x12.jpg 16w, https:\/\/apmprint.com\/wp-content\/uploads\/2023\/12\/s-27-600x438.jpg 600w\" sizes=\"auto, (max-width: 800px) 100vw, 800px\" \/><\/p>\n<p>&nbsp;<\/p>\n<p>&nbsp;<\/p>","protected":false},"excerpt":{"rendered":"<p>Description g\u00e9n\u00e9rale :<br \/>\n1. Chargement automatique avec tapis de chargement et robot aspirateur (syst\u00e8me de chargement enti\u00e8rement automatique en option)<br \/>\n2. Traitement automatique \u00e0 la flamme ou nettoyage automatique anti-poussi\u00e8re<br \/>\n3. S\u00e9chage LED\/UV apr\u00e8s s\u00e9rigraphie<br \/>\n4. La rotation des produits est contr\u00f4l\u00e9e par un servomoteur automatique. Il n'est pas n\u00e9cessaire de changer de vitesse pour changer de produit.<br \/>\n5. D\u00e9chargement automatique<br \/>\n6. Contr\u00f4le PLC et \u00e9cran tactile.<br \/>\n7. B\u00e2timent de machines bien construit et dot\u00e9 d'un \u00e9quipement CE<br \/>\n8. Pr\u00e9-enregistrement automatique avec fils coup\u00e9s en option<\/p>","protected":false},"featured_media":1834,"template":"","meta":{"_acf_changed":false,"_seopress_robots_primary_cat":"none","_seopress_titles_title":"","_seopress_titles_desc":"","_seopress_robots_index":""},"product_brand":[],"product_cat":[31],"product_tag":[75,78],"class_list":{"0":"post-1827","1":"product","2":"type-product","3":"status-publish","4":"has-post-thumbnail","6":"product_cat-auto-screen-printer","7":"product_tag-automatic","8":"product_tag-screen-printer","10":"first","11":"instock","12":"shipping-taxable","13":"product-type-simple"},"acf":[],"_links":{"self":[{"href":"https:\/\/apmprint.com\/fr\/wp-json\/wp\/v2\/product\/1827","targetHints":{"allow":["GET"]}}],"collection":[{"href":"https:\/\/apmprint.com\/fr\/wp-json\/wp\/v2\/product"}],"about":[{"href":"https:\/\/apmprint.com\/fr\/wp-json\/wp\/v2\/types\/product"}],"wp:featuredmedia":[{"embeddable":true,"href":"https:\/\/apmprint.com\/fr\/wp-json\/wp\/v2\/media\/1834"}],"wp:attachment":[{"href":"https:\/\/apmprint.com\/fr\/wp-json\/wp\/v2\/media?parent=1827"}],"wp:term":[{"taxonomy":"product_brand","embeddable":true,"href":"https:\/\/apmprint.com\/fr\/wp-json\/wp\/v2\/product_brand?post=1827"},{"taxonomy":"product_cat","embeddable":true,"href":"https:\/\/apmprint.com\/fr\/wp-json\/wp\/v2\/product_cat?post=1827"},{"taxonomy":"product_tag","embeddable":true,"href":"https:\/\/apmprint.com\/fr\/wp-json\/wp\/v2\/product_tag?post=1827"}],"curies":[{"name":"wp","href":"https:\/\/api.w.org\/{rel}","templated":true}]}}