{"id":1835,"date":"2023-12-21T09:32:12","date_gmt":"2023-12-21T09:32:12","guid":{"rendered":"https:\/\/apmprint.com\/?post_type=product&#038;p=1835"},"modified":"2024-01-03T01:23:33","modified_gmt":"2024-01-03T01:23:33","slug":"apm-s104m-automatic-multi-color-screen-printer-with-led-and-uv-drying","status":"publish","type":"product","link":"https:\/\/apmprint.com\/fr\/produit\/apm-s104m-automatic-multi-color-screen-printer-with-led-and-uv-drying\/","title":{"rendered":"S\u00e9rigraphie automatique CNC 3 couleurs S104M"},"content":{"rendered":"<p>Gr\u00e2ce \u00e0 l'int\u00e9gration des meilleurs et des plus brillants, Shenzhen Hejia Automatic Printing Machine Co. trouve qu'il est plus facile et plus efficace de d\u00e9velopper des produits sur une base r\u00e9guli\u00e8re. La machine de s\u00e9rigraphie automatique 3 couleurs pour bouteilles et gobelets S104M est le r\u00e9sultat le plus r\u00e9cent combinant tous les efforts et la sagesse de nos employ\u00e9s. La machine de s\u00e9rigraphie automatique S104M 3 couleurs pour bouteilles et gobelets permet \u00e0 l'entreprise d'accro\u00eetre sa part de march\u00e9, de renforcer sa comp\u00e9titivit\u00e9 et d'am\u00e9liorer sa visibilit\u00e9. \u00c0 l'avenir, Shenzhen Hejia Automatic Printing Machine Co. ouvrira des canaux d'introduction de talents et am\u00e9liorera les capacit\u00e9s d'innovation technologique en introduisant davantage de talents exceptionnels en tant que soutien intellectuel, afin de parvenir \u00e0 un d\u00e9veloppement meilleur et plus rapide.<\/p>\n<div class=\"rich-text-table\">\n<table>\n<tbody>\n<tr>\n<td>Type de plaque :<\/td>\n<td>S\u00e9rigraphie<\/td>\n<td>Industries concern\u00e9es :<\/td>\n<td>Usine de fabrication, usine de produits alimentaires et de boissons, imprimerie, entreprise de publicit\u00e9, entreprise de fabrication de bouteilles, entreprise d'emballage<\/td>\n<\/tr>\n<tr>\n<td>\u00c9tat :<\/td>\n<td>Nouveau<\/td>\n<td>Lieu d'origine :<\/td>\n<td>Guangdong, Chine<\/td>\n<\/tr>\n<tr>\n<td>Nom de marque :<\/td>\n<td>APM<\/td>\n<td>Utilisation :<\/td>\n<td>impression de bouteilles et gobelets cylindriques en verre\/plastique\/m\u00e9tal<\/td>\n<\/tr>\n<tr>\n<td>Automatique Grade :<\/td>\n<td>Automatique<\/td>\n<td>Couleur et page :<\/td>\n<td>couleur unique<\/td>\n<\/tr>\n<tr>\n<td>Tension :<\/td>\n<td>380V, 50\/60HZ<\/td>\n<td>Dimensions (L*L*H) :<\/td>\n<td>1908x1000x1500mm<\/td>\n<\/tr>\n<tr>\n<td>Poids :<\/td>\n<td>1500 KG<\/td>\n<td>Certification :<\/td>\n<td>Certification CE<\/td>\n<\/tr>\n<tr>\n<td>Garantie :<\/td>\n<td>1 an<\/td>\n<td>Service apr\u00e8s-vente assur\u00e9 :<\/td>\n<td>Assistance en ligne, pi\u00e8ces de rechange gratuites, installation, mise en service et formation sur le terrain, service de maintenance et de r\u00e9paration sur le terrain, assistance technique vid\u00e9o, ing\u00e9nieurs disponibles pour entretenir les machines \u00e0 l'\u00e9tranger.<\/td>\n<\/tr>\n<tr>\n<td>Principaux arguments de vente :<\/td>\n<td>Facile \u00e0 utiliser<\/td>\n<td>Rapport d'essai des machines :<\/td>\n<td>Fourni<\/td>\n<\/tr>\n<tr>\n<td>Inspection vid\u00e9o de sortie :<\/td>\n<td>Fourni<\/td>\n<td>Garantie des composants de base :<\/td>\n<td>1 an<\/td>\n<\/tr>\n<tr>\n<td>Composantes essentielles :<\/td>\n<td>Moteur, PLC<\/td>\n<td>Nom du produit :<\/td>\n<td><a class=\"keyword_link font-color\" title=\"Machine de s\u00e9rigraphie automatique\" href=\"https:\/\/www.apmprinter.com\/products-66975\" target=\"_blank\" rel=\"noopener\">Machine de s\u00e9rigraphie automatique<\/a>\u00a0pour bouteilles et gobelets en m\u00e9tal<\/td>\n<\/tr>\n<tr>\n<td>Application :<\/td>\n<td>Imprimante de bouteilles, imprimante de gobelets<\/td>\n<td>Couleur d'impression :<\/td>\n<td>Multicolore<\/td>\n<\/tr>\n<tr>\n<td>Vitesse d'impression :<\/td>\n<td>400-600pcs\/H<\/td>\n<td>Taille d'impression maximale :<\/td>\n<td>dia.100mm<\/td>\n<\/tr>\n<tr>\n<td>S\u00e8che-linge :<\/td>\n<td>S\u00e9cheur UV<\/td>\n<td>Type :<\/td>\n<td>Machine de s\u00e9rigraphie<\/td>\n<\/tr>\n<tr>\n<td>Type d'impression :<\/td>\n<td>Machine de s\u00e9rigraphie automatique<\/td>\n<td>Fonctionnement :<\/td>\n<td>Fonctionnement simple<\/td>\n<\/tr>\n<\/tbody>\n<\/table>\n<\/div>\n<p>&nbsp;<\/p>\n<p>Description g\u00e9n\u00e9rale :<\/p>\n<p>1. enregistrement du servomoteur.<br \/>\n2. tapis de chargement automatique (alimentateur \u00e0 grand bol en option avec suppl\u00e9ment de prix)<br \/>\n3. traitement automatique \u00e0 la flamme<br \/>\n4. d\u00e9chargement automatique.<br \/>\n5. il est facile de changer de produit.<br \/>\n6. peut imprimer en plusieurs couleurs sur des bouteilles cylindriques sans point de rep\u00e9rage des couleurs.<br \/>\n7. s\u00e9chage par LED et UV<br \/>\n8. option de s\u00e9curit\u00e9 avec norme CE.<br \/>\n9. marquage \u00e0 chaud en option<\/p>\n<p>&nbsp;<\/p>\n<p><strong>Application :<\/strong><\/p>\n<p>Diff\u00e9rentes formes de produits. (Principalement ronds, autres formes en option)<\/p>\n<p>Il est capable d'imprimer en plusieurs couleurs sur des conteneurs sans point de rep\u00e9rage des couleurs.<\/p>\n<p>&nbsp;<\/p>\n<p><strong>Donn\u00e9es techniques<\/strong><\/p>\n<table>\n<tbody>\n<tr>\n<td>Forme du produit<\/td>\n<td>Ronde, autres formes facultatives<\/td>\n<\/tr>\n<tr>\n<td>Taille d'impression<\/td>\n<td>Diam\u00e8tre maximal de 100 mm<\/td>\n<\/tr>\n<tr>\n<td>Longueur d'impression<\/td>\n<td>Longueur maximale 300 mm<\/td>\n<\/tr>\n<tr>\n<td>Vitesse d'impression<\/td>\n<td>200-900pcs \/ hr<\/td>\n<\/tr>\n<tr>\n<td>Alimentation \u00e9lectrique<\/td>\n<td>380V triphas\u00e9 50Hz 7kw<\/td>\n<\/tr>\n<tr>\n<td>Consommation d'air<\/td>\n<td>5-7bar<\/td>\n<\/tr>\n<\/tbody>\n<\/table>\n<p>&nbsp;<\/p>\n<p><strong>Principaux composants du S104M :<\/strong><\/p>\n<table>\n<tbody>\n<tr>\n<td width=\"158\">SYST\u00c8MES DE CONTR\u00d4LE<\/td>\n<td width=\"172\">YASKAMA PLC<\/td>\n<td width=\"196\">JAPON<\/td>\n<\/tr>\n<tr>\n<td width=\"158\">\u00c9CRAN TACTILE<\/td>\n<td width=\"172\">WEINVIEW<\/td>\n<td width=\"196\">TAIWAN<\/td>\n<\/tr>\n<tr>\n<td width=\"158\">SYST\u00c8MES SERVO<\/td>\n<td width=\"172\">YASKAMA<\/td>\n<td width=\"196\">JAPON<\/td>\n<\/tr>\n<tr>\n<td width=\"158\">INVERSEUR<\/td>\n<td width=\"172\">PANASONIC<\/td>\n<td width=\"196\">JAPON<\/td>\n<\/tr>\n<tr>\n<td width=\"158\">PI\u00c8CES \u00c9LECTRIQUES<\/td>\n<td width=\"172\">OMRON\/SCHNEIDER\/MALADIE<\/td>\n<td width=\"196\">JAPON\/FRANCE\/ALLEMAGNE<\/td>\n<\/tr>\n<tr>\n<td width=\"158\">PI\u00c8CES PNEUMATIQUES<\/td>\n<td width=\"172\">SMC\/AIRTAC<\/td>\n<td width=\"196\">JAPON\/Ta\u00efwan<\/td>\n<\/tr>\n<\/tbody>\n<\/table>\n<p>&nbsp;<\/p>\n<p>&nbsp;<\/p>\n<p><img loading=\"lazy\" decoding=\"async\" class=\"wp-image-1836\" src=\"http:\/\/apmprint.com\/wp-content\/uploads\/2023\/12\/xx.jpg\" alt=\"apm s104m automatic multi color screen printer with led and uv drying\" width=\"1018\" height=\"461\" srcset=\"https:\/\/apmprint.com\/wp-content\/uploads\/2023\/12\/xx.jpg 800w, https:\/\/apmprint.com\/wp-content\/uploads\/2023\/12\/xx-300x136.jpg 300w, https:\/\/apmprint.com\/wp-content\/uploads\/2023\/12\/xx-768x348.jpg 768w, https:\/\/apmprint.com\/wp-content\/uploads\/2023\/12\/xx-18x8.jpg 18w, https:\/\/apmprint.com\/wp-content\/uploads\/2023\/12\/xx-600x272.jpg 600w\" sizes=\"auto, (max-width: 1018px) 100vw, 1018px\" \/><\/p>\n<p><strong>Prix<\/strong>: FOB Shenzhen 3 couleurs avec flamme et LED \u00a0\u00a0<strong>56 USD<\/strong><strong>000<\/strong><\/p>\n<p>FOB Shenzhen 3 couleurs avec flamme et s\u00e9chage UV \u00a0\u00a0\u00a0<strong>62 USD<\/strong><strong>000<\/strong><\/p>\n<p><strong>En option : <\/strong><\/p>\n<p>Tapis de d\u00e9chargement long automatique plac\u00e9 \u00e0 l'int\u00e9rieur de la machine pour acc\u00e9l\u00e9rer l'impression 1\/2 couleur, avec programme de mise \u00e0 jour et configuration m\u00e9canique, table de d\u00e9chargement automatique pour inspecter la qualit\u00e9 de l'impression : 2000 USD<\/p>\n<figure id=\"attachment_1837\" aria-describedby=\"caption-attachment-1837\" style=\"width: 800px\" class=\"wp-caption alignnone\"><img loading=\"lazy\" decoding=\"async\" class=\"size-full wp-image-1837\" src=\"http:\/\/apmprint.com\/wp-content\/uploads\/2023\/12\/1-2.jpg\" alt=\"apm s104m automatic multi color screen printer with led and uv drying\" width=\"800\" height=\"236\" srcset=\"https:\/\/apmprint.com\/wp-content\/uploads\/2023\/12\/1-2.jpg 800w, https:\/\/apmprint.com\/wp-content\/uploads\/2023\/12\/1-2-300x89.jpg 300w, https:\/\/apmprint.com\/wp-content\/uploads\/2023\/12\/1-2-768x227.jpg 768w, https:\/\/apmprint.com\/wp-content\/uploads\/2023\/12\/1-2-18x5.jpg 18w, https:\/\/apmprint.com\/wp-content\/uploads\/2023\/12\/1-2-600x177.jpg 600w\" sizes=\"auto, (max-width: 800px) 100vw, 800px\" \/><figcaption id=\"caption-attachment-1837\" class=\"wp-caption-text\">Accessoires suppl\u00e9mentaires : 500 USD\/set<br \/>Consommables et pi\u00e8ces de rechange suppl\u00e9mentaires : un devis sera \u00e9tabli avant la livraison de la machine.<br \/><strong>Livraison :<\/strong>\u00a050 jours ouvrables apr\u00e8s r\u00e9ception des \u00e9chantillons et du d\u00e9p\u00f4t<br \/><strong>Conditions de paiement : <\/strong>30% d\u00e9p\u00f4t, 70% T\/T avant exp\u00e9dition<br \/><strong>Garantie :<\/strong>\u00a0un an<br \/><strong>Assemblage et formation :<\/strong>\u00a0Si n\u00e9cessaire, le fabricant enverra un ing\u00e9nieur dans l'usine de l'acheteur pour installer la machine et former les op\u00e9rateurs. L'acheteur prend en charge les billets d'avion, la nourriture et l'h\u00f4tel, ainsi que les frais de main-d'\u0153uvre (160 USD\/jour).<\/figcaption><\/figure>\n<p>&nbsp;<\/p>\n<p><strong>\u00c9chantillons :<\/strong><\/p>\n<p><img loading=\"lazy\" decoding=\"async\" class=\"size-full wp-image-1838\" src=\"http:\/\/apmprint.com\/wp-content\/uploads\/2023\/12\/s-28.jpg\" alt=\"apm s104m automatic multi color screen printer with led and uv drying\" width=\"800\" height=\"800\" srcset=\"https:\/\/apmprint.com\/wp-content\/uploads\/2023\/12\/s-28.jpg 800w, https:\/\/apmprint.com\/wp-content\/uploads\/2023\/12\/s-28-300x300.jpg 300w, https:\/\/apmprint.com\/wp-content\/uploads\/2023\/12\/s-28-150x150.jpg 150w, https:\/\/apmprint.com\/wp-content\/uploads\/2023\/12\/s-28-768x768.jpg 768w, https:\/\/apmprint.com\/wp-content\/uploads\/2023\/12\/s-28-12x12.jpg 12w, https:\/\/apmprint.com\/wp-content\/uploads\/2023\/12\/s-28-600x600.jpg 600w, https:\/\/apmprint.com\/wp-content\/uploads\/2023\/12\/s-28-100x100.jpg 100w\" sizes=\"auto, (max-width: 800px) 100vw, 800px\" \/><\/p>\n<p><img loading=\"lazy\" decoding=\"async\" class=\"size-full wp-image-1967\" src=\"http:\/\/apmprint.com\/wp-content\/uploads\/2023\/12\/\u4ecb\u7ecd1.jpg\" alt=\"ss106 2 color automatic printing machine\" width=\"750\" height=\"1500\" srcset=\"https:\/\/apmprint.com\/wp-content\/uploads\/2023\/12\/\u4ecb\u7ecd1.jpg 750w, https:\/\/apmprint.com\/wp-content\/uploads\/2023\/12\/\u4ecb\u7ecd1-150x300.jpg 150w, https:\/\/apmprint.com\/wp-content\/uploads\/2023\/12\/\u4ecb\u7ecd1-512x1024.jpg 512w, https:\/\/apmprint.com\/wp-content\/uploads\/2023\/12\/\u4ecb\u7ecd1-6x12.jpg 6w, https:\/\/apmprint.com\/wp-content\/uploads\/2023\/12\/\u4ecb\u7ecd1-600x1200.jpg 600w\" sizes=\"auto, (max-width: 750px) 100vw, 750px\" \/><\/p>\n<p><img loading=\"lazy\" decoding=\"async\" class=\"size-full wp-image-1968\" src=\"http:\/\/apmprint.com\/wp-content\/uploads\/2023\/12\/\u4ecb\u7ecd2.jpg\" alt=\"ss106 2 color automatic printing machine\" width=\"750\" height=\"1020\" srcset=\"https:\/\/apmprint.com\/wp-content\/uploads\/2023\/12\/\u4ecb\u7ecd2.jpg 750w, https:\/\/apmprint.com\/wp-content\/uploads\/2023\/12\/\u4ecb\u7ecd2-221x300.jpg 221w, https:\/\/apmprint.com\/wp-content\/uploads\/2023\/12\/\u4ecb\u7ecd2-9x12.jpg 9w, https:\/\/apmprint.com\/wp-content\/uploads\/2023\/12\/\u4ecb\u7ecd2-600x816.jpg 600w\" sizes=\"auto, (max-width: 750px) 100vw, 750px\" \/><\/p>\n<figure id=\"attachment_1969\" aria-describedby=\"caption-attachment-1969\" style=\"width: 750px\" class=\"wp-caption alignnone\"><img loading=\"lazy\" decoding=\"async\" class=\"size-full wp-image-1969\" src=\"http:\/\/apmprint.com\/wp-content\/uploads\/2023\/12\/\u4ecb\u7ecd3.jpg\" alt=\"ss106 2 color automatic printing machine\" width=\"750\" height=\"1072\" srcset=\"https:\/\/apmprint.com\/wp-content\/uploads\/2023\/12\/\u4ecb\u7ecd3.jpg 750w, https:\/\/apmprint.com\/wp-content\/uploads\/2023\/12\/\u4ecb\u7ecd3-210x300.jpg 210w, https:\/\/apmprint.com\/wp-content\/uploads\/2023\/12\/\u4ecb\u7ecd3-716x1024.jpg 716w, https:\/\/apmprint.com\/wp-content\/uploads\/2023\/12\/\u4ecb\u7ecd3-8x12.jpg 8w, https:\/\/apmprint.com\/wp-content\/uploads\/2023\/12\/\u4ecb\u7ecd3-600x858.jpg 600w\" sizes=\"auto, (max-width: 750px) 100vw, 750px\" \/><figcaption id=\"caption-attachment-1969\" class=\"wp-caption-text\">Machine d'impression automatique 2 couleurs ss106<\/figcaption><\/figure>\n<p>&nbsp;<\/p>","protected":false},"excerpt":{"rendered":"<p>S104M Machine de s\u00e9rigraphie automatique 3 couleurs pour bouteilles et gobelets L'impression peut am\u00e9liorer la comp\u00e9titivit\u00e9 de l'entreprise et l'aider \u00e0 s'implanter solidement dans l'environnement hautement concurrentiel d'aujourd'hui et \u00e0 se d\u00e9velopper r\u00e9guli\u00e8rement et \u00e0 grande vitesse.Nous adoptons une vari\u00e9t\u00e9 de technologies dans la production.Le produit a obtenu des commentaires favorables unanimes de la part du march\u00e9.<\/p>\n<p><strong><b>Num\u00e9ro de mod\u00e8le<\/b><\/strong>: S104M-3<\/p>\n<p><strong><b>Puissance brute<\/b><\/strong>: 3,5KW<\/p>\n<p><strong><b>exp\u00e9dition<\/b><\/strong>: Fret maritime express \/ Fret terrestre \/ Fret a\u00e9rien<\/p>\n<p><strong><b>Personnalisation<\/b><\/strong>: Logo personnalis\u00e9 (Commande min. : 5 sets) , Emballage personnalis\u00e9 (Commande min. : 5 sets) , Personnalisation graphique (Commande min. : 5 sets)<\/p>","protected":false},"featured_media":1840,"template":"","meta":{"_acf_changed":false,"_seopress_robots_primary_cat":"none","_seopress_titles_title":"","_seopress_titles_desc":"","_seopress_robots_index":""},"product_brand":[],"product_cat":[29,31],"product_tag":[75,84,57,78,69],"class_list":{"0":"post-1835","1":"product","2":"type-product","3":"status-publish","4":"has-post-thumbnail","6":"product_cat-all-servo-printing-machine-cnc","7":"product_cat-auto-screen-printer","8":"product_tag-automatic","9":"product_tag-jar","10":"product_tag-plastic-bottles","11":"product_tag-screen-printer","12":"product_tag-servo","14":"first","15":"instock","16":"shipping-taxable","17":"product-type-simple"},"acf":[],"_links":{"self":[{"href":"https:\/\/apmprint.com\/fr\/wp-json\/wp\/v2\/product\/1835","targetHints":{"allow":["GET"]}}],"collection":[{"href":"https:\/\/apmprint.com\/fr\/wp-json\/wp\/v2\/product"}],"about":[{"href":"https:\/\/apmprint.com\/fr\/wp-json\/wp\/v2\/types\/product"}],"wp:featuredmedia":[{"embeddable":true,"href":"https:\/\/apmprint.com\/fr\/wp-json\/wp\/v2\/media\/1840"}],"wp:attachment":[{"href":"https:\/\/apmprint.com\/fr\/wp-json\/wp\/v2\/media?parent=1835"}],"wp:term":[{"taxonomy":"product_brand","embeddable":true,"href":"https:\/\/apmprint.com\/fr\/wp-json\/wp\/v2\/product_brand?post=1835"},{"taxonomy":"product_cat","embeddable":true,"href":"https:\/\/apmprint.com\/fr\/wp-json\/wp\/v2\/product_cat?post=1835"},{"taxonomy":"product_tag","embeddable":true,"href":"https:\/\/apmprint.com\/fr\/wp-json\/wp\/v2\/product_tag?post=1835"}],"curies":[{"name":"wp","href":"https:\/\/api.w.org\/{rel}","templated":true}]}}