{"id":1844,"date":"2023-12-21T09:43:32","date_gmt":"2023-12-21T09:43:32","guid":{"rendered":"https:\/\/apmprint.com\/?post_type=product&#038;p=1844"},"modified":"2024-01-03T01:30:30","modified_gmt":"2024-01-03T01:30:30","slug":"s106-multi-color-automatic-screen-printing-machine-for-round-bottles","status":"publish","type":"product","link":"https:\/\/apmprint.com\/fr\/produit\/s106-multi-color-automatic-screen-printing-machine-for-round-bottles\/","title":{"rendered":"Machine de s\u00e9rigraphie automatique multicolore S106 pour bouteilles rondes"},"content":{"rendered":"<p><strong>Application :<\/strong><br \/>\nCon\u00e7u pour la d\u00e9coration multicolore de <strong>cylindrique <\/strong><strong>bouteilles en verre\/plastique<\/strong><strong>\u00a0<\/strong>\u00e0 des vitesses de production \u00e9lev\u00e9es. Il est principalement utilis\u00e9 pour l'impression de bouteilles de vin. Il convient pour <strong>verre <\/strong>l'impression de conteneurs avec <strong>encre thermoplastique ou bouteille en plastique avec encre UV<\/strong>.<\/p>\n<p><strong>Description :<\/strong><\/p>\n<p>Tapis de chargement automatique.<\/p>\n<p>Traitement automatique \u00e0 la flamme en option<\/p>\n<p><strong>Pr\u00e9-enregistrement m\u00e9canique automatique lorsqu'il y a un point d'enregistrement dans le fond (veuillez nous en informer avant de confirmer la commande).<\/strong><\/p>\n<p>Impression 3 couleurs en 1 processus<\/p>\n<p>Syst\u00e8me \u00e0 entra\u00eenement m\u00e9canique<\/p>\n<p>Pas de produit, pas de fonction d'impression<\/p>\n<p>D\u00e9chargement automatique<\/p>\n<p>Contr\u00f4le PLC avec \u00e9cran tactile<\/p>\n<p>&nbsp;<\/p>\n<p><strong>Remarques :<\/strong><\/p>\n<p>Langue : Chinois, anglais<\/p>\n<p>&nbsp;<\/p>\n<p><strong>Donn\u00e9es techniques<\/strong><\/p>\n<table>\n<tbody>\n<tr>\n<td width=\"43.1200%\">Param\u00e8tre \\NPoste<\/td>\n<td width=\"56.8600%\">S106<\/td>\n<\/tr>\n<tr>\n<td width=\"43.1200%\">Puissance<\/td>\n<td width=\"56.8600%\">380VAC 3Phases 50\/60Hz<\/td>\n<\/tr>\n<tr>\n<td width=\"43.1200%\">Consommation d'air<\/td>\n<td width=\"56.8600%\">5-7 barres<\/td>\n<\/tr>\n<tr>\n<td width=\"43.1200%\">Vitesse d'impression<\/td>\n<td width=\"56.8600%\">Environ 30 pi\u00e8ces\/min<\/td>\n<\/tr>\n<tr>\n<td width=\"43.1200%\">Diam\u00e8tre d'impression<\/td>\n<td width=\"56.8600%\">25-100mm<\/td>\n<\/tr>\n<tr>\n<td width=\"43.1200%\">Longueur d'impression<\/td>\n<td width=\"56.8600%\">50-300mm<\/td>\n<\/tr>\n<\/tbody>\n<\/table>\n<p>&nbsp;<\/p>\n<p><strong>\u00c9chantillons :<\/strong><\/p>\n<p><img loading=\"lazy\" decoding=\"async\" class=\"size-full wp-image-1845\" src=\"http:\/\/apmprint.com\/wp-content\/uploads\/2023\/12\/s-29.jpg\" alt=\"s106 multi color automatic screen printing machine for round bottles\" width=\"800\" height=\"800\" srcset=\"https:\/\/apmprint.com\/wp-content\/uploads\/2023\/12\/s-29.jpg 800w, https:\/\/apmprint.com\/wp-content\/uploads\/2023\/12\/s-29-300x300.jpg 300w, https:\/\/apmprint.com\/wp-content\/uploads\/2023\/12\/s-29-150x150.jpg 150w, https:\/\/apmprint.com\/wp-content\/uploads\/2023\/12\/s-29-768x768.jpg 768w, https:\/\/apmprint.com\/wp-content\/uploads\/2023\/12\/s-29-12x12.jpg 12w, https:\/\/apmprint.com\/wp-content\/uploads\/2023\/12\/s-29-600x600.jpg 600w, https:\/\/apmprint.com\/wp-content\/uploads\/2023\/12\/s-29-100x100.jpg 100w\" sizes=\"auto, (max-width: 800px) 100vw, 800px\" \/><\/p>\n<p>&nbsp;<\/p>","protected":false},"excerpt":{"rendered":"<p>Application: Designed for multi colours decoration of cylindrical glass\/plastic bottles\u00a0at high production speeds. Mostly used for wine bottles printing. It is suitable for glass containers printing with thermoplastic ink or plastic bottle with UV ink. Description: Automatic loading belt. Auto flame treatment optional Auto mechanical pre-registration when there is registration point in the bottom..(please inform [&hellip;]<\/p>","protected":false},"featured_media":1846,"template":"","meta":{"_acf_changed":false,"_seopress_robots_primary_cat":"none","_seopress_titles_title":"","_seopress_titles_desc":"","_seopress_robots_index":""},"product_brand":[],"product_cat":[31,33],"product_tag":[75,78],"class_list":{"0":"post-1844","1":"product","2":"type-product","3":"status-publish","4":"has-post-thumbnail","6":"product_cat-auto-screen-printer","7":"product_cat-glass-bottle-printer","8":"product_tag-automatic","9":"product_tag-screen-printer","11":"first","12":"instock","13":"shipping-taxable","14":"product-type-simple"},"acf":[],"_links":{"self":[{"href":"https:\/\/apmprint.com\/fr\/wp-json\/wp\/v2\/product\/1844","targetHints":{"allow":["GET"]}}],"collection":[{"href":"https:\/\/apmprint.com\/fr\/wp-json\/wp\/v2\/product"}],"about":[{"href":"https:\/\/apmprint.com\/fr\/wp-json\/wp\/v2\/types\/product"}],"wp:featuredmedia":[{"embeddable":true,"href":"https:\/\/apmprint.com\/fr\/wp-json\/wp\/v2\/media\/1846"}],"wp:attachment":[{"href":"https:\/\/apmprint.com\/fr\/wp-json\/wp\/v2\/media?parent=1844"}],"wp:term":[{"taxonomy":"product_brand","embeddable":true,"href":"https:\/\/apmprint.com\/fr\/wp-json\/wp\/v2\/product_brand?post=1844"},{"taxonomy":"product_cat","embeddable":true,"href":"https:\/\/apmprint.com\/fr\/wp-json\/wp\/v2\/product_cat?post=1844"},{"taxonomy":"product_tag","embeddable":true,"href":"https:\/\/apmprint.com\/fr\/wp-json\/wp\/v2\/product_tag?post=1844"}],"curies":[{"name":"wp","href":"https:\/\/api.w.org\/{rel}","templated":true}]}}