{"id":1847,"date":"2023-12-21T09:52:01","date_gmt":"2023-12-21T09:52:01","guid":{"rendered":"https:\/\/apmprint.com\/?post_type=product&#038;p=1847"},"modified":"2023-12-21T09:54:29","modified_gmt":"2023-12-21T09:54:29","slug":"s107-automatic-screen-printing-machine","status":"publish","type":"product","link":"https:\/\/apmprint.com\/fr\/produit\/s107-automatic-screen-printing-machine\/","title":{"rendered":"S107 Machine automatique de s\u00e9rigraphie"},"content":{"rendered":"<p><strong>Application<\/strong><strong>:<\/strong><\/p>\n<p>La S107 est con\u00e7ue pour la s\u00e9rigraphie de capuchons cylindriques, de rouges \u00e0 l\u00e8vres ou d'\u00e9tuis de stylos.<\/p>\n<p>Elle est capable d'imprimer en plusieurs couleurs sans point de rep\u00e9rage des couleurs.<\/p>\n<p>&nbsp;<\/p>\n<p><strong>Donn\u00e9es techniques :<\/strong><\/p>\n<table>\n<tbody>\n<tr>\n<td width=\"284\">Max. Vitesse<\/td>\n<td width=\"284\">3000pcs\/h<\/td>\n<\/tr>\n<tr>\n<td width=\"284\">diam\u00e8tre du bouchon<\/td>\n<td width=\"284\">\u03a615-34mm<\/td>\n<\/tr>\n<tr>\n<td width=\"284\">Longueur du capuchon<\/td>\n<td width=\"284\">25-60mm<\/td>\n<\/tr>\n<tr>\n<td width=\"284\">Diam\u00e8tre de la bouteille<\/td>\n<td width=\"284\">\u03a620-65 mm<\/td>\n<\/tr>\n<tr>\n<td width=\"284\">Hauteur de la bouteille<\/td>\n<td width=\"284\">25-150 mm<\/td>\n<\/tr>\n<\/tbody>\n<\/table>\n<p>&nbsp;<\/p>\n<p><strong>Remarque :<\/strong><\/p>\n<p>La t\u00eate de s\u00e9rigraphie peut \u00eatre transform\u00e9e en t\u00eate de marquage \u00e0 chaud pour devenir une machine de marquage \u00e0 chaud ou une machine de s\u00e9rigraphie et de marquage \u00e0 chaud.<\/p>\n<p>Imprimante \u00e0 \u00e9cran S107<\/p>\n<p>Machine de marquage \u00e0 chaud H107<\/p>\n<p>\u00c9cran SH107 et machine de marquage \u00e0 chaud<\/p>\n<p>&nbsp;<\/p>\n<p><strong>\u00c9chantillons :<\/strong><\/p>\n<p><img loading=\"lazy\" decoding=\"async\" class=\"size-full wp-image-1848\" src=\"http:\/\/apmprint.com\/wp-content\/uploads\/2023\/12\/s-30.jpg\" alt=\"s107 automatic screen printing machine\" width=\"800\" height=\"253\" srcset=\"https:\/\/apmprint.com\/wp-content\/uploads\/2023\/12\/s-30.jpg 800w, https:\/\/apmprint.com\/wp-content\/uploads\/2023\/12\/s-30-300x95.jpg 300w, https:\/\/apmprint.com\/wp-content\/uploads\/2023\/12\/s-30-768x243.jpg 768w, https:\/\/apmprint.com\/wp-content\/uploads\/2023\/12\/s-30-18x6.jpg 18w, https:\/\/apmprint.com\/wp-content\/uploads\/2023\/12\/s-30-600x190.jpg 600w\" sizes=\"auto, (max-width: 800px) 100vw, 800px\" \/><\/p>","protected":false},"excerpt":{"rendered":"<p>Description :<br \/>\n1. tapis de chargement automatique<br \/>\n2. traitement automatique \u00e0 la flamme<br \/>\n3. transmission en cha\u00eene<br \/>\n4. pas de produit pas de fonction d'impression<br \/>\n5. syst\u00e8me de s\u00e9chage UV \u00e0 LED avec une dur\u00e9e de vie plus longue et une \u00e9conomie d'\u00e9nergie, syst\u00e8me UV \u00e9lectrique en option.<br \/>\n6. contr\u00f4le PLC fiable avec \u00e9cran tactile<br \/>\n7. d\u00e9chargement automatique.<br \/>\n8. s\u00e9curit\u00e9 de fonctionnement conforme \u00e0 la norme CE.<\/p>","protected":false},"featured_media":1849,"template":"","meta":{"_acf_changed":false,"_seopress_robots_primary_cat":"none","_seopress_titles_title":"","_seopress_titles_desc":"","_seopress_robots_index":""},"product_brand":[],"product_cat":[31],"product_tag":[75,78],"class_list":{"0":"post-1847","1":"product","2":"type-product","3":"status-publish","4":"has-post-thumbnail","6":"product_cat-auto-screen-printer","7":"product_tag-automatic","8":"product_tag-screen-printer","10":"first","11":"instock","12":"shipping-taxable","13":"product-type-simple"},"acf":[],"_links":{"self":[{"href":"https:\/\/apmprint.com\/fr\/wp-json\/wp\/v2\/product\/1847","targetHints":{"allow":["GET"]}}],"collection":[{"href":"https:\/\/apmprint.com\/fr\/wp-json\/wp\/v2\/product"}],"about":[{"href":"https:\/\/apmprint.com\/fr\/wp-json\/wp\/v2\/types\/product"}],"wp:featuredmedia":[{"embeddable":true,"href":"https:\/\/apmprint.com\/fr\/wp-json\/wp\/v2\/media\/1849"}],"wp:attachment":[{"href":"https:\/\/apmprint.com\/fr\/wp-json\/wp\/v2\/media?parent=1847"}],"wp:term":[{"taxonomy":"product_brand","embeddable":true,"href":"https:\/\/apmprint.com\/fr\/wp-json\/wp\/v2\/product_brand?post=1847"},{"taxonomy":"product_cat","embeddable":true,"href":"https:\/\/apmprint.com\/fr\/wp-json\/wp\/v2\/product_cat?post=1847"},{"taxonomy":"product_tag","embeddable":true,"href":"https:\/\/apmprint.com\/fr\/wp-json\/wp\/v2\/product_tag?post=1847"}],"curies":[{"name":"wp","href":"https:\/\/api.w.org\/{rel}","templated":true}]}}