{"id":1850,"date":"2023-12-21T09:55:28","date_gmt":"2023-12-21T09:55:28","guid":{"rendered":"https:\/\/apmprint.com\/?post_type=product&#038;p=1850"},"modified":"2023-12-21T09:58:12","modified_gmt":"2023-12-21T09:58:12","slug":"auto-screen-printer-s275","status":"publish","type":"product","link":"https:\/\/apmprint.com\/fr\/produit\/auto-screen-printer-s275\/","title":{"rendered":"S\u00e9rigraphie automatique S275"},"content":{"rendered":"<p><strong>Application :<\/strong><\/p>\n<p>Ligne automatique de s\u00e9rigraphie multicolore pour conteneurs carr\u00e9s<\/p>\n<p>&nbsp;<\/p>\n<p><strong>Tech-Data :<\/strong><\/p>\n<p><strong>Vitesse :<\/strong><strong>\u00a0<\/strong>25~35pcs\/min.<\/p>\n<p>&nbsp;<\/p>\n<p><strong>Plat\/Carr\u00e9 : S275F<\/strong><\/p>\n<p>Dimensions maximales du produit : 240(L)x 300(H )mm<br \/>\nSurface d'impression maximale : 120(L)x200(H )mm<\/p>\n<p>&nbsp;<\/p>\n<p><strong>Rond :<\/strong><\/p>\n<p>Taille maximale du produit rond : 200(\u03a6)x 300(H )mm<br \/>\nSurface d'impression maximale : 600(L)x230(H )mm<\/p>\n<p>&nbsp;<\/p>\n<p><strong>Proc\u00e9dure :<\/strong><\/p>\n<p>Chargement automatique sur tapis, traitement \u00e0 la flamme, impression, s\u00e9chage UV \u00e9lectrique, d\u00e9chargement automatique.<\/p>\n<p>&nbsp;<\/p>\n<p><strong>\u00c9chantillons :<\/strong><\/p>\n<p><img loading=\"lazy\" decoding=\"async\" class=\"size-full wp-image-1848\" src=\"http:\/\/apmprint.com\/wp-content\/uploads\/2023\/12\/s-30.jpg\" alt=\"s107 automatic screen printing machine\" width=\"800\" height=\"253\" srcset=\"https:\/\/apmprint.com\/wp-content\/uploads\/2023\/12\/s-30.jpg 800w, https:\/\/apmprint.com\/wp-content\/uploads\/2023\/12\/s-30-300x95.jpg 300w, https:\/\/apmprint.com\/wp-content\/uploads\/2023\/12\/s-30-768x243.jpg 768w, https:\/\/apmprint.com\/wp-content\/uploads\/2023\/12\/s-30-18x6.jpg 18w, https:\/\/apmprint.com\/wp-content\/uploads\/2023\/12\/s-30-600x190.jpg 600w\" sizes=\"auto, (max-width: 800px) 100vw, 800px\" \/><\/p>","protected":false},"excerpt":{"rendered":"<p>Description g\u00e9n\u00e9rale :<br \/>\n1. syst\u00e8me de chargement automatique par courroie<br \/>\n2. traitement automatique \u00e0 la flamme<br \/>\n3. syst\u00e8me de transmission parfait. Il passe sur les bouteilles rapidement et sans \u00e0-coups.<br \/>\n4. rotation automatique de 180 degr\u00e9s pour les bouteilles carr\u00e9es<br \/>\n5. changement rapide et facile d'un produit \u00e0 l'autre.<br \/>\n6. s\u00e9chage \u00e9lectrique UV automatique \u00e0 haute efficacit\u00e9, s\u00e9chage LED en option<br \/>\n7. contr\u00f4le PLC fiable avec \u00e9cran tactile<br \/>\n8. d\u00e9chargement automatique<br \/>\n9. norme CE<\/p>","protected":false},"featured_media":1851,"template":"","meta":{"_acf_changed":false,"_seopress_robots_primary_cat":"none","_seopress_titles_title":"","_seopress_titles_desc":"","_seopress_robots_index":""},"product_brand":[],"product_cat":[31],"product_tag":[75,78],"class_list":{"0":"post-1850","1":"product","2":"type-product","3":"status-publish","4":"has-post-thumbnail","6":"product_cat-auto-screen-printer","7":"product_tag-automatic","8":"product_tag-screen-printer","10":"first","11":"instock","12":"shipping-taxable","13":"product-type-simple"},"acf":[],"_links":{"self":[{"href":"https:\/\/apmprint.com\/fr\/wp-json\/wp\/v2\/product\/1850","targetHints":{"allow":["GET"]}}],"collection":[{"href":"https:\/\/apmprint.com\/fr\/wp-json\/wp\/v2\/product"}],"about":[{"href":"https:\/\/apmprint.com\/fr\/wp-json\/wp\/v2\/types\/product"}],"wp:featuredmedia":[{"embeddable":true,"href":"https:\/\/apmprint.com\/fr\/wp-json\/wp\/v2\/media\/1851"}],"wp:attachment":[{"href":"https:\/\/apmprint.com\/fr\/wp-json\/wp\/v2\/media?parent=1850"}],"wp:term":[{"taxonomy":"product_brand","embeddable":true,"href":"https:\/\/apmprint.com\/fr\/wp-json\/wp\/v2\/product_brand?post=1850"},{"taxonomy":"product_cat","embeddable":true,"href":"https:\/\/apmprint.com\/fr\/wp-json\/wp\/v2\/product_cat?post=1850"},{"taxonomy":"product_tag","embeddable":true,"href":"https:\/\/apmprint.com\/fr\/wp-json\/wp\/v2\/product_tag?post=1850"}],"curies":[{"name":"wp","href":"https:\/\/api.w.org\/{rel}","templated":true}]}}