{"id":1852,"date":"2023-12-21T10:00:16","date_gmt":"2023-12-21T10:00:16","guid":{"rendered":"https:\/\/apmprint.com\/?post_type=product&#038;p=1852"},"modified":"2023-12-21T10:01:34","modified_gmt":"2023-12-21T10:01:34","slug":"auto-screen-printer-apm-s350","status":"publish","type":"product","link":"https:\/\/apmprint.com\/fr\/produit\/auto-screen-printer-apm-s350\/","title":{"rendered":"Imprimante auto-s\u00e9rigraphique APM-S350"},"content":{"rendered":"<p><strong>Application :<\/strong><\/p>\n<p>Ligne de s\u00e9rigraphie automatique multicolore pour seau rond<\/p>\n<p>&nbsp;<\/p>\n<p><strong>Description g\u00e9n\u00e9rale :<\/strong><\/p>\n<p>1) Ligne de s\u00e9rigraphie automatique multicolore pour seaux ronds.<\/p>\n<p>2. syst\u00e8me de chargement automatique par courroie<\/p>\n<p>3. traitement automatique \u00e0 la flamme \u00e9quip\u00e9 d'un dispositif d'\u00e9vacuation des gaz d'\u00e9chappement et de la chaleur<\/p>\n<p>4. syst\u00e8me de transmission enti\u00e8rement m\u00e9canique. Il passe sur les bouteilles rapidement et sans \u00e0-coups.<\/p>\n<p>5. syst\u00e8me de s\u00e9chage UV automatique \u00e0 haute efficacit\u00e9<\/p>\n<p>6. contr\u00f4le PLC fiable avec \u00e9cran tactile<\/p>\n<p>7. d\u00e9chargement automatique<\/p>\n<p>&nbsp;<\/p>\n<p>Diam\u00e8tre maximal du produit : 320 mm<\/p>\n<p>Hauteur maximale du produit : 380 mm<\/p>\n<p>Vitesse d'impression : 500-1200pcs\/hr<\/p>\n<p><strong>Donn\u00e9es techniques<\/strong><\/p>\n<table>\n<tbody>\n<tr>\n<td colspan=\"2\" width=\"100.0000%\">S350<\/td>\n<\/tr>\n<tr>\n<td width=\"52.6400%\">Diam\u00e8tre maximal du produit<\/td>\n<td width=\"47.3400%\">320mm<\/td>\n<\/tr>\n<tr>\n<td width=\"52.6400%\">Hauteur maximale du produit :<\/td>\n<td width=\"47.3400%\">380 mm<\/td>\n<\/tr>\n<tr>\n<td width=\"52.6400%\">Vitesse d'impression<\/td>\n<td width=\"47.3400%\">500-1200pcs\/hr<\/td>\n<\/tr>\n<\/tbody>\n<\/table>\n<p>&nbsp;<\/p>\n<p>&nbsp;<\/p>\n<p><strong>\u00c9chantillons :<\/strong><\/p>\n<p><img loading=\"lazy\" decoding=\"async\" class=\"size-full wp-image-1848\" src=\"http:\/\/apmprint.com\/wp-content\/uploads\/2023\/12\/s-30.jpg\" alt=\"s107 automatic screen printing machine\" width=\"800\" height=\"253\" srcset=\"https:\/\/apmprint.com\/wp-content\/uploads\/2023\/12\/s-30.jpg 800w, https:\/\/apmprint.com\/wp-content\/uploads\/2023\/12\/s-30-300x95.jpg 300w, https:\/\/apmprint.com\/wp-content\/uploads\/2023\/12\/s-30-768x243.jpg 768w, https:\/\/apmprint.com\/wp-content\/uploads\/2023\/12\/s-30-18x6.jpg 18w, https:\/\/apmprint.com\/wp-content\/uploads\/2023\/12\/s-30-600x190.jpg 600w\" sizes=\"auto, (max-width: 800px) 100vw, 800px\" \/><\/p>","protected":false},"excerpt":{"rendered":"<p>Application: Automatic multi-color screen printing line for round bucket &nbsp; General Description: 1.Automatic multi-color screen printing line for round bucket. 2.Automatic loading system with belt 3.Auto flame treatment equipped with exhaust gas and heat discharger 4.Fully mechanical transmission system. It passes over the bottles fast and smooth. 5.Auto high efficiency UV curing system 6.Reliable PLC [&hellip;]<\/p>","protected":false},"featured_media":1853,"template":"","meta":{"_acf_changed":false,"_seopress_robots_primary_cat":"none","_seopress_titles_title":"","_seopress_titles_desc":"","_seopress_robots_index":""},"product_brand":[],"product_cat":[31],"product_tag":[75,78],"class_list":{"0":"post-1852","1":"product","2":"type-product","3":"status-publish","4":"has-post-thumbnail","6":"product_cat-auto-screen-printer","7":"product_tag-automatic","8":"product_tag-screen-printer","10":"first","11":"instock","12":"shipping-taxable","13":"product-type-simple"},"acf":[],"_links":{"self":[{"href":"https:\/\/apmprint.com\/fr\/wp-json\/wp\/v2\/product\/1852","targetHints":{"allow":["GET"]}}],"collection":[{"href":"https:\/\/apmprint.com\/fr\/wp-json\/wp\/v2\/product"}],"about":[{"href":"https:\/\/apmprint.com\/fr\/wp-json\/wp\/v2\/types\/product"}],"wp:featuredmedia":[{"embeddable":true,"href":"https:\/\/apmprint.com\/fr\/wp-json\/wp\/v2\/media\/1853"}],"wp:attachment":[{"href":"https:\/\/apmprint.com\/fr\/wp-json\/wp\/v2\/media?parent=1852"}],"wp:term":[{"taxonomy":"product_brand","embeddable":true,"href":"https:\/\/apmprint.com\/fr\/wp-json\/wp\/v2\/product_brand?post=1852"},{"taxonomy":"product_cat","embeddable":true,"href":"https:\/\/apmprint.com\/fr\/wp-json\/wp\/v2\/product_cat?post=1852"},{"taxonomy":"product_tag","embeddable":true,"href":"https:\/\/apmprint.com\/fr\/wp-json\/wp\/v2\/product_tag?post=1852"}],"curies":[{"name":"wp","href":"https:\/\/api.w.org\/{rel}","templated":true}]}}