{"id":1854,"date":"2023-12-21T10:05:09","date_gmt":"2023-12-21T10:05:09","guid":{"rendered":"https:\/\/apmprint.com\/?post_type=product&#038;p=1854"},"modified":"2023-12-27T06:28:19","modified_gmt":"2023-12-27T06:28:19","slug":"ss106-2-color-automatic-printing-machine","status":"publish","type":"product","link":"https:\/\/apmprint.com\/fr\/produit\/ss106-2-color-automatic-printing-machine\/","title":{"rendered":"S\u00e9rigraphie rotative 2-6 couleurs avec s\u00e9chage UV SS106"},"content":{"rendered":"<p>Le produit est fabriqu\u00e9 \u00e0 l'aide de technologies, dont certaines sont d\u00e9velopp\u00e9es par nous-m\u00eames, tandis que d'autres ont \u00e9t\u00e9 apprises par d'autres marques c\u00e9l\u00e8bres. S\u00e9rigraphie + marquage \u00e0 chaud Dans le processus d'innovation entrepreneuriale continue, Shenzhen Hejia Automatic Printing Machine Co. adh\u00e8re toujours \u00e0 la philosophie d'entreprise \"la qualit\u00e9 d'abord\". Nous saisissons les opportunit\u00e9s du moment et suivons toujours les tendances de l'industrie. Nous sommes convaincus qu'un jour, nous deviendrons l'une des principales entreprises du march\u00e9 mondial.<\/p>\n<div class=\"rich-text-table\">\n<table>\n<tbody>\n<tr class=\"firstRow\">\n<td>Type de plaque :<\/td>\n<td>S\u00e9rigraphie<\/td>\n<td>Industries concern\u00e9es :<\/td>\n<td>Usine de fabrication, imprimerie<\/td>\n<\/tr>\n<tr>\n<td>\u00c9tat :<\/td>\n<td>Nouveau<\/td>\n<td>Lieu d'origine :<\/td>\n<td>Guangdong, Chine<\/td>\n<\/tr>\n<tr>\n<td>Nom de marque :<\/td>\n<td>APM<\/td>\n<td>Utilisation :<\/td>\n<td>Imprimante pour bouteilles<\/td>\n<\/tr>\n<tr>\n<td>Automatique Grade :<\/td>\n<td>Automatique<\/td>\n<td>Couleur et page :<\/td>\n<td>Multicolore<\/td>\n<\/tr>\n<tr>\n<td>Tension :<\/td>\n<td>380V, 50\/60Hz<\/td>\n<td>Dimensions (L*L*H) :<\/td>\n<td>2*2*2.2m<\/td>\n<\/tr>\n<tr>\n<td>Poids :<\/td>\n<td>5500 KG<\/td>\n<td>Certification :<\/td>\n<td>Certificat CE<\/td>\n<\/tr>\n<tr>\n<td>Garantie :<\/td>\n<td>1 an<\/td>\n<td>Service apr\u00e8s-vente assur\u00e9 :<\/td>\n<td>Assistance en ligne, Assistance technique vid\u00e9o<\/td>\n<\/tr>\n<tr>\n<td>Principaux arguments de vente :<\/td>\n<td>impression multicolore enti\u00e8rement pilot\u00e9e par servomoteur<\/td>\n<td>Rapport d'essai des machines :<\/td>\n<td>Fourni<\/td>\n<\/tr>\n<tr>\n<td>Inspection vid\u00e9o de sortie :<\/td>\n<td>Fourni<\/td>\n<td>Garantie des composants de base :<\/td>\n<td>1 an<\/td>\n<\/tr>\n<tr>\n<td>Composantes essentielles :<\/td>\n<td>Moteur, PLC<\/td>\n<td>Nom du produit :<\/td>\n<td>S\u00e9rigraphie automatique servo SS106<\/td>\n<\/tr>\n<tr>\n<td>Diam\u00e8tre d'impression maximal :<\/td>\n<td>40 mm<\/td>\n<td>Longueur d'impression maximale :<\/td>\n<td>120 mm<\/td>\n<\/tr>\n<tr>\n<td>Vitesse d'impression maximale :<\/td>\n<td>30~45pcs\/min<\/td>\n<td>Puissance UV :<\/td>\n<td>3000 watts<\/td>\n<\/tr>\n<tr>\n<td>Apr\u00e8s le service de garantie :<\/td>\n<td>Assistance technique vid\u00e9o<\/td>\n<td>Lieu du service local :<\/td>\n<td>\u00c9tats-Unis<\/td>\n<\/tr>\n<\/tbody>\n<\/table>\n<\/div>\n<p><img loading=\"lazy\" decoding=\"async\" class=\"size-full wp-image-1856\" src=\"http:\/\/apmprint.com\/wp-content\/uploads\/2023\/12\/xx-1.jpg\" alt=\"ss106 2 color automatic printing machine\" width=\"800\" height=\"352\" srcset=\"https:\/\/apmprint.com\/wp-content\/uploads\/2023\/12\/xx-1.jpg 800w, https:\/\/apmprint.com\/wp-content\/uploads\/2023\/12\/xx-1-300x132.jpg 300w, https:\/\/apmprint.com\/wp-content\/uploads\/2023\/12\/xx-1-768x338.jpg 768w, https:\/\/apmprint.com\/wp-content\/uploads\/2023\/12\/xx-1-18x8.jpg 18w, https:\/\/apmprint.com\/wp-content\/uploads\/2023\/12\/xx-1-600x264.jpg 600w\" sizes=\"auto, (max-width: 800px) 100vw, 800px\" \/><\/p>\n<p><strong>Donn\u00e9es techniques :<\/strong><\/p>\n<table border=\"1\">\n<tbody>\n<tr class=\"firstRow\">\n<td>Diam\u00e8tre d'impression maximal<br \/>\n(machine de plus grand diam\u00e8tre disponible avec suppl\u00e9ment de prix)<\/td>\n<td>40 mm<\/td>\n<\/tr>\n<tr>\n<td>Longueur maximale d'impression<\/td>\n<td>120 mm<\/td>\n<\/tr>\n<tr>\n<td>Vitesse d'impression maximale<\/td>\n<td>30-45pcs\/min<\/td>\n<\/tr>\n<tr>\n<td>Puissance UV<\/td>\n<td>3000watts<\/td>\n<\/tr>\n<\/tbody>\n<\/table>\n<p><strong>Description :<\/strong><\/p>\n<p>Tapis de chargement automatique<\/p>\n<p>Traitement \u00e0 la flamme automatique<\/p>\n<p><img loading=\"lazy\" decoding=\"async\" class=\"size-full wp-image-1858\" src=\"http:\/\/apmprint.com\/wp-content\/uploads\/2023\/12\/xxxxx.jpg\" alt=\"ss106 2 color automatic printing machine\" width=\"800\" height=\"533\" srcset=\"https:\/\/apmprint.com\/wp-content\/uploads\/2023\/12\/xxxxx.jpg 800w, https:\/\/apmprint.com\/wp-content\/uploads\/2023\/12\/xxxxx-300x200.jpg 300w, https:\/\/apmprint.com\/wp-content\/uploads\/2023\/12\/xxxxx-768x512.jpg 768w, https:\/\/apmprint.com\/wp-content\/uploads\/2023\/12\/xxxxx-18x12.jpg 18w, https:\/\/apmprint.com\/wp-content\/uploads\/2023\/12\/xxxxx-600x400.jpg 600w\" sizes=\"auto, (max-width: 800px) 100vw, 800px\" \/><\/p>\n<p>Enregistrement automatique pour imprimer des produits \u00e9chappant \u00e0 la ligne de moulage<\/p>\n<p>S\u00e9rigraphie 2 couleurs en 1 processus<\/p>\n<p>Toutes les s\u00e9rigraphies et tous les marquages \u00e0 chaud servo-motoris\u00e9s sont d'une grande pr\u00e9cision :<\/p>\n<p>*cadres \u00e0 mailles entra\u00een\u00e9s par des servomoteurs<\/p>\n<p>*tous les gabarits sont \u00e9quip\u00e9s de servomoteurs pour la rotation (pas besoin d'engrenages, changement de produits facile et rapide)<\/p>\n<p>S\u00e9chage UV automatique ou s\u00e9chage LED<\/p>\n<p><img loading=\"lazy\" decoding=\"async\" class=\"size-full wp-image-1859\" src=\"http:\/\/apmprint.com\/wp-content\/uploads\/2023\/12\/xxx.jpg\" alt=\"ss106 2 color automatic printing machine\" width=\"800\" height=\"274\" srcset=\"https:\/\/apmprint.com\/wp-content\/uploads\/2023\/12\/xxx.jpg 800w, https:\/\/apmprint.com\/wp-content\/uploads\/2023\/12\/xxx-300x103.jpg 300w, https:\/\/apmprint.com\/wp-content\/uploads\/2023\/12\/xxx-768x263.jpg 768w, https:\/\/apmprint.com\/wp-content\/uploads\/2023\/12\/xxx-18x6.jpg 18w, https:\/\/apmprint.com\/wp-content\/uploads\/2023\/12\/xxx-600x206.jpg 600w\" sizes=\"auto, (max-width: 800px) 100vw, 800px\" \/><\/p>\n<p>Pas de produits, pas de fonction d'impression<\/p>\n<p>Indexeur de haute pr\u00e9cision<\/p>\n<p>Tapis de d\u00e9chargement automatique<\/p>\n<p>B\u00e2timent de production bien construit et con\u00e7u selon les normes de s\u00e9curit\u00e9 CE<\/p>\n<p>Contr\u00f4le PLC avec \u00e9cran tactile<\/p>\n<p>&nbsp;<\/p>\n<p><strong>\u00c9chantillons :<\/strong><\/p>\n<p><img loading=\"lazy\" decoding=\"async\" class=\"size-full wp-image-1860\" src=\"http:\/\/apmprint.com\/wp-content\/uploads\/2023\/12\/s-31.jpg\" alt=\"ss106 2 color automatic printing machine\" width=\"800\" height=\"800\" srcset=\"https:\/\/apmprint.com\/wp-content\/uploads\/2023\/12\/s-31.jpg 800w, https:\/\/apmprint.com\/wp-content\/uploads\/2023\/12\/s-31-300x300.jpg 300w, https:\/\/apmprint.com\/wp-content\/uploads\/2023\/12\/s-31-150x150.jpg 150w, https:\/\/apmprint.com\/wp-content\/uploads\/2023\/12\/s-31-768x768.jpg 768w, https:\/\/apmprint.com\/wp-content\/uploads\/2023\/12\/s-31-12x12.jpg 12w, https:\/\/apmprint.com\/wp-content\/uploads\/2023\/12\/s-31-600x600.jpg 600w, https:\/\/apmprint.com\/wp-content\/uploads\/2023\/12\/s-31-100x100.jpg 100w\" sizes=\"auto, (max-width: 800px) 100vw, 800px\" \/><\/p>\n<p><img loading=\"lazy\" decoding=\"async\" class=\"size-full wp-image-1967\" src=\"http:\/\/apmprint.com\/wp-content\/uploads\/2023\/12\/\u4ecb\u7ecd1.jpg\" alt=\"ss106 2 color automatic printing machine\" width=\"750\" height=\"1500\" srcset=\"https:\/\/apmprint.com\/wp-content\/uploads\/2023\/12\/\u4ecb\u7ecd1.jpg 750w, https:\/\/apmprint.com\/wp-content\/uploads\/2023\/12\/\u4ecb\u7ecd1-150x300.jpg 150w, https:\/\/apmprint.com\/wp-content\/uploads\/2023\/12\/\u4ecb\u7ecd1-512x1024.jpg 512w, https:\/\/apmprint.com\/wp-content\/uploads\/2023\/12\/\u4ecb\u7ecd1-6x12.jpg 6w, https:\/\/apmprint.com\/wp-content\/uploads\/2023\/12\/\u4ecb\u7ecd1-600x1200.jpg 600w\" sizes=\"auto, (max-width: 750px) 100vw, 750px\" \/><\/p>\n<p><img loading=\"lazy\" decoding=\"async\" class=\"size-full wp-image-1968\" src=\"http:\/\/apmprint.com\/wp-content\/uploads\/2023\/12\/\u4ecb\u7ecd2.jpg\" alt=\"ss106 2 color automatic printing machine\" width=\"750\" height=\"1020\" srcset=\"https:\/\/apmprint.com\/wp-content\/uploads\/2023\/12\/\u4ecb\u7ecd2.jpg 750w, https:\/\/apmprint.com\/wp-content\/uploads\/2023\/12\/\u4ecb\u7ecd2-221x300.jpg 221w, https:\/\/apmprint.com\/wp-content\/uploads\/2023\/12\/\u4ecb\u7ecd2-9x12.jpg 9w, https:\/\/apmprint.com\/wp-content\/uploads\/2023\/12\/\u4ecb\u7ecd2-600x816.jpg 600w\" sizes=\"auto, (max-width: 750px) 100vw, 750px\" \/><\/p>\n<p><img loading=\"lazy\" decoding=\"async\" class=\"size-full wp-image-1969\" src=\"http:\/\/apmprint.com\/wp-content\/uploads\/2023\/12\/\u4ecb\u7ecd3.jpg\" alt=\"ss106 2 color automatic printing machine\" width=\"750\" height=\"1072\" srcset=\"https:\/\/apmprint.com\/wp-content\/uploads\/2023\/12\/\u4ecb\u7ecd3.jpg 750w, https:\/\/apmprint.com\/wp-content\/uploads\/2023\/12\/\u4ecb\u7ecd3-210x300.jpg 210w, https:\/\/apmprint.com\/wp-content\/uploads\/2023\/12\/\u4ecb\u7ecd3-716x1024.jpg 716w, https:\/\/apmprint.com\/wp-content\/uploads\/2023\/12\/\u4ecb\u7ecd3-8x12.jpg 8w, https:\/\/apmprint.com\/wp-content\/uploads\/2023\/12\/\u4ecb\u7ecd3-600x858.jpg 600w\" sizes=\"auto, (max-width: 750px) 100vw, 750px\" \/><\/p>","protected":false},"excerpt":{"rendered":"<p>Des technologies de pointe ont \u00e9t\u00e9 utilis\u00e9es pour d\u00e9velopper et fabriquer la machine automatique servo SS106 de s\u00e9rigraphie trois couleurs et de marquage \u00e0 chaud une couleur pour bouteille.<\/p>\n<p><strong><b>Num\u00e9ro de mod\u00e8le<\/b><\/strong>: SS106<\/p>\n<p><strong><b>exp\u00e9dition<\/b><\/strong>: Fret maritime express \/ Fret terrestre \/ Fret a\u00e9rien<\/p>\n<p><strong><b>Personnalisation<\/b><\/strong>: Logo personnalis\u00e9 (Commande min. : 5 sets) , Emballage personnalis\u00e9 (Commande min. : 5 sets) , Personnalisation graphique (Commande min. : 5 sets)<\/p>","protected":false},"featured_media":1781,"template":"","meta":{"_acf_changed":false,"_seopress_robots_primary_cat":"none","_seopress_titles_title":"","_seopress_titles_desc":"","_seopress_robots_index":""},"product_brand":[],"product_cat":[31],"product_tag":[75,55,56,84,57,78],"class_list":{"0":"post-1854","1":"product","2":"type-product","3":"status-publish","4":"has-post-thumbnail","6":"product_cat-auto-screen-printer","7":"product_tag-automatic","8":"product_tag-cups","9":"product_tag-glass-bottles","10":"product_tag-jar","11":"product_tag-plastic-bottles","12":"product_tag-screen-printer","14":"first","15":"instock","16":"shipping-taxable","17":"product-type-simple"},"acf":[],"_links":{"self":[{"href":"https:\/\/apmprint.com\/fr\/wp-json\/wp\/v2\/product\/1854","targetHints":{"allow":["GET"]}}],"collection":[{"href":"https:\/\/apmprint.com\/fr\/wp-json\/wp\/v2\/product"}],"about":[{"href":"https:\/\/apmprint.com\/fr\/wp-json\/wp\/v2\/types\/product"}],"wp:featuredmedia":[{"embeddable":true,"href":"https:\/\/apmprint.com\/fr\/wp-json\/wp\/v2\/media\/1781"}],"wp:attachment":[{"href":"https:\/\/apmprint.com\/fr\/wp-json\/wp\/v2\/media?parent=1854"}],"wp:term":[{"taxonomy":"product_brand","embeddable":true,"href":"https:\/\/apmprint.com\/fr\/wp-json\/wp\/v2\/product_brand?post=1854"},{"taxonomy":"product_cat","embeddable":true,"href":"https:\/\/apmprint.com\/fr\/wp-json\/wp\/v2\/product_cat?post=1854"},{"taxonomy":"product_tag","embeddable":true,"href":"https:\/\/apmprint.com\/fr\/wp-json\/wp\/v2\/product_tag?post=1854"}],"curies":[{"name":"wp","href":"https:\/\/api.w.org\/{rel}","templated":true}]}}