{"id":1877,"date":"2023-12-22T01:45:03","date_gmt":"2023-12-22T01:45:03","guid":{"rendered":"https:\/\/apmprint.com\/?post_type=product&#038;p=1877"},"modified":"2023-12-22T02:21:13","modified_gmt":"2023-12-22T02:21:13","slug":"s500m-servo-screen-printer","status":"publish","type":"product","link":"https:\/\/apmprint.com\/fr\/produit\/s500m-servo-screen-printer\/","title":{"rendered":"S500M Servo S\u00e9rigraphie"},"content":{"rendered":"<p><strong>Application :<\/strong><\/p>\n<p>bouteilles, bocaux, tubes<\/p>\n<p>&nbsp;<\/p>\n<p><strong><b>Description g\u00e9n\u00e9rale :<\/b><\/strong><\/p>\n<ol>\n<li>Le cadre de la maille est entra\u00een\u00e9 par un servomoteur vers la gauche\/droite et l'appareil est entra\u00een\u00e9 par un servomoteur pour tourner.<\/li>\n<li>Contr\u00f4le PLC et \u00e9cran tactile<\/li>\n<li>Facile \u00e0 utiliser, il est possible de r\u00e9gler le diam\u00e8tre du produit, la vitesse et la position d'impression sur l'\u00e9cran tactile.<\/li>\n<li>Pas d'engrenage n\u00e9cessaire, produits faciles \u00e0 changer<\/li>\n<\/ol>\n<p>&nbsp;<\/p>\n<p><strong><b>Enregistrement du capteur optique<\/b><\/strong><\/p>\n<p><img loading=\"lazy\" decoding=\"async\" class=\"size-full wp-image-1878\" src=\"http:\/\/apmprint.com\/wp-content\/uploads\/2023\/12\/xx-2.jpg\" alt=\"s500m servo screen printer\" width=\"800\" height=\"539\" srcset=\"https:\/\/apmprint.com\/wp-content\/uploads\/2023\/12\/xx-2.jpg 800w, https:\/\/apmprint.com\/wp-content\/uploads\/2023\/12\/xx-2-300x202.jpg 300w, https:\/\/apmprint.com\/wp-content\/uploads\/2023\/12\/xx-2-768x517.jpg 768w, https:\/\/apmprint.com\/wp-content\/uploads\/2023\/12\/xx-2-18x12.jpg 18w, https:\/\/apmprint.com\/wp-content\/uploads\/2023\/12\/xx-2-600x404.jpg 600w\" sizes=\"auto, (max-width: 800px) 100vw, 800px\" \/><\/p>\n<p>&nbsp;<\/p>\n<p><strong>Donn\u00e9es techniques<\/strong><strong>\uff1a<\/strong><\/p>\n<table>\n<tbody>\n<tr>\n<td width=\"178\">Taille d'impression maximale<\/td>\n<td width=\"242\">250(L)*500(L)mm<\/td>\n<\/tr>\n<tr>\n<td width=\"178\">Hauteur maximale du produit<\/td>\n<td width=\"242\">330mm<\/td>\n<\/tr>\n<tr>\n<td width=\"178\">Diam\u00e8tre maximal du produit<\/td>\n<td width=\"242\">110 mm<\/td>\n<\/tr>\n<tr>\n<td width=\"178\">Dimension maximale du cadre de la maille<\/td>\n<td width=\"242\">600*500mm<\/td>\n<\/tr>\n<tr>\n<td width=\"178\">Alimentation en air<\/td>\n<td width=\"242\">0,6Mpa(6bar)<\/td>\n<\/tr>\n<tr>\n<td width=\"178\">Alimentation \u00e9lectrique<\/td>\n<td width=\"242\">220V\/110V 50Hz\/60Hz 2,7KW<\/td>\n<\/tr>\n<tr>\n<td width=\"178\">Taille de la machine<\/td>\n<td width=\"242\">1000mm*1300mm*1600mm<\/td>\n<\/tr>\n<\/tbody>\n<\/table>\n<p>&nbsp;<\/p>\n<p><strong>\u00c9chantillons :<\/strong><\/p>\n<p><img loading=\"lazy\" decoding=\"async\" class=\"size-full wp-image-1867\" src=\"http:\/\/apmprint.com\/wp-content\/uploads\/2023\/12\/s-32.jpg\" alt=\"s250\/350\/650\/1000 semi auto screen printer\" width=\"800\" height=\"456\" srcset=\"https:\/\/apmprint.com\/wp-content\/uploads\/2023\/12\/s-32.jpg 800w, https:\/\/apmprint.com\/wp-content\/uploads\/2023\/12\/s-32-300x171.jpg 300w, https:\/\/apmprint.com\/wp-content\/uploads\/2023\/12\/s-32-768x438.jpg 768w, https:\/\/apmprint.com\/wp-content\/uploads\/2023\/12\/s-32-18x10.jpg 18w, https:\/\/apmprint.com\/wp-content\/uploads\/2023\/12\/s-32-600x342.jpg 600w\" sizes=\"auto, (max-width: 800px) 100vw, 800px\" \/><\/p>\n<p>&nbsp;<\/p>","protected":false},"excerpt":{"rendered":"<p>Application: bottles, jars, tubes &nbsp; General Description: Servo motor driven mesh frame left\/right and servo driven fixture rotate PLC control and Touch Screen display Easy operation, can set the product diameter, speed, printing position in touch screen No need gear, easy change products &nbsp; Optical sensor registration &nbsp; Tech-data\uff1a Max. printing size 250(W)*500(L)mm Max. product [&hellip;]<\/p>","protected":false},"featured_media":1879,"template":"","meta":{"_acf_changed":false,"_seopress_robots_primary_cat":"none","_seopress_titles_title":"","_seopress_titles_desc":"","_seopress_robots_index":""},"product_brand":[],"product_cat":[38],"product_tag":[78,70],"class_list":{"0":"post-1877","1":"product","2":"type-product","3":"status-publish","4":"has-post-thumbnail","6":"product_cat-semi-auto-screen-printer","7":"product_tag-screen-printer","8":"product_tag-semi-auto","10":"first","11":"instock","12":"shipping-taxable","13":"product-type-simple"},"acf":[],"_links":{"self":[{"href":"https:\/\/apmprint.com\/fr\/wp-json\/wp\/v2\/product\/1877","targetHints":{"allow":["GET"]}}],"collection":[{"href":"https:\/\/apmprint.com\/fr\/wp-json\/wp\/v2\/product"}],"about":[{"href":"https:\/\/apmprint.com\/fr\/wp-json\/wp\/v2\/types\/product"}],"wp:featuredmedia":[{"embeddable":true,"href":"https:\/\/apmprint.com\/fr\/wp-json\/wp\/v2\/media\/1879"}],"wp:attachment":[{"href":"https:\/\/apmprint.com\/fr\/wp-json\/wp\/v2\/media?parent=1877"}],"wp:term":[{"taxonomy":"product_brand","embeddable":true,"href":"https:\/\/apmprint.com\/fr\/wp-json\/wp\/v2\/product_brand?post=1877"},{"taxonomy":"product_cat","embeddable":true,"href":"https:\/\/apmprint.com\/fr\/wp-json\/wp\/v2\/product_cat?post=1877"},{"taxonomy":"product_tag","embeddable":true,"href":"https:\/\/apmprint.com\/fr\/wp-json\/wp\/v2\/product_tag?post=1877"}],"curies":[{"name":"wp","href":"https:\/\/api.w.org\/{rel}","templated":true}]}}