{"id":1883,"date":"2023-12-22T02:21:37","date_gmt":"2023-12-22T02:21:37","guid":{"rendered":"https:\/\/apmprint.com\/?post_type=product&#038;p=1883"},"modified":"2023-12-22T02:23:48","modified_gmt":"2023-12-22T02:23:48","slug":"s650r-round-screen-printer","status":"publish","type":"product","link":"https:\/\/apmprint.com\/fr\/produit\/s650r-round-screen-printer\/","title":{"rendered":"S650R S\u00e9rigraphie ronde"},"content":{"rendered":"<p>Description g\u00e9n\u00e9rale :<br \/>\n1. Facilit\u00e9 d'utilisation et panneau programmable<br \/>\n2. Table de travail XYR r\u00e9glable<br \/>\n3. Fente en T, plat avec vide, fonctions rondes et ovales disponibles et conversion facile.<br \/>\n4. Course et vitesse d'impression r\u00e9glables.<br \/>\n5. R\u00e9glage facile de la fixation pour l'impression conique<br \/>\n6. Machines aux normes CE<\/p>\n<p>&nbsp;<\/p>\n<p><strong>Donn\u00e9es techniques<\/strong><\/p>\n<table>\n<tbody>\n<tr>\n<td width=\"107\">Mod\u00e8le de machine<\/td>\n<td width=\"141\">S250<\/td>\n<td width=\"147\">S350<\/td>\n<td width=\"147\">S650 (rond, ovale)<\/td>\n<td width=\"147\">S1000(rond, ovale)<\/td>\n<\/tr>\n<tr>\n<td>Taille d'impression maximale<\/td>\n<td>150*220mm(\u03a675mm)<\/td>\n<td width=\"147\">250*320mm(\u03a6110mm)<\/td>\n<td width=\"147\">200*630mm(\u03a6200mm)<\/td>\n<td>300*1000mm(\u03a6300mm)<\/td>\n<\/tr>\n<tr>\n<td>Vitesse (pcs\/h)<\/td>\n<td>1200<\/td>\n<td width=\"147\">1100<\/td>\n<td width=\"147\">900<\/td>\n<td>700<\/td>\n<\/tr>\n<tr>\n<td>Poids<\/td>\n<td>135 kg<\/td>\n<td width=\"147\">150 kg<\/td>\n<td width=\"147\">170 kg<\/td>\n<td>260 kg<\/td>\n<\/tr>\n<tr>\n<td>Taille de la machine<\/td>\n<td>950*800*1250mm<\/td>\n<td width=\"147\">1030*850*1280mm<\/td>\n<td width=\"147\">1150*880*1350mm<\/td>\n<td>1650*1300*1400mm<\/td>\n<\/tr>\n<tr>\n<td>Alimentation \u00e9lectrique<\/td>\n<td>110\/220V, 50\/60hz, 40W<\/td>\n<td width=\"147\">110\/220V, 50\/60HZ, 40W<\/td>\n<td width=\"147\">110\/220V, 50\/60HZ, 50W<\/td>\n<td>110\/220V, 50\/60HZ, 50W<\/td>\n<\/tr>\n<\/tbody>\n<\/table>\n<p>&nbsp;<\/p>\n<p><strong><b>\u00a0<\/b><\/strong><\/p>\n<p><strong>\u00c9chantillons :<\/strong><\/p>\n<p><img loading=\"lazy\" decoding=\"async\" class=\"size-full wp-image-1867\" src=\"http:\/\/apmprint.com\/wp-content\/uploads\/2023\/12\/s-32.jpg\" alt=\"s250\/350\/650\/1000 semi auto screen printer\" width=\"800\" height=\"456\" srcset=\"https:\/\/apmprint.com\/wp-content\/uploads\/2023\/12\/s-32.jpg 800w, https:\/\/apmprint.com\/wp-content\/uploads\/2023\/12\/s-32-300x171.jpg 300w, https:\/\/apmprint.com\/wp-content\/uploads\/2023\/12\/s-32-768x438.jpg 768w, https:\/\/apmprint.com\/wp-content\/uploads\/2023\/12\/s-32-18x10.jpg 18w, https:\/\/apmprint.com\/wp-content\/uploads\/2023\/12\/s-32-600x342.jpg 600w\" sizes=\"auto, (max-width: 800px) 100vw, 800px\" \/><\/p>\n<p>&nbsp;<\/p>","protected":false},"excerpt":{"rendered":"<p>General Description: 1. Easy operation and programmable panel 2.\u00a0XYR\u00a0worktable\u00a0adjustable 3.\u00a0T-slot,\u00a0flat\u00a0with\u00a0vacuum,\u00a0round\u00a0and\u00a0oval\u00a0functions available and easy conversion. 4.\u00a0Printing\u00a0stroke\u00a0and\u00a0speed\u00a0adjustable. 5. Easy fixture adjustment for conical printing 6. CE standard machines &nbsp; Tech-data Machine model S250 S350 S650(round,oval) S1000(round,oval) Max. printing size 150*220mm(\u03a675mm) 250*320mm(\u03a6110mm) 200*630mm(\u03a6200mm) 300*1000mm(\u03a6300mm) Speed(pcs\/h) 1200 1100 900 700 Weight 135kg 150kgs 170kgs 260kgs Machine size 950*800*1250mm 1030*850*1280mm [&hellip;]<\/p>","protected":false},"featured_media":1884,"template":"","meta":{"_acf_changed":false,"_seopress_robots_primary_cat":"none","_seopress_titles_title":"","_seopress_titles_desc":"","_seopress_robots_index":""},"product_brand":[],"product_cat":[38],"product_tag":[78,70],"class_list":{"0":"post-1883","1":"product","2":"type-product","3":"status-publish","4":"has-post-thumbnail","6":"product_cat-semi-auto-screen-printer","7":"product_tag-screen-printer","8":"product_tag-semi-auto","10":"first","11":"instock","12":"shipping-taxable","13":"product-type-simple"},"acf":[],"_links":{"self":[{"href":"https:\/\/apmprint.com\/fr\/wp-json\/wp\/v2\/product\/1883","targetHints":{"allow":["GET"]}}],"collection":[{"href":"https:\/\/apmprint.com\/fr\/wp-json\/wp\/v2\/product"}],"about":[{"href":"https:\/\/apmprint.com\/fr\/wp-json\/wp\/v2\/types\/product"}],"wp:featuredmedia":[{"embeddable":true,"href":"https:\/\/apmprint.com\/fr\/wp-json\/wp\/v2\/media\/1884"}],"wp:attachment":[{"href":"https:\/\/apmprint.com\/fr\/wp-json\/wp\/v2\/media?parent=1883"}],"wp:term":[{"taxonomy":"product_brand","embeddable":true,"href":"https:\/\/apmprint.com\/fr\/wp-json\/wp\/v2\/product_brand?post=1883"},{"taxonomy":"product_cat","embeddable":true,"href":"https:\/\/apmprint.com\/fr\/wp-json\/wp\/v2\/product_cat?post=1883"},{"taxonomy":"product_tag","embeddable":true,"href":"https:\/\/apmprint.com\/fr\/wp-json\/wp\/v2\/product_tag?post=1883"}],"curies":[{"name":"wp","href":"https:\/\/api.w.org\/{rel}","templated":true}]}}