{"id":1888,"date":"2023-12-22T02:28:08","date_gmt":"2023-12-22T02:28:08","guid":{"rendered":"https:\/\/apmprint.com\/?post_type=product&#038;p=1888"},"modified":"2023-12-22T02:30:26","modified_gmt":"2023-12-22T02:30:26","slug":"s1218s-large-screen-printer-with-sliding-table","status":"publish","type":"product","link":"https:\/\/apmprint.com\/fr\/produit\/s1218s-large-screen-printer-with-sliding-table\/","title":{"rendered":"S1218S Imprimante grand \u00e9cran avec table coulissante"},"content":{"rendered":"<p><strong>Description :<\/strong><\/p>\n<ol>\n<li>SMC\/FESTO pneumatique<\/li>\n<li>Table de r\u00e9glage XYR<\/li>\n<li>Syst\u00e8me de levage synchronis\u00e9 des t\u00eates d'impression<\/li>\n<li>T\u00eate d'impression entra\u00een\u00e9e par un moteur avec des guides lin\u00e9aires de haute qualit\u00e9<\/li>\n<li>Syst\u00e8me de d\u00e9collement de la maille<\/li>\n<li>Contr\u00f4le PLC, \u00e9cran tactile<\/li>\n<li>Protection de s\u00e9curit\u00e9 efficace avec CE.<\/li>\n<li>Table coulissante motoris\u00e9e avec guides lin\u00e9aires de haute qualit\u00e9<\/li>\n<li>D\u00e9chargement automatique avec robot et syst\u00e8me de transfert de bande (en option)<\/li>\n<li>Pointes de rep\u00e9rage automatique pour l'impression multicolore (en option)<\/li>\n<\/ol>\n<p>&nbsp;<\/p>\n<p><strong>Tech<\/strong><strong>&#8211;<\/strong><strong>Donn\u00e9es :<\/strong><\/p>\n<table>\n<tbody>\n<tr>\n<td width=\"17.6000%\">Mod\u00e8le<\/td>\n<td width=\"25.5200%\">S1218S<\/td>\n<td width=\"26.8200%\">S1530S<\/td>\n<td width=\"29.2400%\">S2030S<\/td>\n<\/tr>\n<tr>\n<td width=\"17.6000%\">Surface d'impression maximale<\/td>\n<td width=\"25.5200%\">1200\u00d71800mm<\/td>\n<td width=\"26.8200%\">1500\u00d73000mm<\/td>\n<td width=\"29.2400%\">2000\u00d73000mm<\/td>\n<\/tr>\n<tr>\n<td width=\"17.6000%\">Taille maximale du cadre<\/td>\n<td width=\"25.5200%\">1700\u00d72400mm<\/td>\n<td width=\"26.8200%\">2000\u00d73700mm<\/td>\n<td width=\"29.2400%\">2500\u00d73700mm<\/td>\n<\/tr>\n<tr>\n<td width=\"17.6000%\">Taille du tableau<\/td>\n<td width=\"25.5200%\">1500\u00d72200mm<\/td>\n<td width=\"26.8200%\">1800\u00d73400mm<\/td>\n<td width=\"29.2400%\">2300\u00d73400mm<\/td>\n<\/tr>\n<tr>\n<td width=\"17.6000%\">Vitesse maximale<\/td>\n<td width=\"25.5200%\">500p\/h<\/td>\n<td width=\"26.8200%\">400p\/h<\/td>\n<td width=\"29.2400%\">300p\/h<\/td>\n<\/tr>\n<tr>\n<td width=\"17.6000%\">Epaisseur du produit<\/td>\n<td colspan=\"3\" width=\"81.9000%\">3\uff5e15mm<\/td>\n<\/tr>\n<tr>\n<td width=\"17.6000%\">Tol\u00e9rance<\/td>\n<td colspan=\"3\" width=\"81.9000%\">\u00b10,03 mm<\/td>\n<\/tr>\n<tr>\n<td width=\"17.6000%\">Pression atmosph\u00e9rique<\/td>\n<td colspan=\"3\" width=\"81.9000%\">0,5\uff5e0,6Mpa<\/td>\n<\/tr>\n<tr>\n<td width=\"17.6000%\">Puissance<\/td>\n<td width=\"25.5200%\">3P 380v\/5kw<\/td>\n<td width=\"26.8200%\">3P 380v\/6kw<\/td>\n<td width=\"29.2400%\">3P 380v\/7kw<\/td>\n<\/tr>\n<\/tbody>\n<\/table>\n<p><strong><b>\u00a0<\/b><\/strong><\/p>\n<p><strong>\u00c9chantillons :<\/strong><\/p>\n<figure id=\"attachment_1890\" aria-describedby=\"caption-attachment-1890\" style=\"width: 800px\" class=\"wp-caption alignnone\"><img loading=\"lazy\" decoding=\"async\" class=\"size-full wp-image-1890\" src=\"http:\/\/apmprint.com\/wp-content\/uploads\/2023\/12\/s-34.jpg\" alt=\"s1218s large screen printer with sliding table\" width=\"800\" height=\"800\" srcset=\"https:\/\/apmprint.com\/wp-content\/uploads\/2023\/12\/s-34.jpg 800w, https:\/\/apmprint.com\/wp-content\/uploads\/2023\/12\/s-34-300x300.jpg 300w, https:\/\/apmprint.com\/wp-content\/uploads\/2023\/12\/s-34-150x150.jpg 150w, https:\/\/apmprint.com\/wp-content\/uploads\/2023\/12\/s-34-768x768.jpg 768w, https:\/\/apmprint.com\/wp-content\/uploads\/2023\/12\/s-34-12x12.jpg 12w, https:\/\/apmprint.com\/wp-content\/uploads\/2023\/12\/s-34-600x600.jpg 600w, https:\/\/apmprint.com\/wp-content\/uploads\/2023\/12\/s-34-100x100.jpg 100w\" sizes=\"auto, (max-width: 800px) 100vw, 800px\" \/><figcaption id=\"caption-attachment-1890\" class=\"wp-caption-text\">s1218s imprimante grand \u00e9cran avec table coulissante<\/figcaption><\/figure>","protected":false},"excerpt":{"rendered":"<p>Description: SMC\/FESTO pneumatics XYR adjusting table Synchronized printing head lifting system Printing head driven by motor with high quality linear guides Mesh peeled off system PLC control, touch screen display Well safety guarding with CE. Sliding table driven by motor with high quality linear guides Automatic unloading with robot and belt transfer system (optional) Auto [&hellip;]<\/p>","protected":false},"featured_media":1889,"template":"","meta":{"_acf_changed":false,"_seopress_robots_primary_cat":"none","_seopress_titles_title":"","_seopress_titles_desc":"","_seopress_robots_index":""},"product_brand":[],"product_cat":[38],"product_tag":[78,70],"class_list":{"0":"post-1888","1":"product","2":"type-product","3":"status-publish","4":"has-post-thumbnail","6":"product_cat-semi-auto-screen-printer","7":"product_tag-screen-printer","8":"product_tag-semi-auto","10":"first","11":"instock","12":"shipping-taxable","13":"product-type-simple"},"acf":[],"_links":{"self":[{"href":"https:\/\/apmprint.com\/fr\/wp-json\/wp\/v2\/product\/1888","targetHints":{"allow":["GET"]}}],"collection":[{"href":"https:\/\/apmprint.com\/fr\/wp-json\/wp\/v2\/product"}],"about":[{"href":"https:\/\/apmprint.com\/fr\/wp-json\/wp\/v2\/types\/product"}],"wp:featuredmedia":[{"embeddable":true,"href":"https:\/\/apmprint.com\/fr\/wp-json\/wp\/v2\/media\/1889"}],"wp:attachment":[{"href":"https:\/\/apmprint.com\/fr\/wp-json\/wp\/v2\/media?parent=1888"}],"wp:term":[{"taxonomy":"product_brand","embeddable":true,"href":"https:\/\/apmprint.com\/fr\/wp-json\/wp\/v2\/product_brand?post=1888"},{"taxonomy":"product_cat","embeddable":true,"href":"https:\/\/apmprint.com\/fr\/wp-json\/wp\/v2\/product_cat?post=1888"},{"taxonomy":"product_tag","embeddable":true,"href":"https:\/\/apmprint.com\/fr\/wp-json\/wp\/v2\/product_tag?post=1888"}],"curies":[{"name":"wp","href":"https:\/\/api.w.org\/{rel}","templated":true}]}}