{"id":1891,"date":"2023-12-22T02:31:13","date_gmt":"2023-12-22T02:31:13","guid":{"rendered":"https:\/\/apmprint.com\/?post_type=product&#038;p=1891"},"modified":"2023-12-22T02:34:30","modified_gmt":"2023-12-22T02:34:30","slug":"s3040-s4060-s5070-flat-screen-printer-with-vacuum","status":"publish","type":"product","link":"https:\/\/apmprint.com\/fr\/produit\/s3040-s4060-s5070-flat-screen-printer-with-vacuum\/","title":{"rendered":"S3040\/S4060\/S5070 Imprimante \u00e0 \u00e9cran plat avec vide"},"content":{"rendered":"<p><strong>Option : <\/strong><\/p>\n<ul>\n<li>Fente en T sans vide<\/li>\n<li>T\u00eate \u00e0 entra\u00eenement pneumatique (standard pour S3040)<\/li>\n<li>Table coulissante entra\u00een\u00e9e par un moteur avec guides lin\u00e9aires<\/li>\n<li>Contr\u00f4le PLC, \u00e9cran tactile<\/li>\n<\/ul>\n<p>&nbsp;<\/p>\n<p><strong>Donn\u00e9es techniques<\/strong><\/p>\n<table>\n<tbody>\n<tr>\n<td width=\"43.4000%\">Param\u00e8tre \\NPoste<\/td>\n<td width=\"13.9400%\"><strong><b>S3040<\/b><\/strong><\/td>\n<td width=\"14.5200%\"><strong><b>S<\/b><\/strong><strong><b>4<\/b><\/strong><strong><b>0<\/b><\/strong><strong><b>6<\/b><\/strong><strong><b>0<\/b><\/strong><\/td>\n<td width=\"14.4200%\"><strong><b>S<\/b><\/strong><strong><b>5<\/b><\/strong><strong><b>0<\/b><\/strong><strong><b>7<\/b><\/strong><strong><b>0<\/b><\/strong><\/td>\n<td width=\"13.6600%\"><strong><b>S<\/b><\/strong><strong><b>6<\/b><\/strong><strong><b>0<\/b><\/strong><strong><b>8<\/b><\/strong><strong><b>0<\/b><\/strong><\/td>\n<\/tr>\n<tr>\n<td width=\"43.4000%\">Dimension maximale du cadre de la maille (mm)<\/td>\n<td width=\"13.9400%\">600*800<\/td>\n<td width=\"14.5200%\">700*1000<\/td>\n<td width=\"14.4200%\">800*1100<\/td>\n<td width=\"13.6600%\">900*1200<\/td>\n<\/tr>\n<tr>\n<td width=\"43.4000%\">Zone d'impression maximale (largeur*longueur\/arc)mm<\/td>\n<td width=\"13.9400%\">300*400<\/td>\n<td width=\"14.5200%\">400*600<\/td>\n<td width=\"14.4200%\">500*700<\/td>\n<td width=\"13.6600%\">600*800<\/td>\n<\/tr>\n<tr>\n<td width=\"43.4000%\">Taille de la table de travail (mm)<\/td>\n<td width=\"13.9400%\">400*550<\/td>\n<td width=\"14.5200%\">500*800<\/td>\n<td width=\"14.4200%\">600*900<\/td>\n<td width=\"13.6600%\">700*1000<\/td>\n<\/tr>\n<tr>\n<td width=\"43.4000%\">Course de glissement de la table (mm)<\/td>\n<td width=\"13.9400%\">400<\/td>\n<td width=\"14.5200%\">500<\/td>\n<td width=\"14.4200%\">600<\/td>\n<td width=\"13.6600%\">700<\/td>\n<\/tr>\n<tr>\n<td width=\"43.4000%\">Diam\u00e8tre\/hauteur max. du substrat (mm)<\/td>\n<td width=\"13.9400%\">150<\/td>\n<td width=\"14.5200%\">150<\/td>\n<td width=\"14.4200%\">150<\/td>\n<td width=\"13.6600%\">150<\/td>\n<\/tr>\n<tr>\n<td width=\"43.4000%\">Vitesse d'impression : pcs\/hr<\/td>\n<td width=\"13.9400%\">1300<\/td>\n<td width=\"14.5200%\">1200<\/td>\n<td width=\"14.4200%\">1100<\/td>\n<td width=\"13.6600%\">800<\/td>\n<\/tr>\n<tr>\n<td width=\"43.4000%\">Poids net (kgs)<\/td>\n<td width=\"13.9400%\">300<\/td>\n<td width=\"14.5200%\">350<\/td>\n<td width=\"14.4200%\">400<\/td>\n<td width=\"13.6600%\">450<\/td>\n<\/tr>\n<tr>\n<td width=\"43.4000%\">Puissance<\/td>\n<td colspan=\"4\" width=\"56.5800%\">110\/220V 50\/60HZ 40W<\/td>\n<\/tr>\n<\/tbody>\n<\/table>\n<p>&nbsp;<\/p>\n<p><strong>\u00c9chantillons :<\/strong><\/p>\n<p><img loading=\"lazy\" decoding=\"async\" class=\"size-full wp-image-1892\" src=\"http:\/\/apmprint.com\/wp-content\/uploads\/2023\/12\/s-35.jpg\" alt=\"s3040\/s4060\/s5070 flat screen printer with vacuum\" width=\"800\" height=\"800\" srcset=\"https:\/\/apmprint.com\/wp-content\/uploads\/2023\/12\/s-35.jpg 800w, https:\/\/apmprint.com\/wp-content\/uploads\/2023\/12\/s-35-300x300.jpg 300w, https:\/\/apmprint.com\/wp-content\/uploads\/2023\/12\/s-35-150x150.jpg 150w, https:\/\/apmprint.com\/wp-content\/uploads\/2023\/12\/s-35-768x768.jpg 768w, https:\/\/apmprint.com\/wp-content\/uploads\/2023\/12\/s-35-12x12.jpg 12w, https:\/\/apmprint.com\/wp-content\/uploads\/2023\/12\/s-35-600x600.jpg 600w, https:\/\/apmprint.com\/wp-content\/uploads\/2023\/12\/s-35-100x100.jpg 100w\" sizes=\"auto, (max-width: 800px) 100vw, 800px\" \/><\/p>","protected":false},"excerpt":{"rendered":"<p>Description :<br \/>\n1.tableau de r\u00e9glage XYR<br \/>\n2. syst\u00e8me de levage pneumatique de la t\u00eate d'impression<br \/>\n3.T\u00eate d'impression entra\u00een\u00e9e par un moteur avec guides lin\u00e9aires<br \/>\n4.Syst\u00e8me de maillage d\u00e9coll\u00e9<br \/>\n5. fonctionnement facile et panneau bien programm\u00e9<br \/>\n6. une bonne protection de la s\u00e9curit\u00e9 avec CE.<\/p>","protected":false},"featured_media":1893,"template":"","meta":{"_acf_changed":false,"_seopress_robots_primary_cat":"none","_seopress_titles_title":"","_seopress_titles_desc":"","_seopress_robots_index":""},"product_brand":[],"product_cat":[38],"product_tag":[78,70],"class_list":{"0":"post-1891","1":"product","2":"type-product","3":"status-publish","4":"has-post-thumbnail","6":"product_cat-semi-auto-screen-printer","7":"product_tag-screen-printer","8":"product_tag-semi-auto","10":"first","11":"instock","12":"shipping-taxable","13":"product-type-simple"},"acf":[],"_links":{"self":[{"href":"https:\/\/apmprint.com\/fr\/wp-json\/wp\/v2\/product\/1891","targetHints":{"allow":["GET"]}}],"collection":[{"href":"https:\/\/apmprint.com\/fr\/wp-json\/wp\/v2\/product"}],"about":[{"href":"https:\/\/apmprint.com\/fr\/wp-json\/wp\/v2\/types\/product"}],"wp:featuredmedia":[{"embeddable":true,"href":"https:\/\/apmprint.com\/fr\/wp-json\/wp\/v2\/media\/1893"}],"wp:attachment":[{"href":"https:\/\/apmprint.com\/fr\/wp-json\/wp\/v2\/media?parent=1891"}],"wp:term":[{"taxonomy":"product_brand","embeddable":true,"href":"https:\/\/apmprint.com\/fr\/wp-json\/wp\/v2\/product_brand?post=1891"},{"taxonomy":"product_cat","embeddable":true,"href":"https:\/\/apmprint.com\/fr\/wp-json\/wp\/v2\/product_cat?post=1891"},{"taxonomy":"product_tag","embeddable":true,"href":"https:\/\/apmprint.com\/fr\/wp-json\/wp\/v2\/product_tag?post=1891"}],"curies":[{"name":"wp","href":"https:\/\/api.w.org\/{rel}","templated":true}]}}