{"id":1900,"date":"2023-12-22T02:44:04","date_gmt":"2023-12-22T02:44:04","guid":{"rendered":"https:\/\/apmprint.com\/?post_type=product&#038;p=1900"},"modified":"2023-12-22T02:45:38","modified_gmt":"2023-12-22T02:45:38","slug":"s6080s-s70100s-s90120s-flat-screen-printer-with-sliding-table","status":"publish","type":"product","link":"https:\/\/apmprint.com\/fr\/produit\/s6080s-s70100s-s90120s-flat-screen-printer-with-sliding-table\/","title":{"rendered":"S6080S \/S70100S\/S90120S Imprimante \u00e0 \u00e9cran plat avec table coulissante"},"content":{"rendered":"<p><strong>Option : <\/strong><\/p>\n<ul>\n<li>D\u00e9chargement automatique par robot et syst\u00e8me de transfert par bande<\/li>\n<li>Contr\u00f4le PLC, \u00e9cran tactile<\/li>\n<\/ul>\n<p>&nbsp;<\/p>\n<p><strong>Donn\u00e9es techniques<\/strong><\/p>\n<table>\n<tbody>\n<tr>\n<td width=\"243\">Param\u00e8tre \\NPoste<\/td>\n<td width=\"106\"><strong><b>S6080S \u00a0<\/b><\/strong><\/td>\n<td width=\"106\"><strong><b>S70100S<\/b><\/strong><\/td>\n<td width=\"106\"><strong><b>S90120S<\/b><\/strong><\/td>\n<\/tr>\n<tr>\n<td width=\"243\">Dimension maximale du cadre de la maille (mm)<\/td>\n<td width=\"106\">900*1200<\/td>\n<td width=\"106\">1000*1400<\/td>\n<td width=\"106\">1200*1600<\/td>\n<\/tr>\n<tr>\n<td width=\"243\">Surface d'impression maximale (largeur*longueur\/arc)mm<\/td>\n<td width=\"106\">600*800<\/td>\n<td width=\"106\">700*1000<\/td>\n<td width=\"106\">900*1200<\/td>\n<\/tr>\n<tr>\n<td width=\"243\">Taille de la table de travail (mm)<\/td>\n<td width=\"106\">700*1000<\/td>\n<td width=\"106\">800*1200<\/td>\n<td width=\"106\">1000*1400<\/td>\n<\/tr>\n<tr>\n<td width=\"243\">Course de glissement de la table (pour S6080S)<\/td>\n<td width=\"106\">700mm<\/td>\n<td width=\"106\">800mm<\/td>\n<td width=\"106\">1000mm<\/td>\n<\/tr>\n<tr>\n<td width=\"243\">Diam\u00e8tre\/hauteur max. du substrat (mm)<\/td>\n<td width=\"106\">150<\/td>\n<td width=\"106\">150<\/td>\n<td width=\"106\">150<\/td>\n<\/tr>\n<tr>\n<td width=\"243\">Vitesse d'impression : pcs\/hr<\/td>\n<td width=\"106\">800<\/td>\n<td width=\"106\">700<\/td>\n<td width=\"106\">500<\/td>\n<\/tr>\n<tr>\n<td width=\"243\">Poids net (kgs)<\/td>\n<td width=\"106\">450<\/td>\n<td width=\"106\">550<\/td>\n<td width=\"106\">800<\/td>\n<\/tr>\n<tr>\n<td width=\"243\">Puissance<\/td>\n<td colspan=\"3\" width=\"318\">110\/220V 50\/60HZ 40W<\/td>\n<\/tr>\n<\/tbody>\n<\/table>\n<p>&nbsp;<\/p>\n<p><strong>\u00c9chantillons :<\/strong><\/p>\n<p><img loading=\"lazy\" decoding=\"async\" class=\"size-full wp-image-1892\" src=\"http:\/\/apmprint.com\/wp-content\/uploads\/2023\/12\/s-35.jpg\" alt=\"s3040\/s4060\/s5070 flat screen printer with vacuum\" width=\"800\" height=\"800\" srcset=\"https:\/\/apmprint.com\/wp-content\/uploads\/2023\/12\/s-35.jpg 800w, https:\/\/apmprint.com\/wp-content\/uploads\/2023\/12\/s-35-300x300.jpg 300w, https:\/\/apmprint.com\/wp-content\/uploads\/2023\/12\/s-35-150x150.jpg 150w, https:\/\/apmprint.com\/wp-content\/uploads\/2023\/12\/s-35-768x768.jpg 768w, https:\/\/apmprint.com\/wp-content\/uploads\/2023\/12\/s-35-12x12.jpg 12w, https:\/\/apmprint.com\/wp-content\/uploads\/2023\/12\/s-35-600x600.jpg 600w, https:\/\/apmprint.com\/wp-content\/uploads\/2023\/12\/s-35-100x100.jpg 100w\" sizes=\"auto, (max-width: 800px) 100vw, 800px\" \/><\/p>","protected":false},"excerpt":{"rendered":"<p>Description :<br \/>\n1. pneumatique SMC\/Festo<br \/>\n2. tableau de r\u00e9glage XYR<br \/>\n3. syst\u00e8me de levage pneumatique de la t\u00eate d'impression<br \/>\n4.T\u00eate d'impression entra\u00een\u00e9e par un moteur avec guides lin\u00e9aires<br \/>\n5.Impression t\u00eate mont\u00e9e\/descente entra\u00een\u00e9e par le moteur<br \/>\n6.Syst\u00e8me de maillage d\u00e9coll\u00e9<br \/>\n7. fonctionnement facile et panneau bien programm\u00e9<br \/>\n8. protection de s\u00e9curit\u00e9 avec CE.<\/p>","protected":false},"featured_media":1899,"template":"","meta":{"_acf_changed":false,"_seopress_robots_primary_cat":"none","_seopress_titles_title":"","_seopress_titles_desc":"","_seopress_robots_index":""},"product_brand":[],"product_cat":[38],"product_tag":[78,70],"class_list":{"0":"post-1900","1":"product","2":"type-product","3":"status-publish","4":"has-post-thumbnail","6":"product_cat-semi-auto-screen-printer","7":"product_tag-screen-printer","8":"product_tag-semi-auto","10":"first","11":"instock","12":"shipping-taxable","13":"product-type-simple"},"acf":[],"_links":{"self":[{"href":"https:\/\/apmprint.com\/fr\/wp-json\/wp\/v2\/product\/1900","targetHints":{"allow":["GET"]}}],"collection":[{"href":"https:\/\/apmprint.com\/fr\/wp-json\/wp\/v2\/product"}],"about":[{"href":"https:\/\/apmprint.com\/fr\/wp-json\/wp\/v2\/types\/product"}],"wp:featuredmedia":[{"embeddable":true,"href":"https:\/\/apmprint.com\/fr\/wp-json\/wp\/v2\/media\/1899"}],"wp:attachment":[{"href":"https:\/\/apmprint.com\/fr\/wp-json\/wp\/v2\/media?parent=1900"}],"wp:term":[{"taxonomy":"product_brand","embeddable":true,"href":"https:\/\/apmprint.com\/fr\/wp-json\/wp\/v2\/product_brand?post=1900"},{"taxonomy":"product_cat","embeddable":true,"href":"https:\/\/apmprint.com\/fr\/wp-json\/wp\/v2\/product_cat?post=1900"},{"taxonomy":"product_tag","embeddable":true,"href":"https:\/\/apmprint.com\/fr\/wp-json\/wp\/v2\/product_tag?post=1900"}],"curies":[{"name":"wp","href":"https:\/\/api.w.org\/{rel}","templated":true}]}}