{"id":1903,"date":"2023-12-22T02:48:26","date_gmt":"2023-12-22T02:48:26","guid":{"rendered":"https:\/\/apmprint.com\/?post_type=product&#038;p=1903"},"modified":"2023-12-22T02:50:36","modified_gmt":"2023-12-22T02:50:36","slug":"ss6090-flat-screen-printer-with-slanting-arms","status":"publish","type":"product","link":"https:\/\/apmprint.com\/fr\/produit\/ss6090-flat-screen-printer-with-slanting-arms\/","title":{"rendered":"Imprimante \u00e0 \u00e9cran plat SS6090 avec bras inclin\u00e9s"},"content":{"rendered":"<p><strong>Description :<\/strong><\/p>\n<ol>\n<li><strong>Panneau de commande simple<\/strong><\/li>\n<li>Pi\u00e8ces pneumatiques SMC\/FESTO<\/li>\n<li>Table de travail r\u00e9glable XY<\/li>\n<li>T\u00eate d'impression entra\u00een\u00e9e par un moteur avec guides lin\u00e9aires<\/li>\n<li>Vitesse r\u00e9glable contr\u00f4l\u00e9e par un inverseur<\/li>\n<li>Syst\u00e8me de contact pour l'arr\u00eat automatique de la maille<\/li>\n<li>Fonctionnement facile et panneau bien programm\u00e9<\/li>\n<li>Machines aux normes CE<\/li>\n<li>Contr\u00f4le PLC, \u00e9cran tactile en option<\/li>\n<\/ol>\n<p>&nbsp;<\/p>\n<p><strong>Donn\u00e9es techniques<\/strong><\/p>\n<table>\n<tbody>\n<tr>\n<td width=\"66.4800%\">Param\u00e8tre \\NPoste<\/td>\n<td width=\"33.5200%\"><strong><b>S<\/b><\/strong><strong><b>S6<\/b><\/strong><strong><b>0<\/b><\/strong><strong><b>9<\/b><\/strong><strong><b>0 \u00a0<\/b><\/strong><\/td>\n<\/tr>\n<tr>\n<td width=\"66.4800%\">Dimension maximale du cadre de la maille (mm)<\/td>\n<td width=\"33.5200%\">900*1300<\/td>\n<\/tr>\n<tr>\n<td width=\"66.4800%\">Surface d'impression maximale (largeur*longueur\/arc)mm<\/td>\n<td width=\"33.5200%\">600*900<\/td>\n<\/tr>\n<tr>\n<td width=\"66.4800%\">Taille de la table de travail (mm)<\/td>\n<td width=\"33.5200%\">700*1100<\/td>\n<\/tr>\n<tr>\n<td width=\"66.4800%\">Diam\u00e8tre\/hauteur max. du substrat (mm)<\/td>\n<td width=\"33.5200%\">30<\/td>\n<\/tr>\n<tr>\n<td width=\"66.4800%\">Vitesse d'impression : pcs\/hr<\/td>\n<td width=\"33.5200%\">1000<\/td>\n<\/tr>\n<tr>\n<td width=\"66.4800%\">Poids net (kgs)<\/td>\n<td width=\"33.5200%\">450<\/td>\n<\/tr>\n<tr>\n<td width=\"66.4800%\">Mesure (mm)<\/td>\n<td width=\"33.5200%\">1200x1700x1300<\/td>\n<\/tr>\n<tr>\n<td width=\"66.4800%\">Puissance<\/td>\n<td width=\"33.5200%\">380V, 50\/60HZ<\/td>\n<\/tr>\n<\/tbody>\n<\/table>\n<p>&nbsp;<\/p>\n<p><strong>\u00c9chantillons :<\/strong><\/p>\n<p><img loading=\"lazy\" decoding=\"async\" class=\"size-full wp-image-1904\" src=\"http:\/\/apmprint.com\/wp-content\/uploads\/2023\/12\/s-36.jpg\" alt=\"ss6090 flat screen printer with slanting arms\" width=\"800\" height=\"800\" srcset=\"https:\/\/apmprint.com\/wp-content\/uploads\/2023\/12\/s-36.jpg 800w, https:\/\/apmprint.com\/wp-content\/uploads\/2023\/12\/s-36-300x300.jpg 300w, https:\/\/apmprint.com\/wp-content\/uploads\/2023\/12\/s-36-150x150.jpg 150w, https:\/\/apmprint.com\/wp-content\/uploads\/2023\/12\/s-36-768x768.jpg 768w, https:\/\/apmprint.com\/wp-content\/uploads\/2023\/12\/s-36-12x12.jpg 12w, https:\/\/apmprint.com\/wp-content\/uploads\/2023\/12\/s-36-600x600.jpg 600w, https:\/\/apmprint.com\/wp-content\/uploads\/2023\/12\/s-36-100x100.jpg 100w\" sizes=\"auto, (max-width: 800px) 100vw, 800px\" \/><\/p>","protected":false},"excerpt":{"rendered":"<p>Description: Easy operation panel SMC\/FESTO pneumatic parts Worktable XY adjustable Printing head driven by motor with linear guides Adjustable speed controlled by inverter Auto mesh off contact system Easy operation and well programmed panel CE standard machines PLC control, touch screen display optional &nbsp; Tech-data Parameter \\ Item SS6090 \u00a0 Max.\u00a0mesh\u00a0frame\u00a0size(mm) 900*1300 Max.\u00a0printing\u00a0area(width*length\/arc)mm 600*900 Worktable [&hellip;]<\/p>","protected":false},"featured_media":1905,"template":"","meta":{"_acf_changed":false,"_seopress_robots_primary_cat":"none","_seopress_titles_title":"","_seopress_titles_desc":"","_seopress_robots_index":""},"product_brand":[],"product_cat":[38],"product_tag":[78,70],"class_list":{"0":"post-1903","1":"product","2":"type-product","3":"status-publish","4":"has-post-thumbnail","6":"product_cat-semi-auto-screen-printer","7":"product_tag-screen-printer","8":"product_tag-semi-auto","10":"first","11":"instock","12":"shipping-taxable","13":"product-type-simple"},"acf":[],"_links":{"self":[{"href":"https:\/\/apmprint.com\/fr\/wp-json\/wp\/v2\/product\/1903","targetHints":{"allow":["GET"]}}],"collection":[{"href":"https:\/\/apmprint.com\/fr\/wp-json\/wp\/v2\/product"}],"about":[{"href":"https:\/\/apmprint.com\/fr\/wp-json\/wp\/v2\/types\/product"}],"wp:featuredmedia":[{"embeddable":true,"href":"https:\/\/apmprint.com\/fr\/wp-json\/wp\/v2\/media\/1905"}],"wp:attachment":[{"href":"https:\/\/apmprint.com\/fr\/wp-json\/wp\/v2\/media?parent=1903"}],"wp:term":[{"taxonomy":"product_brand","embeddable":true,"href":"https:\/\/apmprint.com\/fr\/wp-json\/wp\/v2\/product_brand?post=1903"},{"taxonomy":"product_cat","embeddable":true,"href":"https:\/\/apmprint.com\/fr\/wp-json\/wp\/v2\/product_cat?post=1903"},{"taxonomy":"product_tag","embeddable":true,"href":"https:\/\/apmprint.com\/fr\/wp-json\/wp\/v2\/product_tag?post=1903"}],"curies":[{"name":"wp","href":"https:\/\/api.w.org\/{rel}","templated":true}]}}