{"id":1906,"date":"2023-12-22T03:01:36","date_gmt":"2023-12-22T03:01:36","guid":{"rendered":"https:\/\/apmprint.com\/?post_type=product&#038;p=1906"},"modified":"2023-12-28T07:07:59","modified_gmt":"2023-12-28T07:07:59","slug":"ss90120-slanting-arms-screen-printer","status":"publish","type":"product","link":"https:\/\/apmprint.com\/fr\/produit\/ss90120-slanting-arms-screen-printer\/","title":{"rendered":"SS90120 S\u00e9rigraphie \u00e0 bras inclin\u00e9s"},"content":{"rendered":"<p><strong>Description :<\/strong><\/p>\n<ol>\n<li>SMC\/Festo pneumatique<\/li>\n<li>Table de r\u00e9glage XYR<\/li>\n<li>T\u00eate d'impression entra\u00een\u00e9e par un moteur avec guides lin\u00e9aires<\/li>\n<li>Syst\u00e8me de d\u00e9collement de la maille<\/li>\n<li>Fonctionnement facile et panneau bien programm\u00e9<\/li>\n<li>Protection de s\u00e9curit\u00e9 efficace avec CE.<\/li>\n<li>Contr\u00f4le PLC, \u00e9cran tactile en option<\/li>\n<\/ol>\n<p>&nbsp;<\/p>\n<p><strong>Donn\u00e9es techniques<\/strong><\/p>\n<table>\n<tbody>\n<tr>\n<td width=\"51.9600%\">Param\u00e8tre \\NPoste<\/td>\n<td width=\"48.0400%\">SS90120<\/td>\n<\/tr>\n<tr>\n<td width=\"51.9600%\">Dimension maximale du cadre de la maille (mm)<\/td>\n<td width=\"48.0400%\">1200*1600<\/td>\n<\/tr>\n<tr>\n<td width=\"51.9600%\">Surface d'impression maximale (largeur*longueur\/arc)mm<\/td>\n<td width=\"48.0400%\">900*1200<\/td>\n<\/tr>\n<tr>\n<td width=\"51.9600%\">Taille de la table de travail (mm)<\/td>\n<td width=\"48.0400%\">1000*1400<\/td>\n<\/tr>\n<tr>\n<td width=\"51.9600%\">Diam\u00e8tre\/hauteur max. du substrat (mm)<\/td>\n<td width=\"48.0400%\">30<\/td>\n<\/tr>\n<tr>\n<td width=\"51.9600%\">Vitesse maximale : pcs\/hr<\/td>\n<td width=\"48.0400%\">800<\/td>\n<\/tr>\n<tr>\n<td width=\"51.9600%\">Poids net (kgs)<\/td>\n<td width=\"48.0400%\">600<\/td>\n<\/tr>\n<tr>\n<td width=\"51.9600%\">Mesure (mm)<\/td>\n<td width=\"48.0400%\">1400x1900x1300<\/td>\n<\/tr>\n<tr>\n<td width=\"51.9600%\">Puissance<\/td>\n<td width=\"48.0400%\">380V, 50\/60HZ<\/td>\n<\/tr>\n<\/tbody>\n<\/table>\n<p>&nbsp;<\/p>\n<p><strong>\u00c9chantillons :<\/strong><\/p>\n<p><img loading=\"lazy\" decoding=\"async\" class=\"size-full wp-image-1904\" src=\"http:\/\/apmprint.com\/wp-content\/uploads\/2023\/12\/s-36.jpg\" alt=\"ss6090 flat screen printer with slanting arms\" width=\"800\" height=\"800\" srcset=\"https:\/\/apmprint.com\/wp-content\/uploads\/2023\/12\/s-36.jpg 800w, https:\/\/apmprint.com\/wp-content\/uploads\/2023\/12\/s-36-300x300.jpg 300w, https:\/\/apmprint.com\/wp-content\/uploads\/2023\/12\/s-36-150x150.jpg 150w, https:\/\/apmprint.com\/wp-content\/uploads\/2023\/12\/s-36-768x768.jpg 768w, https:\/\/apmprint.com\/wp-content\/uploads\/2023\/12\/s-36-12x12.jpg 12w, https:\/\/apmprint.com\/wp-content\/uploads\/2023\/12\/s-36-600x600.jpg 600w, https:\/\/apmprint.com\/wp-content\/uploads\/2023\/12\/s-36-100x100.jpg 100w\" sizes=\"auto, (max-width: 800px) 100vw, 800px\" \/><\/p>","protected":false},"excerpt":{"rendered":"<p>Description: SMC\/Festo pneumatics XYR adjusting table Printing head driven by motor with linear guides Mesh peeled off system Easy operation and well programmed panel Well safety guarding with CE. PLC control, touch screen display optional &nbsp; Tech-data Parameter \\ Item SS90120 Max.\u00a0mesh\u00a0frame\u00a0size(mm) 1200*1600 Max.\u00a0printing\u00a0area(width*length\/arc)mm 900*1200 Worktable size (mm) 1000*1400 Max.\u00a0substrate\u00a0diameter\/height(mm) 30 Max.\u00a0speed:\u00a0pcs\/hr 800 Net.\u00a0weight (kgs) [&hellip;]<\/p>","protected":false},"featured_media":1907,"template":"","meta":{"_acf_changed":false,"_seopress_robots_primary_cat":"none","_seopress_titles_title":"","_seopress_titles_desc":"","_seopress_robots_index":""},"product_brand":[],"product_cat":[38],"product_tag":[78,70],"class_list":{"0":"post-1906","1":"product","2":"type-product","3":"status-publish","4":"has-post-thumbnail","6":"product_cat-semi-auto-screen-printer","7":"product_tag-screen-printer","8":"product_tag-semi-auto","10":"first","11":"instock","12":"shipping-taxable","13":"product-type-simple"},"acf":[],"_links":{"self":[{"href":"https:\/\/apmprint.com\/fr\/wp-json\/wp\/v2\/product\/1906","targetHints":{"allow":["GET"]}}],"collection":[{"href":"https:\/\/apmprint.com\/fr\/wp-json\/wp\/v2\/product"}],"about":[{"href":"https:\/\/apmprint.com\/fr\/wp-json\/wp\/v2\/types\/product"}],"wp:featuredmedia":[{"embeddable":true,"href":"https:\/\/apmprint.com\/fr\/wp-json\/wp\/v2\/media\/1907"}],"wp:attachment":[{"href":"https:\/\/apmprint.com\/fr\/wp-json\/wp\/v2\/media?parent=1906"}],"wp:term":[{"taxonomy":"product_brand","embeddable":true,"href":"https:\/\/apmprint.com\/fr\/wp-json\/wp\/v2\/product_brand?post=1906"},{"taxonomy":"product_cat","embeddable":true,"href":"https:\/\/apmprint.com\/fr\/wp-json\/wp\/v2\/product_cat?post=1906"},{"taxonomy":"product_tag","embeddable":true,"href":"https:\/\/apmprint.com\/fr\/wp-json\/wp\/v2\/product_tag?post=1906"}],"curies":[{"name":"wp","href":"https:\/\/api.w.org\/{rel}","templated":true}]}}