{"id":1872,"date":"2023-12-22T01:28:43","date_gmt":"2023-12-22T01:28:43","guid":{"rendered":"https:\/\/apmprint.com\/?post_type=product&#038;p=1872"},"modified":"2023-12-22T01:32:31","modified_gmt":"2023-12-22T01:32:31","slug":"s300-400-650-1000-flat-round-oval-screen-printer","status":"publish","type":"product","link":"https:\/\/apmprint.com\/hi\/product\/s300-400-650-1000-flat-round-oval-screen-printer\/","title":{"rendered":"S300\/400\/650\/1000 flat\/round\/oval screen printer"},"content":{"rendered":"<p>General Description:<br \/>\n1. Easy operation and programmable panel<br \/>\n2.\u00a0XYR\u00a0worktable\u00a0adjustable<br \/>\n3.\u00a0T-slot,\u00a0flat\u00a0with\u00a0vacuum,\u00a0round\u00a0and\u00a0oval\u00a0functions available and easy conversion.<br \/>\n4.\u00a0Printing\u00a0stroke\u00a0and\u00a0speed\u00a0adjustable.<br \/>\n5. Easy fixture adjustment for conical printing<br \/>\n6. CE standard machines<\/p>\n<p>&nbsp;<\/p>\n<p><strong>Tech-data<\/strong><\/p>\n<table>\n<tbody>\n<tr>\n<td width=\"34.7000%\">Parameter \\ Item<\/td>\n<td width=\"15.7400%\">\u00a0\u00a0\u00a0S300<\/td>\n<td width=\"15.7400%\">S400<\/td>\n<td width=\"15.7400%\">S650<\/td>\n<td width=\"18.1000%\">S1000<\/td>\n<\/tr>\n<tr>\n<td width=\"34.7000%\">Max.mesh\u00a0frame\u00a0size(mm)<\/td>\n<td width=\"15.7400%\">400*550<\/td>\n<td width=\"15.7400%\">500*660<\/td>\n<td width=\"15.7400%\">600*960<\/td>\n<td width=\"18.1000%\">700*1360<\/td>\n<\/tr>\n<tr>\n<td width=\"34.7000%\">Max.printing\u00a0area(width*length\/arc)<\/td>\n<td width=\"15.7400%\">\u00d8 90<\/p>\n<p>280\u00d7250mm<\/td>\n<td width=\"15.7400%\">\u00d8 120<\/p>\n<p>380\u00d7300mm<\/td>\n<td width=\"15.7400%\">\u00d8 200<\/p>\n<p>630\u00d7400mm<\/td>\n<td width=\"18.1000%\">\u00d8 310<\/p>\n<p>980\u00d7500 mm<\/td>\n<\/tr>\n<tr>\n<td width=\"34.7000%\">Max.substrate\u00a0diameter(mm)<\/td>\n<td width=\"15.7400%\">200<\/td>\n<td width=\"15.7400%\">200<\/td>\n<td width=\"15.7400%\">300<\/td>\n<td width=\"18.1000%\">400<\/td>\n<\/tr>\n<tr>\n<td width=\"34.7000%\">Printing\u00a0speed:pcs\/hr<\/td>\n<td width=\"15.7400%\">1100<\/td>\n<td width=\"15.7400%\">1000<\/td>\n<td width=\"15.7400%\">600<\/td>\n<td width=\"18.1000%\">400<\/td>\n<\/tr>\n<tr>\n<td width=\"34.7000%\">Power<\/td>\n<td colspan=\"4\" width=\"65.3000%\">110\/220V\u00a050\/60HZ\u00a040W<\/td>\n<\/tr>\n<\/tbody>\n<\/table>\n<p>&nbsp;<\/p>\n<p><strong>Samples:<\/strong><\/p>\n<p><img loading=\"lazy\" decoding=\"async\" class=\"size-full wp-image-1867\" src=\"http:\/\/apmprint.com\/wp-content\/uploads\/2023\/12\/s-32.jpg\" alt=\"s250\/350\/650\/1000 semi auto screen printer\" width=\"800\" height=\"456\" srcset=\"https:\/\/apmprint.com\/wp-content\/uploads\/2023\/12\/s-32.jpg 800w, https:\/\/apmprint.com\/wp-content\/uploads\/2023\/12\/s-32-300x171.jpg 300w, https:\/\/apmprint.com\/wp-content\/uploads\/2023\/12\/s-32-768x438.jpg 768w, https:\/\/apmprint.com\/wp-content\/uploads\/2023\/12\/s-32-18x10.jpg 18w, https:\/\/apmprint.com\/wp-content\/uploads\/2023\/12\/s-32-600x342.jpg 600w\" sizes=\"auto, (max-width: 800px) 100vw, 800px\" \/><\/p>\n<p>&nbsp;<\/p>","protected":false},"excerpt":{"rendered":"<p>General Description: 1. Easy operation and programmable panel 2.\u00a0XYR\u00a0worktable\u00a0adjustable 3.\u00a0T-slot,\u00a0flat\u00a0with\u00a0vacuum,\u00a0round\u00a0and\u00a0oval\u00a0functions available and easy conversion. 4.\u00a0Printing\u00a0stroke\u00a0and\u00a0speed\u00a0adjustable. 5. Easy fixture adjustment for conical printing 6. CE standard machines &nbsp; Tech-data Parameter \\ Item \u00a0\u00a0\u00a0S300 S400 S650 S1000 Max.mesh\u00a0frame\u00a0size(mm) 400*550 500*660 600*960 700*1360 Max.printing\u00a0area(width*length\/arc) \u00d8 90 280\u00d7250mm \u00d8 120 380\u00d7300mm \u00d8 200 630\u00d7400mm \u00d8 310 980\u00d7500 mm Max.substrate\u00a0diameter(mm) [&hellip;]<\/p>","protected":false},"featured_media":1873,"template":"","meta":{"_acf_changed":false,"_seopress_robots_primary_cat":"none","_seopress_titles_title":"","_seopress_titles_desc":"","_seopress_robots_index":""},"product_brand":[],"product_cat":[38],"product_tag":[78,70],"class_list":{"0":"post-1872","1":"product","2":"type-product","3":"status-publish","4":"has-post-thumbnail","6":"product_cat-semi-auto-screen-printer","7":"product_tag-screen-printer","8":"product_tag-semi-auto","10":"first","11":"instock","12":"shipping-taxable","13":"product-type-simple"},"acf":[],"_links":{"self":[{"href":"https:\/\/apmprint.com\/hi\/wp-json\/wp\/v2\/product\/1872","targetHints":{"allow":["GET"]}}],"collection":[{"href":"https:\/\/apmprint.com\/hi\/wp-json\/wp\/v2\/product"}],"about":[{"href":"https:\/\/apmprint.com\/hi\/wp-json\/wp\/v2\/types\/product"}],"wp:featuredmedia":[{"embeddable":true,"href":"https:\/\/apmprint.com\/hi\/wp-json\/wp\/v2\/media\/1873"}],"wp:attachment":[{"href":"https:\/\/apmprint.com\/hi\/wp-json\/wp\/v2\/media?parent=1872"}],"wp:term":[{"taxonomy":"product_brand","embeddable":true,"href":"https:\/\/apmprint.com\/hi\/wp-json\/wp\/v2\/product_brand?post=1872"},{"taxonomy":"product_cat","embeddable":true,"href":"https:\/\/apmprint.com\/hi\/wp-json\/wp\/v2\/product_cat?post=1872"},{"taxonomy":"product_tag","embeddable":true,"href":"https:\/\/apmprint.com\/hi\/wp-json\/wp\/v2\/product_tag?post=1872"}],"curies":[{"name":"wp","href":"https:\/\/api.w.org\/{rel}","templated":true}]}}