{"id":1872,"date":"2023-12-22T01:28:43","date_gmt":"2023-12-22T01:28:43","guid":{"rendered":"https:\/\/apmprint.com\/?post_type=product&#038;p=1872"},"modified":"2023-12-22T01:32:31","modified_gmt":"2023-12-22T01:32:31","slug":"s300-400-650-1000-flat-round-oval-screen-printer","status":"publish","type":"product","link":"https:\/\/apmprint.com\/ko\/product\/s300-400-650-1000-flat-round-oval-screen-printer\/","title":{"rendered":"S300\/400\/650\/1000 \ud3c9\uba74\/\uc6d0\ud615\/\ud0c0\uc6d0\ud615 \uc2a4\ud06c\ub9b0 \ud504\ub9b0\ud130"},"content":{"rendered":"<p>\uc77c\ubc18 \uc124\uba85:<br \/>\n1. \uac04\ud3b8\ud55c \uc870\uc791 \ubc0f \ud504\ub85c\uadf8\ub798\ubc0d \uac00\ub2a5\ud55c \ud328\ub110<br \/>\n2. XYR \uc791\uc5c5\ub300 \uc870\uc808 \uac00\ub2a5<br \/>\n3. T-\uc2ac\ub86f, \ud3c9\uba74, \uc9c4\uacf5, \uc6d0\ud615 \ubc0f \ud0c0\uc6d0\ud615 \uae30\ub2a5\uc744 \uc0ac\uc6a9\ud560 \uc218 \uc788\uc73c\uba70 \uc27d\uac8c \ubcc0\ud658\ud560 \uc218 \uc788\uc2b5\ub2c8\ub2e4.<br \/>\n4. \uc778\uc1c4 \uc2a4\ud2b8\ub85c\ud06c \ubc0f \uc18d\ub3c4 \uc870\uc808 \uac00\ub2a5.<br \/>\n5. \uc6d0\ubfd4\ud615 \uc778\uc1c4\ub97c \uc704\ud55c \uac04\ud3b8\ud55c \uace0\uc815 \uc7a5\uce58 \uc870\uc815<br \/>\n6. CE \ud45c\uc900 \uae30\uacc4<\/p>\n<p>&nbsp;<\/p>\n<p><strong>\uae30\uc220 \ub370\uc774\ud130<\/strong><\/p>\n<table>\n<tbody>\n<tr>\n<td width=\"34.7000%\">\ub9e4\uac1c\ubcc0\uc218 \\ \ud56d\ubaa9<\/td>\n<td width=\"15.7400%\">\u00a0\u00a0\u00a0S300<\/td>\n<td width=\"15.7400%\">S400<\/td>\n<td width=\"15.7400%\">S650<\/td>\n<td width=\"18.1000%\">S1000<\/td>\n<\/tr>\n<tr>\n<td width=\"34.7000%\">\ucd5c\ub300 \uba54\uc26c \ud504\ub808\uc784 \ud06c\uae30(mm)<\/td>\n<td width=\"15.7400%\">400*550<\/td>\n<td width=\"15.7400%\">500*660<\/td>\n<td width=\"15.7400%\">600*960<\/td>\n<td width=\"18.1000%\">700*1360<\/td>\n<\/tr>\n<tr>\n<td width=\"34.7000%\">\ucd5c\ub300 \uc778\uc1c4 \uc601\uc5ed(\ub108\ube44*\uae38\uc774\/\uc544\ud06c)<\/td>\n<td width=\"15.7400%\">\u00d8 90<\/p>\n<p>280\u00d7250mm<\/td>\n<td width=\"15.7400%\">\u00d8 120<\/p>\n<p>380\u00d7300mm<\/td>\n<td width=\"15.7400%\">\u00d8 200<\/p>\n<p>630\u00d7400mm<\/td>\n<td width=\"18.1000%\">\u00d8 310<\/p>\n<p>980\u00d7500mm<\/td>\n<\/tr>\n<tr>\n<td width=\"34.7000%\">\ucd5c\ub300 \uae30\ud310 \uc9c0\ub984(mm)<\/td>\n<td width=\"15.7400%\">200<\/td>\n<td width=\"15.7400%\">200<\/td>\n<td width=\"15.7400%\">300<\/td>\n<td width=\"18.1000%\">400<\/td>\n<\/tr>\n<tr>\n<td width=\"34.7000%\">\uc778\uc1c4 \uc18d\ub3c4: PC\/\uc2dc\uac04<\/td>\n<td width=\"15.7400%\">1100<\/td>\n<td width=\"15.7400%\">1000<\/td>\n<td width=\"15.7400%\">600<\/td>\n<td width=\"18.1000%\">400<\/td>\n<\/tr>\n<tr>\n<td width=\"34.7000%\">\ud30c\uc6cc<\/td>\n<td colspan=\"4\" width=\"65.3000%\">110\/220V 50\/60HZ 40W<\/td>\n<\/tr>\n<\/tbody>\n<\/table>\n<p>&nbsp;<\/p>\n<p><strong>\uc0d8\ud50c:<\/strong><\/p>\n<p><img loading=\"lazy\" decoding=\"async\" class=\"size-full wp-image-1867\" src=\"http:\/\/apmprint.com\/wp-content\/uploads\/2023\/12\/s-32.jpg\" alt=\"s250\/350\/650\/1000 semi auto screen printer\" width=\"800\" height=\"456\" srcset=\"https:\/\/apmprint.com\/wp-content\/uploads\/2023\/12\/s-32.jpg 800w, https:\/\/apmprint.com\/wp-content\/uploads\/2023\/12\/s-32-300x171.jpg 300w, https:\/\/apmprint.com\/wp-content\/uploads\/2023\/12\/s-32-768x438.jpg 768w, https:\/\/apmprint.com\/wp-content\/uploads\/2023\/12\/s-32-18x10.jpg 18w, https:\/\/apmprint.com\/wp-content\/uploads\/2023\/12\/s-32-600x342.jpg 600w\" sizes=\"auto, (max-width: 800px) 100vw, 800px\" \/><\/p>\n<p>&nbsp;<\/p>","protected":false},"excerpt":{"rendered":"<p>General Description: 1. Easy operation and programmable panel 2.\u00a0XYR\u00a0worktable\u00a0adjustable 3.\u00a0T-slot,\u00a0flat\u00a0with\u00a0vacuum,\u00a0round\u00a0and\u00a0oval\u00a0functions available and easy conversion. 4.\u00a0Printing\u00a0stroke\u00a0and\u00a0speed\u00a0adjustable. 5. Easy fixture adjustment for conical printing 6. CE standard machines &nbsp; Tech-data Parameter \\ Item \u00a0\u00a0\u00a0S300 S400 S650 S1000 Max.mesh\u00a0frame\u00a0size(mm) 400*550 500*660 600*960 700*1360 Max.printing\u00a0area(width*length\/arc) \u00d8 90 280\u00d7250mm \u00d8 120 380\u00d7300mm \u00d8 200 630\u00d7400mm \u00d8 310 980\u00d7500 mm Max.substrate\u00a0diameter(mm) [&hellip;]<\/p>","protected":false},"featured_media":1873,"template":"","meta":{"_acf_changed":false,"_seopress_robots_primary_cat":"none","_seopress_titles_title":"","_seopress_titles_desc":"","_seopress_robots_index":""},"product_brand":[],"product_cat":[38],"product_tag":[78,70],"class_list":{"0":"post-1872","1":"product","2":"type-product","3":"status-publish","4":"has-post-thumbnail","6":"product_cat-semi-auto-screen-printer","7":"product_tag-screen-printer","8":"product_tag-semi-auto","10":"first","11":"instock","12":"shipping-taxable","13":"product-type-simple"},"acf":[],"_links":{"self":[{"href":"https:\/\/apmprint.com\/ko\/wp-json\/wp\/v2\/product\/1872","targetHints":{"allow":["GET"]}}],"collection":[{"href":"https:\/\/apmprint.com\/ko\/wp-json\/wp\/v2\/product"}],"about":[{"href":"https:\/\/apmprint.com\/ko\/wp-json\/wp\/v2\/types\/product"}],"wp:featuredmedia":[{"embeddable":true,"href":"https:\/\/apmprint.com\/ko\/wp-json\/wp\/v2\/media\/1873"}],"wp:attachment":[{"href":"https:\/\/apmprint.com\/ko\/wp-json\/wp\/v2\/media?parent=1872"}],"wp:term":[{"taxonomy":"product_brand","embeddable":true,"href":"https:\/\/apmprint.com\/ko\/wp-json\/wp\/v2\/product_brand?post=1872"},{"taxonomy":"product_cat","embeddable":true,"href":"https:\/\/apmprint.com\/ko\/wp-json\/wp\/v2\/product_cat?post=1872"},{"taxonomy":"product_tag","embeddable":true,"href":"https:\/\/apmprint.com\/ko\/wp-json\/wp\/v2\/product_tag?post=1872"}],"curies":[{"name":"wp","href":"https:\/\/api.w.org\/{rel}","templated":true}]}}