{"id":1872,"date":"2023-12-22T01:28:43","date_gmt":"2023-12-22T01:28:43","guid":{"rendered":"https:\/\/apmprint.com\/?post_type=product&#038;p=1872"},"modified":"2023-12-22T01:32:31","modified_gmt":"2023-12-22T01:32:31","slug":"s300-400-650-1000-flat-round-oval-screen-printer","status":"publish","type":"product","link":"https:\/\/apmprint.com\/ru\/product\/s300-400-650-1000-flat-round-oval-screen-printer\/","title":{"rendered":"S300\/400\/650\/1000 \u043f\u043b\u043e\u0441\u043a\u0438\u0439\/\u043a\u0440\u0443\u0433\u043b\u044b\u0439\/\u043e\u0432\u0430\u043b\u044c\u043d\u044b\u0439 \u0442\u0440\u0430\u0444\u0430\u0440\u0435\u0442\u043d\u044b\u0439 \u043f\u0440\u0438\u043d\u0442\u0435\u0440"},"content":{"rendered":"<p>\u041e\u0431\u0449\u0435\u0435 \u043e\u043f\u0438\u0441\u0430\u043d\u0438\u0435:<br \/>\n1. \u041f\u0440\u043e\u0441\u0442\u043e\u0435 \u0443\u043f\u0440\u0430\u0432\u043b\u0435\u043d\u0438\u0435 \u0438 \u043f\u0440\u043e\u0433\u0440\u0430\u043c\u043c\u0438\u0440\u0443\u0435\u043c\u0430\u044f \u043f\u0430\u043d\u0435\u043b\u044c<br \/>\n2. \u0420\u0435\u0433\u0443\u043b\u0438\u0440\u0443\u0435\u043c\u044b\u0439 \u0440\u0430\u0431\u043e\u0447\u0438\u0439 \u0441\u0442\u043e\u043b XYR<br \/>\n3. \u0422-\u043e\u0431\u0440\u0430\u0437\u043d\u044b\u0439 \u043f\u0430\u0437, \u043f\u043b\u043e\u0441\u043a\u0438\u0439 \u0441 \u0432\u0430\u043a\u0443\u0443\u043c\u043e\u043c, \u043a\u0440\u0443\u0433\u043b\u044b\u0439 \u0438 \u043e\u0432\u0430\u043b\u044c\u043d\u044b\u0439, \u0434\u043e\u0441\u0442\u0443\u043f\u043d\u044b\u0435 \u0444\u0443\u043d\u043a\u0446\u0438\u0438 \u0438 \u043b\u0435\u0433\u043a\u043e\u0435 \u043f\u0440\u0435\u043e\u0431\u0440\u0430\u0437\u043e\u0432\u0430\u043d\u0438\u0435.<br \/>\n4. \u0428\u0442\u0440\u0438\u0445 \u0438 \u0441\u043a\u043e\u0440\u043e\u0441\u0442\u044c \u043f\u0435\u0447\u0430\u0442\u0438 \u0440\u0435\u0433\u0443\u043b\u0438\u0440\u0443\u044e\u0442\u0441\u044f.<br \/>\n5. \u041f\u0440\u043e\u0441\u0442\u0430\u044f \u0440\u0435\u0433\u0443\u043b\u0438\u0440\u043e\u0432\u043a\u0430 \u043f\u0440\u0438\u0441\u043f\u043e\u0441\u043e\u0431\u043b\u0435\u043d\u0438\u044f \u0434\u043b\u044f \u043a\u043e\u043d\u0438\u0447\u0435\u0441\u043a\u043e\u0439 \u043f\u0435\u0447\u0430\u0442\u0438<br \/>\n6. \u041c\u0430\u0448\u0438\u043d\u044b \u0441\u0442\u0430\u043d\u0434\u0430\u0440\u0442\u0430 CE<\/p>\n<p>&nbsp;<\/p>\n<p><strong>Tech-data<\/strong><\/p>\n<table>\n<tbody>\n<tr>\n<td width=\"34.7000%\">\u041f\u0430\u0440\u0430\u043c\u0435\u0442\u0440 \\ \u041f\u0443\u043d\u043a\u0442<\/td>\n<td width=\"15.7400%\">\u00a0\u00a0\u00a0S300<\/td>\n<td width=\"15.7400%\">S400<\/td>\n<td width=\"15.7400%\">S650<\/td>\n<td width=\"18.1000%\">S1000<\/td>\n<\/tr>\n<tr>\n<td width=\"34.7000%\">\u041c\u0430\u043a\u0441. \u0440\u0430\u0437\u043c\u0435\u0440 \u0441\u0435\u0442\u043a\u0438 (\u043c\u043c)<\/td>\n<td width=\"15.7400%\">400*550<\/td>\n<td width=\"15.7400%\">500*660<\/td>\n<td width=\"15.7400%\">600*960<\/td>\n<td width=\"18.1000%\">700*1360<\/td>\n<\/tr>\n<tr>\n<td width=\"34.7000%\">\u041c\u0430\u043a\u0441. \u043f\u043b\u043e\u0449\u0430\u0434\u044c \u043f\u0435\u0447\u0430\u0442\u0438 (\u0448\u0438\u0440\u0438\u043d\u0430*\u0434\u043b\u0438\u043d\u0430\/\u0434\u0443\u0433\u0430)<\/td>\n<td width=\"15.7400%\">\u00d8 90<\/p>\n<p>280\u00d7250 \u043c\u043c<\/td>\n<td width=\"15.7400%\">\u00d8 120<\/p>\n<p>380\u00d7300 \u043c\u043c<\/td>\n<td width=\"15.7400%\">\u00d8 200<\/p>\n<p>630\u00d7400 \u043c\u043c<\/td>\n<td width=\"18.1000%\">\u00d8 310<\/p>\n<p>980\u00d7500 \u043c\u043c<\/td>\n<\/tr>\n<tr>\n<td width=\"34.7000%\">\u041c\u0430\u043a\u0441. \u0434\u0438\u0430\u043c\u0435\u0442\u0440 \u043f\u043e\u0434\u043b\u043e\u0436\u043a\u0438 (\u043c\u043c)<\/td>\n<td width=\"15.7400%\">200<\/td>\n<td width=\"15.7400%\">200<\/td>\n<td width=\"15.7400%\">300<\/td>\n<td width=\"18.1000%\">400<\/td>\n<\/tr>\n<tr>\n<td width=\"34.7000%\">\u0421\u043a\u043e\u0440\u043e\u0441\u0442\u044c \u043f\u0435\u0447\u0430\u0442\u0438: \u0448\u0442\/\u0447\u0430\u0441<\/td>\n<td width=\"15.7400%\">1100<\/td>\n<td width=\"15.7400%\">1000<\/td>\n<td width=\"15.7400%\">600<\/td>\n<td width=\"18.1000%\">400<\/td>\n<\/tr>\n<tr>\n<td width=\"34.7000%\">\u041c\u043e\u0449\u043d\u043e\u0441\u0442\u044c<\/td>\n<td colspan=\"4\" width=\"65.3000%\">110\/220V 50\/60HZ 40W<\/td>\n<\/tr>\n<\/tbody>\n<\/table>\n<p>&nbsp;<\/p>\n<p><strong>\u041e\u0431\u0440\u0430\u0437\u0446\u044b:<\/strong><\/p>\n<p><img loading=\"lazy\" decoding=\"async\" class=\"size-full wp-image-1867\" src=\"http:\/\/apmprint.com\/wp-content\/uploads\/2023\/12\/s-32.jpg\" alt=\"s250\/350\/650\/1000 semi auto screen printer\" width=\"800\" height=\"456\" srcset=\"https:\/\/apmprint.com\/wp-content\/uploads\/2023\/12\/s-32.jpg 800w, https:\/\/apmprint.com\/wp-content\/uploads\/2023\/12\/s-32-300x171.jpg 300w, https:\/\/apmprint.com\/wp-content\/uploads\/2023\/12\/s-32-768x438.jpg 768w, https:\/\/apmprint.com\/wp-content\/uploads\/2023\/12\/s-32-18x10.jpg 18w, https:\/\/apmprint.com\/wp-content\/uploads\/2023\/12\/s-32-600x342.jpg 600w\" sizes=\"auto, (max-width: 800px) 100vw, 800px\" \/><\/p>\n<p>&nbsp;<\/p>","protected":false},"excerpt":{"rendered":"<p>General Description: 1. Easy operation and programmable panel 2.\u00a0XYR\u00a0worktable\u00a0adjustable 3.\u00a0T-slot,\u00a0flat\u00a0with\u00a0vacuum,\u00a0round\u00a0and\u00a0oval\u00a0functions available and easy conversion. 4.\u00a0Printing\u00a0stroke\u00a0and\u00a0speed\u00a0adjustable. 5. Easy fixture adjustment for conical printing 6. CE standard machines &nbsp; Tech-data Parameter \\ Item \u00a0\u00a0\u00a0S300 S400 S650 S1000 Max.mesh\u00a0frame\u00a0size(mm) 400*550 500*660 600*960 700*1360 Max.printing\u00a0area(width*length\/arc) \u00d8 90 280\u00d7250mm \u00d8 120 380\u00d7300mm \u00d8 200 630\u00d7400mm \u00d8 310 980\u00d7500 mm Max.substrate\u00a0diameter(mm) [&hellip;]<\/p>","protected":false},"featured_media":1873,"template":"","meta":{"_acf_changed":false,"_seopress_robots_primary_cat":"none","_seopress_titles_title":"","_seopress_titles_desc":"","_seopress_robots_index":""},"product_brand":[],"product_cat":[38],"product_tag":[78,70],"class_list":{"0":"post-1872","1":"product","2":"type-product","3":"status-publish","4":"has-post-thumbnail","6":"product_cat-semi-auto-screen-printer","7":"product_tag-screen-printer","8":"product_tag-semi-auto","10":"first","11":"instock","12":"shipping-taxable","13":"product-type-simple"},"acf":[],"_links":{"self":[{"href":"https:\/\/apmprint.com\/ru\/wp-json\/wp\/v2\/product\/1872","targetHints":{"allow":["GET"]}}],"collection":[{"href":"https:\/\/apmprint.com\/ru\/wp-json\/wp\/v2\/product"}],"about":[{"href":"https:\/\/apmprint.com\/ru\/wp-json\/wp\/v2\/types\/product"}],"wp:featuredmedia":[{"embeddable":true,"href":"https:\/\/apmprint.com\/ru\/wp-json\/wp\/v2\/media\/1873"}],"wp:attachment":[{"href":"https:\/\/apmprint.com\/ru\/wp-json\/wp\/v2\/media?parent=1872"}],"wp:term":[{"taxonomy":"product_brand","embeddable":true,"href":"https:\/\/apmprint.com\/ru\/wp-json\/wp\/v2\/product_brand?post=1872"},{"taxonomy":"product_cat","embeddable":true,"href":"https:\/\/apmprint.com\/ru\/wp-json\/wp\/v2\/product_cat?post=1872"},{"taxonomy":"product_tag","embeddable":true,"href":"https:\/\/apmprint.com\/ru\/wp-json\/wp\/v2\/product_tag?post=1872"}],"curies":[{"name":"wp","href":"https:\/\/api.w.org\/{rel}","templated":true}]}}