{"id":1437,"date":"2023-12-05T07:27:48","date_gmt":"2023-12-05T07:27:48","guid":{"rendered":"https:\/\/apmprint.com\/?post_type=product&#038;p=1437"},"modified":"2024-01-03T01:28:58","modified_gmt":"2024-01-03T01:28:58","slug":"cnc106-automatic-bottle-screen-printing-machine","status":"publish","type":"product","link":"https:\/\/apmprint.com\/tr\/urun\/cnc106-automatic-bottle-screen-printing-machine\/","title":{"rendered":"CNC106 \u00c7ok Fonksiyonlu Plastik \u015ei\u015fe Cam \u015ei\u015fe Otomatik Serigrafi Bask\u0131 Makinesi"},"content":{"rendered":"<p><strong><b>Uygulama:<\/b><\/strong><\/p>\n<p>CNC106 a\u015fa\u011f\u0131dakiler i\u00e7in tasarlanm\u0131\u015ft\u0131r\u00a0<strong><b>t\u00fcm \u015fekillerde (yuvarlak, oval, kare...) cam plastik \u015fi\u015feler,<\/b><\/strong> Y\u00fcksek \u00fcretim h\u0131zlar\u0131nda bardak, kupa serigrafi bask\u0131 ve s\u0131cak damgalama. \u00c7o\u011funlukla \u015farap \u015fi\u015fesi bask\u0131s\u0131 i\u00e7in kullan\u0131l\u0131r. Her t\u00fcrl\u00fc kap \u015feklini 1 bask\u0131da \u00e7epe\u00e7evre basabilir. UV m\u00fcrekkep veya LED m\u00fcrekkep ile cam veya plastik kaplar\u0131n bask\u0131s\u0131 i\u00e7in uygundur. T\u00fcm servo tahrikli ve y\u00fcksek h\u0131z, CNC106'y\u0131 off-line veya in-line 24-7 \u00fcretim i\u00e7in ideal hale getirir.<\/p>\n<figure id=\"attachment_1457\" aria-describedby=\"caption-attachment-1457\" style=\"width: 300px\" class=\"wp-caption alignnone\"><img loading=\"lazy\" decoding=\"async\" class=\"size-medium wp-image-1457\" src=\"http:\/\/apmprint.com\/wp-content\/uploads\/2023\/12\/bottle-printing-machine-300x208.jpg\" alt=\"cnc106 automatic bottle screen printing machine\" width=\"300\" height=\"208\" srcset=\"https:\/\/apmprint.com\/wp-content\/uploads\/2023\/12\/bottle-printing-machine-300x208.jpg 300w, https:\/\/apmprint.com\/wp-content\/uploads\/2023\/12\/bottle-printing-machine-1024x709.jpg 1024w, https:\/\/apmprint.com\/wp-content\/uploads\/2023\/12\/bottle-printing-machine-768x532.jpg 768w, https:\/\/apmprint.com\/wp-content\/uploads\/2023\/12\/bottle-printing-machine-1536x1063.jpg 1536w, https:\/\/apmprint.com\/wp-content\/uploads\/2023\/12\/bottle-printing-machine-2048x1418.jpg 2048w, https:\/\/apmprint.com\/wp-content\/uploads\/2023\/12\/bottle-printing-machine-18x12.jpg 18w, https:\/\/apmprint.com\/wp-content\/uploads\/2023\/12\/bottle-printing-machine-600x415.jpg 600w\" sizes=\"auto, (max-width: 300px) 100vw, 300px\" \/><figcaption id=\"caption-attachment-1457\" class=\"wp-caption-text\">plastik \u015fi\u015fe<\/figcaption><\/figure>\n<figure id=\"attachment_1460\" aria-describedby=\"caption-attachment-1460\" style=\"width: 300px\" class=\"wp-caption alignnone\"><img loading=\"lazy\" decoding=\"async\" class=\"size-medium wp-image-1460\" src=\"http:\/\/apmprint.com\/wp-content\/uploads\/2023\/12\/img_1791-300x200.jpg\" alt=\"cnc106 automatic bottle screen printing machine\" width=\"300\" height=\"200\" srcset=\"https:\/\/apmprint.com\/wp-content\/uploads\/2023\/12\/img_1791-300x200.jpg 300w, https:\/\/apmprint.com\/wp-content\/uploads\/2023\/12\/img_1791-1024x683.jpg 1024w, https:\/\/apmprint.com\/wp-content\/uploads\/2023\/12\/img_1791-768x512.jpg 768w, https:\/\/apmprint.com\/wp-content\/uploads\/2023\/12\/img_1791-1536x1024.jpg 1536w, https:\/\/apmprint.com\/wp-content\/uploads\/2023\/12\/img_1791-2048x1365.jpg 2048w, https:\/\/apmprint.com\/wp-content\/uploads\/2023\/12\/img_1791-18x12.jpg 18w, https:\/\/apmprint.com\/wp-content\/uploads\/2023\/12\/img_1791-600x400.jpg 600w\" sizes=\"auto, (max-width: 300px) 100vw, 300px\" \/><figcaption id=\"caption-attachment-1460\" class=\"wp-caption-text\">cam \u015fi\u015fe<\/figcaption><\/figure>\n<p><strong><b>Genel Tan\u0131m:<\/b><\/strong><\/p>\n<p>1.\u00c7ok eksenli servo robot ile otomatik y\u00fckleme sistemi.<br \/>\n2. \u0130yi yap\u0131\u015fma i\u00e7in alev i\u015fleme sistemi.<br \/>\n3. En iyi do\u011frulukta indeksleme tablosu sistemi.<br \/>\n4. M\u00fckemmel hassasiyete sahip t\u00fcm servo tahrikli ekran yaz\u0131c\u0131<br \/>\n*Servo motor taraf\u0131ndan tahrik edilen bask\u0131 kafalar\u0131<br \/>\n*Servo motorlar taraf\u0131ndan tahrik edilen \u00f6rg\u00fc \u00e7er\u00e7eveler<br \/>\n*D\u00f6nd\u00fcrme i\u00e7in servo motorlarla donat\u0131lm\u0131\u015f t\u00fcm aparatlar (di\u015flilere gerek yok, kolay ve h\u0131zl\u0131 \u00fcr\u00fcn de\u011fi\u015fimi)<br \/>\n5.Bir \u00fcr\u00fcnden di\u011ferine h\u0131zl\u0131 ve kolay ge\u00e7i\u015f. T\u00fcm parametreler sadece dokunmatik ekranda otomatik olarak ayarlan\u0131r.<br \/>\n6. End\u00fcstriyel PLC kontroll\u00fc ve dokunmatik ekranl\u0131 i\u015fletim sistemine sahip t\u00fcm Yaskawa servo motorlar, gelecekteki bak\u0131m ve program y\u00fckseltme i\u00e7in internet kablo ba\u011flant\u0131s\u0131 mevcuttur.<br \/>\n7.Her bask\u0131 istasyonunda iste\u011fe ba\u011fl\u0131 \u015fi\u015firme (yumu\u015fak plastik \u015fi\u015fe serigrafi bask\u0131s\u0131 i\u00e7in)<br \/>\n8.1 i\u015flemde \u00e7ok renkli serigrafi bask\u0131<br \/>\n9.Her renkli serigrafi bask\u0131s\u0131ndan sonra otomatik LED \/ UV kurutma.<br \/>\n10.Servo robot ile otomatik bo\u015faltma.<\/p>\n<p>11.CE standart g\u00fcvenlik tasar\u0131m\u0131na sahip iyi in\u015fa edilmi\u015f makine evi.<\/p>","protected":false},"excerpt":{"rendered":"<p>Servo tahrikli, inan\u0131lmaz h\u0131z ve do\u011frulukta bask\u0131.<br \/>\nFarkl\u0131 \u015fekil ve malzemelerdeki kaplar i\u00e7in uygundur.<br \/>\nBenzersiz ihtiya\u00e7lar i\u00e7in \u00f6zelle\u015ftirilebilir.<br \/>\n\u00dcretim s\u00fcrecinizi kolayla\u015ft\u0131r\u0131n.<br \/>\nCE sertifikal\u0131 g\u00fcvenlik tasar\u0131m\u0131.<\/p>\n<p>&nbsp;<\/p>","protected":false},"featured_media":1446,"template":"","meta":{"_acf_changed":false,"_seopress_robots_primary_cat":"none","_seopress_titles_title":"CNC106 Automatic Bottle Silk Screen Printing Machine ","_seopress_titles_desc":"CNC106\u00a0is\u00a0designed\u00a0for\u00a0all\u00a0shapes\u00a0(round,\u00a0oval,\u00a0square...)\u00a0of\u00a0glass\/plastic\u00a0bottles\u00a0,\u00a0cups,\u00a0mugs\u00a0screen\u00a0printing\u00a0and\u00a0hot\u00a0stamping\u00a0at\u00a0high\u00a0production\u00a0speeds.\u00a0","_seopress_robots_index":""},"product_brand":[],"product_cat":[29,32,33],"product_tag":[67],"class_list":{"0":"post-1437","1":"product","2":"type-product","3":"status-publish","4":"has-post-thumbnail","6":"product_cat-all-servo-printing-machine-cnc","7":"product_cat-auto-screen-print-hot-stamp","8":"product_cat-glass-bottle-printer","9":"product_tag-bottle-prinitng-machine","11":"first","12":"instock","13":"shipping-taxable","14":"product-type-simple"},"acf":[],"_links":{"self":[{"href":"https:\/\/apmprint.com\/tr\/wp-json\/wp\/v2\/product\/1437","targetHints":{"allow":["GET"]}}],"collection":[{"href":"https:\/\/apmprint.com\/tr\/wp-json\/wp\/v2\/product"}],"about":[{"href":"https:\/\/apmprint.com\/tr\/wp-json\/wp\/v2\/types\/product"}],"wp:featuredmedia":[{"embeddable":true,"href":"https:\/\/apmprint.com\/tr\/wp-json\/wp\/v2\/media\/1446"}],"wp:attachment":[{"href":"https:\/\/apmprint.com\/tr\/wp-json\/wp\/v2\/media?parent=1437"}],"wp:term":[{"taxonomy":"product_brand","embeddable":true,"href":"https:\/\/apmprint.com\/tr\/wp-json\/wp\/v2\/product_brand?post=1437"},{"taxonomy":"product_cat","embeddable":true,"href":"https:\/\/apmprint.com\/tr\/wp-json\/wp\/v2\/product_cat?post=1437"},{"taxonomy":"product_tag","embeddable":true,"href":"https:\/\/apmprint.com\/tr\/wp-json\/wp\/v2\/product_tag?post=1437"}],"curies":[{"name":"wp","href":"https:\/\/api.w.org\/{rel}","templated":true}]}}