{"id":1494,"date":"2023-12-15T03:06:14","date_gmt":"2023-12-15T03:06:14","guid":{"rendered":"https:\/\/apmprint.com\/?post_type=product&#038;p=1494"},"modified":"2023-12-15T03:26:23","modified_gmt":"2023-12-15T03:26:23","slug":"s103cp-automatic-screen-printing-and-pad-printing-machine-top-and-side-print","status":"publish","type":"product","link":"https:\/\/apmprint.com\/tr\/urun\/s103cp-automatic-screen-printing-and-pad-printing-machine-top-and-side-print\/","title":{"rendered":"S103CP otomatik serigrafi ve tampon bask\u0131 makinesi (\u00fcst ve yan bask\u0131)"},"content":{"rendered":"<p><strong>Uygulama :<\/strong><\/p>\n<p>Makine, \u015farap kapa\u011f\u0131 yan serigrafi bask\u0131s\u0131 ve \u00fcst tampon bask\u0131s\u0131 i\u00e7in \u00f6zel olarak tasarlanm\u0131\u015ft\u0131r.<\/p>\n<p><strong>Genel A\u00e7\u0131klama<\/strong><strong>\uff1a<\/strong><\/p>\n<ol>\n<li>Tam otomatik y\u00fckleme sistemi<\/li>\n<li>16 istasyon<\/li>\n<li>Kapak taraf\u0131 i\u00e7in serigrafi bask\u0131<\/li>\n<li>4. Kapak \u00fcst\u00fc i\u00e7in tampon bask\u0131<\/li>\n<li>5. PLC kontrol ve dokunmatik ekran<\/li>\n<li>Otomatik IR kurutma<\/li>\n<li>7. Otomatik bo\u015faltma<\/li>\n<\/ol>\n<p><strong><b>Tech-data<\/b><\/strong><\/p>\n<table>\n<tbody>\n<tr>\n<td>Maksimum H\u0131z<\/td>\n<td>30 ~ 55 adet \/ dak<\/td>\n<\/tr>\n<tr>\n<td>\u00dcr\u00fcn \u00c7ap\u0131.<\/td>\n<td>15-50mm<\/td>\n<\/tr>\n<tr>\n<td>Uzunluk<\/td>\n<td>20-80mm<\/td>\n<\/tr>\n<tr>\n<td>Hava bas\u0131nc\u0131<\/td>\n<td>6-8bar<\/td>\n<\/tr>\n<tr>\n<td>G\u00fc\u00e7 kayna\u011f\u0131<\/td>\n<td>380V, 3P. 50\/60Hz<\/td>\n<\/tr>\n<\/tbody>\n<\/table>","protected":false},"excerpt":{"rendered":"<p><strong>Uygulama :<\/strong><\/p>\n<p>Makine, \u015farap kapa\u011f\u0131 yan serigrafi bask\u0131s\u0131 ve \u00fcst tampon bask\u0131s\u0131 i\u00e7in \u00f6zel olarak tasarlanm\u0131\u015ft\u0131r.<\/p>","protected":false},"featured_media":1497,"template":"","meta":{"_acf_changed":false,"_seopress_robots_primary_cat":"none","_seopress_titles_title":"","_seopress_titles_desc":"","_seopress_robots_index":""},"product_brand":[],"product_cat":[31],"product_tag":[],"class_list":{"0":"post-1494","1":"product","2":"type-product","3":"status-publish","4":"has-post-thumbnail","6":"product_cat-auto-screen-printer","8":"first","9":"instock","10":"shipping-taxable","11":"product-type-simple"},"acf":[],"_links":{"self":[{"href":"https:\/\/apmprint.com\/tr\/wp-json\/wp\/v2\/product\/1494","targetHints":{"allow":["GET"]}}],"collection":[{"href":"https:\/\/apmprint.com\/tr\/wp-json\/wp\/v2\/product"}],"about":[{"href":"https:\/\/apmprint.com\/tr\/wp-json\/wp\/v2\/types\/product"}],"wp:featuredmedia":[{"embeddable":true,"href":"https:\/\/apmprint.com\/tr\/wp-json\/wp\/v2\/media\/1497"}],"wp:attachment":[{"href":"https:\/\/apmprint.com\/tr\/wp-json\/wp\/v2\/media?parent=1494"}],"wp:term":[{"taxonomy":"product_brand","embeddable":true,"href":"https:\/\/apmprint.com\/tr\/wp-json\/wp\/v2\/product_brand?post=1494"},{"taxonomy":"product_cat","embeddable":true,"href":"https:\/\/apmprint.com\/tr\/wp-json\/wp\/v2\/product_cat?post=1494"},{"taxonomy":"product_tag","embeddable":true,"href":"https:\/\/apmprint.com\/tr\/wp-json\/wp\/v2\/product_tag?post=1494"}],"curies":[{"name":"wp","href":"https:\/\/api.w.org\/{rel}","templated":true}]}}