{"id":1498,"date":"2023-12-15T09:00:43","date_gmt":"2023-12-15T09:00:43","guid":{"rendered":"https:\/\/apmprint.com\/?post_type=product&#038;p=1498"},"modified":"2023-12-27T06:25:08","modified_gmt":"2023-12-27T06:25:08","slug":"s104m-automatic-servo-three-color-screen-printing-machine-for-plastic-glass-bottles-cups","status":"publish","type":"product","link":"https:\/\/apmprint.com\/tr\/urun\/s104m-automatic-servo-three-color-screen-printing-machine-for-plastic-glass-bottles-cups\/","title":{"rendered":"S104M Plastik cam \u015fi\u015feler bardaklar i\u00e7in otomatik servo \u00fc\u00e7 renkli serigrafi bask\u0131 makinesi"},"content":{"rendered":"<p><iframe loading=\"lazy\" title=\"D\u00fcz \u015fi\u015fe i\u00e7in S104M otomatik servo mekik serigrafi bask\u0131 makinesi\" width=\"800\" height=\"450\" src=\"https:\/\/www.youtube.com\/embed\/Jm3n8PcSQL0?feature=oembed\" frameborder=\"0\" allow=\"accelerometer; autoplay; clipboard-write; encrypted-media; gyroscope; picture-in-picture; web-share\" allowfullscreen><\/iframe><\/p>\n<p><strong>Uygulama:<\/strong><\/p>\n<p>S104M Otomatik serigrafi bask\u0131 makinesi farkl\u0131 \u015fekillerde \u00fcr\u00fcnler basabilir. (\u00c7o\u011funlukla yuvarlak, di\u011fer \u015fekiller iste\u011fe ba\u011fl\u0131)<\/p>\n<p>Renk kay\u0131t noktas\u0131 olmayan kaplara \u00e7ok renkli bask\u0131 yapabilir.<\/p>\n<p><strong>\u00a0Makine detaylar\u0131:<\/strong><\/p>\n<p>plastik cam \u015fi\u015feler bardaklar i\u00e7in s104m otomatik servo \u00fc\u00e7 renkli serigrafi bask\u0131 makinesi<\/p>\n<p><img loading=\"lazy\" decoding=\"async\" class=\"alignnone wp-image-1504 size-full\" src=\"http:\/\/apmprint.com\/wp-content\/uploads\/2023\/12\/s104m-6.jpg\" alt=\"s104m automatic servo three color screen printing machine for plastic glass bottles cups\" width=\"750\" height=\"750\" srcset=\"https:\/\/apmprint.com\/wp-content\/uploads\/2023\/12\/s104m-6.jpg 750w, https:\/\/apmprint.com\/wp-content\/uploads\/2023\/12\/s104m-6-300x300.jpg 300w, https:\/\/apmprint.com\/wp-content\/uploads\/2023\/12\/s104m-6-150x150.jpg 150w, https:\/\/apmprint.com\/wp-content\/uploads\/2023\/12\/s104m-6-12x12.jpg 12w, https:\/\/apmprint.com\/wp-content\/uploads\/2023\/12\/s104m-6-600x600.jpg 600w, https:\/\/apmprint.com\/wp-content\/uploads\/2023\/12\/s104m-6-100x100.jpg 100w\" sizes=\"auto, (max-width: 750px) 100vw, 750px\" \/><\/p>\n<figure id=\"attachment_1512\" aria-describedby=\"caption-attachment-1512\" style=\"width: 800px\" class=\"wp-caption alignnone\"><img loading=\"lazy\" decoding=\"async\" class=\"wp-image-1512 size-full\" src=\"http:\/\/apmprint.com\/wp-content\/uploads\/2023\/12\/s104m-machine-details.jpg\" alt=\"s104m automatic servo three color screen printing machine for plastic glass bottles cups\" width=\"800\" height=\"610\" srcset=\"https:\/\/apmprint.com\/wp-content\/uploads\/2023\/12\/s104m-machine-details.jpg 800w, https:\/\/apmprint.com\/wp-content\/uploads\/2023\/12\/s104m-machine-details-300x229.jpg 300w, https:\/\/apmprint.com\/wp-content\/uploads\/2023\/12\/s104m-machine-details-768x586.jpg 768w, https:\/\/apmprint.com\/wp-content\/uploads\/2023\/12\/s104m-machine-details-16x12.jpg 16w, https:\/\/apmprint.com\/wp-content\/uploads\/2023\/12\/s104m-machine-details-600x458.jpg 600w\" sizes=\"auto, (max-width: 800px) 100vw, 800px\" \/><figcaption id=\"caption-attachment-1512\" class=\"wp-caption-text\">Plastik cam \u015fi\u015feler bardaklar i\u00e7in S104M otomatik servo \u00fc\u00e7 renkli serigrafi bask\u0131 makinesi<\/figcaption><\/figure>\n<p><strong>Genel Tan\u0131m:<\/strong><\/p>\n<ol>\n<li>Servo motor kayd\u0131.<\/li>\n<li>Otomatik y\u00fckleme band\u0131 (b\u00fcy\u00fck hazne besleyici ekstra \u00fccretle iste\u011fe ba\u011fl\u0131d\u0131r)<\/li>\n<li>Otomatik alev i\u015flemi<\/li>\n<li>Otomatik bo\u015faltma.<\/li>\n<li>\u00dcr\u00fcn de\u011fi\u015fimi kolayd\u0131r.<\/li>\n<li>Silindirik \u015fi\u015felere renk kay\u0131t noktas\u0131 olmadan \u00e7ok renkli bask\u0131 yapabilir.<\/li>\n<li>LED UV kurutma<\/li>\n<li>CE standard\u0131 ile g\u00fcvenlik se\u00e7ene\u011fi.<\/li>\n<li>\u0130ste\u011fe ba\u011fl\u0131 s\u0131cak damgalama<\/li>\n<\/ol>\n<p>&nbsp;<\/p>\n<p><strong>Teknik veriler:<\/strong><\/p>\n<table>\n<tbody>\n<tr>\n<td>\u00dcr\u00fcn \u015fekli<\/td>\n<td>Yuvarlak, di\u011fer \u015fekiller iste\u011fe ba\u011fl\u0131<\/td>\n<\/tr>\n<tr>\n<td>Bask\u0131 boyutu<\/td>\n<td>Maksimum \u00e7ap 100mm<\/td>\n<\/tr>\n<tr>\n<td>Bask\u0131 uzunlu\u011fu<\/td>\n<td>Maksimum uzunluk 300mm<\/td>\n<\/tr>\n<tr>\n<td>Bask\u0131 h\u0131z\u0131<\/td>\n<td>200-900 adet \/ saat<\/td>\n<\/tr>\n<tr>\n<td>G\u00fc\u00e7 kayna\u011f\u0131<\/td>\n<td>380V 3 faz 50Hz 7kw<\/td>\n<\/tr>\n<tr>\n<td>Hava t\u00fcketimi<\/td>\n<td>5-7bar<\/td>\n<\/tr>\n<\/tbody>\n<\/table>\n<p>&nbsp;<\/p>\n<p><strong>\u00d6rnekler:<\/strong><\/p>\n<p><img loading=\"lazy\" decoding=\"async\" class=\"wp-image-1515 size-full\" src=\"http:\/\/apmprint.com\/wp-content\/uploads\/2023\/12\/\u6837\u54c1.jpg\" alt=\"s104m automatic servo three color screen printing machine for plastic glass bottles cups\" width=\"820\" height=\"580\" srcset=\"https:\/\/apmprint.com\/wp-content\/uploads\/2023\/12\/\u6837\u54c1.jpg 820w, https:\/\/apmprint.com\/wp-content\/uploads\/2023\/12\/\u6837\u54c1-300x212.jpg 300w, https:\/\/apmprint.com\/wp-content\/uploads\/2023\/12\/\u6837\u54c1-768x543.jpg 768w, https:\/\/apmprint.com\/wp-content\/uploads\/2023\/12\/\u6837\u54c1-18x12.jpg 18w, https:\/\/apmprint.com\/wp-content\/uploads\/2023\/12\/\u6837\u54c1-600x424.jpg 600w\" sizes=\"auto, (max-width: 820px) 100vw, 820px\" \/><\/p>","protected":false},"excerpt":{"rendered":"<p>S104M Otomatik serigrafi bask\u0131 makinesi, d\u00fcz yuvarlak ve oval \u015fi\u015fe bardaklar\u0131 gibi farkl\u0131 \u015fekillerde \u00fcr\u00fcn basmak i\u00e7in tasarlanm\u0131\u015ft\u0131r. Otomatik y\u00fckleme band\u0131, bask\u0131 \u00f6ncesi alev veya plazma i\u015flemi, bask\u0131 sonras\u0131 LED kurutma sistemi, otomatik bo\u015faltma fonksiyonu ile donat\u0131lm\u0131\u015ft\u0131r.<\/p>\n<p>&nbsp;<\/p>","protected":false},"featured_media":1501,"template":"","meta":{"_acf_changed":false,"_seopress_robots_primary_cat":"none","_seopress_titles_title":"","_seopress_titles_desc":"","_seopress_robots_index":""},"product_brand":[],"product_cat":[29,31],"product_tag":[55,56],"class_list":{"0":"post-1498","1":"product","2":"type-product","3":"status-publish","4":"has-post-thumbnail","6":"product_cat-all-servo-printing-machine-cnc","7":"product_cat-auto-screen-printer","8":"product_tag-cups","9":"product_tag-glass-bottles","11":"first","12":"instock","13":"shipping-taxable","14":"product-type-simple"},"acf":[],"_links":{"self":[{"href":"https:\/\/apmprint.com\/tr\/wp-json\/wp\/v2\/product\/1498","targetHints":{"allow":["GET"]}}],"collection":[{"href":"https:\/\/apmprint.com\/tr\/wp-json\/wp\/v2\/product"}],"about":[{"href":"https:\/\/apmprint.com\/tr\/wp-json\/wp\/v2\/types\/product"}],"wp:featuredmedia":[{"embeddable":true,"href":"https:\/\/apmprint.com\/tr\/wp-json\/wp\/v2\/media\/1501"}],"wp:attachment":[{"href":"https:\/\/apmprint.com\/tr\/wp-json\/wp\/v2\/media?parent=1498"}],"wp:term":[{"taxonomy":"product_brand","embeddable":true,"href":"https:\/\/apmprint.com\/tr\/wp-json\/wp\/v2\/product_brand?post=1498"},{"taxonomy":"product_cat","embeddable":true,"href":"https:\/\/apmprint.com\/tr\/wp-json\/wp\/v2\/product_cat?post=1498"},{"taxonomy":"product_tag","embeddable":true,"href":"https:\/\/apmprint.com\/tr\/wp-json\/wp\/v2\/product_tag?post=1498"}],"curies":[{"name":"wp","href":"https:\/\/api.w.org\/{rel}","templated":true}]}}