{"id":1540,"date":"2023-12-19T03:19:31","date_gmt":"2023-12-19T03:19:31","guid":{"rendered":"https:\/\/apmprint.com\/?post_type=product&#038;p=1540"},"modified":"2023-12-27T06:34:23","modified_gmt":"2023-12-27T06:34:23","slug":"apm-s300m-single-color-servo-screen-printer","status":"publish","type":"product","link":"https:\/\/apmprint.com\/tr\/urun\/apm-s300m-single-color-servo-screen-printer\/","title":{"rendered":"APM-S300M Tek renkli servo ekran yaz\u0131c\u0131"},"content":{"rendered":"<p><strong>Uygulama:<\/strong><\/p>\n<p>Yumu\u015fak t\u00fcpler, \u015fi\u015feler, kavanozlar<\/p>\n<p>&nbsp;<\/p>\n<p><strong>Teknik veriler:<\/strong><\/p>\n<table style=\"height: 178px;\" width=\"502\">\n<tbody>\n<tr>\n<td>Parametre\\\u00d6\u011fe<\/td>\n<td>S300M<\/td>\n<\/tr>\n<tr>\n<td>Maks. a\u011f \u00e7er\u00e7eve boyutu<\/td>\n<td>400*500mm<\/td>\n<\/tr>\n<tr>\n<td>Maksimum bask\u0131 boyutu<\/td>\n<td>\u00e7ap.70mm<\/td>\n<\/tr>\n<tr>\n<td>Maks. alt tabaka \u00e7ap\u0131<\/td>\n<td>100 mm<\/td>\n<\/tr>\n<tr>\n<td>Bask\u0131 h\u0131z\u0131<\/td>\n<td>1380 adet\/saat<\/td>\n<\/tr>\n<tr>\n<td>G\u00fc\u00e7<\/td>\n<td>110\/220V 50\/60HZ 40W<\/td>\n<\/tr>\n<\/tbody>\n<\/table>\n<p>&nbsp;<\/p>\n<p><strong>\u00d6rnekler:<\/strong><\/p>\n<p><img loading=\"lazy\" decoding=\"async\" class=\"size-full wp-image-1867\" src=\"http:\/\/apmprint.com\/wp-content\/uploads\/2023\/12\/s-32.jpg\" alt=\"s250\/350\/650\/1000 semi auto screen printer\" width=\"800\" height=\"456\" srcset=\"https:\/\/apmprint.com\/wp-content\/uploads\/2023\/12\/s-32.jpg 800w, https:\/\/apmprint.com\/wp-content\/uploads\/2023\/12\/s-32-300x171.jpg 300w, https:\/\/apmprint.com\/wp-content\/uploads\/2023\/12\/s-32-768x438.jpg 768w, https:\/\/apmprint.com\/wp-content\/uploads\/2023\/12\/s-32-18x10.jpg 18w, https:\/\/apmprint.com\/wp-content\/uploads\/2023\/12\/s-32-600x342.jpg 600w\" sizes=\"auto, (max-width: 800px) 100vw, 800px\" \/><\/p>\n<p>&nbsp;<\/p>","protected":false},"excerpt":{"rendered":"<p>Genel Tan\u0131m:<br \/>\n1. Servo motor tahrikli kafes \u00e7er\u00e7eve sola\/sa\u011fa ve servo tahrikli fikst\u00fcr d\u00f6nd\u00fcrme<br \/>\n2. PLC kontrol ve Dokunmatik Ekran<br \/>\n3. Kolay kullan\u0131m, dokunmatik ekranda \u00fcr\u00fcn \u00e7ap\u0131n\u0131, h\u0131z\u0131n\u0131, bask\u0131 konumunu ayarlayabilir<br \/>\n4. Di\u015fliye gerek yok, kolay \u00fcr\u00fcn de\u011fi\u015fimi<br \/>\n5. Y\u00fcksek kaliteli optik sens\u00f6r kayd\u0131<br \/>\n6. Yumu\u015fak \u015fi\u015feler i\u00e7in \u015fi\u015firme<\/p>","protected":false},"featured_media":1544,"template":"","meta":{"_acf_changed":false,"_seopress_robots_primary_cat":"none","_seopress_titles_title":"","_seopress_titles_desc":"","_seopress_robots_index":""},"product_brand":[],"product_cat":[38],"product_tag":[55,84,57,68,70,69],"class_list":{"0":"post-1540","1":"product","2":"type-product","3":"status-publish","4":"has-post-thumbnail","6":"product_cat-semi-auto-screen-printer","7":"product_tag-cups","8":"product_tag-jar","9":"product_tag-plastic-bottles","10":"product_tag-s300m","11":"product_tag-semi-auto","12":"product_tag-servo","14":"first","15":"instock","16":"shipping-taxable","17":"product-type-simple"},"acf":[],"_links":{"self":[{"href":"https:\/\/apmprint.com\/tr\/wp-json\/wp\/v2\/product\/1540","targetHints":{"allow":["GET"]}}],"collection":[{"href":"https:\/\/apmprint.com\/tr\/wp-json\/wp\/v2\/product"}],"about":[{"href":"https:\/\/apmprint.com\/tr\/wp-json\/wp\/v2\/types\/product"}],"wp:featuredmedia":[{"embeddable":true,"href":"https:\/\/apmprint.com\/tr\/wp-json\/wp\/v2\/media\/1544"}],"wp:attachment":[{"href":"https:\/\/apmprint.com\/tr\/wp-json\/wp\/v2\/media?parent=1540"}],"wp:term":[{"taxonomy":"product_brand","embeddable":true,"href":"https:\/\/apmprint.com\/tr\/wp-json\/wp\/v2\/product_brand?post=1540"},{"taxonomy":"product_cat","embeddable":true,"href":"https:\/\/apmprint.com\/tr\/wp-json\/wp\/v2\/product_cat?post=1540"},{"taxonomy":"product_tag","embeddable":true,"href":"https:\/\/apmprint.com\/tr\/wp-json\/wp\/v2\/product_tag?post=1540"}],"curies":[{"name":"wp","href":"https:\/\/api.w.org\/{rel}","templated":true}]}}