{"id":1549,"date":"2023-12-19T09:36:29","date_gmt":"2023-12-19T09:36:29","guid":{"rendered":"https:\/\/apmprint.com\/?post_type=product&#038;p=1549"},"modified":"2023-12-19T09:58:14","modified_gmt":"2023-12-19T09:58:14","slug":"c400-c1200-manual-cleaning-unit","status":"publish","type":"product","link":"https:\/\/apmprint.com\/tr\/urun\/c400-c1200-manual-cleaning-unit\/","title":{"rendered":"C400\/C1200 Manuel temizleme \u00fcnitesi"},"content":{"rendered":"<p><strong>A\u00e7\u0131klama:<\/strong><\/p>\n<p>Manuel temizleme \u00fcnitesi, bask\u0131dan \u00f6nce kli\u015feleri ve di\u011fer aksesuarlar\u0131 temizlemek i\u00e7indir. Makineler tamamen paslanmaz \u00e7elikten imal edilmi\u015ftir ve s\u0131v\u0131 deterjan kullanmaktad\u0131r. Pn\u00f6matik \u00e7al\u0131\u015fma tam g\u00fcvenlik sa\u011flar.<br \/>\nS\u0131v\u0131 deterjan, diyaframl\u0131 bir pompa ve k\u00fcvetin yanlar\u0131nda bulunan nozullar arac\u0131l\u0131\u011f\u0131yla makineye y\u00fcksek bas\u0131n\u00e7la p\u00fcsk\u00fcrt\u00fcl\u00fcr. Y\u00fcksek bas\u0131n\u00e7l\u0131 sprey, k\u00fcvetin d\u00f6nmesi i\u00e7in gereken kuvveti sa\u011flar.<br \/>\nMakineler, h\u0131zl\u0131 ve etkili temizlik sa\u011flamak i\u00e7in bir bas\u0131n\u00e7 reg\u00fclat\u00f6r\u00fc, \u00f6zel f\u0131r\u00e7a, \u00f6zel eldivenler ve filtre ile donat\u0131lm\u0131\u015ft\u0131r.<\/p>\n<p><strong>Teknik veriler:<\/strong><\/p>\n<table>\n<tbody>\n<tr>\n<td width=\"32.3600%\">Tech-data<\/td>\n<td width=\"33.8200%\">C400<\/td>\n<td width=\"33.8200%\">C1200<\/td>\n<\/tr>\n<tr>\n<td width=\"32.3600%\">\u0130\u00e7 boyut<\/td>\n<td width=\"33.8200%\">380\u00d7290\u00d7300mm<\/td>\n<td width=\"33.8200%\">1200x300x300mm<\/td>\n<\/tr>\n<\/tbody>\n<\/table>\n<p>&nbsp;<\/p>","protected":false},"excerpt":{"rendered":"<p>Description: The manual cleaning unit is for cleaning clich\u00e9s and other accessories before printing. The machines are entirely constructed of stainless steel and use liquid detergent. Pneumatic operation ensures total safety. The liquid detergent is sprayed at high pressure into the machine by means of a diaphragm pump and nozzles located on the sides of [&hellip;]<\/p>","protected":false},"featured_media":1550,"template":"","meta":{"_acf_changed":false,"_seopress_robots_primary_cat":"none","_seopress_titles_title":"","_seopress_titles_desc":"","_seopress_robots_index":""},"product_brand":[],"product_cat":[48],"product_tag":[71],"class_list":{"0":"post-1549","1":"product","2":"type-product","3":"status-publish","4":"has-post-thumbnail","6":"product_cat-cleaning-unit","7":"product_tag-accessories","9":"first","10":"instock","11":"shipping-taxable","12":"product-type-simple"},"acf":[],"_links":{"self":[{"href":"https:\/\/apmprint.com\/tr\/wp-json\/wp\/v2\/product\/1549","targetHints":{"allow":["GET"]}}],"collection":[{"href":"https:\/\/apmprint.com\/tr\/wp-json\/wp\/v2\/product"}],"about":[{"href":"https:\/\/apmprint.com\/tr\/wp-json\/wp\/v2\/types\/product"}],"wp:featuredmedia":[{"embeddable":true,"href":"https:\/\/apmprint.com\/tr\/wp-json\/wp\/v2\/media\/1550"}],"wp:attachment":[{"href":"https:\/\/apmprint.com\/tr\/wp-json\/wp\/v2\/media?parent=1549"}],"wp:term":[{"taxonomy":"product_brand","embeddable":true,"href":"https:\/\/apmprint.com\/tr\/wp-json\/wp\/v2\/product_brand?post=1549"},{"taxonomy":"product_cat","embeddable":true,"href":"https:\/\/apmprint.com\/tr\/wp-json\/wp\/v2\/product_cat?post=1549"},{"taxonomy":"product_tag","embeddable":true,"href":"https:\/\/apmprint.com\/tr\/wp-json\/wp\/v2\/product_tag?post=1549"}],"curies":[{"name":"wp","href":"https:\/\/api.w.org\/{rel}","templated":true}]}}