{"id":1560,"date":"2023-12-19T10:04:24","date_gmt":"2023-12-19T10:04:24","guid":{"rendered":"https:\/\/apmprint.com\/?post_type=product&#038;p=1560"},"modified":"2023-12-19T10:06:54","modified_gmt":"2023-12-19T10:06:54","slug":"d400m-flat-round-oval-ir-dryer","status":"publish","type":"product","link":"https:\/\/apmprint.com\/tr\/urun\/d400m-flat-round-oval-ir-dryer\/","title":{"rendered":"D400M D\u00fcz\/Yuvarlak\/Oval IR kurutucu"},"content":{"rendered":"<p><strong>Uygulama:<\/strong><\/p>\n<p>Tampon bask\u0131, serigrafi ve p\u00fcsk\u00fcrtme sonras\u0131 kuruyan her t\u00fcrl\u00fc \u00fcr\u00fcn i\u00e7in uygundur<\/p>\n<p>&nbsp;<\/p>\n<p><strong>Teknik veriler:<\/strong><\/p>\n<table>\n<tbody>\n<tr>\n<td width=\"48.9000%\">Bant geni\u015fli\u011fi<\/td>\n<td width=\"51.1000%\">400 mm<\/td>\n<\/tr>\n<tr>\n<td width=\"48.9000%\">Uzunluk<\/td>\n<td width=\"51.1000%\">2500mm<\/td>\n<\/tr>\n<tr>\n<td width=\"48.9000%\">Lamba g\u00fcc\u00fc<\/td>\n<td width=\"51.1000%\">8 KW<\/td>\n<\/tr>\n<tr>\n<td width=\"48.9000%\">\u00d6l\u00e7\u00fcm<\/td>\n<td width=\"51.1000%\">2,94 CBM<\/td>\n<\/tr>\n<tr>\n<td width=\"48.9000%\">Br\u00fct A\u011f\u0131rl\u0131k<\/td>\n<td width=\"51.1000%\">300 KGS<\/td>\n<\/tr>\n<\/tbody>\n<\/table>","protected":false},"excerpt":{"rendered":"<p><strong>A\u00e7\u0131klama:<\/strong><\/p>\n<ol>\n<li>Y\u00fcksek verimli cam IR lambalar\u0131 \u0131s\u0131tma sistemi.<\/li>\n<li>T\u00fcnel i\u00e7inde hava d\u00f6ng\u00fcs\u00fc.<\/li>\n<li>Yan takviyeli paslanmaz \u00e7elik i\u00e7 bord.<\/li>\n<li>Giri\u015fin \u00e7al\u0131\u015fma y\u00fcksekli\u011fi ayarlanabilir<\/li>\n<li>Her t\u00fcrl\u00fc \u00fcr\u00fcn kurutmaya uygun, jigli al\u00fcminyum levha bant<\/li>\n<\/ol>","protected":false},"featured_media":1562,"template":"","meta":{"_acf_changed":false,"_seopress_robots_primary_cat":"none","_seopress_titles_title":"","_seopress_titles_desc":"","_seopress_robots_index":""},"product_brand":[],"product_cat":[45],"product_tag":[71],"class_list":{"0":"post-1560","1":"product","2":"type-product","3":"status-publish","4":"has-post-thumbnail","6":"product_cat-drying-oven","7":"product_tag-accessories","9":"first","10":"instock","11":"shipping-taxable","12":"product-type-simple"},"acf":[],"_links":{"self":[{"href":"https:\/\/apmprint.com\/tr\/wp-json\/wp\/v2\/product\/1560","targetHints":{"allow":["GET"]}}],"collection":[{"href":"https:\/\/apmprint.com\/tr\/wp-json\/wp\/v2\/product"}],"about":[{"href":"https:\/\/apmprint.com\/tr\/wp-json\/wp\/v2\/types\/product"}],"wp:featuredmedia":[{"embeddable":true,"href":"https:\/\/apmprint.com\/tr\/wp-json\/wp\/v2\/media\/1562"}],"wp:attachment":[{"href":"https:\/\/apmprint.com\/tr\/wp-json\/wp\/v2\/media?parent=1560"}],"wp:term":[{"taxonomy":"product_brand","embeddable":true,"href":"https:\/\/apmprint.com\/tr\/wp-json\/wp\/v2\/product_brand?post=1560"},{"taxonomy":"product_cat","embeddable":true,"href":"https:\/\/apmprint.com\/tr\/wp-json\/wp\/v2\/product_cat?post=1560"},{"taxonomy":"product_tag","embeddable":true,"href":"https:\/\/apmprint.com\/tr\/wp-json\/wp\/v2\/product_tag?post=1560"}],"curies":[{"name":"wp","href":"https:\/\/api.w.org\/{rel}","templated":true}]}}